{"id":9211,"date":"2019-03-06T20:31:11","date_gmt":"2019-03-07T01:31:11","guid":{"rendered":"http:\/\/academia.utp.edu.co\/extensiondeportes\/?page_id=9211"},"modified":"2024-10-06T19:01:25","modified_gmt":"2024-10-07T00:01:25","slug":"vi-congreso-nacional-gerencia-del-deporte","status":"publish","type":"page","link":"https:\/\/academia.utp.edu.co\/extensiondeportes\/eventos-1\/vi-congreso-nacional-gerencia-del-deporte\/","title":{"rendered":"VI Congreso Nacional Gerencia del Deporte"},"content":{"rendered":"<p><img loading=\"lazy\" decoding=\"async\" class=\"size-full wp-image-9301 aligncenter\" src=\"https:\/\/academia.utp.edu.co\/extensiondeportes\/files\/2019\/03\/CAMBIO-DE-FECHA-4.jpg\" alt=\"\" width=\"392\" height=\"509\" srcset=\"https:\/\/academia.utp.edu.co\/extensiondeportes\/files\/2019\/03\/CAMBIO-DE-FECHA-4.jpg 392w, https:\/\/academia.utp.edu.co\/extensiondeportes\/files\/2019\/03\/CAMBIO-DE-FECHA-4-231x300.jpg 231w\" sizes=\"auto, (max-width: 392px) 100vw, 392px\" \/><\/p>\n<p>&nbsp;<\/p>\n<p style=\"font-weight: 400\">La Universidad Tecnol\u00f3gica de Pereira en el marco de los\u00a0<strong>DIEZ A\u00d1OS<\/strong>\u00a0de\u00a0 la Especializaci\u00f3n de Gerencia en Deporte junto al Programa Ciencias del Deporte y la Recreaci\u00f3n y el Grupo de Investigaci\u00f3n en Gerencia del Deporte \u201cGIGEDE\u201d, los invita a participar en el\u00a0<strong>VI\u00a0CONGRESO\u00a0NACIONAL EN GERENCIA DEPORTIVA<\/strong>, que se llevar\u00e1 a cabo los d\u00edas\u00a0<strong>23, 24 y 25 de mayo del 2019<\/strong>\u00a0en la ciudad de Pereira.<\/p>\n<p style=\"font-weight: 400\">Adem\u00e1s, en este Evento se realizar\u00e1 el\u00a0<strong>VI\u00a0ENCUENTRO NACIONAL DE DOCENTES, ESTUDIANTES, SEMILLEROS Y GRUPOS DE INVESTIGACI\u00d3N EN GERENCIA DEPORTIVA.<\/strong><\/p>\n","protected":false},"excerpt":{"rendered":"<p>&nbsp; La Universidad Tecnol\u00f3gica de Pereira en el marco de los\u00a0DIEZ A\u00d1OS\u00a0de\u00a0 la Especializaci\u00f3n de Gerencia en Deporte junto al Programa Ciencias del Deporte y la Recreaci\u00f3n y el Grupo [&hellip;]<\/p>\n","protected":false},"author":601,"featured_media":0,"parent":761,"menu_order":0,"comment_status":"closed","ping_status":"closed","template":"","meta":{"_EventAllDay":false,"_EventTimezone":"","_EventStartDate":"","_EventEndDate":"","_EventStartDateUTC":"","_EventEndDateUTC":"","_EventShowMap":false,"_EventShowMapLink":false,"_EventURL":"","_EventCost":"","_EventCostDescription":"","_EventCurrencySymbol":"","_EventCurrencyCode":"","_EventCurrencyPosition":"","_EventDateTimeSeparator":"","_EventTimeRangeSeparator":"","_EventOrganizerID":[],"_EventVenueID":[],"_OrganizerEmail":"","_OrganizerPhone":"","_OrganizerWebsite":"","_VenueAddress":"","_VenueCity":"","_VenueCountry":"","_VenueProvince":"","_VenueState":"","_VenueZip":"","_VenuePhone":"","_VenueURL":"","_VenueStateProvince":"","_VenueLat":"","_VenueLng":"","_VenueShowMap":false,"_VenueShowMapLink":false,"footnotes":""},"class_list":["post-9211","page","type-page","status-publish","hentry"],"_links":{"self":[{"href":"https:\/\/academia.utp.edu.co\/extensiondeportes\/wp-json\/wp\/v2\/pages\/9211","targetHints":{"allow":["GET"]}}],"collection":[{"href":"https:\/\/academia.utp.edu.co\/extensiondeportes\/wp-json\/wp\/v2\/pages"}],"about":[{"href":"https:\/\/academia.utp.edu.co\/extensiondeportes\/wp-json\/wp\/v2\/types\/page"}],"author":[{"embeddable":true,"href":"https:\/\/academia.utp.edu.co\/extensiondeportes\/wp-json\/wp\/v2\/users\/601"}],"replies":[{"embeddable":true,"href":"https:\/\/academia.utp.edu.co\/extensiondeportes\/wp-json\/wp\/v2\/comments?post=9211"}],"version-history":[{"count":3,"href":"https:\/\/academia.utp.edu.co\/extensiondeportes\/wp-json\/wp\/v2\/pages\/9211\/revisions"}],"predecessor-version":[{"id":9331,"href":"https:\/\/academia.utp.edu.co\/extensiondeportes\/wp-json\/wp\/v2\/pages\/9211\/revisions\/9331"}],"up":[{"embeddable":true,"href":"https:\/\/academia.utp.edu.co\/extensiondeportes\/wp-json\/wp\/v2\/pages\/761"}],"wp:attachment":[{"href":"https:\/\/academia.utp.edu.co\/extensiondeportes\/wp-json\/wp\/v2\/media?parent=9211"}],"curies":[{"name":"wp","href":"https:\/\/api.w.org\/{rel}","templated":true}]}}