
{"id":223,"date":"2023-07-16T18:13:19","date_gmt":"2023-07-16T16:13:19","guid":{"rendered":"https:\/\/academia.utp.edu.co\/faciem\/?page_id=223"},"modified":"2023-09-01T17:19:32","modified_gmt":"2023-09-01T15:19:32","slug":"investigacion","status":"publish","type":"page","link":"https:\/\/academia.utp.edu.co\/faciem\/investigacion\/","title":{"rendered":"INVESTIGACI\u00d3N"},"content":{"rendered":"\n<h2 class=\"wp-block-heading\">Semilleros de Investigaci\u00f3n<\/h2>\n\n\n\n<p>La Facultad de Ciencias Empresariales cuenta con 2 Semilleros de Investigaci\u00f3n los cuales son una comunidad de aprendizaje que re\u00fane a estudiantes y profesores para realizar investigaciones fuera del curr\u00edculo acad\u00e9mico, fomentando el desarrollo de habilidades investigativas. En estos semilleros, se pretende\u00a0 mejorar el pensamiento cr\u00edtico, profundizar en m\u00e9todos de investigaci\u00f3n y trabajar en equipo, lo cual prepara para abordar problemas relevantes y contribuir a la innovaci\u00f3n cient\u00edfica y tecnol\u00f3gica.<\/p>\n\n\n\n<ul class=\"wp-block-list\">\n<li><strong>Semillero de Investigaci\u00f3n de Ingenier\u00eda Industrial<\/strong><\/li>\n\n\n\n<li><strong>Semillero de Investigaci\u00f3n GAOPE<\/strong><\/li>\n<\/ul>\n\n\n\n<p><\/p>\n\n\n\n<h2 class=\"wp-block-heading\">Grupos de Investigaci\u00f3n<\/h2>\n\n\n\n<p>La Facultad actualmente cuenta con 5 Grupos de investigaci\u00f3n reconocidos por el Ministerio de Ciencia, Tecnolog\u00eda e Innovaci\u00f3n &#8211; MINCIENCIAS, los cuales seg\u00fan el ministerio se definen como el conjunto de personas que se re\u00fanen para realizar investigaci\u00f3n en una tem\u00e1tica dada, formulan uno o varios problemas de su inter\u00e9s, trazan un plan estrat\u00e9gico de largo o mediano plazo para trabajar en \u00e9l y producir unos resultados de conocimiento sobre el tema cuesti\u00f3n. Un grupo existe siempre y cuando demuestre producci\u00f3n de resultados tangibles y verificables, fruto de proyectos y otras actividades de investigaci\u00f3n convenientemente expresadas en un plan de acci\u00f3n (proyectos) debidamente formalizado.<\/p>\n\n\n\n<ul class=\"wp-block-list\">\n<li><a href=\"https:\/\/academia.utp.edu.co\/faciem\/dea\/\"><strong>Grupo de Investigaci\u00f3n An\u00e1lisis Envolvente de Datos &#8211; DEA<\/strong><\/a><\/li>\n\n\n\n<li><a href=\"https:\/\/academia.utp.edu.co\/faciem\/desarrollo-humano-y-organizacional\/\"><strong>Grupo de Investigaci\u00f3n Desarrollo Humano y Organizacional<\/strong><\/a><\/li>\n\n\n\n<li><a href=\"https:\/\/academia.utp.edu.co\/faciem\/giem\/\"><strong>Grupo de Investigaci\u00f3n Estudio y Aplicaci\u00f3n de Herramientas Estad\u00edsticas Modernas en la Soluci\u00f3n de Problemas del Entorno<\/strong><\/a><\/li>\n\n\n\n<li><a href=\"https:\/\/academia.utp.edu.co\/faciem\/gaope\/\"><strong>Grupo de Investigaci\u00f3n en T\u00e9cnicas en Optimizaci\u00f3n y Procesos Estoc\u00e1sticos &#8211; GAOPE<\/strong><\/a><\/li>\n\n\n\n<li><a href=\"https:\/\/academia.utp.edu.co\/geio\/\"><strong>Grupo de Investigaci\u00f3n en la Ense\u00f1anza de la investigaci\u00f3n de Operaciones &#8211; GEIO<\/strong><\/a><\/li>\n\n\n\n<li><a href=\"https:\/\/academia.utp.edu.co\/faciem\/gimpro\/\"><strong>Grupo en Mejoramiento Productivo Empresarial &#8211; GIMPRO<\/strong><\/a><\/li>\n<\/ul>\n\n\n\n<p><\/p>\n\n\n\n<p><\/p>\n","protected":false},"excerpt":{"rendered":"<p>Semilleros de Investigaci\u00f3n La Facultad de Ciencias Empresariales cuenta con 2 Semilleros de Investigaci\u00f3n los cuales son una comunidad de aprendizaje que re\u00fane a estudiantes y profesores para realizar investigaciones [&hellip;]<\/p>\n","protected":false},"author":1581,"featured_media":0,"parent":0,"menu_order":0,"comment_status":"closed","ping_status":"closed","template":"","meta":{"footnotes":""},"class_list":["post-223","page","type-page","status-publish","hentry"],"_links":{"self":[{"href":"https:\/\/academia.utp.edu.co\/faciem\/wp-json\/wp\/v2\/pages\/223","targetHints":{"allow":["GET"]}}],"collection":[{"href":"https:\/\/academia.utp.edu.co\/faciem\/wp-json\/wp\/v2\/pages"}],"about":[{"href":"https:\/\/academia.utp.edu.co\/faciem\/wp-json\/wp\/v2\/types\/page"}],"author":[{"embeddable":true,"href":"https:\/\/academia.utp.edu.co\/faciem\/wp-json\/wp\/v2\/users\/1581"}],"replies":[{"embeddable":true,"href":"https:\/\/academia.utp.edu.co\/faciem\/wp-json\/wp\/v2\/comments?post=223"}],"version-history":[{"count":7,"href":"https:\/\/academia.utp.edu.co\/faciem\/wp-json\/wp\/v2\/pages\/223\/revisions"}],"predecessor-version":[{"id":409,"href":"https:\/\/academia.utp.edu.co\/faciem\/wp-json\/wp\/v2\/pages\/223\/revisions\/409"}],"wp:attachment":[{"href":"https:\/\/academia.utp.edu.co\/faciem\/wp-json\/wp\/v2\/media?parent=223"}],"curies":[{"name":"wp","href":"https:\/\/api.w.org\/{rel}","templated":true}]}}