
{"id":227,"date":"2023-07-16T18:15:31","date_gmt":"2023-07-16T16:15:31","guid":{"rendered":"https:\/\/academia.utp.edu.co\/faciem\/?page_id=227"},"modified":"2023-09-01T22:53:32","modified_gmt":"2023-09-01T20:53:32","slug":"centro-de-conocimiento-empresarial","status":"publish","type":"page","link":"https:\/\/academia.utp.edu.co\/faciem\/centro-de-conocimiento-empresarial\/","title":{"rendered":"Centro de Conocimiento Empresarial"},"content":{"rendered":"\n<p>En este espacio los estudiantes que han culminado su proceso de formaci\u00f3n profesional por medio de las pr\u00e1cticas empresariales podr\u00e1n contar su experiencia como practicantes, consejos y dem\u00e1s que deseen expresar para los estudiantes que llegar\u00e1n a esta etapa acad\u00e9mica.<\/p>\n\n\n\t<div id=\"respond\" class=\"comment-respond wp-block-post-comments-form\">\n\t\t<h3 id=\"reply-title\" class=\"comment-reply-title\">Deja una respuesta <small><a rel=\"nofollow\" id=\"cancel-comment-reply-link\" href=\"\/faciem\/wp-json\/wp\/v2\/pages\/227#respond\" style=\"display:none;\">Cancelar la respuesta<\/a><\/small><\/h3><p class=\"must-log-in\">Lo siento, debes estar <a href=\"https:\/\/academia.utp.edu.co\/faciem\/portal-admin\/?redirect_to=https%3A%2F%2Facademia.utp.edu.co%2Ffaciem%2Fcentro-de-conocimiento-empresarial%2F\">conectado<\/a> para publicar un comentario.<\/p>\t<\/div><!-- #respond -->\n\t","protected":false},"excerpt":{"rendered":"<p>En este espacio los estudiantes que han culminado su proceso de formaci\u00f3n profesional por medio de las pr\u00e1cticas empresariales podr\u00e1n contar su experiencia como practicantes, consejos y dem\u00e1s que deseen [&hellip;]<\/p>\n","protected":false},"author":1581,"featured_media":0,"parent":0,"menu_order":0,"comment_status":"open","ping_status":"closed","template":"","meta":{"footnotes":""},"class_list":["post-227","page","type-page","status-publish","hentry"],"_links":{"self":[{"href":"https:\/\/academia.utp.edu.co\/faciem\/wp-json\/wp\/v2\/pages\/227","targetHints":{"allow":["GET"]}}],"collection":[{"href":"https:\/\/academia.utp.edu.co\/faciem\/wp-json\/wp\/v2\/pages"}],"about":[{"href":"https:\/\/academia.utp.edu.co\/faciem\/wp-json\/wp\/v2\/types\/page"}],"author":[{"embeddable":true,"href":"https:\/\/academia.utp.edu.co\/faciem\/wp-json\/wp\/v2\/users\/1581"}],"replies":[{"embeddable":true,"href":"https:\/\/academia.utp.edu.co\/faciem\/wp-json\/wp\/v2\/comments?post=227"}],"version-history":[{"count":4,"href":"https:\/\/academia.utp.edu.co\/faciem\/wp-json\/wp\/v2\/pages\/227\/revisions"}],"predecessor-version":[{"id":248,"href":"https:\/\/academia.utp.edu.co\/faciem\/wp-json\/wp\/v2\/pages\/227\/revisions\/248"}],"wp:attachment":[{"href":"https:\/\/academia.utp.edu.co\/faciem\/wp-json\/wp\/v2\/media?parent=227"}],"curies":[{"name":"wp","href":"https:\/\/api.w.org\/{rel}","templated":true}]}}