
{"id":39,"date":"2023-07-14T21:01:21","date_gmt":"2023-07-14T19:01:21","guid":{"rendered":"https:\/\/academia.utp.edu.co\/faciem\/?page_id=39"},"modified":"2023-09-16T00:11:00","modified_gmt":"2023-09-15T22:11:00","slug":"gaope","status":"publish","type":"page","link":"https:\/\/academia.utp.edu.co\/faciem\/gaope\/","title":{"rendered":"GAOPE"},"content":{"rendered":"<div class=\"wp-block-image\">\n<figure class=\"aligncenter size-large is-resized\"><img loading=\"lazy\" decoding=\"async\" src=\"https:\/\/academia.utp.edu.co\/faciem\/files\/2023\/07\/GAOPE-NEVO-1024x716.png\" alt=\"\" class=\"wp-image-52\" style=\"width:154px;height:108px\" width=\"154\" height=\"108\" srcset=\"https:\/\/academia.utp.edu.co\/faciem\/files\/2023\/07\/GAOPE-NEVO-1024x716.png 1024w, https:\/\/academia.utp.edu.co\/faciem\/files\/2023\/07\/GAOPE-NEVO-300x210.png 300w, https:\/\/academia.utp.edu.co\/faciem\/files\/2023\/07\/GAOPE-NEVO-768x537.png 768w, https:\/\/academia.utp.edu.co\/faciem\/files\/2023\/07\/GAOPE-NEVO-1536x1074.png 1536w, https:\/\/academia.utp.edu.co\/faciem\/files\/2023\/07\/GAOPE-NEVO.png 1634w\" sizes=\"auto, (max-width: 154px) 100vw, 154px\" \/><\/figure>\n<\/div>\n\n\n<div class=\"wp-block-group\"><div class=\"wp-block-group__inner-container is-layout-constrained wp-block-group-is-layout-constrained\">\n<p class=\"has-text-align-center\"><strong><a href=\"https:\/\/www2.utp.edu.co\/vicerrectoria\/investigaciones\/investigaciones\/integrantes\/209\/grupo\">GRUPO DE APLICACI\u00d3N EN T\u00c9CNICAS EN T\u00c9CNICAS DE OPTIMIZACI\u00d3N Y PROCESOS ESTOC\u00c1STICOS<\/a><\/strong><\/p>\n<\/div><\/div>\n\n\n<div class=\"wp-block-image\">\n<figure class=\"aligncenter size-large is-resized\"><img decoding=\"async\" src=\"https:\/\/academia.utp.edu.co\/faciem\/files\/2023\/07\/funcionarios-40-\u00d7-10.5-cm-edited.png\" alt=\"\" class=\"wp-image-142\" style=\"width:484px\" width=\"484\" srcset=\"https:\/\/academia.utp.edu.co\/faciem\/files\/2023\/07\/funcionarios-40-\u00d7-10.5-cm-edited.png 1745w, https:\/\/academia.utp.edu.co\/faciem\/files\/2023\/07\/funcionarios-40-\u00d7-10.5-cm-edited-300x79.png 300w, https:\/\/academia.utp.edu.co\/faciem\/files\/2023\/07\/funcionarios-40-\u00d7-10.5-cm-edited-1024x269.png 1024w, https:\/\/academia.utp.edu.co\/faciem\/files\/2023\/07\/funcionarios-40-\u00d7-10.5-cm-edited-768x202.png 768w, https:\/\/academia.utp.edu.co\/faciem\/files\/2023\/07\/funcionarios-40-\u00d7-10.5-cm-edited-1536x403.png 1536w\" sizes=\"(max-width: 1745px) 100vw, 1745px\" \/><\/figure>\n<\/div>\n\n<div class=\"wp-block-image\">\n<figure class=\"aligncenter size-full is-resized\"><a href=\"https:\/\/www.youtube.com\/@GAOPEFACIEM\"><img loading=\"lazy\" decoding=\"async\" src=\"https:\/\/academia.utp.edu.co\/faciem\/files\/2023\/09\/image.png\" alt=\"\" class=\"wp-image-413\" style=\"width:62px;height:43px\" width=\"62\" height=\"43\" srcset=\"https:\/\/academia.utp.edu.co\/faciem\/files\/2023\/09\/image.png 640w, https:\/\/academia.utp.edu.co\/faciem\/files\/2023\/09\/image-300x208.png 300w\" sizes=\"auto, (max-width: 62px) 100vw, 62px\" \/><\/a><\/figure>\n<\/div>\n\n\n<p><\/p>\n\n\n\n<h4 class=\"wp-block-heading\"><strong><a href=\"https:\/\/scienti.minciencias.gov.co\/gruplac\/jsp\/visualiza\/visualizagr.jsp?nro=00000000007744\">GrupLAC<\/a><\/strong><\/h4>\n\n\n<div class=\"wp-block-image\">\n<figure class=\"aligncenter size-full is-resized\"><img loading=\"lazy\" decoding=\"async\" src=\"https:\/\/academia.utp.edu.co\/faciem\/files\/2023\/07\/WhatsApp-Image-2023-03-09-at-10.19.03-AM.jpeg\" alt=\"\" class=\"wp-image-264\" style=\"width:447px;height:447px\" width=\"447\" height=\"447\" srcset=\"https:\/\/academia.utp.edu.co\/faciem\/files\/2023\/07\/WhatsApp-Image-2023-03-09-at-10.19.03-AM.jpeg 1024w, https:\/\/academia.utp.edu.co\/faciem\/files\/2023\/07\/WhatsApp-Image-2023-03-09-at-10.19.03-AM-300x300.jpeg 300w, https:\/\/academia.utp.edu.co\/faciem\/files\/2023\/07\/WhatsApp-Image-2023-03-09-at-10.19.03-AM-150x150.jpeg 150w, https:\/\/academia.utp.edu.co\/faciem\/files\/2023\/07\/WhatsApp-Image-2023-03-09-at-10.19.03-AM-768x768.jpeg 768w\" sizes=\"auto, (max-width: 447px) 100vw, 447px\" \/><\/figure>\n<\/div>\n\n\n<h2 class=\"wp-block-heading\">\u00bfQui\u00e9nes somos?<\/h2>\n\n\n\n<figure class=\"wp-block-embed is-type-video is-provider-youtube wp-block-embed-youtube wp-embed-aspect-16-9 wp-has-aspect-ratio\"><div class=\"wp-block-embed__wrapper\">\n<iframe loading=\"lazy\" title=\"Presentaci\u00f3n GAOPE\" width=\"500\" height=\"281\" src=\"https:\/\/www.youtube.com\/embed\/hlSZRZOucGg?feature=oembed\" frameborder=\"0\" allow=\"accelerometer; autoplay; clipboard-write; encrypted-media; gyroscope; picture-in-picture; web-share\" referrerpolicy=\"strict-origin-when-cross-origin\" allowfullscreen><\/iframe>\n<\/div><\/figure>\n\n\n\n<h2 class=\"wp-block-heading\">Trabajos de grado<\/h2>\n\n\n\n<p><strong>A continuaci\u00f3n encontrar\u00e1s documentos y videos que te ayudar\u00e1n en la elaboraci\u00f3n de tu trabajo de grado.<\/strong><\/p>\n\n\n\n<p><a href=\"https:\/\/drive.google.com\/drive\/folders\/1KVpn8xKl1G86yNg4_6DjXK61sCwlgTvc?usp=sharing\"><strong>Documentos gu\u00eda<\/strong><\/a><\/p>\n\n\n\n<h3 class=\"wp-block-heading\"><strong>Sesiones sobre tips de elaboraci\u00f3n de trabajos de grado<\/strong><\/h3>\n\n\n\n<div class=\"wp-block-columns is-layout-flex wp-container-core-columns-is-layout-9d6595d7 wp-block-columns-is-layout-flex\">\n<div class=\"wp-block-column is-layout-flow wp-block-column-is-layout-flow\"><div class=\"wp-block-image\">\n<figure class=\"aligncenter size-large is-resized\"><img loading=\"lazy\" decoding=\"async\" src=\"https:\/\/academia.utp.edu.co\/faciem\/files\/2023\/08\/WhatsApp-Image-2023-08-31-at-3.48.55-PM-1024x1024.jpeg\" alt=\"\" class=\"wp-image-371\" style=\"width:394px;height:394px\" width=\"394\" height=\"394\" srcset=\"https:\/\/academia.utp.edu.co\/faciem\/files\/2023\/08\/WhatsApp-Image-2023-08-31-at-3.48.55-PM-1024x1024.jpeg 1024w, https:\/\/academia.utp.edu.co\/faciem\/files\/2023\/08\/WhatsApp-Image-2023-08-31-at-3.48.55-PM-300x300.jpeg 300w, https:\/\/academia.utp.edu.co\/faciem\/files\/2023\/08\/WhatsApp-Image-2023-08-31-at-3.48.55-PM-150x150.jpeg 150w, https:\/\/academia.utp.edu.co\/faciem\/files\/2023\/08\/WhatsApp-Image-2023-08-31-at-3.48.55-PM-768x768.jpeg 768w, https:\/\/academia.utp.edu.co\/faciem\/files\/2023\/08\/WhatsApp-Image-2023-08-31-at-3.48.55-PM.jpeg 1080w\" sizes=\"auto, (max-width: 394px) 100vw, 394px\" \/><\/figure>\n<\/div><\/div>\n\n\n\n<div class=\"wp-block-column is-layout-flow wp-block-column-is-layout-flow\"><div class=\"wp-block-image\">\n<figure class=\"aligncenter size-large is-resized\"><img loading=\"lazy\" decoding=\"async\" src=\"https:\/\/academia.utp.edu.co\/faciem\/files\/2023\/08\/WhatsApp-Image-2023-08-31-at-3.48.55-PM-1-1024x1024.jpeg\" alt=\"\" class=\"wp-image-372\" style=\"width:392px;height:392px\" width=\"392\" height=\"392\" srcset=\"https:\/\/academia.utp.edu.co\/faciem\/files\/2023\/08\/WhatsApp-Image-2023-08-31-at-3.48.55-PM-1-1024x1024.jpeg 1024w, https:\/\/academia.utp.edu.co\/faciem\/files\/2023\/08\/WhatsApp-Image-2023-08-31-at-3.48.55-PM-1-300x300.jpeg 300w, https:\/\/academia.utp.edu.co\/faciem\/files\/2023\/08\/WhatsApp-Image-2023-08-31-at-3.48.55-PM-1-150x150.jpeg 150w, https:\/\/academia.utp.edu.co\/faciem\/files\/2023\/08\/WhatsApp-Image-2023-08-31-at-3.48.55-PM-1-768x768.jpeg 768w, https:\/\/academia.utp.edu.co\/faciem\/files\/2023\/08\/WhatsApp-Image-2023-08-31-at-3.48.55-PM-1.jpeg 1080w\" sizes=\"auto, (max-width: 392px) 100vw, 392px\" \/><\/figure>\n<\/div><\/div>\n<\/div>\n\n\n\n<figure class=\"wp-block-embed aligncenter is-type-video is-provider-youtube wp-block-embed-youtube wp-embed-aspect-16-9 wp-has-aspect-ratio\"><div class=\"wp-block-embed__wrapper\">\n<iframe loading=\"lazy\" title=\"Tips para elaborar tu trabajo de grado\" width=\"500\" height=\"281\" src=\"https:\/\/www.youtube.com\/embed\/videoseries?list=PLiXS4ajoAvFOezL6csyOvk8A-tCUEXMSm\" frameborder=\"0\" allow=\"accelerometer; autoplay; clipboard-write; encrypted-media; gyroscope; picture-in-picture; web-share\" referrerpolicy=\"strict-origin-when-cross-origin\" allowfullscreen><\/iframe>\n<\/div><figcaption class=\"wp-element-caption\"><strong>Es una playlist de 4 sesiones<\/strong><\/figcaption><\/figure>\n\n\n\n<p><\/p>\n\n\n\n<h3 class=\"wp-block-heading\"><strong>Oportunidades de trabajos de grado &#8211; Primera sesi\u00f3n<\/strong><\/h3>\n\n\n\n<p><\/p>\n\n\n\n<div class=\"wp-block-columns is-layout-flex wp-container-core-columns-is-layout-9d6595d7 wp-block-columns-is-layout-flex\">\n<div class=\"wp-block-column is-vertically-aligned-top is-layout-flow wp-block-column-is-layout-flow\" style=\"flex-basis:100%\">\n<div class=\"wp-block-columns is-layout-flex wp-container-core-columns-is-layout-9d6595d7 wp-block-columns-is-layout-flex\">\n<div class=\"wp-block-column is-layout-flow wp-block-column-is-layout-flow\">\n<figure class=\"wp-block-image size-large is-resized\"><img loading=\"lazy\" decoding=\"async\" src=\"https:\/\/academia.utp.edu.co\/faciem\/files\/2023\/08\/WhatsApp-Image-2023-08-04-at-8.47.58-PM-1-1024x1024.jpeg\" alt=\"\" class=\"wp-image-362\" style=\"width:393px;height:393px\" width=\"393\" height=\"393\" srcset=\"https:\/\/academia.utp.edu.co\/faciem\/files\/2023\/08\/WhatsApp-Image-2023-08-04-at-8.47.58-PM-1-1024x1024.jpeg 1024w, https:\/\/academia.utp.edu.co\/faciem\/files\/2023\/08\/WhatsApp-Image-2023-08-04-at-8.47.58-PM-1-300x300.jpeg 300w, https:\/\/academia.utp.edu.co\/faciem\/files\/2023\/08\/WhatsApp-Image-2023-08-04-at-8.47.58-PM-1-150x150.jpeg 150w, https:\/\/academia.utp.edu.co\/faciem\/files\/2023\/08\/WhatsApp-Image-2023-08-04-at-8.47.58-PM-1-768x768.jpeg 768w, https:\/\/academia.utp.edu.co\/faciem\/files\/2023\/08\/WhatsApp-Image-2023-08-04-at-8.47.58-PM-1.jpeg 1080w\" sizes=\"auto, (max-width: 393px) 100vw, 393px\" \/><\/figure>\n<\/div>\n\n\n\n<div class=\"wp-block-column is-layout-flow wp-block-column-is-layout-flow\"><div class=\"wp-block-image\">\n<figure class=\"aligncenter size-large is-resized\"><img loading=\"lazy\" decoding=\"async\" src=\"https:\/\/academia.utp.edu.co\/faciem\/files\/2023\/08\/WhatsApp-Image-2023-08-08-at-4.29.49-PM-1024x1024.jpeg\" alt=\"\" class=\"wp-image-363\" style=\"width:392px;height:392px\" width=\"392\" height=\"392\" srcset=\"https:\/\/academia.utp.edu.co\/faciem\/files\/2023\/08\/WhatsApp-Image-2023-08-08-at-4.29.49-PM-1024x1024.jpeg 1024w, https:\/\/academia.utp.edu.co\/faciem\/files\/2023\/08\/WhatsApp-Image-2023-08-08-at-4.29.49-PM-300x300.jpeg 300w, https:\/\/academia.utp.edu.co\/faciem\/files\/2023\/08\/WhatsApp-Image-2023-08-08-at-4.29.49-PM-150x150.jpeg 150w, https:\/\/academia.utp.edu.co\/faciem\/files\/2023\/08\/WhatsApp-Image-2023-08-08-at-4.29.49-PM-768x768.jpeg 768w, https:\/\/academia.utp.edu.co\/faciem\/files\/2023\/08\/WhatsApp-Image-2023-08-08-at-4.29.49-PM.jpeg 1080w\" sizes=\"auto, (max-width: 392px) 100vw, 392px\" \/><\/figure>\n<\/div><\/div>\n<\/div>\n\n\n\n<figure class=\"wp-block-embed is-type-video is-provider-youtube wp-block-embed-youtube wp-embed-aspect-4-3 wp-has-aspect-ratio\"><div class=\"wp-block-embed__wrapper\">\n<iframe loading=\"lazy\" title=\"Oportunidades para realizar tu trabajo de grado\" width=\"500\" height=\"375\" src=\"https:\/\/www.youtube.com\/embed\/BARmiz3nkss?feature=oembed\" frameborder=\"0\" allow=\"accelerometer; autoplay; clipboard-write; encrypted-media; gyroscope; picture-in-picture; web-share\" referrerpolicy=\"strict-origin-when-cross-origin\" allowfullscreen><\/iframe>\n<\/div><\/figure>\n\n\n\n<h3 class=\"wp-block-heading\"><strong>Oportunidades de trabajos de grado &#8211; Segunda sesi\u00f3n<\/strong><\/h3>\n\n\n\n<div class=\"wp-block-columns is-layout-flex wp-container-core-columns-is-layout-9d6595d7 wp-block-columns-is-layout-flex\">\n<div class=\"wp-block-column is-layout-flow wp-block-column-is-layout-flow\">\n<figure class=\"wp-block-image size-large is-resized\"><img loading=\"lazy\" decoding=\"async\" src=\"https:\/\/academia.utp.edu.co\/faciem\/files\/2023\/09\/Evento-MIOE-2-1024x1024.png\" alt=\"\" class=\"wp-image-394\" style=\"width:387px;height:387px\" width=\"387\" height=\"387\" srcset=\"https:\/\/academia.utp.edu.co\/faciem\/files\/2023\/09\/Evento-MIOE-2-1024x1024.png 1024w, https:\/\/academia.utp.edu.co\/faciem\/files\/2023\/09\/Evento-MIOE-2-300x300.png 300w, https:\/\/academia.utp.edu.co\/faciem\/files\/2023\/09\/Evento-MIOE-2-150x150.png 150w, https:\/\/academia.utp.edu.co\/faciem\/files\/2023\/09\/Evento-MIOE-2-768x768.png 768w, https:\/\/academia.utp.edu.co\/faciem\/files\/2023\/09\/Evento-MIOE-2.png 1080w\" sizes=\"auto, (max-width: 387px) 100vw, 387px\" \/><\/figure>\n<\/div>\n\n\n\n<div class=\"wp-block-column is-layout-flow wp-block-column-is-layout-flow\">\n<figure class=\"wp-block-image size-large is-resized\"><img loading=\"lazy\" decoding=\"async\" src=\"https:\/\/academia.utp.edu.co\/faciem\/files\/2023\/09\/Evento-MIOE-2-1-1024x1024.png\" alt=\"\" class=\"wp-image-395\" style=\"width:391px;height:391px\" width=\"391\" height=\"391\" srcset=\"https:\/\/academia.utp.edu.co\/faciem\/files\/2023\/09\/Evento-MIOE-2-1-1024x1024.png 1024w, https:\/\/academia.utp.edu.co\/faciem\/files\/2023\/09\/Evento-MIOE-2-1-300x300.png 300w, https:\/\/academia.utp.edu.co\/faciem\/files\/2023\/09\/Evento-MIOE-2-1-150x150.png 150w, https:\/\/academia.utp.edu.co\/faciem\/files\/2023\/09\/Evento-MIOE-2-1-768x768.png 768w, https:\/\/academia.utp.edu.co\/faciem\/files\/2023\/09\/Evento-MIOE-2-1.png 1080w\" sizes=\"auto, (max-width: 391px) 100vw, 391px\" \/><\/figure>\n<\/div>\n<\/div>\n\n\n\n<figure class=\"wp-block-embed is-type-video is-provider-youtube wp-block-embed-youtube wp-embed-aspect-16-9 wp-has-aspect-ratio\"><div class=\"wp-block-embed__wrapper\">\n<iframe loading=\"lazy\" title=\"Oportunidades para realizar tu trabajo de grado\" width=\"500\" height=\"281\" src=\"https:\/\/www.youtube.com\/embed\/Cq9YVsS084I?feature=oembed\" frameborder=\"0\" allow=\"accelerometer; autoplay; clipboard-write; encrypted-media; gyroscope; picture-in-picture; web-share\" referrerpolicy=\"strict-origin-when-cross-origin\" allowfullscreen><\/iframe>\n<\/div><\/figure>\n<\/div>\n<\/div>\n\n\n\n<h2 class=\"wp-block-heading\">Participaci\u00f3n en eventos<\/h2>\n\n\n\n<p><\/p>\n\n\n<div class=\"wp-block-image\">\n<figure class=\"aligncenter size-large is-resized\"><img loading=\"lazy\" decoding=\"async\" src=\"https:\/\/academia.utp.edu.co\/faciem\/files\/2023\/07\/Participacio\u0301n-en-RREDSI-1-1024x1024.jpeg\" alt=\"\" class=\"wp-image-290\" style=\"width:494px;height:494px\" width=\"494\" height=\"494\" srcset=\"https:\/\/academia.utp.edu.co\/faciem\/files\/2023\/07\/Participacio\u0301n-en-RREDSI-1-1024x1024.jpeg 1024w, https:\/\/academia.utp.edu.co\/faciem\/files\/2023\/07\/Participacio\u0301n-en-RREDSI-1-300x300.jpeg 300w, https:\/\/academia.utp.edu.co\/faciem\/files\/2023\/07\/Participacio\u0301n-en-RREDSI-1-150x150.jpeg 150w, https:\/\/academia.utp.edu.co\/faciem\/files\/2023\/07\/Participacio\u0301n-en-RREDSI-1-768x768.jpeg 768w, https:\/\/academia.utp.edu.co\/faciem\/files\/2023\/07\/Participacio\u0301n-en-RREDSI-1.jpeg 1080w\" sizes=\"auto, (max-width: 494px) 100vw, 494px\" \/><\/figure>\n<\/div>\n\n\n<h2 class=\"wp-block-heading\">Cursos<\/h2>\n\n\n\n<h3 class=\"wp-block-heading\">Curso en Miner\u00eda de Datos 2023-1<\/h3>\n\n\n\n<p><a href=\"https:\/\/www.youtube.com\/playlist?list=PLiXS4ajoAvFMpWSrEoDX2qIYJVMkh2BB3\"><strong>Videos curso en Miner\u00eda de Datos<\/strong><\/a><\/p>\n\n\n\n<p><\/p>\n\n\n\n<h3 class=\"wp-block-heading\">Curso Python 2023-2<\/h3>\n\n\n<div class=\"wp-block-image\">\n<figure class=\"aligncenter size-full is-resized\"><img loading=\"lazy\" decoding=\"async\" src=\"https:\/\/academia.utp.edu.co\/faciem\/files\/2023\/08\/WhatsApp-Image-2023-08-23-at-6.33.52-AM.jpeg\" alt=\"\" class=\"wp-image-338\" style=\"width:422px;height:422px\" width=\"422\" height=\"422\" srcset=\"https:\/\/academia.utp.edu.co\/faciem\/files\/2023\/08\/WhatsApp-Image-2023-08-23-at-6.33.52-AM.jpeg 1024w, https:\/\/academia.utp.edu.co\/faciem\/files\/2023\/08\/WhatsApp-Image-2023-08-23-at-6.33.52-AM-300x300.jpeg 300w, https:\/\/academia.utp.edu.co\/faciem\/files\/2023\/08\/WhatsApp-Image-2023-08-23-at-6.33.52-AM-150x150.jpeg 150w, https:\/\/academia.utp.edu.co\/faciem\/files\/2023\/08\/WhatsApp-Image-2023-08-23-at-6.33.52-AM-768x768.jpeg 768w\" sizes=\"auto, (max-width: 422px) 100vw, 422px\" \/><\/figure>\n<\/div>\n\n\n<h2 class=\"wp-block-heading\">Eventos realizados<\/h2>\n\n\n\n<h3 class=\"wp-block-heading\">Seminario de Ruteo Inteligente<\/h3>\n\n\n\n<div class=\"wp-block-columns is-layout-flex wp-container-core-columns-is-layout-9d6595d7 wp-block-columns-is-layout-flex\">\n<div class=\"wp-block-column is-layout-flow wp-block-column-is-layout-flow\">\n<figure class=\"wp-block-image size-full is-resized\"><img loading=\"lazy\" decoding=\"async\" src=\"https:\/\/academia.utp.edu.co\/faciem\/files\/2023\/08\/image.png\" alt=\"\" class=\"wp-image-365\" style=\"width:336px;height:268px\" width=\"336\" height=\"268\" srcset=\"https:\/\/academia.utp.edu.co\/faciem\/files\/2023\/08\/image.png 564w, https:\/\/academia.utp.edu.co\/faciem\/files\/2023\/08\/image-300x239.png 300w\" sizes=\"auto, (max-width: 336px) 100vw, 336px\" \/><\/figure>\n<\/div>\n\n\n\n<div class=\"wp-block-column is-layout-flow wp-block-column-is-layout-flow\">\n<figure class=\"wp-block-image size-large\"><img loading=\"lazy\" decoding=\"async\" width=\"1024\" height=\"1024\" src=\"https:\/\/academia.utp.edu.co\/faciem\/files\/2023\/08\/WhatsApp-Image-2023-08-31-at-4.07.23-PM-1024x1024.jpeg\" alt=\"\" class=\"wp-image-367\" srcset=\"https:\/\/academia.utp.edu.co\/faciem\/files\/2023\/08\/WhatsApp-Image-2023-08-31-at-4.07.23-PM-1024x1024.jpeg 1024w, https:\/\/academia.utp.edu.co\/faciem\/files\/2023\/08\/WhatsApp-Image-2023-08-31-at-4.07.23-PM-300x300.jpeg 300w, https:\/\/academia.utp.edu.co\/faciem\/files\/2023\/08\/WhatsApp-Image-2023-08-31-at-4.07.23-PM-150x150.jpeg 150w, https:\/\/academia.utp.edu.co\/faciem\/files\/2023\/08\/WhatsApp-Image-2023-08-31-at-4.07.23-PM-768x768.jpeg 768w, https:\/\/academia.utp.edu.co\/faciem\/files\/2023\/08\/WhatsApp-Image-2023-08-31-at-4.07.23-PM.jpeg 1080w\" sizes=\"auto, (max-width: 1024px) 100vw, 1024px\" \/><\/figure>\n<\/div>\n\n\n\n<div class=\"wp-block-column is-layout-flow wp-block-column-is-layout-flow\">\n<figure class=\"wp-block-image size-large\"><img loading=\"lazy\" decoding=\"async\" width=\"1024\" height=\"1024\" src=\"https:\/\/academia.utp.edu.co\/faciem\/files\/2023\/08\/WhatsApp-Image-2023-08-31-at-4.07.24-PM-1024x1024.jpeg\" alt=\"\" class=\"wp-image-368\" srcset=\"https:\/\/academia.utp.edu.co\/faciem\/files\/2023\/08\/WhatsApp-Image-2023-08-31-at-4.07.24-PM-1024x1024.jpeg 1024w, https:\/\/academia.utp.edu.co\/faciem\/files\/2023\/08\/WhatsApp-Image-2023-08-31-at-4.07.24-PM-300x300.jpeg 300w, https:\/\/academia.utp.edu.co\/faciem\/files\/2023\/08\/WhatsApp-Image-2023-08-31-at-4.07.24-PM-150x150.jpeg 150w, https:\/\/academia.utp.edu.co\/faciem\/files\/2023\/08\/WhatsApp-Image-2023-08-31-at-4.07.24-PM-768x768.jpeg 768w, https:\/\/academia.utp.edu.co\/faciem\/files\/2023\/08\/WhatsApp-Image-2023-08-31-at-4.07.24-PM.jpeg 1080w\" sizes=\"auto, (max-width: 1024px) 100vw, 1024px\" \/><\/figure>\n<\/div>\n<\/div>\n\n\n\n<figure class=\"wp-block-embed aligncenter is-type-video is-provider-youtube wp-block-embed-youtube wp-embed-aspect-16-9 wp-has-aspect-ratio\"><div class=\"wp-block-embed__wrapper\">\n<iframe loading=\"lazy\" title=\"Seminario Ruteo\" width=\"500\" height=\"281\" src=\"https:\/\/www.youtube.com\/embed\/videoseries?list=PLiXS4ajoAvFNJU7PvStXaUmD4wszN5qG6\" frameborder=\"0\" allow=\"accelerometer; autoplay; clipboard-write; encrypted-media; gyroscope; picture-in-picture; web-share\" referrerpolicy=\"strict-origin-when-cross-origin\" allowfullscreen><\/iframe>\n<\/div><\/figure>\n\n\n\n<p><\/p>\n\n\n\n<h3 class=\"wp-block-heading\"><strong>Primer Simposio en Ciencia de Datos de la Universidad Tecnol\u00f3gica de Pereira<\/strong><\/h3>\n\n\n\n<p><\/p>\n\n\n\n<div class=\"wp-block-columns is-layout-flex wp-container-core-columns-is-layout-9d6595d7 wp-block-columns-is-layout-flex\">\n<div class=\"wp-block-column is-layout-flow wp-block-column-is-layout-flow\">\n<figure class=\"wp-block-image size-full\"><img loading=\"lazy\" decoding=\"async\" width=\"564\" height=\"567\" src=\"https:\/\/academia.utp.edu.co\/faciem\/files\/2023\/08\/simposio1.png\" alt=\"\" class=\"wp-image-380\" srcset=\"https:\/\/academia.utp.edu.co\/faciem\/files\/2023\/08\/simposio1.png 564w, https:\/\/academia.utp.edu.co\/faciem\/files\/2023\/08\/simposio1-298x300.png 298w, https:\/\/academia.utp.edu.co\/faciem\/files\/2023\/08\/simposio1-150x150.png 150w\" sizes=\"auto, (max-width: 564px) 100vw, 564px\" \/><\/figure>\n<\/div>\n\n\n\n<div class=\"wp-block-column is-layout-flow wp-block-column-is-layout-flow\">\n<figure class=\"wp-block-image size-full\"><img loading=\"lazy\" decoding=\"async\" width=\"560\" height=\"557\" src=\"https:\/\/academia.utp.edu.co\/faciem\/files\/2023\/08\/Simposio2.png\" alt=\"\" class=\"wp-image-381\" srcset=\"https:\/\/academia.utp.edu.co\/faciem\/files\/2023\/08\/Simposio2.png 560w, https:\/\/academia.utp.edu.co\/faciem\/files\/2023\/08\/Simposio2-300x298.png 300w, https:\/\/academia.utp.edu.co\/faciem\/files\/2023\/08\/Simposio2-150x150.png 150w\" sizes=\"auto, (max-width: 560px) 100vw, 560px\" \/><\/figure>\n<\/div>\n\n\n\n<div class=\"wp-block-column is-layout-flow wp-block-column-is-layout-flow\">\n<figure class=\"wp-block-image size-full\"><img loading=\"lazy\" decoding=\"async\" width=\"560\" height=\"559\" src=\"https:\/\/academia.utp.edu.co\/faciem\/files\/2023\/08\/simposio3.png\" alt=\"\" class=\"wp-image-382\" srcset=\"https:\/\/academia.utp.edu.co\/faciem\/files\/2023\/08\/simposio3.png 560w, https:\/\/academia.utp.edu.co\/faciem\/files\/2023\/08\/simposio3-300x300.png 300w, https:\/\/academia.utp.edu.co\/faciem\/files\/2023\/08\/simposio3-150x150.png 150w\" sizes=\"auto, (max-width: 560px) 100vw, 560px\" \/><\/figure>\n<\/div>\n<\/div>\n\n\n\n<p><strong><a href=\"https:\/\/drive.google.com\/file\/d\/1ZU9u8N9MMS31Ib357qAn8DOAPQI2ct8j\/view?usp=sharing\">Videos Simposio<\/a><\/strong><\/p>\n\n\n\n<p><\/p>\n\n\n\n<p><\/p>\n\n\n\n<h2 class=\"wp-block-heading\">Aula Abierta<\/h2>\n\n\n\n<h3 class=\"wp-block-heading\">Aula Abierta en Anal\u00edtica de Datos Aplicada a las Redes Sociales<\/h3>\n\n\n<div class=\"wp-block-image\">\n<figure class=\"aligncenter size-large is-resized\"><img loading=\"lazy\" decoding=\"async\" src=\"https:\/\/academia.utp.edu.co\/faciem\/files\/2023\/09\/WhatsApp-Image-2023-08-31-at-4.08.14-PM-1024x1024.jpeg\" alt=\"\" class=\"wp-image-389\" style=\"width:344px;height:344px\" width=\"344\" height=\"344\" srcset=\"https:\/\/academia.utp.edu.co\/faciem\/files\/2023\/09\/WhatsApp-Image-2023-08-31-at-4.08.14-PM-1024x1024.jpeg 1024w, https:\/\/academia.utp.edu.co\/faciem\/files\/2023\/09\/WhatsApp-Image-2023-08-31-at-4.08.14-PM-300x300.jpeg 300w, https:\/\/academia.utp.edu.co\/faciem\/files\/2023\/09\/WhatsApp-Image-2023-08-31-at-4.08.14-PM-150x150.jpeg 150w, https:\/\/academia.utp.edu.co\/faciem\/files\/2023\/09\/WhatsApp-Image-2023-08-31-at-4.08.14-PM-768x768.jpeg 768w, https:\/\/academia.utp.edu.co\/faciem\/files\/2023\/09\/WhatsApp-Image-2023-08-31-at-4.08.14-PM.jpeg 1080w\" sizes=\"auto, (max-width: 344px) 100vw, 344px\" \/><\/figure>\n<\/div>\n\n\n<p><\/p>\n\n\n\n<figure class=\"wp-block-embed aligncenter is-type-video is-provider-youtube wp-block-embed-youtube wp-embed-aspect-16-9 wp-has-aspect-ratio\"><div class=\"wp-block-embed__wrapper\">\n<iframe loading=\"lazy\" title=\"Aula Abierta - Maestr\u00eda en Investigaci\u00f3n Operativa y Estad\u00edstica\" width=\"500\" height=\"281\" src=\"https:\/\/www.youtube.com\/embed\/llXYtJYQA_g?feature=oembed\" frameborder=\"0\" allow=\"accelerometer; autoplay; clipboard-write; encrypted-media; gyroscope; picture-in-picture; web-share\" referrerpolicy=\"strict-origin-when-cross-origin\" allowfullscreen><\/iframe>\n<\/div><\/figure>\n\n\n\n<p><\/p>\n\n\n\n<h3 class=\"wp-block-heading\">Formaci\u00f3n para las Pr\u00e1cticas Empresariales &#8211; Curso en Excel y Power BI<\/h3>\n\n\n\n<p><\/p>\n\n\n<div class=\"wp-block-image\">\n<figure class=\"aligncenter size-large is-resized\"><img loading=\"lazy\" decoding=\"async\" src=\"https:\/\/academia.utp.edu.co\/faciem\/files\/2023\/09\/Formacion-para-practicas-1024x1024.png\" alt=\"\" class=\"wp-image-418\" style=\"width:422px;height:422px\" width=\"422\" height=\"422\" srcset=\"https:\/\/academia.utp.edu.co\/faciem\/files\/2023\/09\/Formacion-para-practicas-1024x1024.png 1024w, https:\/\/academia.utp.edu.co\/faciem\/files\/2023\/09\/Formacion-para-practicas-300x300.png 300w, https:\/\/academia.utp.edu.co\/faciem\/files\/2023\/09\/Formacion-para-practicas-150x150.png 150w, https:\/\/academia.utp.edu.co\/faciem\/files\/2023\/09\/Formacion-para-practicas-768x768.png 768w, https:\/\/academia.utp.edu.co\/faciem\/files\/2023\/09\/Formacion-para-practicas.png 1080w\" sizes=\"auto, (max-width: 422px) 100vw, 422px\" \/><\/figure>\n<\/div>\n\n\n<p><\/p>\n\n\n\n<figure class=\"wp-block-embed aligncenter is-type-video is-provider-youtube wp-block-embed-youtube wp-embed-aspect-16-9 wp-has-aspect-ratio\"><div class=\"wp-block-embed__wrapper\">\n<iframe loading=\"lazy\" title=\"AULA ABIERTA\" width=\"500\" height=\"281\" src=\"https:\/\/www.youtube.com\/embed\/videoseries?list=PLbyfVAOj5QLnE0h93eN_CTzV60JwrS9m_\" frameborder=\"0\" allow=\"accelerometer; autoplay; clipboard-write; encrypted-media; gyroscope; picture-in-picture; web-share\" referrerpolicy=\"strict-origin-when-cross-origin\" allowfullscreen><\/iframe>\n<\/div><\/figure>\n","protected":false},"excerpt":{"rendered":"<p>GrupLAC \u00bfQui\u00e9nes somos? Trabajos de grado A continuaci\u00f3n encontrar\u00e1s documentos y videos que te ayudar\u00e1n en la elaboraci\u00f3n de tu trabajo de grado. Documentos gu\u00eda Sesiones sobre tips de elaboraci\u00f3n [&hellip;]<\/p>\n","protected":false},"author":1581,"featured_media":0,"parent":0,"menu_order":0,"comment_status":"closed","ping_status":"closed","template":"","meta":{"footnotes":""},"class_list":["post-39","page","type-page","status-publish","hentry"],"_links":{"self":[{"href":"https:\/\/academia.utp.edu.co\/faciem\/wp-json\/wp\/v2\/pages\/39","targetHints":{"allow":["GET"]}}],"collection":[{"href":"https:\/\/academia.utp.edu.co\/faciem\/wp-json\/wp\/v2\/pages"}],"about":[{"href":"https:\/\/academia.utp.edu.co\/faciem\/wp-json\/wp\/v2\/types\/page"}],"author":[{"embeddable":true,"href":"https:\/\/academia.utp.edu.co\/faciem\/wp-json\/wp\/v2\/users\/1581"}],"replies":[{"embeddable":true,"href":"https:\/\/academia.utp.edu.co\/faciem\/wp-json\/wp\/v2\/comments?post=39"}],"version-history":[{"count":57,"href":"https:\/\/academia.utp.edu.co\/faciem\/wp-json\/wp\/v2\/pages\/39\/revisions"}],"predecessor-version":[{"id":424,"href":"https:\/\/academia.utp.edu.co\/faciem\/wp-json\/wp\/v2\/pages\/39\/revisions\/424"}],"wp:attachment":[{"href":"https:\/\/academia.utp.edu.co\/faciem\/wp-json\/wp\/v2\/media?parent=39"}],"curies":[{"name":"wp","href":"https:\/\/api.w.org\/{rel}","templated":true}]}}