
{"id":44,"date":"2023-07-14T21:19:26","date_gmt":"2023-07-14T19:19:26","guid":{"rendered":"https:\/\/academia.utp.edu.co\/faciem\/?page_id=44"},"modified":"2023-07-25T23:47:20","modified_gmt":"2023-07-25T21:47:20","slug":"geio","status":"publish","type":"page","link":"https:\/\/academia.utp.edu.co\/faciem\/geio\/","title":{"rendered":"GEIO"},"content":{"rendered":"\n<p><strong><a href=\"https:\/\/www2.utp.edu.co\/vicerrectoria\/investigaciones\/investigaciones\/integrantes\/52\/grupo\">GRUPO DE INVESTIGACI\u00d3N EN LA ENSE\u00d1ANZA DE LA INVESTIGACI\u00d3N DE OPERACIONES<\/a><\/strong><\/p>\n\n\n\n<p>Director: Msc. Carlos Mauricio Zuluaga Ram\u00edrez<\/p>\n\n\n\n<p><strong><a href=\"https:\/\/academia.utp.edu.co\/geio\/\" data-type=\"URL\" data-id=\"https:\/\/academia.utp.edu.co\/geio\/\">P\u00e1gina oficial GEIO<\/a><\/strong><\/p>\n","protected":false},"excerpt":{"rendered":"<p>GRUPO DE INVESTIGACI\u00d3N EN LA ENSE\u00d1ANZA DE LA INVESTIGACI\u00d3N DE OPERACIONES Director: Msc. Carlos Mauricio Zuluaga Ram\u00edrez P\u00e1gina oficial GEIO<\/p>\n","protected":false},"author":1581,"featured_media":0,"parent":0,"menu_order":0,"comment_status":"closed","ping_status":"closed","template":"","meta":{"footnotes":""},"class_list":["post-44","page","type-page","status-publish","hentry"],"_links":{"self":[{"href":"https:\/\/academia.utp.edu.co\/faciem\/wp-json\/wp\/v2\/pages\/44","targetHints":{"allow":["GET"]}}],"collection":[{"href":"https:\/\/academia.utp.edu.co\/faciem\/wp-json\/wp\/v2\/pages"}],"about":[{"href":"https:\/\/academia.utp.edu.co\/faciem\/wp-json\/wp\/v2\/types\/page"}],"author":[{"embeddable":true,"href":"https:\/\/academia.utp.edu.co\/faciem\/wp-json\/wp\/v2\/users\/1581"}],"replies":[{"embeddable":true,"href":"https:\/\/academia.utp.edu.co\/faciem\/wp-json\/wp\/v2\/comments?post=44"}],"version-history":[{"count":4,"href":"https:\/\/academia.utp.edu.co\/faciem\/wp-json\/wp\/v2\/pages\/44\/revisions"}],"predecessor-version":[{"id":293,"href":"https:\/\/academia.utp.edu.co\/faciem\/wp-json\/wp\/v2\/pages\/44\/revisions\/293"}],"wp:attachment":[{"href":"https:\/\/academia.utp.edu.co\/faciem\/wp-json\/wp\/v2\/media?parent=44"}],"curies":[{"name":"wp","href":"https:\/\/api.w.org\/{rel}","templated":true}]}}