
{"id":9,"date":"2023-07-12T22:11:37","date_gmt":"2023-07-12T20:11:37","guid":{"rendered":"https:\/\/academia.utp.edu.co\/faciem\/hestia-front\/"},"modified":"2023-07-25T16:22:39","modified_gmt":"2023-07-25T14:22:39","slug":"hestia-front","status":"publish","type":"page","link":"https:\/\/academia.utp.edu.co\/faciem\/","title":{"rendered":"COMIT\u00c9 DE INVESTIGACI\u00d3N, INNOVACI\u00d3N Y EXTENSI\u00d3N FACULTAD DE CIENCIAS EMPRESARIALES &#8211; CIIE"},"content":{"rendered":"\n<p><strong>\u00bfQUI\u00c9NES SOMOS?<\/strong><\/p>\n\n\n\n<p>El CIIE tiene como funciones:<br>a) Revisar la creaci\u00f3n, modificaci\u00f3n o eliminaci\u00f3n de las l\u00edneas de investigaci\u00f3n de la facultad de acuerdo con las \u00e1reas estrat\u00e9gicas enmarcadas dentro de su plan de gesti\u00f3n.<\/p>\n\n\n\n<p>b) Realizar la evaluaci\u00f3n interna de las propuestas de investigaci\u00f3n.<\/p>\n\n\n\n<p>c) Revisar con base en los resultados de las evaluaciones externas los proyectos de investigaci\u00f3n que no requieran financiaci\u00f3n.<\/p>\n\n\n\n<p>d) Evaluar los informes parcial y final de los proyectos de investigaci\u00f3n registrados en la Vicerrector\u00eda de Investigaciones, Innovaci\u00f3n y Extensi\u00f3n.<\/p>\n\n\n\n<p>e) Tener conocimiento de los objetivos, resultados y estados parciales de todos los proyectos en ejecuci\u00f3n de su facultad.<\/p>\n\n\n\n<p>f) Propiciar la presentaci\u00f3n de proyectos que conlleven la integraci\u00f3n de la Universidad con el medio, de tal manera que ellos sirvan para la soluci\u00f3n de problemas regionales o nacionales.<\/p>\n\n\n\n<p>g) Propiciar la Innovaci\u00f3n y mejora de los procesos acad\u00e9micos.<\/p>\n\n\n\n<p><strong>INTEGRANTES DEL CIIE FACIEM<\/strong><\/p>\n\n\n<div class=\"wp-block-image\">\n<figure class=\"aligncenter size-large is-resized\"><img loading=\"lazy\" decoding=\"async\" src=\"http:\/\/academia.utp.edu.co\/faciem\/files\/2023\/07\/17-1024x269.png\" alt=\"\" class=\"wp-image-155\" width=\"467\" height=\"122\" srcset=\"https:\/\/academia.utp.edu.co\/faciem\/files\/2023\/07\/17-1024x269.png 1024w, https:\/\/academia.utp.edu.co\/faciem\/files\/2023\/07\/17-300x79.png 300w, https:\/\/academia.utp.edu.co\/faciem\/files\/2023\/07\/17-768x202.png 768w, https:\/\/academia.utp.edu.co\/faciem\/files\/2023\/07\/17-1536x403.png 1536w, https:\/\/academia.utp.edu.co\/faciem\/files\/2023\/07\/17.png 2000w\" sizes=\"auto, (max-width: 467px) 100vw, 467px\" \/><\/figure>\n<\/div>\n\n<div class=\"wp-block-image\">\n<figure class=\"aligncenter size-large is-resized\"><img loading=\"lazy\" decoding=\"async\" src=\"http:\/\/academia.utp.edu.co\/faciem\/files\/2023\/07\/3-1024x269.png\" alt=\"\" class=\"wp-image-151\" width=\"478\" height=\"125\" srcset=\"https:\/\/academia.utp.edu.co\/faciem\/files\/2023\/07\/3-1024x269.png 1024w, https:\/\/academia.utp.edu.co\/faciem\/files\/2023\/07\/3-300x79.png 300w, https:\/\/academia.utp.edu.co\/faciem\/files\/2023\/07\/3-768x202.png 768w, https:\/\/academia.utp.edu.co\/faciem\/files\/2023\/07\/3-1536x403.png 1536w, https:\/\/academia.utp.edu.co\/faciem\/files\/2023\/07\/3.png 2000w\" sizes=\"auto, (max-width: 478px) 100vw, 478px\" \/><\/figure>\n<\/div>\n\n<div class=\"wp-block-image\">\n<figure class=\"aligncenter size-large is-resized\"><img loading=\"lazy\" decoding=\"async\" src=\"http:\/\/academia.utp.edu.co\/faciem\/files\/2023\/07\/4-1024x269.png\" alt=\"\" class=\"wp-image-152\" width=\"467\" height=\"122\" srcset=\"https:\/\/academia.utp.edu.co\/faciem\/files\/2023\/07\/4-1024x269.png 1024w, https:\/\/academia.utp.edu.co\/faciem\/files\/2023\/07\/4-300x79.png 300w, https:\/\/academia.utp.edu.co\/faciem\/files\/2023\/07\/4-768x202.png 768w, https:\/\/academia.utp.edu.co\/faciem\/files\/2023\/07\/4-1536x403.png 1536w, https:\/\/academia.utp.edu.co\/faciem\/files\/2023\/07\/4.png 2000w\" sizes=\"auto, (max-width: 467px) 100vw, 467px\" \/><\/figure>\n<\/div>\n\n<div class=\"wp-block-image\">\n<figure class=\"aligncenter size-large is-resized\"><img loading=\"lazy\" decoding=\"async\" src=\"http:\/\/academia.utp.edu.co\/faciem\/files\/2023\/07\/5-1024x269.png\" alt=\"\" class=\"wp-image-153\" width=\"467\" height=\"122\" srcset=\"https:\/\/academia.utp.edu.co\/faciem\/files\/2023\/07\/5-1024x269.png 1024w, https:\/\/academia.utp.edu.co\/faciem\/files\/2023\/07\/5-300x79.png 300w, https:\/\/academia.utp.edu.co\/faciem\/files\/2023\/07\/5-768x202.png 768w, https:\/\/academia.utp.edu.co\/faciem\/files\/2023\/07\/5-1536x403.png 1536w, https:\/\/academia.utp.edu.co\/faciem\/files\/2023\/07\/5.png 2000w\" sizes=\"auto, (max-width: 467px) 100vw, 467px\" \/><\/figure>\n<\/div>\n\n<div class=\"wp-block-image\">\n<figure class=\"aligncenter size-large is-resized\"><img loading=\"lazy\" decoding=\"async\" src=\"https:\/\/academia.utp.edu.co\/faciem\/files\/2023\/07\/funcionarios-40-\u00d7-10.5-cm-1-3-1024x269.png\" alt=\"\" class=\"wp-image-258\" width=\"467\" height=\"122\" srcset=\"https:\/\/academia.utp.edu.co\/faciem\/files\/2023\/07\/funcionarios-40-\u00d7-10.5-cm-1-3-1024x269.png 1024w, https:\/\/academia.utp.edu.co\/faciem\/files\/2023\/07\/funcionarios-40-\u00d7-10.5-cm-1-3-300x79.png 300w, https:\/\/academia.utp.edu.co\/faciem\/files\/2023\/07\/funcionarios-40-\u00d7-10.5-cm-1-3-768x202.png 768w, https:\/\/academia.utp.edu.co\/faciem\/files\/2023\/07\/funcionarios-40-\u00d7-10.5-cm-1-3-1536x403.png 1536w, https:\/\/academia.utp.edu.co\/faciem\/files\/2023\/07\/funcionarios-40-\u00d7-10.5-cm-1-3.png 2000w\" sizes=\"auto, (max-width: 467px) 100vw, 467px\" \/><\/figure>\n<\/div>\n\n<div class=\"wp-block-image\">\n<figure class=\"aligncenter size-large is-resized\"><img loading=\"lazy\" decoding=\"async\" src=\"https:\/\/academia.utp.edu.co\/faciem\/files\/2023\/07\/funcionarios-40-\u00d7-10.5-cm-4-edited.png\" alt=\"\" class=\"wp-image-232\" width=\"406\" height=\"106\" srcset=\"https:\/\/academia.utp.edu.co\/faciem\/files\/2023\/07\/funcionarios-40-\u00d7-10.5-cm-4-edited.png 1799w, https:\/\/academia.utp.edu.co\/faciem\/files\/2023\/07\/funcionarios-40-\u00d7-10.5-cm-4-edited-300x79.png 300w, https:\/\/academia.utp.edu.co\/faciem\/files\/2023\/07\/funcionarios-40-\u00d7-10.5-cm-4-edited-1024x269.png 1024w, https:\/\/academia.utp.edu.co\/faciem\/files\/2023\/07\/funcionarios-40-\u00d7-10.5-cm-4-edited-768x201.png 768w, https:\/\/academia.utp.edu.co\/faciem\/files\/2023\/07\/funcionarios-40-\u00d7-10.5-cm-4-edited-1536x403.png 1536w\" sizes=\"auto, (max-width: 406px) 100vw, 406px\" \/><\/figure>\n<\/div>","protected":false},"excerpt":{"rendered":"<p>\u00bfQUI\u00c9NES SOMOS? El CIIE tiene como funciones:a) Revisar la creaci\u00f3n, modificaci\u00f3n o eliminaci\u00f3n de las l\u00edneas de investigaci\u00f3n de la facultad de acuerdo con las \u00e1reas estrat\u00e9gicas enmarcadas dentro de [&hellip;]<\/p>\n","protected":false},"author":1,"featured_media":0,"parent":0,"menu_order":0,"comment_status":"closed","ping_status":"closed","template":"","meta":{"footnotes":""},"class_list":["post-9","page","type-page","status-publish","hentry"],"_links":{"self":[{"href":"https:\/\/academia.utp.edu.co\/faciem\/wp-json\/wp\/v2\/pages\/9","targetHints":{"allow":["GET"]}}],"collection":[{"href":"https:\/\/academia.utp.edu.co\/faciem\/wp-json\/wp\/v2\/pages"}],"about":[{"href":"https:\/\/academia.utp.edu.co\/faciem\/wp-json\/wp\/v2\/types\/page"}],"author":[{"embeddable":true,"href":"https:\/\/academia.utp.edu.co\/faciem\/wp-json\/wp\/v2\/users\/1"}],"replies":[{"embeddable":true,"href":"https:\/\/academia.utp.edu.co\/faciem\/wp-json\/wp\/v2\/comments?post=9"}],"version-history":[{"count":19,"href":"https:\/\/academia.utp.edu.co\/faciem\/wp-json\/wp\/v2\/pages\/9\/revisions"}],"predecessor-version":[{"id":289,"href":"https:\/\/academia.utp.edu.co\/faciem\/wp-json\/wp\/v2\/pages\/9\/revisions\/289"}],"wp:attachment":[{"href":"https:\/\/academia.utp.edu.co\/faciem\/wp-json\/wp\/v2\/media?parent=9"}],"curies":[{"name":"wp","href":"https:\/\/api.w.org\/{rel}","templated":true}]}}