{"id":1621,"date":"2019-03-15T14:20:39","date_gmt":"2019-03-15T14:20:39","guid":{"rendered":"http:\/\/academia.utp.edu.co\/facies-utp\/?page_id=1621"},"modified":"2019-03-15T15:28:54","modified_gmt":"2019-03-15T15:28:54","slug":"sobre-nosotros","status":"publish","type":"page","link":"https:\/\/academia.utp.edu.co\/facies-utp\/sobre-nosotros\/","title":{"rendered":"SOBRE NOSOTROS"},"content":{"rendered":"\n<figure class=\"wp-block-image alignwide\"><img loading=\"lazy\" decoding=\"async\" width=\"449\" height=\"317\" src=\"https:\/\/academia.utp.edu.co\/facies-utp\/files\/2018\/09\/grupo.jpg\" alt=\"\" class=\"wp-image-361\" srcset=\"https:\/\/academia.utp.edu.co\/facies-utp\/files\/2018\/09\/grupo.jpg 449w, https:\/\/academia.utp.edu.co\/facies-utp\/files\/2018\/09\/grupo-300x212.jpg 300w, https:\/\/academia.utp.edu.co\/facies-utp\/files\/2018\/09\/grupo-250x177.jpg 250w\" sizes=\"auto, (max-width: 449px) 100vw, 449px\" \/><figcaption>Grupo de Recreaci\u00f3n FACIES-UTP 2002<\/figcaption><\/figure>\n\n\n\n<h2 class=\"wp-block-heading\">\u00bfQuienes Somos?<\/h2>\n\n\n\n<p>\n\nSomos un grupo dedicado a la recreaci\u00f3n para el desarrollo humano y el bienestar. <br> En nuestro portal encontrar\u00e1s todo acerca de nosotros y nuestros servicios, adem\u00e1s de art\u00edculos relacionados con la recreaci\u00f3n, la salud y el deporte\n\n<\/p>\n\n\n\n<h2 class=\"wp-block-heading\"> Misi\u00f3n  <\/h2>\n\n\n\n<p>\n\nEn el grupo de Recreaci\u00f3n de la facultad Ciencias de la Salud FACIES, vemos la recreaci\u00f3n como una actitud humana que posibilita el ejercicio y el desarrollo de la libertad, a trav\u00e9s de actividades f\u00edsicas, ps\u00edquicas y\/o sociales, que son placenteras y creativas y que busca a trav\u00e9s de ellas influir favorablemente en la calidad de vida de las personas y las comunidades.\n\n<\/p>\n\n\n\n<h2 class=\"wp-block-heading\">  Visi\u00f3n <\/h2>\n\n\n\n<p> En el a\u00f1o 2010 seremos reconocidos por la comunidad acad\u00e9mica y extra-acad\u00e9mica como un equipo de trabajo que genera propuestas a partir de la Recreaci\u00f3n, desde una perspectiva de Desarrollo Humano.  Tendremos vinculaci\u00f3n activa de estudiantes, docentes y administrativos comprometidos con los procesos de Bienestar en la Universidad y el mejoramiento de la calidad de vida de personas y comunidades  <br><\/p>\n\n\n\n<h2 class=\"wp-block-heading\" id=\"mce_6\">Valores<\/h2>\n\n\n\n<ul class=\"wp-block-list\"><li>Compromiso<\/li><li>Liderazgo<\/li><li>Comunicaci\u00f3n<\/li><li>Trabajo en Equipo<\/li><\/ul>\n\n\n\n<h2 class=\"wp-block-heading\" id=\"mce_8\">Mascota<\/h2>\n\n\n\n<div class=\"wp-block-image\"><figure class=\"alignleft\"><img loading=\"lazy\" decoding=\"async\" width=\"224\" height=\"393\" src=\"https:\/\/academia.utp.edu.co\/facies-utp\/files\/2019\/03\/ant.png\" alt=\"\" class=\"wp-image-1641\" srcset=\"https:\/\/academia.utp.edu.co\/facies-utp\/files\/2019\/03\/ant.png 224w, https:\/\/academia.utp.edu.co\/facies-utp\/files\/2019\/03\/ant-171x300.png 171w\" sizes=\"auto, (max-width: 224px) 100vw, 224px\" \/><\/figure><\/div>\n\n\n\n<p>\n\n La mascota del Grupo de Recreaci\u00f3n FACIES UTP es una hormiga, la cual  representa nuestros valores que son el  liderazgo, el compromiso, el trabajo en equipo y la comunicaci\u00f3n; ya que la  hormiga es un animal que vive en colonias organizadas, altamente  eficientes debido a su comunicaci\u00f3n y a su trabajo en equipo que no es posible sin el compromiso de cada uno  de sus miembros y un gu\u00eda como l\u00edder. \n\n<\/p>\n","protected":false},"excerpt":{"rendered":"<p>\u00bfQuienes Somos? Somos un grupo dedicado a la recreaci\u00f3n para el desarrollo humano y el bienestar. En nuestro portal encontrar\u00e1s todo acerca de nosotros y nuestros servicios, adem\u00e1s de art\u00edculos [&hellip;]<\/p>\n","protected":false},"author":581,"featured_media":0,"parent":0,"menu_order":0,"comment_status":"closed","ping_status":"closed","template":"","meta":{"footnotes":""},"class_list":["post-1621","page","type-page","status-publish","hentry"],"_links":{"self":[{"href":"https:\/\/academia.utp.edu.co\/facies-utp\/wp-json\/wp\/v2\/pages\/1621","targetHints":{"allow":["GET"]}}],"collection":[{"href":"https:\/\/academia.utp.edu.co\/facies-utp\/wp-json\/wp\/v2\/pages"}],"about":[{"href":"https:\/\/academia.utp.edu.co\/facies-utp\/wp-json\/wp\/v2\/types\/page"}],"author":[{"embeddable":true,"href":"https:\/\/academia.utp.edu.co\/facies-utp\/wp-json\/wp\/v2\/users\/581"}],"replies":[{"embeddable":true,"href":"https:\/\/academia.utp.edu.co\/facies-utp\/wp-json\/wp\/v2\/comments?post=1621"}],"version-history":[{"count":3,"href":"https:\/\/academia.utp.edu.co\/facies-utp\/wp-json\/wp\/v2\/pages\/1621\/revisions"}],"predecessor-version":[{"id":1731,"href":"https:\/\/academia.utp.edu.co\/facies-utp\/wp-json\/wp\/v2\/pages\/1621\/revisions\/1731"}],"wp:attachment":[{"href":"https:\/\/academia.utp.edu.co\/facies-utp\/wp-json\/wp\/v2\/media?parent=1621"}],"curies":[{"name":"wp","href":"https:\/\/api.w.org\/{rel}","templated":true}]}}