{"id":1671,"date":"2019-03-15T11:00:11","date_gmt":"2019-03-15T11:00:11","guid":{"rendered":"http:\/\/academia.utp.edu.co\/facies-utp\/?page_id=1671"},"modified":"2021-02-23T00:11:09","modified_gmt":"2021-02-23T00:11:09","slug":"conoce-el-semillero","status":"publish","type":"page","link":"https:\/\/academia.utp.edu.co\/facies-utp\/conoce-el-semillero\/","title":{"rendered":"CONOCE EL SEMILLERO"},"content":{"rendered":"\n<figure class=\"wp-block-image alignwide size-large\"><img loading=\"lazy\" decoding=\"async\" width=\"1024\" height=\"766\" src=\"https:\/\/academia.utp.edu.co\/facies-utp\/files\/2021\/02\/Capacitacion-de-juegos-estacionarios-de-piso-y-pared2-1024x766.jpeg\" alt=\"\" class=\"wp-image-2481\" srcset=\"https:\/\/academia.utp.edu.co\/facies-utp\/files\/2021\/02\/Capacitacion-de-juegos-estacionarios-de-piso-y-pared2-1024x766.jpeg 1024w, https:\/\/academia.utp.edu.co\/facies-utp\/files\/2021\/02\/Capacitacion-de-juegos-estacionarios-de-piso-y-pared2-300x224.jpeg 300w, https:\/\/academia.utp.edu.co\/facies-utp\/files\/2021\/02\/Capacitacion-de-juegos-estacionarios-de-piso-y-pared2-768x574.jpeg 768w, https:\/\/academia.utp.edu.co\/facies-utp\/files\/2021\/02\/Capacitacion-de-juegos-estacionarios-de-piso-y-pared2.jpeg 1280w\" sizes=\"auto, (max-width: 1024px) 100vw, 1024px\" \/><figcaption>Semillero de Investigaci\u00f3n 2021<br><br><br><\/figcaption><\/figure>\n\n\n\n<h4 class=\"wp-block-heading\"><strong><em>\u201cSi no podemos poner fin a nuestras diferencias, contribuyamos a que el mundo sea un mejor lugar apto para ellas\u201d <\/em><\/strong><strong><em>-JHON F. KENNEDY<\/em><\/strong><\/h4>\n\n\n\n<h2 class=\"wp-block-heading\" id=\"mce_1\">Objetivo General<\/h2>\n\n\n\n<p><strong>Promover la formaci\u00f3n de investigadores y desarrollar el esp\u00edritu investigativo, de los estudiante pertenecientes al Grupo de Recreaci\u00f3n FACIES-UTP; aplicando diversas estrategias metodol\u00f3gicas sobre las \u00e1reas de la recreaci\u00f3n<\/strong><\/p>\n\n\n\n<h2 class=\"wp-block-heading\" id=\"mce_3\">LINEAS DE INVESTIGACI\u00d3N<\/h2>\n\n\n\n<p class=\"has-text-align-center\">Conoce nuestras lineas de investigaci\u00f3n y los proyectos que trabajamos en cada una <\/p>\n\n\n\n<div class=\"wp-block-image\"><figure class=\"aligncenter\"><img loading=\"lazy\" decoding=\"async\" width=\"640\" height=\"480\" src=\"https:\/\/academia.utp.edu.co\/facies-utp\/files\/2018\/09\/Cascada-Frayles2.jpg\" alt=\"\" class=\"wp-image-401\" srcset=\"https:\/\/academia.utp.edu.co\/facies-utp\/files\/2018\/09\/Cascada-Frayles2.jpg 640w, https:\/\/academia.utp.edu.co\/facies-utp\/files\/2018\/09\/Cascada-Frayles2-300x225.jpg 300w, https:\/\/academia.utp.edu.co\/facies-utp\/files\/2018\/09\/Cascada-Frayles2-250x188.jpg 250w, https:\/\/academia.utp.edu.co\/facies-utp\/files\/2018\/09\/Cascada-Frayles2-450x338.jpg 450w\" sizes=\"auto, (max-width: 640px) 100vw, 640px\" \/><\/figure><\/div>\n\n\n\n<h2 class=\"wp-block-heading\" id=\"mce_5\">Convivencia escolar y estrategias l\u00fadicas<\/h2>\n\n\n\n<ul class=\"wp-block-list\"><li>Influencia de un programa de ludotecas para la convivencia en la habilidades sociales de estudiantes de s\u00e9ptimo, octavo y noveno de un colegio p\u00fablico de Pereira<\/li><li> Percepci\u00f3n del Bullying en un colegio p\u00fablico de Pereira durante el descanso pedag\u00f3gico 2012 <\/li><li> Influencia de un programa de juegos cooperativos para la disminuci\u00f3n del acoso escolar (Bullying) en estudiantes de grado noveno <\/li><\/ul>\n\n\n\n<div class=\"wp-block-image\"><figure class=\"aligncenter is-resized\"><img loading=\"lazy\" decoding=\"async\" src=\"https:\/\/academia.utp.edu.co\/facies-utp\/files\/2018\/11\/ludo.jpg\" alt=\"\" class=\"wp-image-771\" width=\"373\" height=\"280\" \/><\/figure><\/div>\n\n\n\n<h2 class=\"wp-block-heading\" id=\"mce_7\"> Recreaci\u00f3n Ambiental <\/h2>\n\n\n\n<p> Caminar para vivir mejor <\/p>\n\n\n\n<div class=\"wp-block-image\"><figure class=\"aligncenter is-resized\"><img loading=\"lazy\" decoding=\"async\" src=\"https:\/\/academia.utp.edu.co\/facies-utp\/files\/2018\/09\/la-Nona2.jpg\" alt=\"\" class=\"wp-image-281\" width=\"382\" height=\"286\" srcset=\"https:\/\/academia.utp.edu.co\/facies-utp\/files\/2018\/09\/la-Nona2.jpg 650w, https:\/\/academia.utp.edu.co\/facies-utp\/files\/2018\/09\/la-Nona2-300x225.jpg 300w, https:\/\/academia.utp.edu.co\/facies-utp\/files\/2018\/09\/la-Nona2-250x187.jpg 250w, https:\/\/academia.utp.edu.co\/facies-utp\/files\/2018\/09\/la-Nona2-450x337.jpg 450w\" sizes=\"auto, (max-width: 382px) 100vw, 382px\" \/><\/figure><\/div>\n\n\n\n<h2 class=\"wp-block-heading\" id=\"mce_9\">Recreaci\u00f3n Terap\u00e9utica <\/h2>\n\n\n\n<p> Recreaci\u00f3n psicoterap\u00e9utica en la disminuci\u00f3n de la depresi\u00f3n mayor de<br> estudiantes de la Facultad de Ciencias de la Salud. <\/p>\n\n\n\n<div class=\"wp-block-image\"><figure class=\"aligncenter is-resized\"><img loading=\"lazy\" decoding=\"async\" src=\"https:\/\/academia.utp.edu.co\/facies-utp\/files\/2018\/09\/Cascada-Frayles3.jpg\" alt=\"\" class=\"wp-image-411\" width=\"323\" height=\"430\" srcset=\"https:\/\/academia.utp.edu.co\/facies-utp\/files\/2018\/09\/Cascada-Frayles3.jpg 480w, https:\/\/academia.utp.edu.co\/facies-utp\/files\/2018\/09\/Cascada-Frayles3-225x300.jpg 225w, https:\/\/academia.utp.edu.co\/facies-utp\/files\/2018\/09\/Cascada-Frayles3-250x333.jpg 250w, https:\/\/academia.utp.edu.co\/facies-utp\/files\/2018\/09\/Cascada-Frayles3-450x600.jpg 450w\" sizes=\"auto, (max-width: 323px) 100vw, 323px\" \/><\/figure><\/div>\n\n\n\n<h2 class=\"wp-block-heading\" id=\"mce_11\">Recreaci\u00f3n Comunitaria <\/h2>\n\n\n\n<ul class=\"wp-block-list\"><li> Ludoteca con personas en situaci\u00f3n de desplazamiento forzado 2007. <\/li><li> Juegos tradicionales y aut\u00f3ctonos del resguardo ind\u00edgena Ca\u00f1amomo y Lomaprieta. <\/li><li> Juegos tradicionales, aut\u00f3ctonos y modernos del resguardo ind\u00edgena Kurmad\u00f3 <\/li><\/ul>\n\n\n\n<div class=\"wp-block-image\"><figure class=\"aligncenter is-resized\"><img loading=\"lazy\" decoding=\"async\" src=\"https:\/\/academia.utp.edu.co\/facies-utp\/files\/2018\/11\/vaca.jpg\" alt=\"\" class=\"wp-image-781\" width=\"369\" height=\"277\" srcset=\"https:\/\/academia.utp.edu.co\/facies-utp\/files\/2018\/11\/vaca.jpg 640w, https:\/\/academia.utp.edu.co\/facies-utp\/files\/2018\/11\/vaca-300x225.jpg 300w, https:\/\/academia.utp.edu.co\/facies-utp\/files\/2018\/11\/vaca-250x188.jpg 250w\" sizes=\"auto, (max-width: 369px) 100vw, 369px\" \/><\/figure><\/div>\n\n\n\n<h2 class=\"wp-block-heading\" id=\"mce_13\"> Tiempo Libre y ocio <\/h2>\n\n\n\n<p> Libertad en el tiempo, para el tiempo libre <\/p>\n\n\n\n<div class=\"wp-block-image\"><figure class=\"aligncenter is-resized\"><img loading=\"lazy\" decoding=\"async\" src=\"https:\/\/academia.utp.edu.co\/facies-utp\/files\/2018\/09\/ludo2.jpg\" alt=\"\" class=\"wp-image-331\" width=\"431\" height=\"287\" srcset=\"https:\/\/academia.utp.edu.co\/facies-utp\/files\/2018\/09\/ludo2.jpg 650w, https:\/\/academia.utp.edu.co\/facies-utp\/files\/2018\/09\/ludo2-300x200.jpg 300w, https:\/\/academia.utp.edu.co\/facies-utp\/files\/2018\/09\/ludo2-250x167.jpg 250w, https:\/\/academia.utp.edu.co\/facies-utp\/files\/2018\/09\/ludo2-450x300.jpg 450w\" sizes=\"auto, (max-width: 431px) 100vw, 431px\" \/><\/figure><\/div>\n","protected":false},"excerpt":{"rendered":"<p>\u201cSi no podemos poner fin a nuestras diferencias, contribuyamos a que el mundo sea un mejor lugar apto para ellas\u201d -JHON F. KENNEDY Objetivo General Promover la formaci\u00f3n de investigadores [&hellip;]<\/p>\n","protected":false},"author":581,"featured_media":0,"parent":0,"menu_order":0,"comment_status":"closed","ping_status":"closed","template":"","meta":{"footnotes":""},"class_list":["post-1671","page","type-page","status-publish","hentry"],"_links":{"self":[{"href":"https:\/\/academia.utp.edu.co\/facies-utp\/wp-json\/wp\/v2\/pages\/1671","targetHints":{"allow":["GET"]}}],"collection":[{"href":"https:\/\/academia.utp.edu.co\/facies-utp\/wp-json\/wp\/v2\/pages"}],"about":[{"href":"https:\/\/academia.utp.edu.co\/facies-utp\/wp-json\/wp\/v2\/types\/page"}],"author":[{"embeddable":true,"href":"https:\/\/academia.utp.edu.co\/facies-utp\/wp-json\/wp\/v2\/users\/581"}],"replies":[{"embeddable":true,"href":"https:\/\/academia.utp.edu.co\/facies-utp\/wp-json\/wp\/v2\/comments?post=1671"}],"version-history":[{"count":4,"href":"https:\/\/academia.utp.edu.co\/facies-utp\/wp-json\/wp\/v2\/pages\/1671\/revisions"}],"predecessor-version":[{"id":2541,"href":"https:\/\/academia.utp.edu.co\/facies-utp\/wp-json\/wp\/v2\/pages\/1671\/revisions\/2541"}],"wp:attachment":[{"href":"https:\/\/academia.utp.edu.co\/facies-utp\/wp-json\/wp\/v2\/media?parent=1671"}],"curies":[{"name":"wp","href":"https:\/\/api.w.org\/{rel}","templated":true}]}}