{"id":1831,"date":"2019-03-15T15:59:08","date_gmt":"2019-03-15T15:59:08","guid":{"rendered":"http:\/\/academia.utp.edu.co\/facies-utp\/?page_id=1831"},"modified":"2019-03-15T15:59:10","modified_gmt":"2019-03-15T15:59:10","slug":"proyectos","status":"publish","type":"page","link":"https:\/\/academia.utp.edu.co\/facies-utp\/proyectos\/","title":{"rendered":"PROYECTOS"},"content":{"rendered":"\n<div class=\"wp-block-media-text alignwide\"><figure class=\"wp-block-media-text__media\"><img loading=\"lazy\" decoding=\"async\" width=\"602\" height=\"403\" src=\"https:\/\/academia.utp.edu.co\/facies-utp\/files\/2018\/09\/chocolate.jpg\" alt=\"\" class=\"wp-image-391\" srcset=\"https:\/\/academia.utp.edu.co\/facies-utp\/files\/2018\/09\/chocolate.jpg 602w, https:\/\/academia.utp.edu.co\/facies-utp\/files\/2018\/09\/chocolate-300x201.jpg 300w, https:\/\/academia.utp.edu.co\/facies-utp\/files\/2018\/09\/chocolate-250x167.jpg 250w, https:\/\/academia.utp.edu.co\/facies-utp\/files\/2018\/09\/chocolate-450x301.jpg 450w\" sizes=\"auto, (max-width: 602px) 100vw, 602px\" \/><\/figure><div class=\"wp-block-media-text__content\">\n<p>\n\n En este espacio conocer\u00e1s las investigaciones, proyectos y publicaciones que se han realizado en el Semillero de investigaci\u00f3n \n\n<\/p>\n<\/div><\/div>\n\n\n\n<h2 class=\"wp-block-heading\">Plublicaciones<\/h2>\n\n\n\n<ul class=\"wp-block-list\"><li> Libro Ludoteca Para la Convivencia <\/li><li> Libro Ludoteca para la salud mental y la convivencia 2011 <\/li><\/ul>\n\n\n\n<h2 class=\"wp-block-heading\">Ponencias<\/h2>\n\n\n\n<ul class=\"wp-block-list\"><li>EXPOMOTRICIDAD<\/li><li>  Congreso Nacional de Recreaci\u00f3n  <\/li><li> Seminario pr\u00e1cticas de Recreaci\u00f3n<br> Espec\u00edfica <\/li><li> X encuentro nacional y IV internacional de semilleros de investigaci\u00f3n. <\/li><\/ul>\n","protected":false},"excerpt":{"rendered":"<p>En este espacio conocer\u00e1s las investigaciones, proyectos y publicaciones que se han realizado en el Semillero de investigaci\u00f3n Plublicaciones Libro Ludoteca Para la Convivencia Libro Ludoteca para la salud mental [&hellip;]<\/p>\n","protected":false},"author":581,"featured_media":0,"parent":0,"menu_order":0,"comment_status":"closed","ping_status":"closed","template":"","meta":{"footnotes":""},"class_list":["post-1831","page","type-page","status-publish","hentry"],"_links":{"self":[{"href":"https:\/\/academia.utp.edu.co\/facies-utp\/wp-json\/wp\/v2\/pages\/1831","targetHints":{"allow":["GET"]}}],"collection":[{"href":"https:\/\/academia.utp.edu.co\/facies-utp\/wp-json\/wp\/v2\/pages"}],"about":[{"href":"https:\/\/academia.utp.edu.co\/facies-utp\/wp-json\/wp\/v2\/types\/page"}],"author":[{"embeddable":true,"href":"https:\/\/academia.utp.edu.co\/facies-utp\/wp-json\/wp\/v2\/users\/581"}],"replies":[{"embeddable":true,"href":"https:\/\/academia.utp.edu.co\/facies-utp\/wp-json\/wp\/v2\/comments?post=1831"}],"version-history":[{"count":1,"href":"https:\/\/academia.utp.edu.co\/facies-utp\/wp-json\/wp\/v2\/pages\/1831\/revisions"}],"predecessor-version":[{"id":1851,"href":"https:\/\/academia.utp.edu.co\/facies-utp\/wp-json\/wp\/v2\/pages\/1831\/revisions\/1851"}],"wp:attachment":[{"href":"https:\/\/academia.utp.edu.co\/facies-utp\/wp-json\/wp\/v2\/media?parent=1831"}],"curies":[{"name":"wp","href":"https:\/\/api.w.org\/{rel}","templated":true}]}}