{"id":461,"date":"2018-09-05T22:59:14","date_gmt":"2018-09-05T22:59:14","guid":{"rendered":"http:\/\/academia.utp.edu.co\/facies-utp\/?page_id=461"},"modified":"2025-09-01T20:50:14","modified_gmt":"2025-09-01T20:50:14","slug":"grupo-de-recreacion-facies-utp","status":"publish","type":"page","link":"https:\/\/academia.utp.edu.co\/facies-utp\/","title":{"rendered":"Semillero de Investigaci\u00f3n Grupo de Recreaci\u00f3n  FACIES-UTP"},"content":{"rendered":"\n<p>Presentaci\u00f3n <\/p>\n\n\n\n<p><a href=\"https:\/\/academia.utp.edu.co\/facies-utp\/files\/2021\/10\/feria-de-semilleros-FACIES-UTP.pdf\">https:\/\/academia.utp.edu.co\/facies-utp\/files\/2021\/10\/feria-de-semilleros-FACIES-UTP.pdf<\/a><\/p>\n\n\n<div class=\"wp-block-image\">\n<figure class=\"alignright is-resized\"><img loading=\"lazy\" decoding=\"async\" width=\"1024\" height=\"768\" src=\"https:\/\/academia.utp.edu.co\/facies-utp\/files\/2018\/09\/20171120_155545-1-1024x768.jpg\" alt=\"\" class=\"wp-image-441\" style=\"width:257px;height:193px\" srcset=\"https:\/\/academia.utp.edu.co\/facies-utp\/files\/2018\/09\/20171120_155545-1-1024x768.jpg 1024w, https:\/\/academia.utp.edu.co\/facies-utp\/files\/2018\/09\/20171120_155545-1-300x225.jpg 300w, https:\/\/academia.utp.edu.co\/facies-utp\/files\/2018\/09\/20171120_155545-1-768x576.jpg 768w, https:\/\/academia.utp.edu.co\/facies-utp\/files\/2018\/09\/20171120_155545-1-250x188.jpg 250w, https:\/\/academia.utp.edu.co\/facies-utp\/files\/2018\/09\/20171120_155545-1-660x495.jpg 660w, https:\/\/academia.utp.edu.co\/facies-utp\/files\/2018\/09\/20171120_155545-1-450x338.jpg 450w\" sizes=\"auto, (max-width: 1024px) 100vw, 1024px\" \/><\/figure>\n<\/div>\n\n\n<figure class=\"wp-block-image is-resized\"><img loading=\"lazy\" decoding=\"async\" width=\"449\" height=\"317\" src=\"https:\/\/academia.utp.edu.co\/facies-utp\/files\/2018\/09\/grupo.jpg\" alt=\"\" class=\"wp-image-361\" style=\"width:263px;height:186px\" srcset=\"https:\/\/academia.utp.edu.co\/facies-utp\/files\/2018\/09\/grupo.jpg 449w, https:\/\/academia.utp.edu.co\/facies-utp\/files\/2018\/09\/grupo-300x212.jpg 300w, https:\/\/academia.utp.edu.co\/facies-utp\/files\/2018\/09\/grupo-250x177.jpg 250w\" sizes=\"auto, (max-width: 449px) 100vw, 449px\" \/><\/figure>\n\n\n\n<figure class=\"wp-block-image size-large\"><img loading=\"lazy\" decoding=\"async\" width=\"1024\" height=\"735\" src=\"https:\/\/academia.utp.edu.co\/facies-utp\/files\/2021\/02\/semillero-de-investigacion-2021-1-1024x735.jpeg\" alt=\"\" class=\"wp-image-2491\" srcset=\"https:\/\/academia.utp.edu.co\/facies-utp\/files\/2021\/02\/semillero-de-investigacion-2021-1-1024x735.jpeg 1024w, https:\/\/academia.utp.edu.co\/facies-utp\/files\/2021\/02\/semillero-de-investigacion-2021-1-300x215.jpeg 300w, https:\/\/academia.utp.edu.co\/facies-utp\/files\/2021\/02\/semillero-de-investigacion-2021-1-768x551.jpeg 768w, https:\/\/academia.utp.edu.co\/facies-utp\/files\/2021\/02\/semillero-de-investigacion-2021-1.jpeg 1057w\" sizes=\"auto, (max-width: 1024px) 100vw, 1024px\" \/><\/figure>\n\n\n\n<p><a href=\"https:\/\/academia.utp.edu.co\/facies-utp\/files\/2025\/09\/Gran-Sesion-Cambio-de-Lugar.jpeg\" data-type=\"attachment\" data-id=\"2686\">GRAN SESI\u00d3N DE SEMILLEROS 2025<\/a><\/p>\n\n\n\n<p><a href=\"https:\/\/academia.utp.edu.co\/facies-utp\/files\/2025\/09\/Programacion-Gran-Sesion-de-Semilleros.jpeg\">Programaci\u00f3n Gran Sesi\u00f3n de semilleros<\/a><\/p>\n\n\n\n<p><a href=\"https:\/\/academia.utp.edu.co\/facies-utp\/files\/2025\/09\/Plantilla-2-modificada-FACIES-UTP.pptx\">Presentaci\u00f3n Semillero FACIES UTP<\/a><\/p>\n\n\n\n<p><\/p>\n\n\n\n<p>Proyectos de investigaci\u00f3n<\/p>\n\n\n\n<p>-Ludoteca para la Salud Mental y la convivencia <a href=\"https:\/\/www.facebook.com\/ludoteca.saludmentalconviencia\/\">https:\/\/www.facebook.com\/ludoteca.saludmentalconviencia\/<\/a><\/p>\n\n\n\n<p> -Juegos aut\u00f3ctonos y tradicionales <\/p>\n\n\n\n<p>-Sistematizaci\u00f3n de Experiencias del VIII Encuentro Latinoamericano de Recreaci\u00f3 <a href=\"https:\/\/www.ocioyrecreacionlatam.com\/\">https:\/\/www.ocioyrecreacionlatam.com\/<\/a>n <\/p>\n\n\n\n<p><\/p>\n\n\n\n<p><\/p>\n\n\n\n<p><\/p>\n\n\n\n<p>Objetivo: Buscamos promover la formaci\u00f3n de investigadores y desarrollar el esp\u00edritu investigativo de los estudiante pertenecientes al Grupo de Recreaci\u00f3n FACIES-UTP; aplicando diversas estrategias metodol\u00f3gicas sobre las \u00e1reas de la recreaci\u00f3n <\/p>\n\n\n\n<h2 class=\"wp-block-heading has-text-align-center\">HISTORIA<\/h2>\n\n\n\n<p class=\"has-drop-cap\">El grupo de Recreaci\u00f3n inicio su proceso en el 2002 a partir de la inquietud de algunos estudiantes del programa Ciencias del Deporte y la Recreaci\u00f3n, interesados en generar propuestas de apoyo al Bienestar de la Facultad Ciencias de la salud y de fortalecer el portafolio de extensi\u00f3n en Deportes y la Recreaci\u00f3n. <\/p>\n\n\n\n<p>Al mismo tiempo en el comit\u00e9 de Bienestar de la Facultad se vio en la necesidad de conformar un grupo de apoyo para dinamizar el plan de acci\u00f3n del mismo, esto hizo que se aunaran esfuerzos teniendo como prioridad la primer jornada de integraci\u00f3n entre docentes, estudiantes y administrativos a realizar el 19 de marzo del 2003; fue as\u00ed como desde el \u00e1rea de Recreaci\u00f3n Margarita Cano Presento la Propuesta de oficializar este grupo con el apoyo del \u00e1rea, lo cual servir\u00eda para complementar la formaci\u00f3n integral y apoyo acad\u00e9mico de estudiantes, egresados, docentes y administrativos de la Facultad, adem\u00e1s se plante\u00f3 como una propuesta de extensi\u00f3n que permitir\u00e1 fortalecer la buena imagen y posicionamiento de la Facultad en el medio <\/p>\n\n\n\n<p>Despu\u00e9s de elaborar el proyecto, se present\u00f3 al \u00e1rea de recreaci\u00f3n, comit\u00e9 curricular, sala de profesores, comit\u00e9 de Bienestar y CIDEB, y Consejo de Facultad, donde se hicieron las gestiones pertinentes en el Centro de investigaci\u00f3n y extensi\u00f3n asign\u00e1ndosele en el \u00e1rea de presupuesto el c\u00f3digo 511-2-253-13.<\/p>\n\n\n\n<p>La primera reuni\u00f3n informativa del grupo de recreaci\u00f3n se llev\u00f3 a cabo el 3 de febrero de 2002 donde asistieron 34 estudiantes de 1 a 4 y 9 semestre del programa de Deportes y Recreaci\u00f3n, en esta reuni\u00f3n se defini\u00f3 los d\u00edas viernes de 5:00 a 7:00 p.m. para las reuniones ordinarias, cada semestre se realiza una reuni\u00f3n donde se acuerdan los horarios de reuni\u00f3n y capacitaci\u00f3n de acuerdo a los horarios de las asignaturas; para el 2006 las reuniones ordinarias ser\u00e1n los viernes de 4:00 p.m. a 7:00 p.m. y para capacitaci\u00f3n los mi\u00e9rcoles de 5:00 p.m. a 7:00 p.m.<\/p>\n\n\n\n<p>Los temas que se han desarrollado en las capacitaciones son: actividades de motivaci\u00f3n, expresi\u00f3n corporal, convivencia pac\u00edfica, recreaci\u00f3n psicoterap\u00e9utica, liderazgo del servicio en zona de aventura, t\u00e9cnica recreativa, manualidades, predeportivos, t\u00edteres, cultura ciudadana, educaci\u00f3n ambiental, primeros auxilios f\u00edsicos y emocionales, pionerismo, campismo y educaci\u00f3n experiencial.<\/p>\n\n\n\n<p>Sobre actividades de comunicaci\u00f3n se particip\u00f3 en los programas \u00abcu\u00e1l es tu rollo\u00bb y \u00abQue pasa en la U\u00bb de la emisora cultural de la Universidad, se present\u00f3 el grupo en el programa \u00abPasatiempos\u00bb, se cuenta con un correo electr\u00f3nico gruporecreacion@utp.eu.co, la cartelera informativa en el primer piso de la facultad, se ha difundido en instituciones el portafolio de servicios en forma virtual y de acuerdo a los programas se ha enviado informaci\u00f3n en CAMPUS, as\u00ed como se han dise\u00f1ado plegables y afiches; con el apoyo del CRIE se est\u00e1 desarrollando el portafolio de servicios en forma de plegable, y por iniciativa de varios estudiantes se est\u00e1 generando la p\u00e1gina web del grupo.<\/p>\n\n\n\n<p><strong>El grupo de recreaci\u00f3n FACIES, ha apoyado los siguientes eventos:<\/strong><\/p>\n\n\n\n<ul class=\"wp-block-list\">\n<li>Integraciones Facultad de Ciencias de la Salud de la primera a la sexta <\/li>\n\n\n\n<li>Integraci\u00f3n de la Facultad de Tecnolog\u00edas <\/li>\n\n\n\n<li>Integraci\u00f3n de la Facultad de Ingenier\u00eda Mec\u00e1nica <\/li>\n\n\n\n<li>Fundaci\u00f3n de ni\u00f1os especiales Resplandores <\/li>\n\n\n\n<li>Festival de Minibaloncesto 2003 Programa Ciencias del Deporte y la Recreaci\u00f3n <\/li>\n\n\n\n<li>Integraci\u00f3n CIAF <\/li>\n\n\n\n<li>II encuentro de Egresados del Programa Ciencias del Deporte y la Recreaci\u00f3n <\/li>\n\n\n\n<li>D\u00eda Mundial de la Salud 2003-2004 <\/li>\n\n\n\n<li>D\u00eda del ni\u00f1o y la Recreaci\u00f3n 2003 <\/li>\n\n\n\n<li>Festival de rondas en barrio <\/li>\n\n\n\n<li>Intercambios Universidad de Caldas <\/li>\n\n\n\n<li>Apoyo c\u00e1rcel de varones <\/li>\n\n\n\n<li>Apoyo inducci\u00f3n a estudiantes nuevos <\/li>\n\n\n\n<li>Ludoteca FACIES <\/li>\n\n\n\n<li>Asignaturas del programa Ciencias del Deporte y la Recreaci\u00f3n y Pedagog\u00eda infantil <\/li>\n<\/ul>\n\n\n\n<p><strong>VENTA DE SERVICIOS<\/strong><\/p>\n\n\n\n<ul class=\"wp-block-list\">\n<li>Vacaciones recreo-deportivas <\/li>\n\n\n\n<li>Ludotecas itinerantes <\/li>\n\n\n\n<li>Club de caminantes COOMEVA <\/li>\n\n\n\n<li>Club de caminantes ASEUTP <\/li>\n\n\n\n<li>Club de caminante FACIES <\/li>\n\n\n\n<li>Integraciones empresariales <\/li>\n\n\n\n<li>Fiestas infantiles <\/li>\n<\/ul>\n\n\n\n<p>Durante estos cuatro a\u00f1os se han hecho contacto con diferentes empresas de servicios, asociaciones, fincas, transportadores, que nos permiten, a partir de convenios, complementar los servicios que se ofrecen.<\/p>\n\n\n\n<p>Se present\u00f3 la sistematizaci\u00f3n del programa de caminatas en el Simposio Nacional de Vivencias en Recreaci\u00f3n, y en el Simposio Nacional de Educaci\u00f3n F\u00edsica para la Salud, eventos presentados en el marco de expomotricidad 2005, adem\u00e1s fue postulada la sistematizaci\u00f3n en el Premio Nacional de Investigaci\u00f3n en Educaci\u00f3n F\u00edsica, Deporte y Recreaci\u00f3n.<\/p>\n\n\n\n<p>En el a\u00f1o 2003 recibimos un reconocimiento por parte del comit\u00e9 de Bienestar de la Facultad, en la noche del agradecimiento, como un grupo importante en el desarrollo de la Facultad, as\u00ed mismo hemos recibido comunicados la c\u00e1rcel de varones, la decanatura de la Facultad de Ciencias de la salud, bienestar de la facultad y bienestar universitario por la calidad en los apoyos brindados en diferentes actividades.<\/p>\n\n\n\n<p>En la actualidad el grupo de recreaci\u00f3n cuenta con un grupo base de 12 estudiantes de diferentes semestres del programa Ciencias del Deporte y la Recreaci\u00f3n y se han venido vinculando, para lograr un trabajo interdisciplinario estudiantes y docentes de otras facultades como Ingenier\u00eda El\u00e9ctrica, Ciencias Ambientales y Pedagog\u00eda Infantil.<\/p>\n\n\n\n<p>Cada semestre se realiza convocatoria para las personas que quieren integrar el grupo, los cuales llegan como parte del semillero, se elaborar\u00e1 el plan operativo a partir del plan de desarrollo, este semestre se presentar\u00e1 el portafolio de servicios en plegable, tarjetas de presentaci\u00f3n y se carnetizar\u00e1 a los integrantes del grupo.<\/p>\n\n\n\n<p>Tambi\u00e9n se desarrollar\u00e1n 2 investigaciones y se desarrollar\u00e1n los m\u00f3dulos de capacitaci\u00f3n, como apoyo para el grupo de recreaci\u00f3n FACIES-UTP.<\/p>\n\n\n\n<p><\/p>\n\n\n\n<p>Se considera que el grupo de Recreaci\u00f3n ha venido ganando espacios de reconocimiento a partir de su compromiso con el Programa y la Facultad y se identifica como importante en la dinamizaci\u00f3n de procesos para el desarrollo de la Facultad y la Universidad<br><\/p>\n","protected":false},"excerpt":{"rendered":"<p>Presentaci\u00f3n https:\/\/academia.utp.edu.co\/facies-utp\/files\/2021\/10\/feria-de-semilleros-FACIES-UTP.pdf GRAN SESI\u00d3N DE SEMILLEROS 2025 Programaci\u00f3n Gran Sesi\u00f3n de semilleros Presentaci\u00f3n Semillero FACIES UTP Proyectos de investigaci\u00f3n -Ludoteca para la Salud Mental y la convivencia https:\/\/www.facebook.com\/ludoteca.saludmentalconviencia\/ -Juegos aut\u00f3ctonos [&hellip;]<\/p>\n","protected":false},"author":581,"featured_media":0,"parent":0,"menu_order":0,"comment_status":"closed","ping_status":"closed","template":"","meta":{"footnotes":""},"class_list":["post-461","page","type-page","status-publish","hentry"],"_links":{"self":[{"href":"https:\/\/academia.utp.edu.co\/facies-utp\/wp-json\/wp\/v2\/pages\/461","targetHints":{"allow":["GET"]}}],"collection":[{"href":"https:\/\/academia.utp.edu.co\/facies-utp\/wp-json\/wp\/v2\/pages"}],"about":[{"href":"https:\/\/academia.utp.edu.co\/facies-utp\/wp-json\/wp\/v2\/types\/page"}],"author":[{"embeddable":true,"href":"https:\/\/academia.utp.edu.co\/facies-utp\/wp-json\/wp\/v2\/users\/581"}],"replies":[{"embeddable":true,"href":"https:\/\/academia.utp.edu.co\/facies-utp\/wp-json\/wp\/v2\/comments?post=461"}],"version-history":[{"count":20,"href":"https:\/\/academia.utp.edu.co\/facies-utp\/wp-json\/wp\/v2\/pages\/461\/revisions"}],"predecessor-version":[{"id":2695,"href":"https:\/\/academia.utp.edu.co\/facies-utp\/wp-json\/wp\/v2\/pages\/461\/revisions\/2695"}],"wp:attachment":[{"href":"https:\/\/academia.utp.edu.co\/facies-utp\/wp-json\/wp\/v2\/media?parent=461"}],"curies":[{"name":"wp","href":"https:\/\/api.w.org\/{rel}","templated":true}]}}