
{"id":11,"date":"2021-09-28T14:06:54","date_gmt":"2021-09-28T14:06:54","guid":{"rendered":"https:\/\/academia.utp.edu.co\/geometria-descriptiva-basica\/?page_id=2"},"modified":"2021-09-29T14:23:04","modified_gmt":"2021-09-29T14:23:04","slug":"pagina-ejemplo","status":"publish","type":"page","link":"https:\/\/academia.utp.edu.co\/geometria-descriptiva-basica\/pagina-ejemplo\/","title":{"rendered":"Departamento de Dibujo"},"content":{"rendered":"\n<p>El Departamento de Dibujo de la universidad Tecnol\u00f3gica de Pereira es un departamento que ofrece servicios a las otras facultades y programas.<\/p>\n\n\n\n<p>Este departamento ofrece desde hace m\u00e1s de 20 a\u00f1os cursos regulares y de extensi\u00f3n en programas de CAD, \u00faltimamente ha desarrollado software en CAD<\/p>\n","protected":false},"excerpt":{"rendered":"<p>El Departamento de Dibujo de la universidad Tecnol\u00f3gica de Pereira es un departamento que ofrece servicios a las otras facultades y programas. Este departamento ofrece desde hace m\u00e1s de 20 [&hellip;]<\/p>\n","protected":false},"author":1681,"featured_media":0,"parent":0,"menu_order":0,"comment_status":"closed","ping_status":"open","template":"","meta":{"footnotes":""},"class_list":["post-11","page","type-page","status-publish","hentry"],"_links":{"self":[{"href":"https:\/\/academia.utp.edu.co\/geometria-descriptiva-basica\/wp-json\/wp\/v2\/pages\/11","targetHints":{"allow":["GET"]}}],"collection":[{"href":"https:\/\/academia.utp.edu.co\/geometria-descriptiva-basica\/wp-json\/wp\/v2\/pages"}],"about":[{"href":"https:\/\/academia.utp.edu.co\/geometria-descriptiva-basica\/wp-json\/wp\/v2\/types\/page"}],"author":[{"embeddable":true,"href":"https:\/\/academia.utp.edu.co\/geometria-descriptiva-basica\/wp-json\/wp\/v2\/users\/1681"}],"replies":[{"embeddable":true,"href":"https:\/\/academia.utp.edu.co\/geometria-descriptiva-basica\/wp-json\/wp\/v2\/comments?post=11"}],"version-history":[{"count":1,"href":"https:\/\/academia.utp.edu.co\/geometria-descriptiva-basica\/wp-json\/wp\/v2\/pages\/11\/revisions"}],"predecessor-version":[{"id":411,"href":"https:\/\/academia.utp.edu.co\/geometria-descriptiva-basica\/wp-json\/wp\/v2\/pages\/11\/revisions\/411"}],"wp:attachment":[{"href":"https:\/\/academia.utp.edu.co\/geometria-descriptiva-basica\/wp-json\/wp\/v2\/media?parent=11"}],"curies":[{"name":"wp","href":"https:\/\/api.w.org\/{rel}","templated":true}]}}