
{"id":41,"date":"2021-09-28T14:16:42","date_gmt":"2021-09-28T14:16:42","guid":{"rendered":"https:\/\/academia.utp.edu.co\/geometria-descriptiva-basica\/?page_id=41"},"modified":"2021-09-29T14:07:00","modified_gmt":"2021-09-29T14:07:00","slug":"titulo-pagina","status":"publish","type":"page","link":"https:\/\/academia.utp.edu.co\/geometria-descriptiva-basica\/","title":{"rendered":"Pol\u00edtica de Privacidad"},"content":{"rendered":"\n<p>El presente Pol\u00edtica de Privacidad establece los t\u00e9rminos en que Universidad Tecnol\u00f3gica de Pereira usa y protege la informaci\u00f3n que es proporcionada por sus usuarios al momento de utilizar su app Geometr\u00eda Descriptiva B\u00e1sica. Esta compa\u00f1\u00eda est\u00e1 comprometida con la seguridad de los datos de sus usuarios. No le pedimos llenar los campos de informaci\u00f3n personal con la cual usted pueda ser identificado, sin embargo esta Pol\u00edtica de Privacidad puede cambiar con el tiempo o ser actualizada por lo que le recomendamos y enfatizamos revisar continuamente esta p\u00e1gina para asegurarse que est\u00e1 de acuerdo con dichos cambios.<\/p>\n\n\n\n<p><strong>Informaci\u00f3n no es recogida.<\/strong><\/p>\n\n\n\n<p>Nuestro App no podr\u00e1 recoger informaci\u00f3n personal por ejemplo: Nombre,&nbsp; informaci\u00f3n de contacto como&nbsp; su direcci\u00f3n de correo electr\u00f3nica e informaci\u00f3n demogr\u00e1fica.<\/p>\n\n\n\n<p><strong>Uso de la informaci\u00f3n recogida.<\/strong><\/p>\n\n\n\n<p>Nuestra App no emplea la informaci\u00f3n. La Universidad Tecnol\u00f3gica de Pereira est\u00e1 altamente comprometida para cumplir con el compromiso de mantener su informaci\u00f3n segura. Usamos los sistemas m\u00e1s avanzados y los actualizamos constantemente para asegurarnos que no exista ning\u00fan acceso no autorizado.<\/p>\n\n\n\n<p><strong>Cookies<\/strong><\/p>\n\n\n\n<p>Nuestra App no emplea las cookies para poder identificar las p\u00e1ginas que son visitadas y su frecuencia.<\/p>\n\n\n\n<p><strong>Enlaces a Terceros<\/strong><\/p>\n\n\n\n<p>Esta App no contiene enlaces a otros sitios que pudieran ser de su inter\u00e9s. .<\/p>\n\n\n\n<p><strong>Control de su informaci\u00f3n personal<\/strong><\/p>\n\n\n\n<p>No se solicita rellenar un formulario. Esta compa\u00f1\u00eda no vender\u00e1, ceder\u00e1 ni distribuir\u00e1 la informaci\u00f3n personal que es recopilada sin su consentimiento, salvo que sea requerido por un juez con un orden judicial. Universidad Tecnol\u00f3gica de Pereira Se reserva el derecho de cambiar los t\u00e9rminos de la presente Pol\u00edtica de Privacidad en cualquier momento.<\/p>\n","protected":false},"excerpt":{"rendered":"<p>El presente Pol\u00edtica de Privacidad establece los t\u00e9rminos en que Universidad Tecnol\u00f3gica de Pereira usa y protege la informaci\u00f3n que es proporcionada por sus usuarios al momento de utilizar su [&hellip;]<\/p>\n","protected":false},"author":531,"featured_media":0,"parent":0,"menu_order":0,"comment_status":"closed","ping_status":"closed","template":"","meta":{"footnotes":""},"class_list":["post-41","page","type-page","status-publish","hentry"],"_links":{"self":[{"href":"https:\/\/academia.utp.edu.co\/geometria-descriptiva-basica\/wp-json\/wp\/v2\/pages\/41","targetHints":{"allow":["GET"]}}],"collection":[{"href":"https:\/\/academia.utp.edu.co\/geometria-descriptiva-basica\/wp-json\/wp\/v2\/pages"}],"about":[{"href":"https:\/\/academia.utp.edu.co\/geometria-descriptiva-basica\/wp-json\/wp\/v2\/types\/page"}],"author":[{"embeddable":true,"href":"https:\/\/academia.utp.edu.co\/geometria-descriptiva-basica\/wp-json\/wp\/v2\/users\/531"}],"replies":[{"embeddable":true,"href":"https:\/\/academia.utp.edu.co\/geometria-descriptiva-basica\/wp-json\/wp\/v2\/comments?post=41"}],"version-history":[{"count":2,"href":"https:\/\/academia.utp.edu.co\/geometria-descriptiva-basica\/wp-json\/wp\/v2\/pages\/41\/revisions"}],"predecessor-version":[{"id":391,"href":"https:\/\/academia.utp.edu.co\/geometria-descriptiva-basica\/wp-json\/wp\/v2\/pages\/41\/revisions\/391"}],"wp:attachment":[{"href":"https:\/\/academia.utp.edu.co\/geometria-descriptiva-basica\/wp-json\/wp\/v2\/media?parent=41"}],"curies":[{"name":"wp","href":"https:\/\/api.w.org\/{rel}","templated":true}]}}