{"id":11,"date":"2016-11-22T15:50:04","date_gmt":"2016-11-22T15:50:04","guid":{"rendered":"http:\/\/academia.utp.edu.co\/gipemac\/?page_id=2"},"modified":"2024-07-29T22:04:19","modified_gmt":"2024-07-29T22:04:19","slug":"pagina-ejemplo","status":"publish","type":"page","link":"https:\/\/academia.utp.edu.co\/gipemac\/pagina-ejemplo\/","title":{"rendered":"INTEGRANTES"},"content":{"rendered":"<table style=\"height: 705px\" width=\"733\">\n<tbody>\n<tr>\n<td style=\"text-align: center\" width=\"294\">NOMBRE<\/td>\n<td style=\"text-align: center\" width=\"294\">OCUPACI\u00d3N<\/td>\n<\/tr>\n<tr>\n<td width=\"294\">Oscar Fern\u00e1ndez S\u00e1nchez<\/td>\n<td width=\"294\">Docente &#8211; Director<\/td>\n<\/tr>\n<tr>\n<td width=\"294\">M\u00f3nica Angulo Cruz<\/td>\n<td width=\"294\">Docente &#8211; Investigador<\/td>\n<\/tr>\n<tr>\n<td width=\"294\">Jos\u00e9 Francisco Amador Monta\u00f1o<\/td>\n<td width=\"294\">Docente &#8211; Investigador<\/td>\n<\/tr>\n<tr>\n<td width=\"294\">Steven Zuluaga<\/td>\n<td width=\"294\">Estudiante del programa:\u00a0 Doctorado en Ciencias de la Educaci\u00f3n<\/p>\n<p>RUDE COLOMBIA UTP<\/td>\n<\/tr>\n<tr>\n<td width=\"294\">Jes\u00fas Amado Perea Montoya<\/td>\n<td width=\"294\">Estudiante del programa:\u00a0 Doctorado en Ciencias de la Educaci\u00f3n<\/p>\n<p>RUDE COLOMBIA UTP<\/td>\n<\/tr>\n<tr>\n<td width=\"294\"><\/td>\n<td width=\"294\"><\/td>\n<\/tr>\n<tr>\n<td width=\"294\"><\/td>\n<td width=\"294\"><\/td>\n<\/tr>\n<tr>\n<td width=\"294\"><\/td>\n<td width=\"294\"><\/td>\n<\/tr>\n<tr>\n<td width=\"294\"><\/td>\n<td width=\"294\"><\/td>\n<\/tr>\n<\/tbody>\n<\/table>\n","protected":false},"excerpt":{"rendered":"<p>NOMBRE OCUPACI\u00d3N Oscar Fern\u00e1ndez S\u00e1nchez Docente &#8211; Director M\u00f3nica Angulo Cruz Docente &#8211; Investigador Jos\u00e9 Francisco Amador Monta\u00f1o Docente &#8211; Investigador Steven Zuluaga Estudiante del programa:\u00a0 Doctorado en Ciencias de <a href=\"https:\/\/academia.utp.edu.co\/gipemac\/pagina-ejemplo\/\" rel=\"nofollow\"><span class=\"sr-only\">Leer m\u00e1sINTEGRANTES<\/span>[&hellip;]<\/a><\/p>\n","protected":false},"author":511,"featured_media":4559,"parent":0,"menu_order":0,"comment_status":"closed","ping_status":"open","template":"","meta":{"footnotes":""},"class_list":["post-11","page","type-page","status-publish","has-post-thumbnail","hentry"],"_links":{"self":[{"href":"https:\/\/academia.utp.edu.co\/gipemac\/wp-json\/wp\/v2\/pages\/11","targetHints":{"allow":["GET"]}}],"collection":[{"href":"https:\/\/academia.utp.edu.co\/gipemac\/wp-json\/wp\/v2\/pages"}],"about":[{"href":"https:\/\/academia.utp.edu.co\/gipemac\/wp-json\/wp\/v2\/types\/page"}],"author":[{"embeddable":true,"href":"https:\/\/academia.utp.edu.co\/gipemac\/wp-json\/wp\/v2\/users\/511"}],"replies":[{"embeddable":true,"href":"https:\/\/academia.utp.edu.co\/gipemac\/wp-json\/wp\/v2\/comments?post=11"}],"version-history":[{"count":8,"href":"https:\/\/academia.utp.edu.co\/gipemac\/wp-json\/wp\/v2\/pages\/11\/revisions"}],"predecessor-version":[{"id":4562,"href":"https:\/\/academia.utp.edu.co\/gipemac\/wp-json\/wp\/v2\/pages\/11\/revisions\/4562"}],"wp:featuredmedia":[{"embeddable":true,"href":"https:\/\/academia.utp.edu.co\/gipemac\/wp-json\/wp\/v2\/media\/4559"}],"wp:attachment":[{"href":"https:\/\/academia.utp.edu.co\/gipemac\/wp-json\/wp\/v2\/media?parent=11"}],"curies":[{"name":"wp","href":"https:\/\/api.w.org\/{rel}","templated":true}]}}