{"id":161,"date":"2016-11-22T16:27:11","date_gmt":"2016-11-22T16:27:11","guid":{"rendered":"http:\/\/academia.utp.edu.co\/gipemac\/?page_id=161"},"modified":"2016-11-22T16:41:46","modified_gmt":"2016-11-22T16:41:46","slug":"objetivo-general","status":"publish","type":"page","link":"https:\/\/academia.utp.edu.co\/gipemac\/objetivo-general\/","title":{"rendered":"OBJETIVO GENERAL"},"content":{"rendered":"<p align=\"justify\"><span style=\"font-size: 14pt; font-family: 'comic sans ms', sans-serif;\">Investigar sobre aspectos relacionados con el desarrollo de pensamiento matem\u00e1tico en diferentes \u00e1mbitos sociales, as\u00ed como el dise\u00f1o e implementaci\u00f3n de estrategias did\u00e1cticas que permitan resolver en alguna medida problemas relacionados con la comunicaci\u00f3n entre los\u00a0<\/span><span style=\"font-size: 14pt;\"><span style=\"font-family: 'comic sans ms', sans-serif;\">actores que determinan la din\u00e1mica del proceso educativo<\/span>.<\/span><\/p>\n","protected":false},"excerpt":{"rendered":"<p>Investigar sobre aspectos relacionados con el desarrollo de pensamiento matem\u00e1tico en diferentes \u00e1mbitos sociales, as\u00ed como el dise\u00f1o e implementaci\u00f3n de estrategias did\u00e1cticas que permitan resolver en alguna medida problemas <a href=\"https:\/\/academia.utp.edu.co\/gipemac\/objetivo-general\/\" rel=\"nofollow\"><span class=\"sr-only\">Leer m\u00e1sOBJETIVO GENERAL<\/span>[&hellip;]<\/a><\/p>\n","protected":false},"author":511,"featured_media":0,"parent":0,"menu_order":0,"comment_status":"closed","ping_status":"closed","template":"","meta":{"footnotes":""},"class_list":["post-161","page","type-page","status-publish","hentry"],"_links":{"self":[{"href":"https:\/\/academia.utp.edu.co\/gipemac\/wp-json\/wp\/v2\/pages\/161","targetHints":{"allow":["GET"]}}],"collection":[{"href":"https:\/\/academia.utp.edu.co\/gipemac\/wp-json\/wp\/v2\/pages"}],"about":[{"href":"https:\/\/academia.utp.edu.co\/gipemac\/wp-json\/wp\/v2\/types\/page"}],"author":[{"embeddable":true,"href":"https:\/\/academia.utp.edu.co\/gipemac\/wp-json\/wp\/v2\/users\/511"}],"replies":[{"embeddable":true,"href":"https:\/\/academia.utp.edu.co\/gipemac\/wp-json\/wp\/v2\/comments?post=161"}],"version-history":[{"count":10,"href":"https:\/\/academia.utp.edu.co\/gipemac\/wp-json\/wp\/v2\/pages\/161\/revisions"}],"predecessor-version":[{"id":261,"href":"https:\/\/academia.utp.edu.co\/gipemac\/wp-json\/wp\/v2\/pages\/161\/revisions\/261"}],"wp:attachment":[{"href":"https:\/\/academia.utp.edu.co\/gipemac\/wp-json\/wp\/v2\/media?parent=161"}],"curies":[{"name":"wp","href":"https:\/\/api.w.org\/{rel}","templated":true}]}}