{"id":1691,"date":"2018-04-18T15:42:31","date_gmt":"2018-04-18T15:42:31","guid":{"rendered":"http:\/\/academia.utp.edu.co\/gipemac\/?page_id=1691"},"modified":"2018-11-20T15:53:20","modified_gmt":"2018-11-20T15:53:20","slug":"reuniones-semanales","status":"publish","type":"page","link":"https:\/\/academia.utp.edu.co\/gipemac\/reuniones-semanales\/","title":{"rendered":"REUNIONES SEMANALES"},"content":{"rendered":"<p>&nbsp;Las reuniones del grupo&nbsp; de investigaci\u00f3n se hace semanalmente los d\u00edas viernes de 3:30 pm a 5:00 pm en el sal\u00f3n 208, edificio de estudios superiores de la universidad tecnol\u00f3gica de Pereira Risaralda&nbsp;<\/p>\n","protected":false},"excerpt":{"rendered":"<p>&nbsp;Las reuniones del grupo&nbsp; de investigaci\u00f3n se hace semanalmente los d\u00edas viernes de 3:30 pm a 5:00 pm en el sal\u00f3n 208, edificio de estudios superiores de la universidad tecnol\u00f3gica <a href=\"https:\/\/academia.utp.edu.co\/gipemac\/reuniones-semanales\/\" rel=\"nofollow\"><span class=\"sr-only\">Leer m\u00e1sREUNIONES SEMANALES<\/span>[&hellip;]<\/a><\/p>\n","protected":false},"author":511,"featured_media":0,"parent":0,"menu_order":0,"comment_status":"open","ping_status":"closed","template":"","meta":{"footnotes":""},"class_list":["post-1691","page","type-page","status-publish","hentry"],"_links":{"self":[{"href":"https:\/\/academia.utp.edu.co\/gipemac\/wp-json\/wp\/v2\/pages\/1691","targetHints":{"allow":["GET"]}}],"collection":[{"href":"https:\/\/academia.utp.edu.co\/gipemac\/wp-json\/wp\/v2\/pages"}],"about":[{"href":"https:\/\/academia.utp.edu.co\/gipemac\/wp-json\/wp\/v2\/types\/page"}],"author":[{"embeddable":true,"href":"https:\/\/academia.utp.edu.co\/gipemac\/wp-json\/wp\/v2\/users\/511"}],"replies":[{"embeddable":true,"href":"https:\/\/academia.utp.edu.co\/gipemac\/wp-json\/wp\/v2\/comments?post=1691"}],"version-history":[{"count":8,"href":"https:\/\/academia.utp.edu.co\/gipemac\/wp-json\/wp\/v2\/pages\/1691\/revisions"}],"predecessor-version":[{"id":4081,"href":"https:\/\/academia.utp.edu.co\/gipemac\/wp-json\/wp\/v2\/pages\/1691\/revisions\/4081"}],"wp:attachment":[{"href":"https:\/\/academia.utp.edu.co\/gipemac\/wp-json\/wp\/v2\/media?parent=1691"}],"curies":[{"name":"wp","href":"https:\/\/api.w.org\/{rel}","templated":true}]}}