{"id":271,"date":"2016-11-22T16:43:18","date_gmt":"2016-11-22T16:43:18","guid":{"rendered":"http:\/\/academia.utp.edu.co\/gipemac\/?page_id=271"},"modified":"2018-11-20T16:34:12","modified_gmt":"2018-11-20T16:34:12","slug":"nombre-del-director-y-correo-electronico","status":"publish","type":"page","link":"https:\/\/academia.utp.edu.co\/gipemac\/nombre-del-director-y-correo-electronico\/","title":{"rendered":"DIRECTOR"},"content":{"rendered":"<p><span style=\"font-family: 'comic sans ms', sans-serif;font-size: 18pt\">Oscar Fern\u00e1ndez S\u00e1nchez<\/span><\/p>\n<p><span style=\"font-family: 'comic sans ms', sans-serif;font-size: 18pt\">Licenciado en Matem\u00e1ticas de la universidad del Cauca.<\/span><\/p>\n<p><span style=\"font-family: 'comic sans ms', sans-serif;font-size: 18pt\">Mag\u00edster en Matem\u00e1ticas de la universidad del Valle.<\/span><\/p>\n<p><span style=\"font-family: 'comic sans ms', sans-serif;font-size: 18pt\">Doctor en Ciencias de la educaci\u00f3n de la Universidad Tecnol\u00f3gica de Pereira.&nbsp; &nbsp;<\/span><\/p>\n<p><span style=\"font-family: 'comic sans ms', sans-serif;font-size: 18pt\">Docente Departamento de Matem\u00e1ticas <\/span><\/p>\n<p><span style=\"font-family: 'comic sans ms', sans-serif;font-size: 18pt\">Facultad Ciencias B\u00e1sicas <\/span><\/p>\n<p><span style=\"font-family: 'comic sans ms', sans-serif;font-size: 18pt\">oscarf@utp.edu.co<\/span><\/p>\n<p>&nbsp;<\/p>\n<p>&nbsp;<\/p>\n","protected":false},"excerpt":{"rendered":"<p>Oscar Fern\u00e1ndez S\u00e1nchez Licenciado en Matem\u00e1ticas de la universidad del Cauca. Mag\u00edster en Matem\u00e1ticas de la universidad del Valle. Doctor en Ciencias de la educaci\u00f3n de la Universidad Tecnol\u00f3gica de <a href=\"https:\/\/academia.utp.edu.co\/gipemac\/nombre-del-director-y-correo-electronico\/\" rel=\"nofollow\"><span class=\"sr-only\">Leer m\u00e1sDIRECTOR<\/span>[&hellip;]<\/a><\/p>\n","protected":false},"author":511,"featured_media":0,"parent":0,"menu_order":0,"comment_status":"closed","ping_status":"closed","template":"","meta":{"footnotes":""},"class_list":["post-271","page","type-page","status-publish","hentry"],"_links":{"self":[{"href":"https:\/\/academia.utp.edu.co\/gipemac\/wp-json\/wp\/v2\/pages\/271","targetHints":{"allow":["GET"]}}],"collection":[{"href":"https:\/\/academia.utp.edu.co\/gipemac\/wp-json\/wp\/v2\/pages"}],"about":[{"href":"https:\/\/academia.utp.edu.co\/gipemac\/wp-json\/wp\/v2\/types\/page"}],"author":[{"embeddable":true,"href":"https:\/\/academia.utp.edu.co\/gipemac\/wp-json\/wp\/v2\/users\/511"}],"replies":[{"embeddable":true,"href":"https:\/\/academia.utp.edu.co\/gipemac\/wp-json\/wp\/v2\/comments?post=271"}],"version-history":[{"count":14,"href":"https:\/\/academia.utp.edu.co\/gipemac\/wp-json\/wp\/v2\/pages\/271\/revisions"}],"predecessor-version":[{"id":4121,"href":"https:\/\/academia.utp.edu.co\/gipemac\/wp-json\/wp\/v2\/pages\/271\/revisions\/4121"}],"wp:attachment":[{"href":"https:\/\/academia.utp.edu.co\/gipemac\/wp-json\/wp\/v2\/media?parent=271"}],"curies":[{"name":"wp","href":"https:\/\/api.w.org\/{rel}","templated":true}]}}