{"id":291,"date":"2016-11-22T16:44:11","date_gmt":"2016-11-22T16:44:11","guid":{"rendered":"http:\/\/academia.utp.edu.co\/gipemac\/?page_id=291"},"modified":"2019-05-14T17:22:47","modified_gmt":"2019-05-14T17:22:47","slug":"lineas-de-investigacion","status":"publish","type":"page","link":"https:\/\/academia.utp.edu.co\/gipemac\/lineas-de-investigacion\/","title":{"rendered":"L\u00cdNEAS DE INVESTIGACI\u00d3N"},"content":{"rendered":"<ul>\n<li>Etnomatem\u00e1tica.<\/li>\n<li>Teor\u00eda cognitiva de la Matem\u00e1tica.<\/li>\n<li>Modelaci\u00f3n matem\u00e1tica en el aula.<\/li>\n<li>Did\u00e1ctica de la matem\u00e1tica mediada por TIC.<\/li>\n<li>Teor\u00eda etnocognitiva del conocimiento matem\u00e1tico.<\/li>\n<\/ul>\n","protected":false},"excerpt":{"rendered":"<p>Etnomatem\u00e1tica. Teor\u00eda cognitiva de la Matem\u00e1tica. Modelaci\u00f3n matem\u00e1tica en el aula. Did\u00e1ctica de la matem\u00e1tica mediada por TIC. Teor\u00eda etnocognitiva del conocimiento matem\u00e1tico.<\/p>\n","protected":false},"author":511,"featured_media":0,"parent":0,"menu_order":0,"comment_status":"closed","ping_status":"closed","template":"","meta":{"footnotes":""},"class_list":["post-291","page","type-page","status-publish","hentry"],"_links":{"self":[{"href":"https:\/\/academia.utp.edu.co\/gipemac\/wp-json\/wp\/v2\/pages\/291","targetHints":{"allow":["GET"]}}],"collection":[{"href":"https:\/\/academia.utp.edu.co\/gipemac\/wp-json\/wp\/v2\/pages"}],"about":[{"href":"https:\/\/academia.utp.edu.co\/gipemac\/wp-json\/wp\/v2\/types\/page"}],"author":[{"embeddable":true,"href":"https:\/\/academia.utp.edu.co\/gipemac\/wp-json\/wp\/v2\/users\/511"}],"replies":[{"embeddable":true,"href":"https:\/\/academia.utp.edu.co\/gipemac\/wp-json\/wp\/v2\/comments?post=291"}],"version-history":[{"count":3,"href":"https:\/\/academia.utp.edu.co\/gipemac\/wp-json\/wp\/v2\/pages\/291\/revisions"}],"predecessor-version":[{"id":4381,"href":"https:\/\/academia.utp.edu.co\/gipemac\/wp-json\/wp\/v2\/pages\/291\/revisions\/4381"}],"wp:attachment":[{"href":"https:\/\/academia.utp.edu.co\/gipemac\/wp-json\/wp\/v2\/media?parent=291"}],"curies":[{"name":"wp","href":"https:\/\/api.w.org\/{rel}","templated":true}]}}