

{"id":129,"date":"2013-04-07T13:24:44","date_gmt":"2013-04-07T18:24:44","guid":{"rendered":"http:\/\/academia.utp.edu.co\/centromedicinadeportiva\/?page_id=129"},"modified":"2025-09-02T02:46:03","modified_gmt":"2025-09-02T07:46:03","slug":"semillero-de-investigacion-secibad","status":"publish","type":"page","link":"https:\/\/academia.utp.edu.co\/grupobasicoclinicayaplicadas\/semillero-de-investigacion-secibad\/","title":{"rendered":"SEMILLERO DE INVESTIGACI\u00d3N SECIBAD"},"content":{"rendered":"<h4 style=\"text-align: right\"><strong><span style=\"color: #008000\"><a href=\"http:\/\/academia.utp.edu.co\/centromedicinadeportiva\/\"><span style=\"color: #008000\"><br \/>\n<\/span><\/a><span style=\"color: #008000\"><a href=\"https:\/\/academia.utp.edu.co\/grupobasicoclinicayaplicadas\/\">Volver a INICIO<\/a><\/span><\/span><\/strong><\/h4>\n<h2><span style=\"color: #ff6600\">Se<\/span>millero de <span style=\"color: #ff6600\">Ci<\/span>encias <span style=\"color: #ff6600\">B<\/span>\u00e1sicas y Aplicadas la <span style=\"color: #ff6600\">A<\/span>ctividad F\u00edsica\u00a0 y\u00a0 al <span style=\"color: #ff6600\">D<\/span>eporte (<b><span style=\"color: #ff6600\">SECIBAD<\/span>).<\/b><\/h2>\n<h4><\/h4>\n<h3><\/h3>\n<h4><span style=\"color: #008000\"><strong>Semilleros de Investigaci\u00f3n:<\/strong>\u00a0<\/span>son una comunidad aprendizaje, conformada por<\/h4>\n<h4>estudiantes\u00a0del mismo campo del saber o de diferentes campos y semestres, que <span style=\"color: #800000\"><strong>por decisi\u00f3n propia<\/strong><\/span> y con la\u00a0asesor\u00eda de un investigador activo y reconocido por la universidad, realizan\u00a0actividades de\u00a0investigaci\u00f3n, que generan el desarrollo de competencias investigativas en sus integrantes<\/h4>\n<h4>Los semilleros <span style=\"color: #800000\"><strong>funcionan como una actividad extracurricular<\/strong><\/span> que se articula como comunidad\u00a0acad\u00e9mica, al sistema de investigaci\u00f3n de la universidad. <b>Fuente: UTP.<\/b><\/h4>\n<h4><\/h4>\n<h4 style=\"text-align: justify\"><span style=\"color: #008000\"><b style=\"font-size: 1em\">Misi\u00f3n:<\/b><\/span><span style=\"font-size: 1em\"> Realizar procesos investigativos e innovadores, desde las ciencias b\u00e1sicas aplicadas a la pr\u00e1ctica de la actividad f\u00edsica y el deporte, con calidad y pertinencia, intercambiando conocimientos, praxis acad\u00e9mica y cient\u00edfica con otros semilleros y grupos de investigaci\u00f3n.<\/span><\/h4>\n<h4 style=\"text-align: justify\"><\/h4>\n<h4 style=\"text-align: justify\"><span style=\"color: #008000\"><b>Visi\u00f3n:<\/b> <\/span>Somos un Semillero de calidad, con alto reconocimiento en la regi\u00f3n, el pa\u00eds y a nivel internacional al 2030, en procesos de investigaci\u00f3n cient\u00edfica interdisciplinaria, innovaci\u00f3n, extensi\u00f3n y representatividad del Programa Ciencias del Deporte y la Recreaci\u00f3n, la Facultad Ciencias de la Salud y la Universidad Tecnol\u00f3gica de Pereira.<\/h4>\n<h4 style=\"text-align: justify\"><span style=\"font-size: 1em\"><a href=\"https:\/\/academia.utp.edu.co\/grupobasicoclinicayaplicadas\/files\/2013\/04\/LOGO-SECIBAD2.jpg\"><img loading=\"lazy\" decoding=\"async\" class=\"alignright size-medium wp-image-3181\" src=\"https:\/\/academia.utp.edu.co\/grupobasicoclinicayaplicadas\/files\/2013\/04\/LOGO-SECIBAD2-300x287.jpg\" alt=\"LOGO-SECIBAD2\" width=\"300\" height=\"287\" srcset=\"https:\/\/academia.utp.edu.co\/grupobasicoclinicayaplicadas\/files\/2013\/04\/LOGO-SECIBAD2-300x287.jpg 300w, https:\/\/academia.utp.edu.co\/grupobasicoclinicayaplicadas\/files\/2013\/04\/LOGO-SECIBAD2-250x239.jpg 250w, https:\/\/academia.utp.edu.co\/grupobasicoclinicayaplicadas\/files\/2013\/04\/LOGO-SECIBAD2.jpg 682w\" sizes=\"auto, (max-width: 300px) 100vw, 300px\" \/><\/a><br \/>\n<\/span><b style=\"font-size: 1em\"><br \/>\n<\/b><b style=\"font-size: 1em\"><span style=\"color: #008000\">Objetivo general:<\/span><\/b><span style=\"font-size: 1em\"> Formar estudiantes comprometidos con el proceso investigativo que aporten nuevos conocimientos a la sociedad, desde la aplicaci\u00f3n de las ciencias b\u00e1sicas orientadas al desarrollo de la pr\u00e1ctica de la actividad f\u00edsica y el deporte.<\/span><\/h4>\n<h4><span style=\"color: #008000\"><b>Espec\u00edficos:<\/b><\/span><b> <\/b><b><\/b><\/h4>\n<ol start=\"1\">\n<li>\n<h4>Fomentar la cultura investigativa en los estudiantes de Ciencias del Deporte y la Recreaci\u00f3n y los interesados en el \u00e1rea de Ciencias B\u00e1sicas Aplicadas a la Actividad F\u00edsica y el Deporte.<\/h4>\n<\/li>\n<li>\n<h4>Desarrollar actitudes y aptitudes para emprender proyectos de investigaci\u00f3n y desarrollo.<\/h4>\n<\/li>\n<li>\n<h4>Ampliar y desarrollar conocimientos por parte de los integrantes del semillero en el \u00e1rea de ciencias b\u00e1sicas aplicadas a la actividad f\u00edsica y el deporte.<\/h4>\n<\/li>\n<li>\n<h4>Dise\u00f1ar, proponer y desarrollar mejoras a programas y pr\u00e1cticas del Deporte y la Actividad F\u00edsica.<\/h4>\n<\/li>\n<li>\n<h4>Desarrollar responsabilidad y compromiso de los integrantes del semillero.<\/h4>\n<\/li>\n<\/ol>\n<h4><span style=\"color: #008000\"><b>L\u00edneas de Investigaci\u00f3n:<\/b><\/span><\/h4>\n<ol start=\"1\">\n<li>\n<h4>Factores de Riesgo Cardiovascular (F\u00edsicos Fisiol\u00f3gicos y Bioqu\u00edmicos).<\/h4>\n<\/li>\n<li>\n<h4>Factores de Riesgo Osteoarticulares y musculares (F\u00edsicos, Fisiol\u00f3gicos y Biomec\u00e1nicos).<\/h4>\n<\/li>\n<li>\n<h4>An\u00e1lisis de variables F\u00edsicas, Fisiol\u00f3gicas y Psicomotoras en Escolares y Adolescentes<b>.<\/b><\/h4>\n<\/li>\n<\/ol>\n<h4><span style=\"color: #008000\"><b>Nombre de los Estudiantes l\u00edderes:<\/b><\/span><\/h4>\n<ul>\n<li><strong>Kevin Santiago Ram\u00edrez R\u00edos, <a href=\"mailto:santiago.ramirez14@utp.edu.co\">santiago.ramirez14@utp.edu.co<\/a><\/strong><\/li>\n<li>Andr\u00e9s Felipe Casta\u00f1eda Mahecha, <a href=\"mailto:andres.castaneda2@utp.edu.co\">andres.castaneda2@utp.edu.co<\/a><\/li>\n<\/ul>\n<h4><span style=\"color: #008000\"><b>Nombre del Tutor:<\/b><\/span><\/h4>\n<ul>\n<li>\n<h4><strong>Carlos Eduardo Nieto Garc\u00eda MD, <a href=\"mailto:niceniega@utp.edu.co\">niceniega@utp.edu.co<\/a><\/strong><\/h4>\n<\/li>\n<\/ul>\n<p><a href=\"https:\/\/vicerrectorias.utp.edu.co\/viie\/integrantes\/287\/semillero\">https:\/\/vicerrectorias.utp.edu.co\/viie\/integrantes\/287\/semillero<\/a><\/p>\n<h2><strong><span style=\"color: #ff0000\">REUNIONES\u00a0<\/span><\/strong><\/h2>\n<h2>D\u00eda: <span style=\"color: #0000ff\">Todos los Lunes<\/span><\/h2>\n<h2>Horario: <span style=\"color: #0000ff\">2:00 pm a 4:00 pm.<\/span><\/h2>\n<h2>Lugar:\u00a0<span style=\"color: #0000ff\">14 &#8211; 126<\/span><\/h2>\n<h2>\u00a0<span style=\"color: #ff0000\">CRONOGRAMA REUNIONES ESPECIALES<\/span><\/h2>\n<h3>FECHA \u00a0 \u00a0 \u00a0 \u00a0 \u00a0 \u00a0 \u00a0 \u00a0 \u00a0 \u00a0 \u00a0 \u00a0 \u00a0 \u00a0 OBJETIVO<\/h3>\n<h2><span style=\"color: #0000ff\"><a href=\"https:\/\/academia.utp.edu.co\/grupobasicoclinicayaplicadas\/documentos-basicos-de-investigacion\/\"><span style=\"color: #0000ff\">INVESTIGACI\u00d3N DOCUMENTOS B\u00c1SICOS<\/span><\/a><\/span><\/h2>\n","protected":false},"excerpt":{"rendered":"<p>Volver a INICIO Semillero de Ciencias B\u00e1sicas y Aplicadas la Actividad F\u00edsica\u00a0 y\u00a0 al Deporte (SECIBAD). Semilleros de Investigaci\u00f3n:\u00a0son una comunidad aprendizaje, conformada por estudiantes\u00a0del mismo campo del saber o de diferentes campos y semestres, que por decisi\u00f3n propia y [&hellip;]<\/p>\n","protected":false},"author":15,"featured_media":0,"parent":0,"menu_order":0,"comment_status":"closed","ping_status":"closed","template":"","meta":{"footnotes":""},"class_list":["post-129","page","type-page","status-publish","hentry"],"_links":{"self":[{"href":"https:\/\/academia.utp.edu.co\/grupobasicoclinicayaplicadas\/wp-json\/wp\/v2\/pages\/129","targetHints":{"allow":["GET"]}}],"collection":[{"href":"https:\/\/academia.utp.edu.co\/grupobasicoclinicayaplicadas\/wp-json\/wp\/v2\/pages"}],"about":[{"href":"https:\/\/academia.utp.edu.co\/grupobasicoclinicayaplicadas\/wp-json\/wp\/v2\/types\/page"}],"author":[{"embeddable":true,"href":"https:\/\/academia.utp.edu.co\/grupobasicoclinicayaplicadas\/wp-json\/wp\/v2\/users\/15"}],"replies":[{"embeddable":true,"href":"https:\/\/academia.utp.edu.co\/grupobasicoclinicayaplicadas\/wp-json\/wp\/v2\/comments?post=129"}],"version-history":[{"count":106,"href":"https:\/\/academia.utp.edu.co\/grupobasicoclinicayaplicadas\/wp-json\/wp\/v2\/pages\/129\/revisions"}],"predecessor-version":[{"id":6408,"href":"https:\/\/academia.utp.edu.co\/grupobasicoclinicayaplicadas\/wp-json\/wp\/v2\/pages\/129\/revisions\/6408"}],"wp:attachment":[{"href":"https:\/\/academia.utp.edu.co\/grupobasicoclinicayaplicadas\/wp-json\/wp\/v2\/media?parent=129"}],"curies":[{"name":"wp","href":"https:\/\/api.w.org\/{rel}","templated":true}]}}