

{"id":239,"date":"2013-04-12T12:38:11","date_gmt":"2013-04-12T12:38:11","guid":{"rendered":"http:\/\/academia.utp.edu.co\/centromedicinadeportiva\/?page_id=239"},"modified":"2024-08-24T02:00:19","modified_gmt":"2024-08-24T07:00:19","slug":"eventos","status":"publish","type":"page","link":"https:\/\/academia.utp.edu.co\/grupobasicoclinicayaplicadas\/eventos\/","title":{"rendered":"III ENCUENTRO DE SEMILLEROS RISARALDA"},"content":{"rendered":"<h3 style=\"text-align: right\"><span style=\"color: #008000\"><a href=\"http:\/\/academia.utp.edu.co\/centromedicinadeportiva\/2013\/04\/07\/centro-de-medicina-deportiva-utp\/\"><span style=\"color: #008000\">Volver a INICIO<\/span><\/a><\/span><\/h3>\n<h3 style=\"text-align: center\">TERCER ENCUENTRO INTERINSTITUCIONAL<\/h3>\n<h3 style=\"text-align: center\">DE SEMILLEROS DE INVESTIGACI\u00d3N DE RISARALDA<\/h3>\n<h2 style=\"text-align: center\">Mayo 14 y 15 de 2013<\/h2>\n<h4 style=\"text-align: center\">Sede: Universidad Libre \u2013 Belmonte \u2013 Edificio Posgrados Pereira, Risaralda<\/h4>\n<h5>Este evento se desarrolla anualmente desde el a\u00f1o 2011 en el departamento de Risaralda, con la participaci\u00f3n de las siguientes universidades:<\/h5>\n<ul>\n<li>\n<address>Fundaci\u00f3n Universitaria del \u00c1rea Andina<\/address>\n<\/li>\n<li>\n<address>Universidad Cat\u00f3lica de Pereira<\/address>\n<\/li>\n<li>\n<address>Universidad Cooperativa de Colombia<\/address>\n<\/li>\n<li>\n<address>Corporaci\u00f3n Universitaria Santa Rosa de Cabal &#8211; UNISARC<\/address>\n<\/li>\n<li>\n<address>Universidad Tecnol\u00f3gica de Pereira<\/address>\n<\/li>\n<li>\n<address>Fundaci\u00f3n Centro de Investigaci\u00f3n, Docencia y Consultor\u00eda Administrativa \u2013 CIDCA.<\/address>\n<\/li>\n<li>\n<address>Universidad Libre Seccional Pereira<\/address>\n<\/li>\n<li>\n<address>Escuela Superior de Administraci\u00f3n P\u00fablica &#8211; ESAP<\/address>\n<\/li>\n<\/ul>\n<p><a href=\"https:\/\/academia.utp.edu.co\/grupobasicoclinicayaplicadas\/files\/2013\/04\/TERCER-ENCUETRO-INTER-INSTITUCIONAL-DE-SEMILLEROS-DE-INVESTIGACI\u00d3N.jpg\"><img loading=\"lazy\" decoding=\"async\" class=\"size-medium wp-image-241\" src=\"https:\/\/academia.utp.edu.co\/grupobasicoclinicayaplicadas\/files\/2013\/04\/TERCER-ENCUETRO-INTER-INSTITUCIONAL-DE-SEMILLEROS-DE-INVESTIGACI\u00d3N-262x300.jpg\" alt=\"Tercer encuentro interinstitucional de semilleros de investigaci\u00f3n de Risaralda.\" width=\"262\" height=\"300\" srcset=\"https:\/\/academia.utp.edu.co\/grupobasicoclinicayaplicadas\/files\/2013\/04\/TERCER-ENCUETRO-INTER-INSTITUCIONAL-DE-SEMILLEROS-DE-INVESTIGACI\u00d3N-262x300.jpg 262w, https:\/\/academia.utp.edu.co\/grupobasicoclinicayaplicadas\/files\/2013\/04\/TERCER-ENCUETRO-INTER-INSTITUCIONAL-DE-SEMILLEROS-DE-INVESTIGACI\u00d3N.jpg 530w\" sizes=\"auto, (max-width: 262px) 100vw, 262px\" \/><\/a><\/p>\n<p>&nbsp;<\/p>\n<h5 style=\"text-align: justify\"><span style=\"font-size: 1em;text-align: justify\">Con el e<\/span><span style=\"font-size: 1em;text-align: justify\"><span style=\"font-size: 1em;text-align: justify\">ncuentro se brinda la posibilidad a los integrantes de los semilleros de&nbsp;<\/span>investigaci\u00f3n, de reflexionar sobre proble<\/span>m\u00e1ticas del entorno que conduzcan al&nbsp;planteamiento de alternativas de comprensi\u00f3n y soluci\u00f3n de las mimas, en los&nbsp;diferentes campos del saber, conducentes al desarrollo regional y nacional.<\/h5>\n<h5 style=\"text-align: justify\">Este evento est\u00e1 pensado como un espacio acad\u00e9mico de socializaci\u00f3n de&nbsp;experiencias y aprendizajes investigativos desarrollados con rigor cient\u00edfico,&nbsp;permitiendo de esta manera la consolidaci\u00f3n de una comunidad acad\u00e9mica&nbsp;multidisciplinar e interdisciplinar.<\/h5>\n","protected":false},"excerpt":{"rendered":"<p>Volver a INICIO TERCER ENCUENTRO INTERINSTITUCIONAL DE SEMILLEROS DE INVESTIGACI\u00d3N DE RISARALDA Mayo 14 y 15 de 2013 Sede: Universidad Libre \u2013 Belmonte \u2013 Edificio Posgrados Pereira, Risaralda Este evento se desarrolla anualmente desde el a\u00f1o 2011 en el departamento [&hellip;]<\/p>\n","protected":false},"author":15,"featured_media":0,"parent":0,"menu_order":0,"comment_status":"closed","ping_status":"closed","template":"","meta":{"footnotes":""},"class_list":["post-239","page","type-page","status-publish","hentry"],"_links":{"self":[{"href":"https:\/\/academia.utp.edu.co\/grupobasicoclinicayaplicadas\/wp-json\/wp\/v2\/pages\/239","targetHints":{"allow":["GET"]}}],"collection":[{"href":"https:\/\/academia.utp.edu.co\/grupobasicoclinicayaplicadas\/wp-json\/wp\/v2\/pages"}],"about":[{"href":"https:\/\/academia.utp.edu.co\/grupobasicoclinicayaplicadas\/wp-json\/wp\/v2\/types\/page"}],"author":[{"embeddable":true,"href":"https:\/\/academia.utp.edu.co\/grupobasicoclinicayaplicadas\/wp-json\/wp\/v2\/users\/15"}],"replies":[{"embeddable":true,"href":"https:\/\/academia.utp.edu.co\/grupobasicoclinicayaplicadas\/wp-json\/wp\/v2\/comments?post=239"}],"version-history":[{"count":13,"href":"https:\/\/academia.utp.edu.co\/grupobasicoclinicayaplicadas\/wp-json\/wp\/v2\/pages\/239\/revisions"}],"predecessor-version":[{"id":5221,"href":"https:\/\/academia.utp.edu.co\/grupobasicoclinicayaplicadas\/wp-json\/wp\/v2\/pages\/239\/revisions\/5221"}],"wp:attachment":[{"href":"https:\/\/academia.utp.edu.co\/grupobasicoclinicayaplicadas\/wp-json\/wp\/v2\/media?parent=239"}],"curies":[{"name":"wp","href":"https:\/\/api.w.org\/{rel}","templated":true}]}}