

{"id":245,"date":"2013-04-12T12:40:22","date_gmt":"2013-04-12T12:40:22","guid":{"rendered":"http:\/\/academia.utp.edu.co\/centromedicinadeportiva\/?page_id=245"},"modified":"2024-08-24T01:59:27","modified_gmt":"2024-08-24T06:59:27","slug":"documentos","status":"publish","type":"page","link":"https:\/\/academia.utp.edu.co\/grupobasicoclinicayaplicadas\/documentos\/","title":{"rendered":"DOCUMENTOS"},"content":{"rendered":"<p><a href=\"https:\/\/academia.utp.edu.co\/grupobasicoclinicayaplicadas\/files\/2013\/04\/BASICO-CLINICA-Y-APLICADAS.pdf\">BASICO-CLINICA Y APLICADAS<\/a><\/p>\n<p><a href=\"https:\/\/academia.utp.edu.co\/grupobasicoclinicayaplicadas\/files\/2013\/04\/Investigaci\u00f3n-y-Desarrollo-en-Cultura-de-la-Salud.pdf\">Investigaci\u00f3n y Desarrollo en Cultura de la Salud<\/a><\/p>\n<p><a href=\"https:\/\/academia.utp.edu.co\/grupobasicoclinicayaplicadas\/files\/2013\/04\/UTP-abre-Convocatoria-para-Financiar-Proyectos-de-Investigaci\u00f3n-Presentados-por-los-Grupos-de-Investigacin-A\u00f1o-2015.pdf\">UTP abre Convocatoria para Financiar Proyectos de Investigaci\u00f3n Presentados por los Grupos de Investigacin A\u00f1o 2015<\/a><\/p>\n","protected":false},"excerpt":{"rendered":"<p>BASICO-CLINICA Y APLICADAS Investigaci\u00f3n y Desarrollo en Cultura de la Salud UTP abre Convocatoria para Financiar Proyectos de Investigaci\u00f3n Presentados por los Grupos de Investigacin A\u00f1o 2015<\/p>\n","protected":false},"author":15,"featured_media":0,"parent":0,"menu_order":0,"comment_status":"closed","ping_status":"closed","template":"","meta":{"footnotes":""},"class_list":["post-245","page","type-page","status-publish","hentry"],"_links":{"self":[{"href":"https:\/\/academia.utp.edu.co\/grupobasicoclinicayaplicadas\/wp-json\/wp\/v2\/pages\/245","targetHints":{"allow":["GET"]}}],"collection":[{"href":"https:\/\/academia.utp.edu.co\/grupobasicoclinicayaplicadas\/wp-json\/wp\/v2\/pages"}],"about":[{"href":"https:\/\/academia.utp.edu.co\/grupobasicoclinicayaplicadas\/wp-json\/wp\/v2\/types\/page"}],"author":[{"embeddable":true,"href":"https:\/\/academia.utp.edu.co\/grupobasicoclinicayaplicadas\/wp-json\/wp\/v2\/users\/15"}],"replies":[{"embeddable":true,"href":"https:\/\/academia.utp.edu.co\/grupobasicoclinicayaplicadas\/wp-json\/wp\/v2\/comments?post=245"}],"version-history":[{"count":8,"href":"https:\/\/academia.utp.edu.co\/grupobasicoclinicayaplicadas\/wp-json\/wp\/v2\/pages\/245\/revisions"}],"predecessor-version":[{"id":2421,"href":"https:\/\/academia.utp.edu.co\/grupobasicoclinicayaplicadas\/wp-json\/wp\/v2\/pages\/245\/revisions\/2421"}],"wp:attachment":[{"href":"https:\/\/academia.utp.edu.co\/grupobasicoclinicayaplicadas\/wp-json\/wp\/v2\/media?parent=245"}],"curies":[{"name":"wp","href":"https:\/\/api.w.org\/{rel}","templated":true}]}}