

{"id":3231,"date":"2016-02-20T09:46:10","date_gmt":"2016-02-20T14:46:10","guid":{"rendered":"http:\/\/academia.utp.edu.co\/grupobasicoclinicayaplicadas\/?page_id=3231"},"modified":"2024-08-24T02:00:50","modified_gmt":"2024-08-24T07:00:50","slug":"relacion-con-empresas","status":"publish","type":"page","link":"https:\/\/academia.utp.edu.co\/grupobasicoclinicayaplicadas\/relacion-con-empresas\/","title":{"rendered":"RELACI\u00d3N CON EMPRESAS"},"content":{"rendered":"<h2><span style=\"color: #993300\">En el marco del proyecto:<\/span><\/h2>\n<h2><strong><span style=\"color: #000000\">\u00abFortalecimiento del modelo de promoci\u00f3n y prevenci\u00f3n en la salud en cuanto a la oportunidad y calidad de informaci\u00f3n a trav\u00e9s de herramientas tecnol\u00f3gicas que permitan masificar las estrategias\u00bb<\/span>\u00a0 \u00a0 \u00a0 <\/strong><\/h2>\n<h3><strong><span style=\"color: #0000ff\">se esta trabajando con la empresa\u00a0SISFO CONSULTOR\u00cdA\u00a0INFORM\u00c1TICA\u00a0SAS. y su\u00a0filial\u00a0PUNTO EXE<\/span><a href=\"http:\/\/www.puntoexe.com.co\/web\/nosotros\" target=\"_blank\" rel=\"noopener\"><img loading=\"lazy\" decoding=\"async\" class=\"alignright size-full wp-image-3281\" src=\"https:\/\/academia.utp.edu.co\/grupobasicoclinicayaplicadas\/files\/2016\/02\/Punto-exe.jpg\" alt=\"Punto exe\" width=\"204\" height=\"72\" \/><\/a><\/strong><\/h3>\n<p><a href=\"http:\/\/www.sisfo.com\/app\/webroot\/index.php\/web\/es\/home\" target=\"_blank\" rel=\"noopener\"><img loading=\"lazy\" decoding=\"async\" class=\"size-full wp-image-3241 alignleft\" src=\"https:\/\/academia.utp.edu.co\/grupobasicoclinicayaplicadas\/files\/2016\/02\/Sisfo.jpg\" alt=\"Sisfo\" width=\"230\" height=\"100\" \/><\/a><\/p>\n","protected":false},"excerpt":{"rendered":"<p>En el marco del proyecto: \u00abFortalecimiento del modelo de promoci\u00f3n y prevenci\u00f3n en la salud en cuanto a la oportunidad y calidad de informaci\u00f3n a trav\u00e9s de herramientas tecnol\u00f3gicas que permitan masificar las estrategias\u00bb\u00a0 \u00a0 \u00a0 se esta trabajando con [&hellip;]<\/p>\n","protected":false},"author":15,"featured_media":0,"parent":0,"menu_order":0,"comment_status":"closed","ping_status":"closed","template":"","meta":{"footnotes":""},"class_list":["post-3231","page","type-page","status-publish","hentry"],"_links":{"self":[{"href":"https:\/\/academia.utp.edu.co\/grupobasicoclinicayaplicadas\/wp-json\/wp\/v2\/pages\/3231","targetHints":{"allow":["GET"]}}],"collection":[{"href":"https:\/\/academia.utp.edu.co\/grupobasicoclinicayaplicadas\/wp-json\/wp\/v2\/pages"}],"about":[{"href":"https:\/\/academia.utp.edu.co\/grupobasicoclinicayaplicadas\/wp-json\/wp\/v2\/types\/page"}],"author":[{"embeddable":true,"href":"https:\/\/academia.utp.edu.co\/grupobasicoclinicayaplicadas\/wp-json\/wp\/v2\/users\/15"}],"replies":[{"embeddable":true,"href":"https:\/\/academia.utp.edu.co\/grupobasicoclinicayaplicadas\/wp-json\/wp\/v2\/comments?post=3231"}],"version-history":[{"count":15,"href":"https:\/\/academia.utp.edu.co\/grupobasicoclinicayaplicadas\/wp-json\/wp\/v2\/pages\/3231\/revisions"}],"predecessor-version":[{"id":6314,"href":"https:\/\/academia.utp.edu.co\/grupobasicoclinicayaplicadas\/wp-json\/wp\/v2\/pages\/3231\/revisions\/6314"}],"wp:attachment":[{"href":"https:\/\/academia.utp.edu.co\/grupobasicoclinicayaplicadas\/wp-json\/wp\/v2\/media?parent=3231"}],"curies":[{"name":"wp","href":"https:\/\/api.w.org\/{rel}","templated":true}]}}