

{"id":3721,"date":"2016-07-27T09:24:46","date_gmt":"2016-07-27T14:24:46","guid":{"rendered":"http:\/\/academia.utp.edu.co\/grupobasicoclinicayaplicadas\/?page_id=3721"},"modified":"2024-08-24T02:01:12","modified_gmt":"2024-08-24T07:01:12","slug":"semillero-de-investigacion-en-atencion-pre-hospitalaria","status":"publish","type":"page","link":"https:\/\/academia.utp.edu.co\/grupobasicoclinicayaplicadas\/semillero-de-investigacion-en-atencion-pre-hospitalaria\/","title":{"rendered":"SEMILLERO DE INVESTIGACI\u00d3N EN ATENCI\u00d3N PRE HOSPITALARIA"},"content":{"rendered":"<p>C\u00f3digo\u00a0SE5-13-3<\/p>\n<p><u>Objetivo:<\/u><br \/>\n* Investigar sobre capacitaci\u00f3n y formaci\u00f3n de primeros respondientes en APH. * Conocer a fondo la concepci\u00f3n de la Atenci\u00f3n Pre hospitalaria que tienen los ciudadanos en general. * Entender la importancia de la atenci\u00f3n del paciente teniendo en cuenta la relaci\u00f3n con el sistema de salud y los sistemas de APH. A largo plazo: * Promover la creaci\u00f3n de nuevos semilleros que en conjunto apoyen el ascenso del programa. * Obtener alta calidad a la hora de brindar un servicio del Tecn\u00f3logo en Atenci\u00f3n Pre hospitalaria-paciente. * Amplificar con m\u00e9ritos la calidad de la instituci\u00f3n y su buen nombre con el programa de Tecnolog\u00eda en Atenci\u00f3n Pre hospitalaria.<\/p>\n<p>Semilleros de Investigaci\u00f3n: son una comunidad aprendizaje, conformada por estudiantes del mismo campo del saber o de diferentes campos y semestres, que por decisi\u00f3n propia y con la asesor\u00eda de un investigador activo y reconocido por la universidad, realizan actividades de investigaci\u00f3n, que generan el desarrollo de competencias investigativas en sus integrantes<\/p>\n<p>Los semilleros funcionan como una actividad extracurricular que se articula como comunidad acad\u00e9mica, al sistema de investigaci\u00f3n de la universidad. Fuente: UTP.<\/p>\n<p>Misi\u00f3n: Realizar procesos investigativos e innovadores, desde las ciencias b\u00e1sicas aplicadas a la pr\u00e1ctica de la Atenci\u00f3n Pre hospitalaria, con calidad y pertinencia, intercambiando conocimientos, praxis acad\u00e9mica y cient\u00edfica con otros semilleros y grupos de investigaci\u00f3n.<\/p>\n<p>Objetivo general: Formar estudiantes comprometidos con el proceso investigativo que aporten nuevos conocimientos a la sociedad, desde la aplicaci\u00f3n de las ciencias b\u00e1sicas orientadas al desarrollo de la Atenci\u00f3n Pre hospitalaria. Visi\u00f3n: Somos un Semillero de calidad, con alto reconocimiento en la regi\u00f3n, el pa\u00eds y a nivel internacional al 2019, en procesos de investigaci\u00f3n cient\u00edfica interdisciplinaria, innovaci\u00f3n, extensi\u00f3n y representatividad del Tecnolog\u00eda\u00a0Atenci\u00f3n Pre hospitalaria, la Facultad Ciencias de la Salud y la Universidad Tecnol\u00f3gica de Pereira.<\/p>\n<p>Espec\u00edficos:<\/p>\n<p>Espec\u00edficos:<\/p>\n<ol>\n<li>Fomentar la cultura investigadora en los estudiantes de\u00a0Atenci\u00f3n Pre hospitalaria y los interesados en el \u00e1rea de Ciencias B\u00e1sicas Aplicadas a la\u00a0Atenci\u00f3n Pre hospitalaria.<\/li>\n<li>Desarrollar actitudes y aptitudes para emprender proyectos de investigaci\u00f3n y desarrollo.<\/li>\n<li>Ampliar y desarrollar conocimientos por parte de los integrantes del semillero en el \u00e1rea de ciencias b\u00e1sicas aplicadas Atenci\u00f3n Pre hospitalaria.<\/li>\n<li>Dise\u00f1ar, proponer y desarrollar mejoras a programas y pr\u00e1cticas Atenci\u00f3n Pre hospitalaria.<\/li>\n<li>Desarrollar responsabilidad y compromiso de los integrantes del semillero.<\/li>\n<\/ol>\n<p>L\u00edneas de Investigaci\u00f3n:<\/p>\n<ol>\n<li>Factores de Riesgo Cardiovascular (F\u00edsicos Fisiol\u00f3gicos y Bioqu\u00edmicos).<\/li>\n<li>Factores de Riesgo Osteoarticulares y musculares (F\u00edsicos, Fisiol\u00f3gicos y Biomec\u00e1nicos).<\/li>\n<li>An\u00e1lisis de variables Atenci\u00f3n Pre hospitalaria.<\/li>\n<\/ol>\n<p><strong>Nombre de los Estudiantes l\u00edderes:<\/strong><\/p>\n<p>Laura Juliana Campos.<\/p>\n<p><strong>Integrantes &#8211; Nombres de los Estudiantes.<\/strong><\/p>\n<p>Laura Juliana Campos<\/p>\n<p>Maria Alejandra Restrepo Valencia<\/p>\n<p>Valentina Carvajal Molina.<\/p>\n<p>Katherin Aristizabal<\/p>\n<p>Laura Milena Marquez<\/p>\n<p>Nombre del Tutor:<\/p>\n<ul>\n<li>Giovanni Garc\u00eda Castro giovalinore@utp.edu.co,<\/li>\n<\/ul>\n<p>REUNIONES<\/p>\n<p>D\u00eda:\u00a0_____________________<\/p>\n<p>Horario:\u00a0________________________<\/p>\n<p>Lugar:\u00a0______________________________<\/p>\n<p>CRONOGRAMA REUNIONES ESPECIALES<\/p>\n<p>FECHA\u00a0\u00a0\u00a0\u00a0\u00a0\u00a0\u00a0\u00a0\u00a0\u00a0\u00a0\u00a0\u00a0\u00a0\u00a0\u00a0\u00a0\u00a0\u00a0\u00a0\u00a0\u00a0\u00a0\u00a0\u00a0\u00a0\u00a0\u00a0 OBJETIVO<\/p>\n","protected":false},"excerpt":{"rendered":"<p>C\u00f3digo\u00a0SE5-13-3 Objetivo: * Investigar sobre capacitaci\u00f3n y formaci\u00f3n de primeros respondientes en APH. * Conocer a fondo la concepci\u00f3n de la Atenci\u00f3n Pre hospitalaria que tienen los ciudadanos en general. * Entender la importancia de la atenci\u00f3n del paciente teniendo [&hellip;]<\/p>\n","protected":false},"author":15,"featured_media":0,"parent":0,"menu_order":0,"comment_status":"closed","ping_status":"closed","template":"","meta":{"footnotes":""},"class_list":["post-3721","page","type-page","status-publish","hentry"],"_links":{"self":[{"href":"https:\/\/academia.utp.edu.co\/grupobasicoclinicayaplicadas\/wp-json\/wp\/v2\/pages\/3721","targetHints":{"allow":["GET"]}}],"collection":[{"href":"https:\/\/academia.utp.edu.co\/grupobasicoclinicayaplicadas\/wp-json\/wp\/v2\/pages"}],"about":[{"href":"https:\/\/academia.utp.edu.co\/grupobasicoclinicayaplicadas\/wp-json\/wp\/v2\/types\/page"}],"author":[{"embeddable":true,"href":"https:\/\/academia.utp.edu.co\/grupobasicoclinicayaplicadas\/wp-json\/wp\/v2\/users\/15"}],"replies":[{"embeddable":true,"href":"https:\/\/academia.utp.edu.co\/grupobasicoclinicayaplicadas\/wp-json\/wp\/v2\/comments?post=3721"}],"version-history":[{"count":3,"href":"https:\/\/academia.utp.edu.co\/grupobasicoclinicayaplicadas\/wp-json\/wp\/v2\/pages\/3721\/revisions"}],"predecessor-version":[{"id":3761,"href":"https:\/\/academia.utp.edu.co\/grupobasicoclinicayaplicadas\/wp-json\/wp\/v2\/pages\/3721\/revisions\/3761"}],"wp:attachment":[{"href":"https:\/\/academia.utp.edu.co\/grupobasicoclinicayaplicadas\/wp-json\/wp\/v2\/media?parent=3721"}],"curies":[{"name":"wp","href":"https:\/\/api.w.org\/{rel}","templated":true}]}}