

{"id":505,"date":"2013-05-06T00:55:39","date_gmt":"2013-05-06T05:55:39","guid":{"rendered":"http:\/\/academia.utp.edu.co\/centromedicinadeportiva\/?page_id=505"},"modified":"2024-08-24T02:00:03","modified_gmt":"2024-08-24T07:00:03","slug":"expomotricidad-2013","status":"publish","type":"page","link":"https:\/\/academia.utp.edu.co\/grupobasicoclinicayaplicadas\/expomotricidad-2013\/","title":{"rendered":"EXPO MOTRICIDAD 2015"},"content":{"rendered":"<p style=\"text-align: right\"><a href=\"https:\/\/academia.utp.edu.co\/grupobasicoclinicayaplicadas\">\u00a0<span style=\"color: #008000\"><span style=\"color: #008000\">Volver a INICIO<\/span><\/span><\/a><\/p>\n<h2 class=\"titulo\" style=\"text-align: center\" align=\"center\"><a href=\"http:\/\/viref.udea.edu.co\/expo2015\/contenidos\/presentacion.htm\"><img loading=\"lazy\" decoding=\"async\" class=\" size-medium wp-image-951 alignnone\" src=\"https:\/\/academia.utp.edu.co\/grupobasicoclinicayaplicadas\/files\/2013\/05\/EXPO-MOTRICIDAD-2015-300x134.jpg\" alt=\"http:\/\/viref.udea.edu.co\/expo2015\/index.htm\" width=\"300\" height=\"134\" srcset=\"https:\/\/academia.utp.edu.co\/grupobasicoclinicayaplicadas\/files\/2013\/05\/EXPO-MOTRICIDAD-2015-300x134.jpg 300w, https:\/\/academia.utp.edu.co\/grupobasicoclinicayaplicadas\/files\/2013\/05\/EXPO-MOTRICIDAD-2015-1024x457.jpg 1024w, https:\/\/academia.utp.edu.co\/grupobasicoclinicayaplicadas\/files\/2013\/05\/EXPO-MOTRICIDAD-2015-250x112.jpg 250w, https:\/\/academia.utp.edu.co\/grupobasicoclinicayaplicadas\/files\/2013\/05\/EXPO-MOTRICIDAD-2015.jpg 1348w\" sizes=\"auto, (max-width: 300px) 100vw, 300px\" \/><\/a><\/h2>\n<h2 class=\"titulo\" style=\"text-align: center\" align=\"center\">Presentaci\u00f3n<\/h2>\n<h3><span style=\"color: #000000\">Expomotricidad es el nombre de un evento mediante el cual el Instituto Universitario de Educaci\u00f3n F\u00edsica de la Universidad de Antioquia destaca internamente los mejores productos academicos e investigativos desarrollados por sus estudiantes y docentes durante cada semestre.<\/span><\/h3>\n<h3><span style=\"color: #000000\">En virtud de la calidad acad\u00e9mica que inspira este nombre, el Instituto decidi\u00f3 crear la versi\u00f3n internacional del evento con el fin de reunir a la comunidad mundial del sector en torno a los hallazgos y experiencias que permiten el desarrollo de la Educaci\u00f3n F\u00edsica, el Deporte, la Recreaci\u00f3n y dem\u00e1s \u00e1reas afines.<\/span><\/h3>\n<h3><span style=\"color: #000000\">En su primera versi\u00f3n y como un esfuerzo interinstitucional,\u00a0<span style=\"color: #993300\">Expomotricidad 2005<\/span>\u00a0convoc\u00f3 a m\u00e1s de 1500 personas en el Centro Internacional de Convenciones de Medell\u00edn &#8211; Plaza Mayor. Con cinco eventos simult\u00e1neos, el certamen desarroll\u00f3 temas propios de la Educaci\u00f3n F\u00edsica, el Deporte, la Recreaci\u00f3n y, en general, de la motricidad humana, convirti\u00e9ndose en la contribuci\u00f3n de Colombia a la celebraci\u00f3n mundial del \u201cA\u00f1o Internacional del Deporte y la Educaci\u00f3n F\u00edsica\u201d, declarado por la UNESCO.<\/span><\/h3>\n<h3><span style=\"color: #000000\">Tras esta exitosa experiencia, se realiz\u00f3\u00a0<span style=\"color: #993300\">Expomotricidad 2007<\/span>\u00a0con el mismo esp\u00edritu de socializaci\u00f3n, actualizaci\u00f3n e integraci\u00f3n acad\u00e9mica e investigativa y con el prop\u00f3sito de establecer c\u00f3mo los avances y proyecciones del \u00e1rea pod\u00edan aportar al cumplimiento de los Objetivos de Desarrollo del Milenio declarados por la UNESCO. El certamen fue convocado por diversas instituciones del sector p\u00fablico, privado y gubernamental y estuvo integrado por siete eventos acad\u00e9micos simult\u00e1neos. Expomotricidad 2007 cont\u00f3 con un promedio de 2000 asistentes entre nacionales y extranjeros y con un total de 60 conferencistas, 16 de ellos internacionales.<\/span><\/h3>\n<h3><span style=\"color: #000000\">Dando continuaci\u00f3n a este proyecto acad\u00e9mico el Instituto de Educaci\u00f3n F\u00edsica de la Universidad de Antioquia realiz\u00f3 <span style=\"color: #993300\">Expomotricidad 2009<\/span>, cuyo prop\u00f3sito espec\u00edfico fue la socializaci\u00f3n, revisi\u00f3n y comprensi\u00f3n de lo que se hace en el \u00e1rea de la Educaci\u00f3n F\u00edsica, el Deporte y la Recreaci\u00f3n en medio de las tensiones pol\u00edticas, sociales y econ\u00f3micas que devienen de la globalizaci\u00f3n. En esa tercera versi\u00f3n Expomotricidad servi\u00f3 de espacio para la proyecci\u00f3n local y global de nuestro campo en los \u00e1mbitos escolares, universitarios, sociales, deportivos y recreativos.<\/span><\/h3>\n<h3><span style=\"color: #000000\"><span style=\"color: #993300\">Expomotriciadad 2011<\/span>\u00a0fue la ocasi\u00f3n para\u00a0abordar el campo de la Educaci\u00f3n F\u00edsica, el Deporte y la Recreaci\u00f3n como escenario privilegiado para la construcci\u00f3n e implementaci\u00f3n de de procesos de inclusi\u00f3n, desarrollo humano y convivencia. En esta versi\u00f3n Expomotricidad reuni\u00f3 a m\u00e1s de 1800 asistentes de diferentes pa\u00edses de Latinoam\u00e9rica.<\/span><\/h3>\n<h3><span style=\"color: #000000\">En su quinta versi\u00f3n,\u00a0<span style=\"color: #993300\">Expomotricidad 2013<\/span>\u00a0plante\u00f3 el tema de la construcci\u00f3n de ciudadan\u00edas como eje de las reflexiones acad\u00e9micas, asumiendo los retos que al respecto se plantean para el campo de la Educaci\u00f3n F\u00edsica, el Deporte, la Recreaci\u00f3n y la Actividad F\u00edsica.<\/span><\/h3>\n<h3><span style=\"color: #000000\">Ahora, <span style=\"color: #993300\">Expomotricidad 2015<\/span> nos propone la formaci\u00f3n como el eje tem\u00e1tico articulador del campo.<\/span><\/h3>\n<h3><span style=\"color: #000000\">Por su calidad acad\u00e9mica y diversidad tem\u00e1tica, Expomotricidad internacional se ha configurado en el escenario acad\u00e9mico y cient\u00edfico m\u00e1s multitudinario y complejo del campo de la Educaci\u00f3n F\u00edsica, el Deporte, la Recreaci\u00f3n y la Actividad F\u00edsica para Am\u00e9rica Latina.<\/span><\/h3>\n<h3><span style=\"color: #000000\">Comit\u00e9 Acad\u00e9mico<\/span><\/h3>\n<h3><span style=\"color: #000000\">Mag. Gloria Mar\u00eda Casta\u00f1eda Clavijo, Directora del evento<\/span><br \/>\n<span style=\"color: #000000\"> Dr. Gustavo Ram\u00f3n Su\u00e1rez<\/span><br \/>\n<span style=\"color: #000000\"> Mag. Carlos Mauricio Gonz\u00e1lez Posada<\/span><br \/>\n<span style=\"color: #000000\"> Mag. Carlos Alberto Agudelo Vel\u00e1squez<\/span><br \/>\n<span style=\"color: #000000\"> Mag. Julia Adriana Castro Carvajal<\/span><br \/>\n<span style=\"color: #000000\"> Mag. Elkin Fernando Arango V\u00e9lez<\/span><br \/>\n<span style=\"color: #000000\"> Mag. Liliana Mar\u00eda Cardona Mej\u00eda<\/span><br \/>\n<span style=\"color: #000000\"> Esp. Juan David G\u00f3mez Valenzuela<\/span><br \/>\n<span style=\"color: #000000\"> Mag. Leidy Mart\u00ednez Escudero<\/span><\/h3>\n<h3><span style=\"text-decoration: underline\"><em><a href=\"http:\/\/viref.udea.edu.co\/contenido\/publicaciones\/publicaciones.htm\" target=\"_blank\" rel=\"noopener noreferrer\">Consultar los libros de las series Expo motricidad 2007, 2009, 2011<\/a>\u00a0y 2013<\/em><\/span><\/h3>\n","protected":false},"excerpt":{"rendered":"<p>\u00a0Volver a INICIO Presentaci\u00f3n Expomotricidad es el nombre de un evento mediante el cual el Instituto Universitario de Educaci\u00f3n F\u00edsica de la Universidad de Antioquia destaca internamente los mejores productos academicos e investigativos desarrollados por sus estudiantes y docentes durante [&hellip;]<\/p>\n","protected":false},"author":15,"featured_media":0,"parent":0,"menu_order":0,"comment_status":"closed","ping_status":"closed","template":"","meta":{"footnotes":""},"class_list":["post-505","page","type-page","status-publish","hentry"],"_links":{"self":[{"href":"https:\/\/academia.utp.edu.co\/grupobasicoclinicayaplicadas\/wp-json\/wp\/v2\/pages\/505","targetHints":{"allow":["GET"]}}],"collection":[{"href":"https:\/\/academia.utp.edu.co\/grupobasicoclinicayaplicadas\/wp-json\/wp\/v2\/pages"}],"about":[{"href":"https:\/\/academia.utp.edu.co\/grupobasicoclinicayaplicadas\/wp-json\/wp\/v2\/types\/page"}],"author":[{"embeddable":true,"href":"https:\/\/academia.utp.edu.co\/grupobasicoclinicayaplicadas\/wp-json\/wp\/v2\/users\/15"}],"replies":[{"embeddable":true,"href":"https:\/\/academia.utp.edu.co\/grupobasicoclinicayaplicadas\/wp-json\/wp\/v2\/comments?post=505"}],"version-history":[{"count":26,"href":"https:\/\/academia.utp.edu.co\/grupobasicoclinicayaplicadas\/wp-json\/wp\/v2\/pages\/505\/revisions"}],"predecessor-version":[{"id":5251,"href":"https:\/\/academia.utp.edu.co\/grupobasicoclinicayaplicadas\/wp-json\/wp\/v2\/pages\/505\/revisions\/5251"}],"wp:attachment":[{"href":"https:\/\/academia.utp.edu.co\/grupobasicoclinicayaplicadas\/wp-json\/wp\/v2\/media?parent=505"}],"curies":[{"name":"wp","href":"https:\/\/api.w.org\/{rel}","templated":true}]}}