

{"id":547,"date":"2013-06-05T03:06:39","date_gmt":"2013-06-05T03:06:39","guid":{"rendered":"http:\/\/academia.utp.edu.co\/centromedicinadeportiva\/?page_id=547"},"modified":"2024-08-24T02:00:32","modified_gmt":"2024-08-24T07:00:32","slug":"convocatorias","status":"publish","type":"page","link":"https:\/\/academia.utp.edu.co\/grupobasicoclinicayaplicadas\/convocatorias\/","title":{"rendered":"MINCIENCIAS"},"content":{"rendered":"<h1><a href=\"https:\/\/minciencias.gov.co\/\">MINCIENCIAS<\/p>\n<p><\/a><\/h1>\n<h3><span style=\"color: #008000\"><a style=\"color: #008000\" href=\"https:\/\/academia.utp.edu.co\/grupobasicoclinicayaplicadas\/files\/2013\/06\/RECONOCIMIENTO-Y-MEDICI%C3%93N-DE-GRUPOS-DE-INVESTIGACI%C3%93N-DESARROLLO-TECNOL%C3%93GICO-O-DE-INNOVACI%C3%93N-COLCIENCIAS-2015.pdf\">RECONOCIMIENTO Y MEDICI\u00d3N DE GRUPOS DE INVESTIGACI\u00d3N, DESARROLLO TECNOL\u00d3GICO O DE INNOVACI\u00d3N &#8211; COLCIENCIAS 2015<\/a><\/span><\/h3>\n<h3><a href=\"https:\/\/academia.utp.edu.co\/grupobasicoclinicayaplicadas\/files\/2013\/06\/Resultados-Preliminares-Convocatoria-Grupos-INVESTIGACI%C3%93N-UTP-2015.pdf\">Resultados Preliminares Convocatoria Grupos INVESTIGACI\u00d3N &#8211; UTP 2015<\/a><\/h3>\n<p><strong><a href=\"http:\/\/www.colciencias.gov.co\/formularios_sigp\">Formulario Digital<\/a>\u00a0para Presentaci\u00f3n de Proyectos<\/strong><\/p>\n","protected":false},"excerpt":{"rendered":"<p>MINCIENCIAS RECONOCIMIENTO Y MEDICI\u00d3N DE GRUPOS DE INVESTIGACI\u00d3N, DESARROLLO TECNOL\u00d3GICO O DE INNOVACI\u00d3N &#8211; COLCIENCIAS 2015 Resultados Preliminares Convocatoria Grupos INVESTIGACI\u00d3N &#8211; UTP 2015 Formulario Digital\u00a0para Presentaci\u00f3n de Proyectos<\/p>\n","protected":false},"author":15,"featured_media":0,"parent":0,"menu_order":0,"comment_status":"closed","ping_status":"closed","template":"","meta":{"footnotes":""},"class_list":["post-547","page","type-page","status-publish","hentry"],"_links":{"self":[{"href":"https:\/\/academia.utp.edu.co\/grupobasicoclinicayaplicadas\/wp-json\/wp\/v2\/pages\/547","targetHints":{"allow":["GET"]}}],"collection":[{"href":"https:\/\/academia.utp.edu.co\/grupobasicoclinicayaplicadas\/wp-json\/wp\/v2\/pages"}],"about":[{"href":"https:\/\/academia.utp.edu.co\/grupobasicoclinicayaplicadas\/wp-json\/wp\/v2\/types\/page"}],"author":[{"embeddable":true,"href":"https:\/\/academia.utp.edu.co\/grupobasicoclinicayaplicadas\/wp-json\/wp\/v2\/users\/15"}],"replies":[{"embeddable":true,"href":"https:\/\/academia.utp.edu.co\/grupobasicoclinicayaplicadas\/wp-json\/wp\/v2\/comments?post=547"}],"version-history":[{"count":30,"href":"https:\/\/academia.utp.edu.co\/grupobasicoclinicayaplicadas\/wp-json\/wp\/v2\/pages\/547\/revisions"}],"predecessor-version":[{"id":6307,"href":"https:\/\/academia.utp.edu.co\/grupobasicoclinicayaplicadas\/wp-json\/wp\/v2\/pages\/547\/revisions\/6307"}],"wp:attachment":[{"href":"https:\/\/academia.utp.edu.co\/grupobasicoclinicayaplicadas\/wp-json\/wp\/v2\/media?parent=547"}],"curies":[{"name":"wp","href":"https:\/\/api.w.org\/{rel}","templated":true}]}}