

{"id":6346,"date":"2024-08-24T05:49:57","date_gmt":"2024-08-24T10:49:57","guid":{"rendered":"https:\/\/academia.utp.edu.co\/grupobasicoclinicayaplicadas\/?page_id=6346"},"modified":"2024-08-24T05:49:59","modified_gmt":"2024-08-24T10:49:59","slug":"documentos-de-interes","status":"publish","type":"page","link":"https:\/\/academia.utp.edu.co\/grupobasicoclinicayaplicadas\/documentos-de-interes\/","title":{"rendered":"Documentos de inter\u00e9s"},"content":{"rendered":"\n<div class=\"wp-block-group is-vertical is-layout-flex wp-container-core-group-is-layout-8cf370e7 wp-block-group-is-layout-flex\">\n<div class=\"wp-block-group is-layout-grid wp-container-core-group-is-layout-9649a0d9 wp-block-group-is-layout-grid\">\n<h3 class=\"wp-block-heading\"><a href=\"https:\/\/academia.utp.edu.co\/grupobasicoclinicayaplicadas\/files\/2013\/04\/Acuerdo-No.-28-Consejo-Superior-Actualiza-Normatividad-Fomento-a-la-Investigaci\u00f3n-2017-1.pdf\"><span class=\"has-inline-color has-vivid-cyan-blue-color\">Acuerdo No. 28 Consejo Superior Actualiza Normatividad Fomento a la Investigaci\u00f3n &#8211; 2017-1.<\/span><\/a><\/h3>\n\n\n\n<h3 class=\"wp-block-heading\"><a href=\"https:\/\/academia.utp.edu.co\/grupobasicoclinicayaplicadas\/files\/2013\/04\/Resoluci\u00f3n-de-Rector\u00eda-N\u00b0-651-Fomento-a-la-Investigaci\u00f3n-2017-1.pdf\"><span class=\"has-inline-color has-vivid-cyan-blue-color\">Resoluci\u00f3n de Rector\u00eda N\u00b0 651 Fomento a la Investigaci\u00f3n &#8211; 2017-1<\/span><\/a><\/h3>\n\n\n\n<h3 class=\"wp-block-heading\"><a href=\"https:\/\/academia.utp.edu.co\/grupobasicoclinicayaplicadas\/files\/2013\/04\/Resultados-Preliminares-Medici\u00f3n-grupos-investigaci\u00f3n-781-2-COLCIENCIAS-2017.pdf\"><span class=\"has-inline-color has-vivid-red-color\">Resultados Preliminares Medici\u00f3n grupos investigaci\u00f3n 781 2 COLCIENCIAS &#8211; 2017<\/span><\/a><\/h3>\n\n\n\n<h3 class=\"wp-block-heading\"><strong><a href=\"https:\/\/academia.utp.edu.co\/grupobasicoclinicayaplicadas\/files\/2013\/04\/TipS-PARA-EL-RECONOCIMIENTO-Y-MEDICI\u00d3N-DE-GRUPOS-2017.pdf\"><span style=\"color:#339966\" class=\"has-inline-color\">TIPS PARA EL RECONOCIMIENTO Y MEDICI\u00d3N DE GRUPOS-2017<\/span><\/a><\/strong><\/h3>\n\n\n\n<h3 class=\"wp-block-heading\"><a href=\"https:\/\/academia.utp.edu.co\/grupobasicoclinicayaplicadas\/files\/2013\/04\/PUBLICACI\u00d3N-RESULTADOS-CONVOCATORIA-S\u00c9PTIMO-ENCUENTRO-DEPARTAMENTAL-DE-SEMILLEROS-DE-INVESTIGACI\u00d3N-DE-RISARALDA-A\u00d1O-2017.pdf\"><span class=\"has-inline-color has-black-color\">PUBLICACI\u00d3N RESULTADOS CONVOCATORIA S\u00c9PTIMO ENCUENTRO DEPARTAMENTAL DE SEMILLEROS DE INVESTIGACI\u00d3N DE RISARALDA A\u00d1O 2017<\/span><\/a><\/h3>\n\n\n\n<h3 class=\"wp-block-heading\"><a href=\"https:\/\/academia.utp.edu.co\/grupobasicoclinicayaplicadas\/files\/2013\/04\/CONVOCATORIA-VII-ENCUENTRO-DE-SEMILLEROS-RISARALDA-17-Mayo-2017.pdf\"><span class=\"has-inline-color has-vivid-cyan-blue-color\">CONVOCATORIA VII ENCUENTRO DE SEMILLEROS RISARALDA &#8211; 17 Mayo 2017<\/span><\/a><\/h3>\n\n\n\n<h3 class=\"wp-block-heading\"><a href=\"https:\/\/academia.utp.edu.co\/grupobasicoclinicayaplicadas\/files\/2013\/04\/Listado-resultados-finales-convocatoria-693-de-2014-grupos-20-de-abril-de-2015-consulta.pdf\"><span class=\"has-inline-color has-vivid-cyan-blue-color\">Listado resultados finales convocatoria 693 de 2014 grupos 20 de abril de 2015 consulta<\/span><\/a>&nbsp; Pg 89<\/h3>\n\n\n\n<p><strong><a href=\"http:\/\/www.colciencias.gov.co\/sites\/default\/files\/upload\/documents\/listado_resultados_finales_-_convocatoria_693_de_2014_-_grupos_-_20_de_abril_de_2015_-_consulta.pdf\" target=\"_blank\" rel=\"noreferrer noopener\">http:\/\/www.colciencias.gov.co\/sites\/default\/files\/upload\/documents\/listado_resultados_finales_-_convocatoria_693_de_2014_-_grupos_-_20_de_abril_de_2015_-_consulta.pdf<\/a><\/strong><\/p>\n\n\n\n<h3 class=\"wp-block-heading\"><a href=\"https:\/\/academia.utp.edu.co\/grupobasicoclinicayaplicadas\/files\/2013\/04\/Grupos-UTP-Reconocidos-por-Colciencias-2015.pdf\"><span class=\"has-inline-color has-vivid-cyan-blue-color\">Grupos UTP Reconocidos por Colciencias 2015<\/span><\/a>  Pg 2<\/h3>\n\n\n\n<h3 class=\"wp-block-heading\"><a href=\"https:\/\/academia.utp.edu.co\/grupobasicoclinicayaplicadas\/files\/2013\/04\/GrupLac-BASICO-CLINICA-Y-APLICADAS.pdf\"><span class=\"has-inline-color has-vivid-cyan-blue-color\">GrupLac BASICO-CLINICA Y APLICADAS<\/span><\/a><\/h3>\n\n\n\n<h3 class=\"wp-block-heading\"><a href=\"https:\/\/academia.utp.edu.co\/grupobasicoclinicayaplicadas\/files\/2013\/04\/REGLAMENTA-LOS-TRABAJOS-DE-GRADO-PREGRADO-Acuerdo12-TG-20ago2015.pdf\"><span class=\"has-inline-color has-vivid-cyan-blue-color\">REGLAMENTA LOS TRABAJOS DE GRADO &#8211; PREGRADO Acuerdo12-TG-20ago2015<\/span><\/a><\/h3>\n\n\n\n<h3 class=\"wp-block-heading\"><a href=\"https:\/\/academia.utp.edu.co\/grupobasicoclinicayaplicadas\/files\/2013\/04\/MANUAL-B\u00c1SICO-DE-IDENTIDAD-UTP.pdf\"><span style=\"color:#339966\" class=\"has-inline-color\">MANUAL B\u00c1SICO DE IDENTIDAD UTP<\/span><\/a><\/h3>\n\n\n\n<h3 class=\"wp-block-heading\"><a href=\"https:\/\/academia.utp.edu.co\/grupobasicoclinicayaplicadas\/files\/2013\/04\/REGULACION-MIGRATORIA-DE-EXTRANJEROS-EN-LA-UNIVERSIDAD-TECNOL\u00d3GICA-DE-PEREIRA.pdf\"><span class=\"has-inline-color has-vivid-cyan-blue-color\">REGULACI\u00d3N MIGRATORIA DE EXTRANJEROS EN LA UNIVERSIDAD TECNOL\u00d3GICA DE PEREIRA<\/span><\/a><\/h3>\n<\/div>\n\n\n\n<h2 class=\"wp-block-heading\"><img loading=\"lazy\" decoding=\"async\" width=\"300\" height=\"73\" src=\"https:\/\/academia.utp.edu.co\/grupobasicoclinicayaplicadas\/files\/2013\/04\/BECAS-OEA-300x73.jpg\" alt=\"BECAS OEA\"><\/h2>\n<\/div>\n\n\n\n<figure class=\"wp-block-image\"><a href=\"http:\/\/www.auip.org\/es\/\" target=\"_blank\" rel=\"noreferrer noopener\"><img loading=\"lazy\" decoding=\"async\" width=\"300\" height=\"53\" src=\"https:\/\/academia.utp.edu.co\/grupobasicoclinicayaplicadas\/files\/2013\/04\/logo-auip-BECAS-PARA-CURSAR-M\u00c1STERES-OFICIALES-EN-UNIVERSIDADES-ESPA\u00d1OLAS-300x53.jpg\" alt=\"logo auip BECAS PARA CURSAR M\u00c1STERES OFICIALES EN UNIVERSIDADES ESPA\u00d1OLAS\" class=\"wp-image-3061\" srcset=\"https:\/\/academia.utp.edu.co\/grupobasicoclinicayaplicadas\/files\/2013\/04\/logo-auip-BECAS-PARA-CURSAR-M\u00c1STERES-OFICIALES-EN-UNIVERSIDADES-ESPA\u00d1OLAS-300x53.jpg 300w, https:\/\/academia.utp.edu.co\/grupobasicoclinicayaplicadas\/files\/2013\/04\/logo-auip-BECAS-PARA-CURSAR-M\u00c1STERES-OFICIALES-EN-UNIVERSIDADES-ESPA\u00d1OLAS-250x44.jpg 250w, https:\/\/academia.utp.edu.co\/grupobasicoclinicayaplicadas\/files\/2013\/04\/logo-auip-BECAS-PARA-CURSAR-M\u00c1STERES-OFICIALES-EN-UNIVERSIDADES-ESPA\u00d1OLAS.jpg 490w\" sizes=\"auto, (max-width: 300px) 100vw, 300px\" \/><\/a><\/figure>\n\n\n\n<p><\/p>\n","protected":false},"excerpt":{"rendered":"<p>Acuerdo No. 28 Consejo Superior Actualiza Normatividad Fomento a la Investigaci\u00f3n &#8211; 2017-1. Resoluci\u00f3n de Rector\u00eda N\u00b0 651 Fomento a la Investigaci\u00f3n &#8211; 2017-1 Resultados Preliminares Medici\u00f3n grupos investigaci\u00f3n 781 2 COLCIENCIAS &#8211; 2017 TIPS PARA EL RECONOCIMIENTO Y MEDICI\u00d3N [&hellip;]<\/p>\n","protected":false},"author":15,"featured_media":0,"parent":0,"menu_order":0,"comment_status":"closed","ping_status":"closed","template":"","meta":{"footnotes":""},"class_list":["post-6346","page","type-page","status-publish","hentry"],"_links":{"self":[{"href":"https:\/\/academia.utp.edu.co\/grupobasicoclinicayaplicadas\/wp-json\/wp\/v2\/pages\/6346","targetHints":{"allow":["GET"]}}],"collection":[{"href":"https:\/\/academia.utp.edu.co\/grupobasicoclinicayaplicadas\/wp-json\/wp\/v2\/pages"}],"about":[{"href":"https:\/\/academia.utp.edu.co\/grupobasicoclinicayaplicadas\/wp-json\/wp\/v2\/types\/page"}],"author":[{"embeddable":true,"href":"https:\/\/academia.utp.edu.co\/grupobasicoclinicayaplicadas\/wp-json\/wp\/v2\/users\/15"}],"replies":[{"embeddable":true,"href":"https:\/\/academia.utp.edu.co\/grupobasicoclinicayaplicadas\/wp-json\/wp\/v2\/comments?post=6346"}],"version-history":[{"count":1,"href":"https:\/\/academia.utp.edu.co\/grupobasicoclinicayaplicadas\/wp-json\/wp\/v2\/pages\/6346\/revisions"}],"predecessor-version":[{"id":6348,"href":"https:\/\/academia.utp.edu.co\/grupobasicoclinicayaplicadas\/wp-json\/wp\/v2\/pages\/6346\/revisions\/6348"}],"wp:attachment":[{"href":"https:\/\/academia.utp.edu.co\/grupobasicoclinicayaplicadas\/wp-json\/wp\/v2\/media?parent=6346"}],"curies":[{"name":"wp","href":"https:\/\/api.w.org\/{rel}","templated":true}]}}