
{"id":117,"date":"2014-04-29T15:17:19","date_gmt":"2014-04-29T20:17:19","guid":{"rendered":"http:\/\/academia.utp.edu.co\/hbcano\/?page_id=117"},"modified":"2014-05-02T08:12:55","modified_gmt":"2014-05-02T13:12:55","slug":"presentacion","status":"publish","type":"page","link":"https:\/\/academia.utp.edu.co\/hbcano\/","title":{"rendered":"Inicio"},"content":{"rendered":"<h2><strong>Blog\u00a0Acad\u00e9mico\u00a0de Hugo B. Cano Garz\u00f3n<\/strong><\/h2>\n<p>Tecn\u00f3logo en Electricidad, UTP (1985)<\/p>\n<p>Ingeniero Electricista, UTP (1999)<\/p>\n<p>Especialista en Gerencia de Tecnolog\u00eda, UTP-EAN (2001)<\/p>\n<p>Mag\u00edster en Instrumentaci\u00f3n F\u00edsica, UTP (2011)<\/p>\n","protected":false},"excerpt":{"rendered":"<p>Blog\u00a0Acad\u00e9mico\u00a0de Hugo B. Cano Garz\u00f3n Tecn\u00f3logo en Electricidad, UTP (1985) Ingeniero Electricista, UTP (1999) Especialista en Gerencia de Tecnolog\u00eda, UTP-EAN (2001) Mag\u00edster en Instrumentaci\u00f3n F\u00edsica, UTP (2011)<\/p>\n","protected":false},"author":57,"featured_media":0,"parent":0,"menu_order":0,"comment_status":"open","ping_status":"open","template":"","meta":{"footnotes":""},"class_list":["post-117","page","type-page","status-publish","hentry"],"_links":{"self":[{"href":"https:\/\/academia.utp.edu.co\/hbcano\/wp-json\/wp\/v2\/pages\/117","targetHints":{"allow":["GET"]}}],"collection":[{"href":"https:\/\/academia.utp.edu.co\/hbcano\/wp-json\/wp\/v2\/pages"}],"about":[{"href":"https:\/\/academia.utp.edu.co\/hbcano\/wp-json\/wp\/v2\/types\/page"}],"author":[{"embeddable":true,"href":"https:\/\/academia.utp.edu.co\/hbcano\/wp-json\/wp\/v2\/users\/57"}],"replies":[{"embeddable":true,"href":"https:\/\/academia.utp.edu.co\/hbcano\/wp-json\/wp\/v2\/comments?post=117"}],"version-history":[{"count":4,"href":"https:\/\/academia.utp.edu.co\/hbcano\/wp-json\/wp\/v2\/pages\/117\/revisions"}],"predecessor-version":[{"id":125,"href":"https:\/\/academia.utp.edu.co\/hbcano\/wp-json\/wp\/v2\/pages\/117\/revisions\/125"}],"wp:attachment":[{"href":"https:\/\/academia.utp.edu.co\/hbcano\/wp-json\/wp\/v2\/media?parent=117"}],"curies":[{"name":"wp","href":"https:\/\/api.w.org\/{rel}","templated":true}]}}