
{"id":63,"date":"2014-04-29T19:23:16","date_gmt":"2014-04-29T19:23:16","guid":{"rendered":"http:\/\/academia.utp.edu.co\/hbcano\/?page_id=63"},"modified":"2014-05-02T08:13:38","modified_gmt":"2014-05-02T13:13:38","slug":"redes-de-datos","status":"publish","type":"page","link":"https:\/\/academia.utp.edu.co\/hbcano\/redes-de-datos\/","title":{"rendered":"Redes de Datos"},"content":{"rendered":"<p><a href=\"https:\/\/academia.utp.edu.co\/hbcano\/files\/2014\/04\/OSI-de-ISO.doc\">Modelo OSI\/ISO<\/a><\/p>\n<p><a href=\"https:\/\/academia.utp.edu.co\/hbcano\/files\/2014\/04\/PCM.pdf\">PCM<\/a><\/p>\n<p><a href=\"https:\/\/academia.utp.edu.co\/hbcano\/files\/2014\/04\/Codigo_HDB3.pdf\">C\u00f3digos de linea<\/a><\/p>\n<p><a href=\"https:\/\/academia.utp.edu.co\/hbcano\/files\/2014\/04\/telefonia1.ppt\">Red Telef\u00f3nica<\/a><\/p>\n<p><a href=\"https:\/\/academia.utp.edu.co\/hbcano\/files\/2014\/04\/cabledirecto.pdf\">Construcci\u00f3n cable directo<\/a><\/p>\n<p><a href=\"https:\/\/academia.utp.edu.co\/hbcano\/files\/2014\/04\/fibra.ppt\">Fibra \u00d3ptica<\/a><\/p>\n<p><a href=\"https:\/\/academia.utp.edu.co\/hbcano\/files\/2014\/04\/Tabla-html.xls\">Tabla c\u00f3digo HTML<\/a><\/p>\n<p>Practicas:\u00a0<a href=\"https:\/\/academia.utp.edu.co\/hbcano\/files\/2014\/04\/Pract1-TCP-IP.doc\">1<\/a>\u00a0<a href=\"https:\/\/academia.utp.edu.co\/hbcano\/files\/2014\/04\/Pract2-ping.doc\">2<\/a>\u00a0<a href=\"https:\/\/academia.utp.edu.co\/hbcano\/files\/2014\/04\/Pract3-Direccionamiento.doc\">3<\/a>\u00a0<a href=\"https:\/\/academia.utp.edu.co\/hbcano\/files\/2014\/04\/Pract4-DHCP.doc\">4<\/a>\u00a0<a href=\"https:\/\/academia.utp.edu.co\/hbcano\/files\/2014\/04\/Pract5-ARP.doc\">5<\/a>\u00a0<a href=\"https:\/\/academia.utp.edu.co\/hbcano\/files\/2014\/04\/Pract6-Subneting.doc\">6<\/a><\/p>\n","protected":false},"excerpt":{"rendered":"<p>Modelo OSI\/ISO PCM C\u00f3digos de linea Red Telef\u00f3nica Construcci\u00f3n cable directo Fibra \u00d3ptica Tabla c\u00f3digo HTML Practicas:\u00a01\u00a02\u00a03\u00a04\u00a05\u00a06<\/p>\n","protected":false},"author":57,"featured_media":0,"parent":0,"menu_order":0,"comment_status":"open","ping_status":"open","template":"","meta":{"footnotes":""},"class_list":["post-63","page","type-page","status-publish","hentry"],"_links":{"self":[{"href":"https:\/\/academia.utp.edu.co\/hbcano\/wp-json\/wp\/v2\/pages\/63","targetHints":{"allow":["GET"]}}],"collection":[{"href":"https:\/\/academia.utp.edu.co\/hbcano\/wp-json\/wp\/v2\/pages"}],"about":[{"href":"https:\/\/academia.utp.edu.co\/hbcano\/wp-json\/wp\/v2\/types\/page"}],"author":[{"embeddable":true,"href":"https:\/\/academia.utp.edu.co\/hbcano\/wp-json\/wp\/v2\/users\/57"}],"replies":[{"embeddable":true,"href":"https:\/\/academia.utp.edu.co\/hbcano\/wp-json\/wp\/v2\/comments?post=63"}],"version-history":[{"count":2,"href":"https:\/\/academia.utp.edu.co\/hbcano\/wp-json\/wp\/v2\/pages\/63\/revisions"}],"predecessor-version":[{"id":137,"href":"https:\/\/academia.utp.edu.co\/hbcano\/wp-json\/wp\/v2\/pages\/63\/revisions\/137"}],"wp:attachment":[{"href":"https:\/\/academia.utp.edu.co\/hbcano\/wp-json\/wp\/v2\/media?parent=63"}],"curies":[{"name":"wp","href":"https:\/\/api.w.org\/{rel}","templated":true}]}}