{"id":149,"date":"2026-03-31T13:46:25","date_gmt":"2026-03-31T18:46:25","guid":{"rendered":"https:\/\/academia.utp.edu.co\/huellas-digitales\/?page_id=149"},"modified":"2026-04-06T12:34:15","modified_gmt":"2026-04-06T17:34:15","slug":"proyectos-2","status":"publish","type":"page","link":"https:\/\/academia.utp.edu.co\/huellas-digitales\/proyectos-2\/","title":{"rendered":"PROYECTOS"},"content":{"rendered":"\n<hr class=\"wp-block-separator has-alpha-channel-opacity is-style-wide\" \/>\n\n\n\n<h2 class=\"wp-block-heading\"><strong><a href=\"https:\/\/academia.utp.edu.co\/huellas-digitales\/desarrollo-de-un-modulo-didactico-de-software-scada-para-la-formacion-tecnica-en-sistemas-de-supervision-y-control\/\" data-type=\"page\" data-id=\"155\">DESARROLLO DE UN M\u00d3DULO DID\u00c1CTICO DE SOFTWARE SCADA PARA LA FORMACI\u00d3N T\u00c9CNICA EN SISTEMAS DE SUPERVISI\u00d3N Y CONTROL<\/a><\/strong><\/h2>\n\n\n\n<hr class=\"wp-block-separator has-alpha-channel-opacity is-style-wide\" \/>\n\n\n\n<p><\/p>\n","protected":false},"excerpt":{"rendered":"<p>DESARROLLO DE UN M\u00d3DULO DID\u00c1CTICO DE SOFTWARE SCADA PARA LA FORMACI\u00d3N T\u00c9CNICA EN SISTEMAS DE SUPERVISI\u00d3N Y CONTROL<\/p>\n","protected":false},"author":1983,"featured_media":0,"parent":0,"menu_order":0,"comment_status":"closed","ping_status":"closed","template":"","meta":{"footnotes":""},"class_list":["post-149","page","type-page","status-publish","hentry"],"_links":{"self":[{"href":"https:\/\/academia.utp.edu.co\/huellas-digitales\/wp-json\/wp\/v2\/pages\/149","targetHints":{"allow":["GET"]}}],"collection":[{"href":"https:\/\/academia.utp.edu.co\/huellas-digitales\/wp-json\/wp\/v2\/pages"}],"about":[{"href":"https:\/\/academia.utp.edu.co\/huellas-digitales\/wp-json\/wp\/v2\/types\/page"}],"author":[{"embeddable":true,"href":"https:\/\/academia.utp.edu.co\/huellas-digitales\/wp-json\/wp\/v2\/users\/1983"}],"replies":[{"embeddable":true,"href":"https:\/\/academia.utp.edu.co\/huellas-digitales\/wp-json\/wp\/v2\/comments?post=149"}],"version-history":[{"count":4,"href":"https:\/\/academia.utp.edu.co\/huellas-digitales\/wp-json\/wp\/v2\/pages\/149\/revisions"}],"predecessor-version":[{"id":159,"href":"https:\/\/academia.utp.edu.co\/huellas-digitales\/wp-json\/wp\/v2\/pages\/149\/revisions\/159"}],"wp:attachment":[{"href":"https:\/\/academia.utp.edu.co\/huellas-digitales\/wp-json\/wp\/v2\/media?parent=149"}],"curies":[{"name":"wp","href":"https:\/\/api.w.org\/{rel}","templated":true}]}}