{"id":17,"date":"2026-03-27T10:34:43","date_gmt":"2026-03-27T15:34:43","guid":{"rendered":"https:\/\/academia.utp.edu.co\/huellas-digitales\/?page_id=17"},"modified":"2026-04-16T19:56:24","modified_gmt":"2026-04-17T00:56:24","slug":"proyectos","status":"publish","type":"page","link":"https:\/\/academia.utp.edu.co\/huellas-digitales\/proyectos\/","title":{"rendered":"ACTIVIDADES"},"content":{"rendered":"\n<p>El semillero desarrolla proyectos de investigaci\u00f3n enfocados en sus l\u00edneas de trabajo, permitiendo a los estudiantes aplicar conocimientos te\u00f3ricos en contextos reales.&nbsp;<\/p>\n\n\n\n<hr class=\"wp-block-separator has-alpha-channel-opacity is-style-wide\" \/>\n\n\n\n<div class=\"wp-block-columns is-layout-flex wp-container-core-columns-is-layout-28f84493 wp-block-columns-is-layout-flex\">\n<div class=\"wp-block-column is-layout-flow wp-block-column-is-layout-flow\" style=\"flex-basis:66.66%\">\n<figure class=\"wp-block-image size-large\"><img loading=\"lazy\" decoding=\"async\" width=\"1024\" height=\"547\" src=\"https:\/\/academia.utp.edu.co\/huellas-digitales\/files\/2026\/03\/Interfaz-1-1024x547.png\" alt=\"\" class=\"wp-image-141\" srcset=\"https:\/\/academia.utp.edu.co\/huellas-digitales\/files\/2026\/03\/Interfaz-1-1024x547.png 1024w, https:\/\/academia.utp.edu.co\/huellas-digitales\/files\/2026\/03\/Interfaz-1-300x160.png 300w, https:\/\/academia.utp.edu.co\/huellas-digitales\/files\/2026\/03\/Interfaz-1-768x411.png 768w, https:\/\/academia.utp.edu.co\/huellas-digitales\/files\/2026\/03\/Interfaz-1.png 1257w\" sizes=\"auto, (max-width: 1024px) 100vw, 1024px\" \/><\/figure>\n\n\n\n<div class=\"wp-block-buttons alignfull is-content-justification-center is-layout-flex wp-container-core-buttons-is-layout-1fb448e7 wp-block-buttons-is-layout-flex\">\n<div class=\"wp-block-button\"><a class=\"wp-block-button__link wp-element-button\" href=\"https:\/\/academia.utp.edu.co\/huellas-digitales\/proyecto-1\/\">VER MAS<\/a><\/div>\n<\/div>\n<\/div>\n\n\n\n<div class=\"wp-block-column is-vertically-aligned-center is-layout-flow wp-block-column-is-layout-flow\" style=\"flex-basis:33.33%\">\n<p><strong><a href=\"https:\/\/academia.utp.edu.co\/huellas-digitales\/proyecto-1\/\" data-type=\"page\" data-id=\"19\">Ecosistema de simulaci\u00f3n para el control din\u00e1mico y monitoreo de seguridad de un manipulador rob\u00f3tico de 6 GDL&nbsp;<\/a><\/strong><\/p>\n\n\n\n<p>Desarrollo de un ecosistema de software para la visualizaci\u00f3n, monitoreo y an\u00e1lisis del comportamiento din\u00e1mico de un robot de 6 grados de libertad en entornos virtuales.<\/p>\n<\/div>\n<\/div>\n\n\n\n<hr class=\"wp-block-separator has-alpha-channel-opacity is-style-wide\" \/>\n\n\n\n<div class=\"wp-block-columns is-layout-flex wp-container-core-columns-is-layout-28f84493 wp-block-columns-is-layout-flex\">\n<div class=\"wp-block-column is-layout-flow wp-block-column-is-layout-flow\" style=\"flex-basis:66.66%\">\n<figure class=\"wp-block-image size-full\"><img loading=\"lazy\" decoding=\"async\" width=\"894\" height=\"595\" src=\"https:\/\/academia.utp.edu.co\/huellas-digitales\/files\/2026\/04\/Inicio.jpg\" alt=\"\" class=\"wp-image-180\" srcset=\"https:\/\/academia.utp.edu.co\/huellas-digitales\/files\/2026\/04\/Inicio.jpg 894w, https:\/\/academia.utp.edu.co\/huellas-digitales\/files\/2026\/04\/Inicio-300x200.jpg 300w, https:\/\/academia.utp.edu.co\/huellas-digitales\/files\/2026\/04\/Inicio-768x511.jpg 768w, https:\/\/academia.utp.edu.co\/huellas-digitales\/files\/2026\/04\/Inicio-360x240.jpg 360w\" sizes=\"auto, (max-width: 894px) 100vw, 894px\" \/><\/figure>\n\n\n\n<div class=\"wp-block-buttons alignfull is-content-justification-center is-layout-flex wp-container-core-buttons-is-layout-1fb448e7 wp-block-buttons-is-layout-flex\">\n<div class=\"wp-block-button\"><a class=\"wp-block-button__link wp-element-button\" href=\"https:\/\/academia.utp.edu.co\/huellas-digitales\/desarrollo-de-un-entorno-interactivo-para-la-simulacion-de-sistemas-ladder\/\">VER MAS<\/a><\/div>\n<\/div>\n<\/div>\n\n\n\n<div class=\"wp-block-column is-vertically-aligned-center is-layout-flow wp-block-column-is-layout-flow\" style=\"flex-basis:33.33%\">\n<p><a href=\"https:\/\/academia.utp.edu.co\/huellas-digitales\/desarrollo-de-un-entorno-interactivo-para-la-simulacion-de-sistemas-ladder\/\" data-type=\"page\" data-id=\"134\">Simulador Open-Source de L\u00f3gica de Escalera: Cerrando la Brecha entre la Teor\u00eda y la Pr\u00e1ctica en la Educaci\u00f3n en Automatizaci\u00f3n Industrial<\/a><\/p>\n\n\n\n<p>Desarrollo de un entorno interactivo de software para la simulaci\u00f3n, visualizaci\u00f3n y an\u00e1lisis del comportamiento l\u00f3gico de sistemas de control basados en l\u00f3gica de escalera (LADDER) en entornos virtuales.<\/p>\n<\/div>\n<\/div>\n\n\n\n<p><\/p>\n","protected":false},"excerpt":{"rendered":"<p>El semillero desarrolla proyectos de investigaci\u00f3n enfocados en sus l\u00edneas de trabajo, permitiendo a los estudiantes aplicar conocimientos te\u00f3ricos en contextos reales.&nbsp; Ecosistema de simulaci\u00f3n para el control din\u00e1mico y monitoreo de seguridad de un manipulador rob\u00f3tico de 6 GDL&nbsp; Desarrollo de un ecosistema de software para la visualizaci\u00f3n, monitoreo [&hellip;]<\/p>\n","protected":false},"author":1983,"featured_media":0,"parent":0,"menu_order":0,"comment_status":"closed","ping_status":"closed","template":"","meta":{"footnotes":""},"class_list":["post-17","page","type-page","status-publish","hentry"],"_links":{"self":[{"href":"https:\/\/academia.utp.edu.co\/huellas-digitales\/wp-json\/wp\/v2\/pages\/17","targetHints":{"allow":["GET"]}}],"collection":[{"href":"https:\/\/academia.utp.edu.co\/huellas-digitales\/wp-json\/wp\/v2\/pages"}],"about":[{"href":"https:\/\/academia.utp.edu.co\/huellas-digitales\/wp-json\/wp\/v2\/types\/page"}],"author":[{"embeddable":true,"href":"https:\/\/academia.utp.edu.co\/huellas-digitales\/wp-json\/wp\/v2\/users\/1983"}],"replies":[{"embeddable":true,"href":"https:\/\/academia.utp.edu.co\/huellas-digitales\/wp-json\/wp\/v2\/comments?post=17"}],"version-history":[{"count":7,"href":"https:\/\/academia.utp.edu.co\/huellas-digitales\/wp-json\/wp\/v2\/pages\/17\/revisions"}],"predecessor-version":[{"id":182,"href":"https:\/\/academia.utp.edu.co\/huellas-digitales\/wp-json\/wp\/v2\/pages\/17\/revisions\/182"}],"wp:attachment":[{"href":"https:\/\/academia.utp.edu.co\/huellas-digitales\/wp-json\/wp\/v2\/media?parent=17"}],"curies":[{"name":"wp","href":"https:\/\/api.w.org\/{rel}","templated":true}]}}