{"id":2,"date":"2026-03-27T14:41:02","date_gmt":"2026-03-27T13:41:02","guid":{"rendered":"https:\/\/academia.utp.edu.co\/huellas-digitales\/?page_id=2"},"modified":"2026-04-16T19:44:13","modified_gmt":"2026-04-17T00:44:13","slug":"inicio","status":"publish","type":"page","link":"https:\/\/academia.utp.edu.co\/huellas-digitales\/inicio\/","title":{"rendered":"\u00bfQUIENES SOMOS?"},"content":{"rendered":"\n<h2 class=\"wp-block-heading\">HUELLAS SOBRE SISTEMAS DIGITALES Y MANTENIBILIDAD<\/h2>\n\n\n\n<p>Somos un espacio acad\u00e9mico de la Universidad Tecnol\u00f3gica de Pereira dedicado a la formaci\u00f3n investigativa, donde promovemos el pensamiento cr\u00edtico, la innovaci\u00f3n y la generaci\u00f3n de nuevo conocimiento en el \u00e1rea de los sistemas digitales y la mantenibilidad. Nuestro semillero busca fortalecer las capacidades de los estudiantes mediante el desarrollo de proyectos, el trabajo colaborativo y la participaci\u00f3n activa en procesos acad\u00e9micos e investigativos.<\/p>\n\n\n\n<div class=\"wp-block-columns is-layout-flex wp-container-core-columns-is-layout-28f84493 wp-block-columns-is-layout-flex\">\n<div class=\"wp-block-column is-layout-flow wp-block-column-is-layout-flow\" style=\"flex-basis:33.33%\">\n<figure class=\"wp-block-image size-full is-resized\"><img loading=\"lazy\" decoding=\"async\" width=\"950\" height=\"611\" src=\"https:\/\/academia.utp.edu.co\/huellas-digitales\/files\/2026\/03\/logo-utp-1.png\" alt=\"\" class=\"wp-image-13\" style=\"aspect-ratio:1.55497064183033;width:308px;height:auto\" srcset=\"https:\/\/academia.utp.edu.co\/huellas-digitales\/files\/2026\/03\/logo-utp-1.png 950w, https:\/\/academia.utp.edu.co\/huellas-digitales\/files\/2026\/03\/logo-utp-1-300x193.png 300w, https:\/\/academia.utp.edu.co\/huellas-digitales\/files\/2026\/03\/logo-utp-1-768x494.png 768w\" sizes=\"auto, (max-width: 950px) 100vw, 950px\" \/><\/figure>\n<\/div>\n\n\n\n<div class=\"wp-block-column is-layout-flow wp-block-column-is-layout-flow\" style=\"flex-basis:66.66%\">\n<p>Nuestro semillero se desarrolla en el marco acad\u00e9mico de la Universidad Tecnol\u00f3gica de Pereira, una instituci\u00f3n reconocida por su compromiso con la excelencia educativa, la investigaci\u00f3n y la proyecci\u00f3n social.<\/p>\n\n\n\n<p>A trav\u00e9s de este espacio, se promueve la formaci\u00f3n integral de los estudiantes, fortaleciendo sus competencias investigativas y su capacidad para aportar soluciones a problem\u00e1ticas reales desde el conocimiento.<\/p>\n<\/div>\n<\/div>\n\n\n\n<div class=\"wp-block-columns is-layout-flex wp-container-core-columns-is-layout-28f84493 wp-block-columns-is-layout-flex\">\n<div class=\"wp-block-column is-vertically-aligned-center is-layout-flow wp-block-column-is-layout-flow\" style=\"flex-basis:33.33%\"><div class=\"wp-block-image\">\n<figure class=\"aligncenter size-large\"><img loading=\"lazy\" decoding=\"async\" width=\"1024\" height=\"244\" src=\"https:\/\/academia.utp.edu.co\/huellas-digitales\/files\/2026\/03\/gseea-1024x244.png\" alt=\"\" class=\"wp-image-15\" srcset=\"https:\/\/academia.utp.edu.co\/huellas-digitales\/files\/2026\/03\/gseea-1024x244.png 1024w, https:\/\/academia.utp.edu.co\/huellas-digitales\/files\/2026\/03\/gseea-300x72.png 300w, https:\/\/academia.utp.edu.co\/huellas-digitales\/files\/2026\/03\/gseea-768x183.png 768w, https:\/\/academia.utp.edu.co\/huellas-digitales\/files\/2026\/03\/gseea-1536x366.png 1536w, https:\/\/academia.utp.edu.co\/huellas-digitales\/files\/2026\/03\/gseea-2048x489.png 2048w\" sizes=\"auto, (max-width: 1024px) 100vw, 1024px\" \/><\/figure>\n<\/div><\/div>\n\n\n\n<div class=\"wp-block-column is-layout-flow wp-block-column-is-layout-flow\" style=\"flex-basis:66.66%\">\n<p>Hacemos parte del Grupo de Investigaci\u00f3n en Gesti\u00f3n de Sistemas El\u00e9ctricos, Electr\u00f3nicos y Autom\u00e1ticos, lo que permite a sus integrantes vincularse a procesos investigativos consolidados y participar en el desarrollo de proyectos en \u00e1reas afines.<\/p>\n\n\n\n<p class=\"has-text-align-left\">Esta articulaci\u00f3n fortalece la formaci\u00f3n acad\u00e9mica, promueve el trabajo interdisciplinario y facilita la aplicaci\u00f3n de conocimientos en contextos reales, especialmente en el \u00e1mbito de los sistemas digitales y la mantenibilidad.<\/p>\n<\/div>\n<\/div>\n\n\n\n<p><\/p>\n","protected":false},"excerpt":{"rendered":"<p>HUELLAS SOBRE SISTEMAS DIGITALES Y MANTENIBILIDAD Somos un espacio acad\u00e9mico de la Universidad Tecnol\u00f3gica de Pereira dedicado a la formaci\u00f3n investigativa, donde promovemos el pensamiento cr\u00edtico, la innovaci\u00f3n y la generaci\u00f3n de nuevo conocimiento en el \u00e1rea de los sistemas digitales y la mantenibilidad. Nuestro semillero busca fortalecer las capacidades [&hellip;]<\/p>\n","protected":false},"author":1983,"featured_media":0,"parent":0,"menu_order":0,"comment_status":"closed","ping_status":"closed","template":"","meta":{"footnotes":""},"class_list":["post-2","page","type-page","status-publish","hentry"],"_links":{"self":[{"href":"https:\/\/academia.utp.edu.co\/huellas-digitales\/wp-json\/wp\/v2\/pages\/2","targetHints":{"allow":["GET"]}}],"collection":[{"href":"https:\/\/academia.utp.edu.co\/huellas-digitales\/wp-json\/wp\/v2\/pages"}],"about":[{"href":"https:\/\/academia.utp.edu.co\/huellas-digitales\/wp-json\/wp\/v2\/types\/page"}],"author":[{"embeddable":true,"href":"https:\/\/academia.utp.edu.co\/huellas-digitales\/wp-json\/wp\/v2\/users\/1983"}],"replies":[{"embeddable":true,"href":"https:\/\/academia.utp.edu.co\/huellas-digitales\/wp-json\/wp\/v2\/comments?post=2"}],"version-history":[{"count":9,"href":"https:\/\/academia.utp.edu.co\/huellas-digitales\/wp-json\/wp\/v2\/pages\/2\/revisions"}],"predecessor-version":[{"id":177,"href":"https:\/\/academia.utp.edu.co\/huellas-digitales\/wp-json\/wp\/v2\/pages\/2\/revisions\/177"}],"wp:attachment":[{"href":"https:\/\/academia.utp.edu.co\/huellas-digitales\/wp-json\/wp\/v2\/media?parent=2"}],"curies":[{"name":"wp","href":"https:\/\/api.w.org\/{rel}","templated":true}]}}