{"id":30,"date":"2026-03-27T11:06:43","date_gmt":"2026-03-27T16:06:43","guid":{"rendered":"https:\/\/academia.utp.edu.co\/huellas-digitales\/?page_id=30"},"modified":"2026-04-19T12:59:06","modified_gmt":"2026-04-19T17:59:06","slug":"eventos","status":"publish","type":"page","link":"https:\/\/academia.utp.edu.co\/huellas-digitales\/eventos\/","title":{"rendered":"EVENTOS"},"content":{"rendered":"\n<p>Espacio destinado a la divulgaci\u00f3n de actividades acad\u00e9micas, talleres, charlas y encuentros investigativos.&nbsp;<\/p>\n\n\n\n<hr class=\"wp-block-separator has-alpha-channel-opacity is-style-wide\" \/>\n\n\n\n<h2 class=\"wp-block-heading\">TALLER PARA SEMILLERISTAS<\/h2>\n\n\n\n<div class=\"wp-block-columns is-layout-flex wp-container-core-columns-is-layout-28f84493 wp-block-columns-is-layout-flex\">\n<div class=\"wp-block-column is-layout-flow wp-block-column-is-layout-flow\">\n<figure class=\"wp-block-gallery has-nested-images columns-default is-cropped wp-block-gallery-1 is-layout-flex wp-block-gallery-is-layout-flex\">\n<figure class=\"wp-block-image size-large\"><img loading=\"lazy\" decoding=\"async\" width=\"788\" height=\"189\" data-id=\"104\" src=\"https:\/\/academia.utp.edu.co\/huellas-digitales\/files\/2026\/03\/taller-semilleristas.png\" alt=\"\" class=\"wp-image-104\" srcset=\"https:\/\/academia.utp.edu.co\/huellas-digitales\/files\/2026\/03\/taller-semilleristas.png 788w, https:\/\/academia.utp.edu.co\/huellas-digitales\/files\/2026\/03\/taller-semilleristas-300x72.png 300w, https:\/\/academia.utp.edu.co\/huellas-digitales\/files\/2026\/03\/taller-semilleristas-768x184.png 768w\" sizes=\"auto, (max-width: 788px) 100vw, 788px\" \/><\/figure>\n<\/figure>\n\n\n\n<div class=\"wp-block-buttons alignwide is-content-justification-center is-layout-flex wp-container-core-buttons-is-layout-a89b3969 wp-block-buttons-is-layout-flex\">\n<div class=\"wp-block-button\"><a class=\"wp-block-button__link wp-element-button\" href=\"https:\/\/docs.google.com\/forms\/d\/e\/1FAIpQLSf3Qky7id-heIpa6K3VyItkiC67309rDZHQhUQpsQ-9O34zOA\/viewform\" target=\"_blank\" rel=\"noreferrer noopener\">LINK DEL TALLER<\/a><\/div>\n<\/div>\n<\/div>\n\n\n\n<div class=\"wp-block-column is-layout-flow wp-block-column-is-layout-flow\">\n<p>Dirigido a estudiantes de la Universidad Tecnol\u00f3gica de Pereira interesados en pertenecer a Semilleros de Investigaci\u00f3n&nbsp;<\/p>\n<\/div>\n<\/div>\n\n\n\n<hr class=\"wp-block-separator has-alpha-channel-opacity is-style-wide\" \/>\n\n\n\n<h2 class=\"wp-block-heading\">TALLER \u00abINTODUCCI\u00d3N A LA ROB\u00d3TICA\u00bb<\/h2>\n\n\n\n<div class=\"wp-block-columns is-layout-flex wp-container-core-columns-is-layout-28f84493 wp-block-columns-is-layout-flex\">\n<div class=\"wp-block-column is-layout-flow wp-block-column-is-layout-flow\">\n<figure class=\"wp-block-image size-large is-resized\"><img loading=\"lazy\" decoding=\"async\" width=\"819\" height=\"1024\" src=\"https:\/\/academia.utp.edu.co\/huellas-digitales\/files\/2026\/04\/Infografia-819x1024.jpeg\" alt=\"\" class=\"wp-image-192\" style=\"aspect-ratio:0.7998221739237817;width:388px;height:auto\" srcset=\"https:\/\/academia.utp.edu.co\/huellas-digitales\/files\/2026\/04\/Infografia-819x1024.jpeg 819w, https:\/\/academia.utp.edu.co\/huellas-digitales\/files\/2026\/04\/Infografia-240x300.jpeg 240w, https:\/\/academia.utp.edu.co\/huellas-digitales\/files\/2026\/04\/Infografia-768x960.jpeg 768w, https:\/\/academia.utp.edu.co\/huellas-digitales\/files\/2026\/04\/Infografia.jpeg 1080w\" sizes=\"auto, (max-width: 819px) 100vw, 819px\" \/><\/figure>\n\n\n\n<figure class=\"wp-block-image size-large\"><img loading=\"lazy\" decoding=\"async\" width=\"1024\" height=\"771\" src=\"https:\/\/academia.utp.edu.co\/huellas-digitales\/files\/2026\/04\/Intro-rob2-1024x771.jpeg\" alt=\"\" class=\"wp-image-195\" srcset=\"https:\/\/academia.utp.edu.co\/huellas-digitales\/files\/2026\/04\/Intro-rob2-1024x771.jpeg 1024w, https:\/\/academia.utp.edu.co\/huellas-digitales\/files\/2026\/04\/Intro-rob2-300x226.jpeg 300w, https:\/\/academia.utp.edu.co\/huellas-digitales\/files\/2026\/04\/Intro-rob2-768x578.jpeg 768w, https:\/\/academia.utp.edu.co\/huellas-digitales\/files\/2026\/04\/Intro-rob2-1536x1156.jpeg 1536w, https:\/\/academia.utp.edu.co\/huellas-digitales\/files\/2026\/04\/Intro-rob2.jpeg 1600w\" sizes=\"auto, (max-width: 1024px) 100vw, 1024px\" \/><\/figure>\n\n\n\n<figure class=\"wp-block-image size-large\"><img loading=\"lazy\" decoding=\"async\" width=\"1024\" height=\"771\" src=\"https:\/\/academia.utp.edu.co\/huellas-digitales\/files\/2026\/04\/Intro-rob1-1024x771.jpeg\" alt=\"\" class=\"wp-image-193\" srcset=\"https:\/\/academia.utp.edu.co\/huellas-digitales\/files\/2026\/04\/Intro-rob1-1024x771.jpeg 1024w, https:\/\/academia.utp.edu.co\/huellas-digitales\/files\/2026\/04\/Intro-rob1-300x226.jpeg 300w, https:\/\/academia.utp.edu.co\/huellas-digitales\/files\/2026\/04\/Intro-rob1-768x578.jpeg 768w, https:\/\/academia.utp.edu.co\/huellas-digitales\/files\/2026\/04\/Intro-rob1-1536x1156.jpeg 1536w, https:\/\/academia.utp.edu.co\/huellas-digitales\/files\/2026\/04\/Intro-rob1.jpeg 1600w\" sizes=\"auto, (max-width: 1024px) 100vw, 1024px\" \/><\/figure>\n<\/div>\n\n\n\n<div class=\"wp-block-column is-layout-flow wp-block-column-is-layout-flow\">\n<p><strong>Fecha:<\/strong> 10, 13, 17 y 20 de marzo de 2026<br><strong>Tipo de participaci\u00f3n:<\/strong> Taller formativo (organizaci\u00f3n y ejecuci\u00f3n)<\/p>\n\n\n\n<p>Como parte de las actividades de formaci\u00f3n del semillero, se desarroll\u00f3 el taller <em>\u201cIntroducci\u00f3n a la Rob\u00f3tica\u201d<\/em>, dirigido a estudiantes interesados en adquirir conocimientos b\u00e1sicos en el \u00e1rea. Durante las sesiones se abordaron conceptos fundamentales de rob\u00f3tica, su aplicaci\u00f3n en la ingenier\u00eda y una introducci\u00f3n a sistemas de control y automatizaci\u00f3n.<\/p>\n\n\n\n<p>El taller se llev\u00f3 a cabo mediante sesiones te\u00f3rico-pr\u00e1cticas, en las cuales se promovi\u00f3 la participaci\u00f3n activa de los asistentes y la construcci\u00f3n de bases conceptuales necesarias para su vinculaci\u00f3n a procesos investigativos dentro de la rob\u00f3tica.<\/p>\n\n\n\n<p>Esta actividad contribuy\u00f3 al fortalecimiento de competencias t\u00e9cnicas y al fomento del inter\u00e9s por la investigaci\u00f3n en \u00e1reas relacionadas con sistemas digitales y rob\u00f3tica.<\/p>\n\n\n\n<figure class=\"wp-block-image size-large\"><img loading=\"lazy\" decoding=\"async\" width=\"1024\" height=\"771\" src=\"https:\/\/academia.utp.edu.co\/huellas-digitales\/files\/2026\/04\/Intro-rob3-1024x771.jpeg\" alt=\"\" class=\"wp-image-196\" srcset=\"https:\/\/academia.utp.edu.co\/huellas-digitales\/files\/2026\/04\/Intro-rob3-1024x771.jpeg 1024w, https:\/\/academia.utp.edu.co\/huellas-digitales\/files\/2026\/04\/Intro-rob3-300x226.jpeg 300w, https:\/\/academia.utp.edu.co\/huellas-digitales\/files\/2026\/04\/Intro-rob3-768x578.jpeg 768w, https:\/\/academia.utp.edu.co\/huellas-digitales\/files\/2026\/04\/Intro-rob3-1536x1156.jpeg 1536w, https:\/\/academia.utp.edu.co\/huellas-digitales\/files\/2026\/04\/Intro-rob3.jpeg 1600w\" sizes=\"auto, (max-width: 1024px) 100vw, 1024px\" \/><\/figure>\n<\/div>\n<\/div>\n","protected":false},"excerpt":{"rendered":"<p>Espacio destinado a la divulgaci\u00f3n de actividades acad\u00e9micas, talleres, charlas y encuentros investigativos.&nbsp; TALLER PARA SEMILLERISTAS Dirigido a estudiantes de la Universidad Tecnol\u00f3gica de Pereira interesados en pertenecer a Semilleros de Investigaci\u00f3n&nbsp; TALLER \u00abINTODUCCI\u00d3N A LA ROB\u00d3TICA\u00bb Fecha: 10, 13, 17 y 20 de marzo de 2026Tipo de participaci\u00f3n: Taller [&hellip;]<\/p>\n","protected":false},"author":1983,"featured_media":0,"parent":0,"menu_order":0,"comment_status":"closed","ping_status":"closed","template":"","meta":{"footnotes":""},"class_list":["post-30","page","type-page","status-publish","hentry"],"_links":{"self":[{"href":"https:\/\/academia.utp.edu.co\/huellas-digitales\/wp-json\/wp\/v2\/pages\/30","targetHints":{"allow":["GET"]}}],"collection":[{"href":"https:\/\/academia.utp.edu.co\/huellas-digitales\/wp-json\/wp\/v2\/pages"}],"about":[{"href":"https:\/\/academia.utp.edu.co\/huellas-digitales\/wp-json\/wp\/v2\/types\/page"}],"author":[{"embeddable":true,"href":"https:\/\/academia.utp.edu.co\/huellas-digitales\/wp-json\/wp\/v2\/users\/1983"}],"replies":[{"embeddable":true,"href":"https:\/\/academia.utp.edu.co\/huellas-digitales\/wp-json\/wp\/v2\/comments?post=30"}],"version-history":[{"count":5,"href":"https:\/\/academia.utp.edu.co\/huellas-digitales\/wp-json\/wp\/v2\/pages\/30\/revisions"}],"predecessor-version":[{"id":198,"href":"https:\/\/academia.utp.edu.co\/huellas-digitales\/wp-json\/wp\/v2\/pages\/30\/revisions\/198"}],"wp:attachment":[{"href":"https:\/\/academia.utp.edu.co\/huellas-digitales\/wp-json\/wp\/v2\/media?parent=30"}],"curies":[{"name":"wp","href":"https:\/\/api.w.org\/{rel}","templated":true}]}}