{"id":32,"date":"2026-03-27T11:07:33","date_gmt":"2026-03-27T16:07:33","guid":{"rendered":"https:\/\/academia.utp.edu.co\/huellas-digitales\/?page_id=32"},"modified":"2026-04-16T20:12:10","modified_gmt":"2026-04-17T01:12:10","slug":"galeria","status":"publish","type":"page","link":"https:\/\/academia.utp.edu.co\/huellas-digitales\/galeria\/","title":{"rendered":"GALERIA"},"content":{"rendered":"\n<p>Registro de actividades, encuentros acad\u00e9micos y participaci\u00f3n en eventos del semillero.&nbsp;<\/p>\n\n\n\n<hr class=\"wp-block-separator has-alpha-channel-opacity is-style-wide\" \/>\n\n\n\n<h2 class=\"wp-block-heading\">Sesi\u00f3n de trabajo acad\u00e9mico&nbsp;<\/h2>\n\n\n\n<div class=\"wp-block-group\"><div class=\"wp-block-group__inner-container is-layout-constrained wp-block-group-is-layout-constrained\">\n<div class=\"wp-block-columns is-layout-flex wp-container-core-columns-is-layout-28f84493 wp-block-columns-is-layout-flex\">\n<div class=\"wp-block-column is-layout-flow wp-block-column-is-layout-flow\" style=\"flex-basis:66.66%\">\n<figure class=\"wp-block-image size-full\"><img loading=\"lazy\" decoding=\"async\" width=\"1280\" height=\"960\" src=\"https:\/\/academia.utp.edu.co\/huellas-digitales\/files\/2026\/03\/SESIONTRABAJO.jpeg\" alt=\"\" class=\"wp-image-80\" srcset=\"https:\/\/academia.utp.edu.co\/huellas-digitales\/files\/2026\/03\/SESIONTRABAJO.jpeg 1280w, https:\/\/academia.utp.edu.co\/huellas-digitales\/files\/2026\/03\/SESIONTRABAJO-300x225.jpeg 300w, https:\/\/academia.utp.edu.co\/huellas-digitales\/files\/2026\/03\/SESIONTRABAJO-1024x768.jpeg 1024w, https:\/\/academia.utp.edu.co\/huellas-digitales\/files\/2026\/03\/SESIONTRABAJO-768x576.jpeg 768w\" sizes=\"auto, (max-width: 1280px) 100vw, 1280px\" \/><\/figure>\n<\/div>\n\n\n\n<div class=\"wp-block-column is-layout-flow wp-block-column-is-layout-flow\" style=\"flex-basis:33.33%\">\n<p>Jornada de discusi\u00f3n y seguimiento de proyectos, orientada al fortalecimiento de competencias investigativas y al intercambio de ideas entre los integrantes del semillero.&nbsp;<\/p>\n<\/div>\n<\/div>\n<\/div><\/div>\n\n\n\n<hr class=\"wp-block-separator has-alpha-channel-opacity is-style-wide\" \/>\n\n\n\n<h2 class=\"wp-block-heading\">Charla sobre clasificaci\u00f3n de grupos en Minciencias<\/h2>\n\n\n\n<div class=\"wp-block-columns is-layout-flex wp-container-core-columns-is-layout-28f84493 wp-block-columns-is-layout-flex\">\n<div class=\"wp-block-column is-layout-flow wp-block-column-is-layout-flow\" style=\"flex-basis:66.66%\">\n<figure class=\"wp-block-gallery has-nested-images columns-default is-cropped wp-block-gallery-1 is-layout-flex wp-block-gallery-is-layout-flex\">\n<figure class=\"wp-block-image size-large\"><img loading=\"lazy\" decoding=\"async\" width=\"1024\" height=\"576\" data-id=\"101\" src=\"https:\/\/academia.utp.edu.co\/huellas-digitales\/files\/2026\/03\/IMAGEN-CHARLA-MINCIENCIAS-1024x576.jpeg\" alt=\"\" class=\"wp-image-101\" srcset=\"https:\/\/academia.utp.edu.co\/huellas-digitales\/files\/2026\/03\/IMAGEN-CHARLA-MINCIENCIAS-1024x576.jpeg 1024w, https:\/\/academia.utp.edu.co\/huellas-digitales\/files\/2026\/03\/IMAGEN-CHARLA-MINCIENCIAS-300x169.jpeg 300w, https:\/\/academia.utp.edu.co\/huellas-digitales\/files\/2026\/03\/IMAGEN-CHARLA-MINCIENCIAS-768x432.jpeg 768w, https:\/\/academia.utp.edu.co\/huellas-digitales\/files\/2026\/03\/IMAGEN-CHARLA-MINCIENCIAS-1536x864.jpeg 1536w, https:\/\/academia.utp.edu.co\/huellas-digitales\/files\/2026\/03\/IMAGEN-CHARLA-MINCIENCIAS.jpeg 1600w\" sizes=\"auto, (max-width: 1024px) 100vw, 1024px\" \/><\/figure>\n<\/figure>\n<\/div>\n\n\n\n<div class=\"wp-block-column is-layout-flow wp-block-column-is-layout-flow\" style=\"flex-basis:33.33%\">\n<figure class=\"wp-block-image size-large\"><img loading=\"lazy\" decoding=\"async\" width=\"1024\" height=\"768\" src=\"https:\/\/academia.utp.edu.co\/huellas-digitales\/files\/2026\/03\/imagen-2-1024x768.jpeg\" alt=\"\" class=\"wp-image-99\" srcset=\"https:\/\/academia.utp.edu.co\/huellas-digitales\/files\/2026\/03\/imagen-2-1024x768.jpeg 1024w, https:\/\/academia.utp.edu.co\/huellas-digitales\/files\/2026\/03\/imagen-2-300x225.jpeg 300w, https:\/\/academia.utp.edu.co\/huellas-digitales\/files\/2026\/03\/imagen-2-768x576.jpeg 768w, https:\/\/academia.utp.edu.co\/huellas-digitales\/files\/2026\/03\/imagen-2.jpeg 1280w\" sizes=\"auto, (max-width: 1024px) 100vw, 1024px\" \/><\/figure>\n\n\n\n<p>Jornada de formaci\u00f3n en la que se abordaron las categor\u00edas de clasificaci\u00f3n y los criterios de evaluaci\u00f3n de la producci\u00f3n cient\u00edfica<\/p>\n<\/div>\n<\/div>\n\n\n\n<h2 class=\"wp-block-heading\">Pruebas de vuelo con Dron <\/h2>\n\n\n\n<div class=\"wp-block-media-text is-stacked-on-mobile is-vertically-aligned-top\" style=\"grid-template-columns:37% auto\"><figure class=\"wp-block-media-text__media\"><img loading=\"lazy\" decoding=\"async\" width=\"768\" height=\"1024\" src=\"https:\/\/academia.utp.edu.co\/huellas-digitales\/files\/2026\/04\/Drone_1-768x1024.jpg\" alt=\"\" class=\"wp-image-186 size-full\" srcset=\"https:\/\/academia.utp.edu.co\/huellas-digitales\/files\/2026\/04\/Drone_1-768x1024.jpg 768w, https:\/\/academia.utp.edu.co\/huellas-digitales\/files\/2026\/04\/Drone_1-225x300.jpg 225w, https:\/\/academia.utp.edu.co\/huellas-digitales\/files\/2026\/04\/Drone_1-1152x1536.jpg 1152w, https:\/\/academia.utp.edu.co\/huellas-digitales\/files\/2026\/04\/Drone_1-1536x2048.jpg 1536w, https:\/\/academia.utp.edu.co\/huellas-digitales\/files\/2026\/04\/Drone_1-scaled.jpg 1920w\" sizes=\"auto, (max-width: 768px) 100vw, 768px\" \/><\/figure><div class=\"wp-block-media-text__content\">\n<p>Primera prueba de localizaci\u00f3n de dron mediante marcadores ArUco; seguimiento en tiempo real, bajo costo computacional y cero riesgo para el operario.<\/p>\n\n\n\n<div class=\"wp-block-media-text is-stacked-on-mobile\" style=\"grid-template-columns:85% auto\"><figure class=\"wp-block-media-text__media\"><video controls src=\"https:\/\/academia.utp.edu.co\/huellas-digitales\/files\/2026\/04\/WhatsApp-Video-2026-04-06-at-1.32.05-PM-Trim.mp4\"><\/video><\/figure><div class=\"wp-block-media-text__content\">\n<p><\/p>\n<\/div><\/div>\n<\/div><\/div>\n\n\n\n<p><\/p>\n","protected":false},"excerpt":{"rendered":"<p>Registro de actividades, encuentros acad\u00e9micos y participaci\u00f3n en eventos del semillero.&nbsp; Sesi\u00f3n de trabajo acad\u00e9mico&nbsp; Jornada de discusi\u00f3n y seguimiento de proyectos, orientada al fortalecimiento de competencias investigativas y al intercambio de ideas entre los integrantes del semillero.&nbsp; Charla sobre clasificaci\u00f3n de grupos en Minciencias Jornada de formaci\u00f3n en la [&hellip;]<\/p>\n","protected":false},"author":1983,"featured_media":0,"parent":0,"menu_order":0,"comment_status":"closed","ping_status":"closed","template":"","meta":{"footnotes":""},"class_list":["post-32","page","type-page","status-publish","hentry"],"_links":{"self":[{"href":"https:\/\/academia.utp.edu.co\/huellas-digitales\/wp-json\/wp\/v2\/pages\/32","targetHints":{"allow":["GET"]}}],"collection":[{"href":"https:\/\/academia.utp.edu.co\/huellas-digitales\/wp-json\/wp\/v2\/pages"}],"about":[{"href":"https:\/\/academia.utp.edu.co\/huellas-digitales\/wp-json\/wp\/v2\/types\/page"}],"author":[{"embeddable":true,"href":"https:\/\/academia.utp.edu.co\/huellas-digitales\/wp-json\/wp\/v2\/users\/1983"}],"replies":[{"embeddable":true,"href":"https:\/\/academia.utp.edu.co\/huellas-digitales\/wp-json\/wp\/v2\/comments?post=32"}],"version-history":[{"count":4,"href":"https:\/\/academia.utp.edu.co\/huellas-digitales\/wp-json\/wp\/v2\/pages\/32\/revisions"}],"predecessor-version":[{"id":189,"href":"https:\/\/academia.utp.edu.co\/huellas-digitales\/wp-json\/wp\/v2\/pages\/32\/revisions\/189"}],"wp:attachment":[{"href":"https:\/\/academia.utp.edu.co\/huellas-digitales\/wp-json\/wp\/v2\/media?parent=32"}],"curies":[{"name":"wp","href":"https:\/\/api.w.org\/{rel}","templated":true}]}}