{"id":36,"date":"2026-03-27T11:08:30","date_gmt":"2026-03-27T16:08:30","guid":{"rendered":"https:\/\/academia.utp.edu.co\/huellas-digitales\/?page_id=36"},"modified":"2026-03-30T15:16:21","modified_gmt":"2026-03-30T20:16:21","slug":"unete","status":"publish","type":"page","link":"https:\/\/academia.utp.edu.co\/huellas-digitales\/unete\/","title":{"rendered":"\u00daNETE"},"content":{"rendered":"\n<p><strong>Haz parte del semillero<\/strong><\/p>\n\n\n\n<p>Forma parte de un espacio donde las ideas se transforman en conocimiento. Si te apasiona aprender, investigar y aportar soluciones en el campo de los sistemas digitales y la mantenibilidad, te invitamos a unirte a nuestro equipo.<\/p>\n\n\n\n<p>Aqu\u00ed podr\u00e1s desarrollar habilidades clave para tu formaci\u00f3n profesional, participar en proyectos y crecer acad\u00e9micamente junto a otros estudiantes.<\/p>\n\n\n\n<p><strong>\u00bfQu\u00e9 necesitas?<\/strong><\/p>\n\n\n\n<ul class=\"wp-block-list\">\n<li>Ser estudiante activo<\/li>\n\n\n\n<li>Tener curiosidad por investigar<\/li>\n\n\n\n<li>Compromiso y responsabilidad<\/li>\n<\/ul>\n\n\n\n<p>Da clic en el bot\u00f3n \u201cINSCRIBIRME\u201d y completa el formulario para iniciar tu proceso de vinculaci\u00f3n al semillero.<\/p>\n\n\n\n<div class=\"wp-block-buttons alignfull is-content-justification-center is-layout-flex wp-container-core-buttons-is-layout-a89b3969 wp-block-buttons-is-layout-flex\">\n<div class=\"wp-block-button\"><a class=\"wp-block-button__link wp-element-button\" href=\"https:\/\/forms.gle\/97fbxAFfPTGe5NfK9\" target=\"_blank\" rel=\"noreferrer noopener\">INSCRIBIRME<\/a><\/div>\n<\/div>\n\n\n\n<p><\/p>\n","protected":false},"excerpt":{"rendered":"<p>Haz parte del semillero Forma parte de un espacio donde las ideas se transforman en conocimiento. Si te apasiona aprender, investigar y aportar soluciones en el campo de los sistemas digitales y la mantenibilidad, te invitamos a unirte a nuestro equipo. Aqu\u00ed podr\u00e1s desarrollar habilidades clave para tu formaci\u00f3n profesional, [&hellip;]<\/p>\n","protected":false},"author":1983,"featured_media":0,"parent":0,"menu_order":0,"comment_status":"closed","ping_status":"closed","template":"","meta":{"footnotes":""},"class_list":["post-36","page","type-page","status-publish","hentry"],"_links":{"self":[{"href":"https:\/\/academia.utp.edu.co\/huellas-digitales\/wp-json\/wp\/v2\/pages\/36","targetHints":{"allow":["GET"]}}],"collection":[{"href":"https:\/\/academia.utp.edu.co\/huellas-digitales\/wp-json\/wp\/v2\/pages"}],"about":[{"href":"https:\/\/academia.utp.edu.co\/huellas-digitales\/wp-json\/wp\/v2\/types\/page"}],"author":[{"embeddable":true,"href":"https:\/\/academia.utp.edu.co\/huellas-digitales\/wp-json\/wp\/v2\/users\/1983"}],"replies":[{"embeddable":true,"href":"https:\/\/academia.utp.edu.co\/huellas-digitales\/wp-json\/wp\/v2\/comments?post=36"}],"version-history":[{"count":4,"href":"https:\/\/academia.utp.edu.co\/huellas-digitales\/wp-json\/wp\/v2\/pages\/36\/revisions"}],"predecessor-version":[{"id":145,"href":"https:\/\/academia.utp.edu.co\/huellas-digitales\/wp-json\/wp\/v2\/pages\/36\/revisions\/145"}],"wp:attachment":[{"href":"https:\/\/academia.utp.edu.co\/huellas-digitales\/wp-json\/wp\/v2\/media?parent=36"}],"curies":[{"name":"wp","href":"https:\/\/api.w.org\/{rel}","templated":true}]}}