{"id":38,"date":"2026-03-27T11:08:57","date_gmt":"2026-03-27T16:08:57","guid":{"rendered":"https:\/\/academia.utp.edu.co\/huellas-digitales\/?page_id=38"},"modified":"2026-04-16T20:15:22","modified_gmt":"2026-04-17T01:15:22","slug":"contacto","status":"publish","type":"page","link":"https:\/\/academia.utp.edu.co\/huellas-digitales\/contacto\/","title":{"rendered":"CONTACTO"},"content":{"rendered":"\n<p>Si deseas obtener m\u00e1s informaci\u00f3n sobre el semillero, resolver inquietudes o conocer c\u00f3mo vincularte, puedes comunicarte a trav\u00e9s de los siguientes medios:<\/p>\n\n\n\n<p><strong>Ana Julieth Mar\u00edn Hurtado<br><\/strong><em>Tutora del semillero<br><\/em>Correo electr\u00f3nico: anaj@utp.edu.co<\/p>\n\n\n\n<p><strong>Luis Miguel Molina Osorio<br><\/strong><em>Estudiante l\u00edder del semillero<br><\/em>Correo electr\u00f3nico: luis.molina1@utp.edu.co<\/p>\n\n\n\n<p><strong>Kevin David Ortega Qui\u00f1ones<br><\/strong><em>Docente integrante del semillero<br><\/em>Correo electr\u00f3nico: kevin.ortega@utp.edu.co<\/p>\n\n\n\n<p><\/p>\n","protected":false},"excerpt":{"rendered":"<p>Si deseas obtener m\u00e1s informaci\u00f3n sobre el semillero, resolver inquietudes o conocer c\u00f3mo vincularte, puedes comunicarte a trav\u00e9s de los siguientes medios: Ana Julieth Mar\u00edn HurtadoTutora del semilleroCorreo electr\u00f3nico: anaj@utp.edu.co Luis Miguel Molina OsorioEstudiante l\u00edder del semilleroCorreo electr\u00f3nico: luis.molina1@utp.edu.co Kevin David Ortega Qui\u00f1onesDocente integrante del semilleroCorreo electr\u00f3nico: kevin.ortega@utp.edu.co<\/p>\n","protected":false},"author":1983,"featured_media":0,"parent":0,"menu_order":0,"comment_status":"closed","ping_status":"closed","template":"","meta":{"footnotes":""},"class_list":["post-38","page","type-page","status-publish","hentry"],"_links":{"self":[{"href":"https:\/\/academia.utp.edu.co\/huellas-digitales\/wp-json\/wp\/v2\/pages\/38","targetHints":{"allow":["GET"]}}],"collection":[{"href":"https:\/\/academia.utp.edu.co\/huellas-digitales\/wp-json\/wp\/v2\/pages"}],"about":[{"href":"https:\/\/academia.utp.edu.co\/huellas-digitales\/wp-json\/wp\/v2\/types\/page"}],"author":[{"embeddable":true,"href":"https:\/\/academia.utp.edu.co\/huellas-digitales\/wp-json\/wp\/v2\/users\/1983"}],"replies":[{"embeddable":true,"href":"https:\/\/academia.utp.edu.co\/huellas-digitales\/wp-json\/wp\/v2\/comments?post=38"}],"version-history":[{"count":4,"href":"https:\/\/academia.utp.edu.co\/huellas-digitales\/wp-json\/wp\/v2\/pages\/38\/revisions"}],"predecessor-version":[{"id":190,"href":"https:\/\/academia.utp.edu.co\/huellas-digitales\/wp-json\/wp\/v2\/pages\/38\/revisions\/190"}],"wp:attachment":[{"href":"https:\/\/academia.utp.edu.co\/huellas-digitales\/wp-json\/wp\/v2\/media?parent=38"}],"curies":[{"name":"wp","href":"https:\/\/api.w.org\/{rel}","templated":true}]}}