{"id":209,"date":"2026-04-17T14:32:09","date_gmt":"2026-04-17T19:32:09","guid":{"rendered":"https:\/\/academia.utp.edu.co\/ia-e-industria\/?page_id=209"},"modified":"2026-05-10T18:35:50","modified_gmt":"2026-05-10T23:35:50","slug":"inicio","status":"publish","type":"page","link":"https:\/\/academia.utp.edu.co\/ia-e-industria\/","title":{"rendered":"Inicio"},"content":{"rendered":"\n<div class=\"wp-block-uagb-container uagb-block-14830a87 alignfull uagb-is-root-container\"><div class=\"uagb-container-inner-blocks-wrap\">\n<div class=\"wp-block-uagb-image uagb-block-90eeed74 wp-block-uagb-image--layout-default wp-block-uagb-image--effect-static wp-block-uagb-image--align-none\"><figure class=\"wp-block-uagb-image__figure\"><img decoding=\"async\" src=\"https:\/\/academia.utp.edu.co\/ia-e-industria\/files\/2026\/04\/banner1.png\" alt=\"\" class=\"uag-image-50\" width=\"1920\" height=\"720\" title=\"banner1\" loading=\"lazy\" role=\"img\" \/><\/figure><\/div>\n<\/div><\/div>\n\n\n\n<div class=\"wp-block-uagb-container uagb-block-3fc4c669 alignfull uagb-is-root-container\"><div class=\"uagb-container-inner-blocks-wrap\">\n<div class=\"wp-block-uagb-container uagb-block-16403e7c\">\n<div class=\"wp-block-buttons is-content-justification-left is-layout-flex wp-container-core-buttons-is-layout-fc4fd283 wp-block-buttons-is-layout-flex\">\n<div class=\"wp-block-button is-style-outline is-style-outline--1\"><a class=\"wp-block-button__link has-text-align-left wp-element-button\">Investigaci\u00f3n aplicada<\/a><\/div>\n<\/div>\n\n\n\n<h2 class=\"wp-block-heading has-ast-global-color-1-color has-text-color has-link-color wp-elements-dc0a47a20d8eee3734de5566fe651c2d\"><strong>Tecnolog\u00eda, datos e Inteligencia artificial en contextos reales<\/strong><\/h2>\n<\/div>\n\n\n\n<div class=\"wp-block-uagb-container uagb-block-062184b6\">\n<p><\/p>\n\n\n\n<p>Este espacio re\u00fane iniciativas orientadas al desarrollo de soluciones basadas en inteligencia artificial, an\u00e1lisis de datos, automatizaci\u00f3n y sistemas inteligentes, con \u00e9nfasis en el aprendizaje pr\u00e1ctico, la experimentaci\u00f3n y la aplicaci\u00f3n tecnol\u00f3gica.<\/p>\n<\/div>\n<\/div><\/div>\n\n\n\n<div class=\"wp-block-columns is-layout-flex wp-container-core-columns-is-layout-28f84493 wp-block-columns-is-layout-flex\">\n<div class=\"wp-block-column is-layout-flow wp-block-column-is-layout-flow\">\n<h4 class=\"wp-block-heading has-text-align-center has-ast-global-color-3-color has-text-color has-link-color wp-elements-2cf65f2762ebb18093255058ca886885\">Aprendizaje pr\u00e1ctico<\/h4>\n\n\n\n<figure class=\"wp-block-image aligncenter size-full is-resized\"><img loading=\"lazy\" decoding=\"async\" width=\"403\" height=\"403\" src=\"https:\/\/academia.utp.edu.co\/ia-e-industria\/files\/2026\/05\/ab2f12d6-31ff-4808-9fa1-20ac851cb7a5.png\" alt=\"\" class=\"wp-image-287\" style=\"aspect-ratio:0.7910210433723527;width:106px;height:auto\" srcset=\"https:\/\/academia.utp.edu.co\/ia-e-industria\/files\/2026\/05\/ab2f12d6-31ff-4808-9fa1-20ac851cb7a5.png 403w, https:\/\/academia.utp.edu.co\/ia-e-industria\/files\/2026\/05\/ab2f12d6-31ff-4808-9fa1-20ac851cb7a5-300x300.png 300w, https:\/\/academia.utp.edu.co\/ia-e-industria\/files\/2026\/05\/ab2f12d6-31ff-4808-9fa1-20ac851cb7a5-150x150.png 150w\" sizes=\"auto, (max-width: 403px) 100vw, 403px\" \/><\/figure>\n\n\n\n<p class=\"has-text-align-center\">Trabajo con proyectos, prototipos y ejercicios aplicados que fortalecen habilidades t\u00e9cnicas, pensamiento anal\u00edtico y criterio investigativo.<\/p>\n<\/div>\n\n\n\n<div class=\"wp-block-column is-layout-flow wp-block-column-is-layout-flow\">\n<h4 class=\"wp-block-heading has-text-align-center has-ast-global-color-3-color has-text-color has-link-color wp-elements-3d2c885f0602f78fb7613c255ad7ae62\">Soluciones inteligentes<\/h4>\n\n\n\n<figure class=\"wp-block-image aligncenter size-full is-resized\"><img loading=\"lazy\" decoding=\"async\" width=\"380\" height=\"403\" src=\"https:\/\/academia.utp.edu.co\/ia-e-industria\/files\/2026\/05\/d671e89a-c337-4779-beac-1dca107687c0.png\" alt=\"\" class=\"wp-image-288\" style=\"aspect-ratio:0.9429343442490724;width:127px;height:auto\" srcset=\"https:\/\/academia.utp.edu.co\/ia-e-industria\/files\/2026\/05\/d671e89a-c337-4779-beac-1dca107687c0.png 380w, https:\/\/academia.utp.edu.co\/ia-e-industria\/files\/2026\/05\/d671e89a-c337-4779-beac-1dca107687c0-283x300.png 283w\" sizes=\"auto, (max-width: 380px) 100vw, 380px\" \/><\/figure>\n\n\n\n<p class=\"has-text-align-center\">Uso de herramientas computacionales para analizar informaci\u00f3n, reconocer patrones, automatizar tareas y apoyar procesos de toma de decisiones.<\/p>\n<\/div>\n\n\n\n<div class=\"wp-block-column is-layout-flow wp-block-column-is-layout-flow\">\n<h4 class=\"wp-block-heading has-text-align-center has-ast-global-color-3-color has-text-color has-link-color wp-elements-2cb2f48b346772d5df895fe3f25beb72\">V\u00ednculo con el entorno<\/h4>\n\n\n\n<figure class=\"wp-block-image aligncenter size-full is-resized\"><img loading=\"lazy\" decoding=\"async\" width=\"348\" height=\"371\" src=\"https:\/\/academia.utp.edu.co\/ia-e-industria\/files\/2026\/05\/4bcbe01f-b6b3-4118-aeff-cc642d8bd582.png\" alt=\"\" class=\"wp-image-289\" style=\"width:121px;height:auto\" srcset=\"https:\/\/academia.utp.edu.co\/ia-e-industria\/files\/2026\/05\/4bcbe01f-b6b3-4118-aeff-cc642d8bd582.png 348w, https:\/\/academia.utp.edu.co\/ia-e-industria\/files\/2026\/05\/4bcbe01f-b6b3-4118-aeff-cc642d8bd582-281x300.png 281w\" sizes=\"auto, (max-width: 348px) 100vw, 348px\" \/><\/figure>\n\n\n\n<p class=\"has-text-align-center\">Desarrollo de experiencias orientadas a necesidades tecnol\u00f3gicas, acad\u00e9micas e industriales, conectando formaci\u00f3n universitaria y aplicaci\u00f3n real.<\/p>\n<\/div>\n<\/div>\n\n\n\n<div class=\"wp-block-uagb-container uagb-block-5f4b9e2d alignfull uagb-is-root-container\"><div class=\"uagb-container-inner-blocks-wrap\">\n<div class=\"wp-block-uagb-container uagb-block-bfaf0dc8\">\n<div class=\"wp-block-group is-layout-constrained wp-block-group-is-layout-constrained\">\n<h2 class=\"wp-block-heading has-text-align-center has-ast-global-color-3-color has-text-color has-link-color wp-elements-b1c85806b15345b0fb167114a09a3863\">Experiencias de innovaci\u00f3n aplicada<\/h2>\n<\/div>\n\n\n\n<p>El semillero ha participado en iniciativas de conexi\u00f3n entre la Universidad Tecnol\u00f3gica de Pereira y el sector productivo, abordando retos donde la inteligencia artificial, la visi\u00f3n por computador y la automatizaci\u00f3n pueden aportar a la mejora de procesos.<\/p>\n<\/div>\n\n\n\n<div class=\"wp-block-uagb-container uagb-block-2dae1360\">\n<div class=\"wp-block-buttons is-layout-flex wp-block-buttons-is-layout-flex\">\n<div class=\"wp-block-button is-style-outline is-style-outline--2\"><a class=\"wp-block-button__link wp-element-button\" href=\"https:\/\/comunicaciones.utp.edu.co\/75637\/facultades\/facultades-facultades-7\/facultad-de-ingenierias-lidera-la-transformacion-tecnologica-con-el-semillero-de-inteligencia-artificial-e-industrias-4-0\/\">Leer nota institucional<\/a><\/div>\n<\/div>\n<\/div>\n<\/div><\/div>\n\n\n\n<hr class=\"wp-block-separator has-alpha-channel-opacity\" \/>\n\n\n\n<p><\/p>\n","protected":false},"excerpt":{"rendered":"<p>Tecnolog\u00eda, datos e Inteligencia artificial en contextos reales Este espacio re\u00fane iniciativas orientadas al desarrollo de soluciones basadas en inteligencia artificial, an\u00e1lisis de datos, automatizaci\u00f3n y sistemas inteligentes, con \u00e9nfasis [&hellip;]<\/p>\n","protected":false},"author":1980,"featured_media":0,"parent":0,"menu_order":0,"comment_status":"closed","ping_status":"closed","template":"","meta":{"_uag_custom_page_level_css":"","site-sidebar-layout":"default","site-content-layout":"","ast-site-content-layout":"default","site-content-style":"default","site-sidebar-style":"default","ast-global-header-display":"","ast-banner-title-visibility":"","ast-main-header-display":"","ast-hfb-above-header-display":"","ast-hfb-below-header-display":"","ast-hfb-mobile-header-display":"","site-post-title":"disabled","ast-breadcrumbs-content":"","ast-featured-img":"","footer-sml-layout":"","ast-disable-related-posts":"","theme-transparent-header-meta":"","adv-header-id-meta":"","stick-header-meta":"","header-above-stick-meta":"","header-main-stick-meta":"","header-below-stick-meta":"","astra-migrate-meta-layouts":"default","ast-page-background-enabled":"default","ast-page-background-meta":{"desktop":{"background-color":"var(--ast-global-color-5)","background-image":"","background-repeat":"repeat","background-position":"center center","background-size":"auto","background-attachment":"scroll","background-type":"","background-media":"","overlay-type":"","overlay-color":"","overlay-opacity":"","overlay-gradient":""},"tablet":{"background-color":"","background-image":"","background-repeat":"repeat","background-position":"center center","background-size":"auto","background-attachment":"scroll","background-type":"","background-media":"","overlay-type":"","overlay-color":"","overlay-opacity":"","overlay-gradient":""},"mobile":{"background-color":"","background-image":"","background-repeat":"repeat","background-position":"center center","background-size":"auto","background-attachment":"scroll","background-type":"","background-media":"","overlay-type":"","overlay-color":"","overlay-opacity":"","overlay-gradient":""}},"ast-content-background-meta":{"desktop":{"background-color":"var(--ast-global-color-4)","background-image":"","background-repeat":"repeat","background-position":"center center","background-size":"auto","background-attachment":"scroll","background-type":"","background-media":"","overlay-type":"","overlay-color":"","overlay-opacity":"","overlay-gradient":""},"tablet":{"background-color":"var(--ast-global-color-4)","background-image":"","background-repeat":"repeat","background-position":"center center","background-size":"auto","background-attachment":"scroll","background-type":"","background-media":"","overlay-type":"","overlay-color":"","overlay-opacity":"","overlay-gradient":""},"mobile":{"background-color":"var(--ast-global-color-4)","background-image":"","background-repeat":"repeat","background-position":"center center","background-size":"auto","background-attachment":"scroll","background-type":"","background-media":"","overlay-type":"","overlay-color":"","overlay-opacity":"","overlay-gradient":""}},"footnotes":""},"class_list":["post-209","page","type-page","status-publish","hentry"],"uagb_featured_image_src":{"full":false,"thumbnail":false,"medium":false,"medium_large":false,"large":false,"1536x1536":false,"2048x2048":false},"uagb_author_info":{"display_name":"gahol","author_link":"https:\/\/academia.utp.edu.co\/ia-e-industria\/author\/gahol\/"},"uagb_comment_info":0,"uagb_excerpt":"Tecnolog\u00eda, datos e Inteligencia artificial en contextos reales Este espacio re\u00fane iniciativas orientadas al desarrollo de soluciones basadas en inteligencia artificial, an\u00e1lisis de datos, automatizaci\u00f3n y sistemas inteligentes, con \u00e9nfasis [&hellip;]","_links":{"self":[{"href":"https:\/\/academia.utp.edu.co\/ia-e-industria\/wp-json\/wp\/v2\/pages\/209","targetHints":{"allow":["GET"]}}],"collection":[{"href":"https:\/\/academia.utp.edu.co\/ia-e-industria\/wp-json\/wp\/v2\/pages"}],"about":[{"href":"https:\/\/academia.utp.edu.co\/ia-e-industria\/wp-json\/wp\/v2\/types\/page"}],"author":[{"embeddable":true,"href":"https:\/\/academia.utp.edu.co\/ia-e-industria\/wp-json\/wp\/v2\/users\/1980"}],"replies":[{"embeddable":true,"href":"https:\/\/academia.utp.edu.co\/ia-e-industria\/wp-json\/wp\/v2\/comments?post=209"}],"version-history":[{"count":10,"href":"https:\/\/academia.utp.edu.co\/ia-e-industria\/wp-json\/wp\/v2\/pages\/209\/revisions"}],"predecessor-version":[{"id":308,"href":"https:\/\/academia.utp.edu.co\/ia-e-industria\/wp-json\/wp\/v2\/pages\/209\/revisions\/308"}],"wp:attachment":[{"href":"https:\/\/academia.utp.edu.co\/ia-e-industria\/wp-json\/wp\/v2\/media?parent=209"}],"curies":[{"name":"wp","href":"https:\/\/api.w.org\/{rel}","templated":true}]}}