{"id":87,"date":"2026-04-17T09:51:15","date_gmt":"2026-04-17T14:51:15","guid":{"rendered":"https:\/\/academia.utp.edu.co\/ia-e-industria\/?page_id=87"},"modified":"2026-04-17T11:36:46","modified_gmt":"2026-04-17T16:36:46","slug":"perdidas-no-tecnicas","status":"publish","type":"page","link":"https:\/\/academia.utp.edu.co\/ia-e-industria\/perdidas-no-tecnicas\/","title":{"rendered":"P\u00e9rdidas No T\u00e9cnicas"},"content":{"rendered":"\n<div class=\"wp-block-columns is-layout-flex wp-container-core-columns-is-layout-9d6595d7 wp-block-columns-is-layout-flex\">\n<div class=\"wp-block-column is-layout-flow wp-block-column-is-layout-flow\">\n<h2 class=\"wp-block-heading has-text-align-center has-black-color has-text-color has-link-color wp-elements-240b3e29a54e3488b6e968918fe438f5\"><strong>Autores<\/strong>:<\/h2>\n\n\n\n<p class=\"has-text-align-left has-black-color has-text-color has-link-color wp-elements-4a9eac2953b94fe7992a65e8afbf9db0\">Diego Alejandro Moreno Gall\u00f3n, Germ\u00e1n Holgu\u00edn Londo\u00f1o, Mauricio Holgu\u00edn Londo\u00f1o<\/p>\n<\/div>\n\n\n\n<div class=\"wp-block-column is-layout-flow wp-block-column-is-layout-flow\">\n<div class=\"wp-block-buttons is-content-justification-center is-layout-flex wp-container-core-buttons-is-layout-16018d1d wp-block-buttons-is-layout-flex\">\n<div class=\"wp-block-button has-custom-width wp-block-button__width-50\"><a class=\"wp-block-button__link has-small-font-size has-text-align-center has-custom-font-size wp-element-button\" href=\"https:\/\/repositorio.utp.edu.co\/server\/api\/core\/bitstreams\/d6182254-15d8-4be6-bd91-cb9e1f187d9b\/content\" style=\"border-top-left-radius:100px;border-top-right-radius:100px;border-bottom-left-radius:100px;border-bottom-right-radius:100px\">Ver material completo<\/a><\/div>\n<\/div>\n<\/div>\n<\/div>\n\n\n\n<h1 class=\"wp-block-heading has-black-color has-text-color has-link-color wp-elements-ad50cd65d6c6333d549ac7ca33df6254\"><strong>Problema<\/strong><\/h1>\n\n\n\n<p class=\"has-black-color has-text-color has-link-color wp-elements-4c52b843f56e44d130fbffafbc6fdd44\">En Colombia entre el a\u00f1o 2020 y el 2022,&nbsp;por p\u00e9rdidas no t\u00e9cnicas se han perdido&nbsp;alrededor de&nbsp;<strong>USD$401M<\/strong>&nbsp;en&nbsp;el&nbsp;sistema de distribuci\u00f3n de energ\u00eda el\u00e9ctrica, y a\u00f1o a a\u00f1o van aumentando.&nbsp;Se requiere explorar nuevas tecnolog\u00edas para identificar instalaciones fraudulentas,&nbsp;y&nbsp;recuperar la energ\u00eda que&nbsp;fue utilizada pero no facturada.&nbsp;&nbsp;<\/p>\n\n\n\n<p class=\"has-black-color has-text-color has-link-color wp-elements-99c2a266334edc7ce99f4f8873892e7a\">T\u00edpicamente en el sector el\u00e9ctrico, se realiza la detecci\u00f3n de p\u00e9rdidas no t\u00e9cnicas de manera manual, y requiere meses para poder&nbsp;identificar los focos de p\u00e9rdidas, por lo que se necesitan avances en infraestructura, anal\u00edtica de datos, big data e inteligencia artificial para mejorar la frecuencia y el indice de detecci\u00f3n de p\u00e9rdidas no t\u00e9cnicas.<\/p>\n\n\n\n<p class=\"has-black-color has-text-color has-link-color wp-elements-5181987de690925cd109193ee94d6d9c\">Para este problema se plantea usar la&nbsp;<strong>infraestructura de medici\u00f3n avanzada<\/strong>&nbsp;(AMI) , ubicada como macromedidor donde se registra el total de energ\u00eda suministrada a un conjunto de uduarios, ver figura, 1.&nbsp;<\/p>\n\n\n\n<p class=\"has-black-color has-text-color has-link-color wp-elements-ad52602be28050faecd3d7128fa0d469\">Se desea determinar si es posible clasificar&nbsp;una instalaci\u00f3n&nbsp;como fraude, solamente con la informaci\u00f3n provista por las variables el\u00e9ctricas de los macromedidores AMI, utilizando m\u00e9todos de aprendizaje de m\u00e1quina y teniendo en cuenta que debe ser una metodolog\u00eda escalable.<\/p>\n\n\n<div class=\"wp-block-image\">\n<figure class=\"aligncenter size-medium\"><img loading=\"lazy\" decoding=\"async\" width=\"300\" height=\"300\" src=\"https:\/\/academia.utp.edu.co\/ia-e-industria\/files\/2026\/04\/perdidas_no_tecnicas_1x1_web-300x300.png\" alt=\"\" class=\"wp-image-66\" srcset=\"https:\/\/academia.utp.edu.co\/ia-e-industria\/files\/2026\/04\/perdidas_no_tecnicas_1x1_web-300x300.png 300w, https:\/\/academia.utp.edu.co\/ia-e-industria\/files\/2026\/04\/perdidas_no_tecnicas_1x1_web-150x150.png 150w, https:\/\/academia.utp.edu.co\/ia-e-industria\/files\/2026\/04\/perdidas_no_tecnicas_1x1_web-768x768.png 768w, https:\/\/academia.utp.edu.co\/ia-e-industria\/files\/2026\/04\/perdidas_no_tecnicas_1x1_web.png 900w\" sizes=\"auto, (max-width: 300px) 100vw, 300px\" \/><figcaption class=\"wp-element-caption\">Figura 1: Macromedidor,&nbsp;[1]<\/figcaption><\/figure>\n<\/div>\n\n\n<h2 class=\"wp-block-heading has-black-color has-text-color has-link-color wp-elements-e59db135a866c4ee50dc2d6b2b0eb793\"><strong>Base de datos<\/strong><\/h2>\n\n\n\n<p class=\"has-black-color has-text-color has-link-color wp-elements-044171b33559c1e3369adda8640d120c\">Se realiz\u00f3 la limpieza y uni\u00f3n de la base de datos entregada por un operador de red (OR) el\u00e9ctrico en Colombia; la cual contiene 4 tablas, un total de&nbsp;<strong>88 variables<\/strong>,&nbsp;<strong>23.5 millones de registros<\/strong>, y como resultado se crea una tabla con&nbsp;<strong>10 variables<\/strong>&nbsp;y&nbsp;<strong>3.7 millones de registros&nbsp;<\/strong>con una frecuencia de muestreo de horas.&nbsp; Al tener la base de datos, el siguiente paso es obtener las clases ya que esta base no las contiene. Dentro del proceso del OR se tiene que la cuadrilla de revisi\u00f3n, va a la instalaci\u00f3n y dictamina si es positivo para fraude, al ser marcada como tal se puede marcar en una columna adicional dicha etiqueta.&nbsp;<\/p>\n\n\n\n<p class=\"has-black-color has-text-color has-link-color wp-elements-9ed5238168a5cbbd1f0fb0c29268fbcb\">Se tiene que el 0.4% de los registros, terminan siendo marcados como fraudes y que solo dicha etiqueta goza de verificaci\u00f3n. Pero aquellos registros sin dicha etiqueta no han tenido ninguna verificaci\u00f3n, por lo tanto,&nbsp; la base de datos tendr\u00eda dos clases:&nbsp;<strong>FRAUDES<\/strong>&nbsp;y&nbsp;<strong>OTROS<\/strong>.&nbsp; Al verificar un poco m\u00e1s a fondo el como surge la etiqueta de&nbsp;<strong>FRAUDE&nbsp;<\/strong>se tiene que se despach\u00f3 una cuadrilla de verificaci\u00f3n a ese macromedidor en particular. El despacho de la cuadrilla se realiza s\u00f3lo a aquellos registros que son marcados como&nbsp;<strong>ANORMALES<\/strong>. Por ende, no se deber\u00eda involucrar a aquellos registros con un comportamiento&nbsp;<strong>NORMAL<\/strong>.<\/p>\n\n\n\n<h2 class=\"wp-block-heading has-black-color has-text-color has-link-color wp-elements-3ddda2e640d6aee28b24aa63d26ceb8c\"><strong>Etiquetado<\/strong><\/h2>\n\n\n\n<p class=\"has-black-color has-text-color has-link-color wp-elements-72606d12dce84e330f4d7534001c8ca8\">La tarea de clasificaci\u00f3n puede dividirse en dos etapas como puede observarse en la figura 2, siendo la primera en donde se decide&nbsp;<strong>ANORMAL&nbsp;<\/strong>y&nbsp;<strong>NORMAL&nbsp;<\/strong>para luego, solo con los casos&nbsp;<strong>ANORMAL&nbsp;<\/strong>determinar si son&nbsp;<strong>FRAUDE&nbsp;<\/strong>o&nbsp;<strong>OTRO<\/strong>.&nbsp; Con la estructura resultante se permite eliminar el 60% de los datos de la base de datos. Es decir que se va a tener dos etapas con modelos de aprendizaje supervisado.<\/p>\n\n\n\n<p class=\"has-black-color has-text-color has-link-color wp-elements-fd96dbe7bb3c34289ad7eeb897feea9d\">Se tienen las etiquetas de otros y de fraude, falta determinar las etiquetas&nbsp; de la primera etapa. Para obtener las etiquetas de la primera etapa se realiza un an\u00e1lisis de valores extremos y detectar los valores at\u00edpicos.&nbsp; Esa detecci\u00f3n de valores a t\u00edpicos se realiza en informaci\u00f3n de los registros de consumo mensuales en dos puntos de medida (entre en macromedidor y el medidor del usuario), para luego llevar las etiquetas a los datos del macromedidor.<\/p>\n\n\n<div class=\"wp-block-image\">\n<figure class=\"aligncenter size-medium\"><img loading=\"lazy\" decoding=\"async\" width=\"300\" height=\"189\" src=\"https:\/\/academia.utp.edu.co\/ia-e-industria\/files\/2026\/04\/arboljerarquico-300x189.png\" alt=\"\" class=\"wp-image-88\" srcset=\"https:\/\/academia.utp.edu.co\/ia-e-industria\/files\/2026\/04\/arboljerarquico-300x189.png 300w, https:\/\/academia.utp.edu.co\/ia-e-industria\/files\/2026\/04\/arboljerarquico.png 719w\" sizes=\"auto, (max-width: 300px) 100vw, 300px\" \/><\/figure>\n<\/div>\n\n\n<blockquote class=\"wp-block-quote is-layout-flow wp-block-quote-is-layout-flow\">\n<p class=\"has-text-align-center has-black-color has-text-color has-link-color wp-elements-8757456390781b68644e8b244bd8ecc2\">Figura&nbsp;2:&nbsp;\u00c1rbol Jer\u00e1rquico de Clasificaci\u00f3n<\/p>\n<\/blockquote>\n\n\n\n<h2 class=\"wp-block-heading has-black-color has-text-color has-link-color wp-elements-d75f481eec7f70c388fcb7b25c6cd9f7\"><strong>Estructura Propuesta<\/strong><\/h2>\n\n\n\n<p class=\"has-black-color has-text-color has-link-color wp-elements-d25943e7d5759b508a8f8e99f6ef3eb1\">Al tener una base de datos etiquetada, es natural, utilizar aprendizaje de m\u00e1quina supervisado para entrenar los modelos que sean capaces de separar clases. Para el caso particular se utiliz\u00f3 uno de los m\u00e9todos cl\u00e1sicos m\u00e1s robustos como lo es la maquina de soporte de vectores. Pero como este problema es de&nbsp;<strong><em>Big Data Analytics<\/em><\/strong><em>&nbsp;<\/em>la metodolog\u00eda de entrenamiento, y validaci\u00f3n deben ser&nbsp;<strong>escalables<\/strong>. La metodolog\u00eda se apoya en el&nbsp;<strong><em>bootstraping,&nbsp;<\/em><\/strong>en el que se selecciona un bloque aleatorio de tama\u00f1o T para entrenar un modelo, actualizar las m\u00e9tricas de desempe\u00f1o y repetir el proceso hasta que un bloque cualquiera de tama\u00f1o T ya no modifique considerablemente las m\u00e9tricas, esto se puede observar en la figura 4.<\/p>\n\n\n\n<p class=\"has-black-color has-text-color has-link-color wp-elements-a9111b6f0d92bf66d6b8c5966e622422\">Por la estructura de la metodolog\u00eda, va a ser necesario una infraestructura de computo&nbsp; especial, y es por eso que se utiliz\u00f3:<\/p>\n\n\n\n<div class=\"wp-block-columns is-layout-flex wp-container-core-columns-is-layout-9d6595d7 wp-block-columns-is-layout-flex\">\n<div class=\"wp-block-column is-layout-flow wp-block-column-is-layout-flow\">\n<ul class=\"wp-block-list\">\n<li class=\"has-black-color has-text-color has-link-color wp-elements-dab5edfaa1fb14c2063bd366c3b52b71\">Hardware\n<ul class=\"wp-block-list\">\n<li>Computaci\u00f3n en la Nube (Cloud Computing)<\/li>\n\n\n\n<li>I 32 N\u00facleos (64 CPUs) AMD EPYC<\/li>\n\n\n\n<li>I 128 GB RAM<\/li>\n\n\n\n<li>I 500 horas de computo<\/li>\n\n\n\n<li>I 50 GiB de transferencia<\/li>\n\n\n\n<li>I USD$1100 aprox. en Amazon AWS<\/li>\n<\/ul>\n<\/li>\n<\/ul>\n\n\n\n<ul class=\"wp-block-list\">\n<li><\/li>\n<\/ul>\n<\/div>\n\n\n\n<div class=\"wp-block-column is-layout-flow wp-block-column-is-layout-flow\">\n<ul class=\"wp-block-list\">\n<li>Software\n<ul class=\"wp-block-list\">\n<li class=\"has-black-color has-text-color has-link-color wp-elements-5ee6f9837cb80ba36f5294d934061b77\">Computaci\u00f3n Paralela Multi-proceso<\/li>\n\n\n\n<li class=\"has-black-color has-text-color has-link-color wp-elements-ac3137fb34604cc99960192ab5214bf6\">Linux Ubuntu<\/li>\n\n\n\n<li class=\"has-black-color has-text-color has-link-color wp-elements-3704e30a517b9e2b6b718a3184f0ca10\">Control de despacho utilizando bash scripting<\/li>\n\n\n\n<li class=\"has-black-color has-text-color has-link-color wp-elements-49f88b5535ba5aeedb7020e74a58470c\">I C\u00f3digo fuente en Python<\/li>\n<\/ul>\n<\/li>\n<\/ul>\n<\/div>\n<\/div>\n\n\n<div class=\"wp-block-image\">\n<figure class=\"aligncenter size-medium\"><img loading=\"lazy\" decoding=\"async\" width=\"269\" height=\"300\" src=\"https:\/\/academia.utp.edu.co\/ia-e-industria\/files\/2026\/04\/arboldeclasificacion-269x300.jpg\" alt=\"\" class=\"wp-image-89\" srcset=\"https:\/\/academia.utp.edu.co\/ia-e-industria\/files\/2026\/04\/arboldeclasificacion-269x300.jpg 269w, https:\/\/academia.utp.edu.co\/ia-e-industria\/files\/2026\/04\/arboldeclasificacion-917x1024.jpg 917w, https:\/\/academia.utp.edu.co\/ia-e-industria\/files\/2026\/04\/arboldeclasificacion-768x857.jpg 768w, https:\/\/academia.utp.edu.co\/ia-e-industria\/files\/2026\/04\/arboldeclasificacion.jpg 919w\" sizes=\"auto, (max-width: 269px) 100vw, 269px\" \/><\/figure>\n<\/div>\n\n\n<blockquote class=\"wp-block-quote is-layout-flow wp-block-quote-is-layout-flow\">\n<p class=\"has-text-align-center has-black-color has-text-color has-link-color wp-elements-56bd130eb69217c933c7c719e3077fea\">Figura&nbsp;3: \u00c1rbol Jer\u00e1rquico de Clasificaci\u00f3n<\/p>\n<\/blockquote>\n\n\n\n<p class=\"has-black-color has-text-color has-link-color wp-elements-2b21de2ef38328b34508cbe8fc9e747f\">A la hora de realizar el despacho se tiene que hay un problema de&nbsp;<strong><em>bin packing&nbsp;&nbsp;<\/em><\/strong>por lo que se requiere entregar las tareas de manera equivalente entre las unidades de procesamiento. Para solucionar el problema de despacho se utiliza una estrategia avara, y espec\u00edficamente una t\u00e9cnica&nbsp;<strong><em>off-line&nbsp; First-FitDecreasing.&nbsp;<\/em><\/strong>Luego se definen las m\u00e9tricas de desempe\u00f1o, las cuales son sensibilidad, especificidad, exactitud y precisi\u00f3n.<\/p>\n\n\n\n<h2 class=\"wp-block-heading has-black-color has-text-color has-link-color wp-elements-9662f4ef4cae0a1be119e479a9e91c12\"><strong>Resultados<\/strong><\/h2>\n\n\n\n<p class=\"has-black-color has-text-color has-link-color wp-elements-c0250133f8417fb2e6f0e797bb52b659\">Se dise\u00f1\u00f3 e implement\u00f3 una metodolog\u00eda para el an\u00e1lisis de informaci\u00f3n que proviene equipos macromedidores AMI de un OR, al utilizar aprendizaje de m\u00e1quina supervisado cl\u00e1sico, que es&nbsp; capaz de realizar la clasificaci\u00f3n de&nbsp; FRAUDE con un&nbsp;<strong>68 % de exactitud<\/strong>, y m\u00e1s del&nbsp;<strong>98 % de sensibilidad<\/strong>.<\/p>\n\n\n\n<p class=\"has-black-color has-text-color has-link-color wp-elements-3a4e62e022ff30a94bdece5511389033\">A partir de un experimento de Monte Carlo se demuestra que el m\u00e9todo de entrenamiento y validaci\u00f3n, para este problema,&nbsp;<strong>es escalable<\/strong>&nbsp;y que<strong>&nbsp;converge<\/strong>&nbsp;al utilizar muestras aleatorias de la base de datos.&nbsp;<\/p>\n\n\n\n<p class=\"has-black-color has-text-color has-link-color wp-elements-723f5bab4868125ad4aa4fd721e459ab\">Las cuadrillas t\u00edpicamente se despachan a las instalaciones ANORMALES para poder identificar si hay un FRAUDE u OTRO. El \u00edndice de efectividad fraude es muy bajo, y con el sistema propuesto, aumentar\u00eda significativamente el&nbsp;<strong>porcentaje de detecci\u00f3n<\/strong>, que seg\u00fan los resultados, estar\u00eda alrededor del&nbsp;<strong>60 %<\/strong>&nbsp;(teniendo en cuenta la estructura jer\u00e1rquica).<\/p>\n\n\n\n<h2 class=\"wp-block-heading has-black-color has-text-color has-link-color wp-elements-f90645ed65ed00dbb0a186042f051aed\"><strong>Referencias<\/strong><\/h2>\n\n\n\n<p class=\"has-black-color has-text-color has-link-color wp-elements-9696cc979fe1f1642463452a12c2a54f\">[1] EMPRESAS P\u00daBLICAS DE MEDELL\u00cdN. Normas T\u00e9cnicas: Instalaci\u00f3n de Macromedi\u00f3n. Medell\u00edn, EPM, 2017.<\/p>\n\n\n\n<h2 class=\"wp-block-heading has-black-color has-text-color has-link-color wp-elements-c3b08c368fd108225435060b75217471\"><strong>Bibtex<\/strong><\/h2>\n\n\n\n<pre class=\"wp-block-code has-black-color has-text-color has-link-color wp-elements-c705f786bb38f92ee7bd044b9596b364\"><code>@article{gallondiego2022,\n\n  title={An{\\'a}lisis de los registros de un operador de red el{\\'e}ctrica nacional para la b{\\'u}squeda de p{\\'e}rdidas no t{\\'e}cnicas},\n\n  author={Gall{\\'o}n, Diego Alejandro Moreno},\n\n  year={2022},\n\n  school={Universidad Tecnol{\\'o}gica de Pereira}\n\n}<\/code><\/pre>\n\n\n\n<p><\/p>\n","protected":false},"excerpt":{"rendered":"<p>Autores: Diego Alejandro Moreno Gall\u00f3n, Germ\u00e1n Holgu\u00edn Londo\u00f1o, Mauricio Holgu\u00edn Londo\u00f1o Problema En Colombia entre el a\u00f1o 2020 y el 2022,&nbsp;por p\u00e9rdidas no t\u00e9cnicas se han perdido&nbsp;alrededor de&nbsp;USD$401M&nbsp;en&nbsp;el&nbsp;sistema de distribuci\u00f3n&hellip;<\/p>\n<p class=\"more-link\"><a href=\"https:\/\/academia.utp.edu.co\/ia-e-industria\/perdidas-no-tecnicas\/\" class=\"themebutton2\">Leer m\u00e1s<\/a><\/p>\n","protected":false},"author":1980,"featured_media":0,"parent":0,"menu_order":0,"comment_status":"closed","ping_status":"closed","template":"","meta":{"footnotes":""},"class_list":["post-87","page","type-page","status-publish","hentry"],"_links":{"self":[{"href":"https:\/\/academia.utp.edu.co\/ia-e-industria\/wp-json\/wp\/v2\/pages\/87","targetHints":{"allow":["GET"]}}],"collection":[{"href":"https:\/\/academia.utp.edu.co\/ia-e-industria\/wp-json\/wp\/v2\/pages"}],"about":[{"href":"https:\/\/academia.utp.edu.co\/ia-e-industria\/wp-json\/wp\/v2\/types\/page"}],"author":[{"embeddable":true,"href":"https:\/\/academia.utp.edu.co\/ia-e-industria\/wp-json\/wp\/v2\/users\/1980"}],"replies":[{"embeddable":true,"href":"https:\/\/academia.utp.edu.co\/ia-e-industria\/wp-json\/wp\/v2\/comments?post=87"}],"version-history":[{"count":16,"href":"https:\/\/academia.utp.edu.co\/ia-e-industria\/wp-json\/wp\/v2\/pages\/87\/revisions"}],"predecessor-version":[{"id":162,"href":"https:\/\/academia.utp.edu.co\/ia-e-industria\/wp-json\/wp\/v2\/pages\/87\/revisions\/162"}],"wp:attachment":[{"href":"https:\/\/academia.utp.edu.co\/ia-e-industria\/wp-json\/wp\/v2\/media?parent=87"}],"curies":[{"name":"wp","href":"https:\/\/api.w.org\/{rel}","templated":true}]}}