{"id":1221,"date":"2016-04-23T10:03:31","date_gmt":"2016-04-23T15:03:31","guid":{"rendered":"http:\/\/academia.utp.edu.co\/ieee\/?page_id=1221"},"modified":"2016-04-23T11:00:14","modified_gmt":"2016-04-23T16:00:14","slug":"sase-2015","status":"publish","type":"page","link":"https:\/\/academia.utp.edu.co\/ieee\/eventosase\/sase-2015\/","title":{"rendered":"SASE 2015"},"content":{"rendered":"<h1>Introducci\u00f3n<\/h1>\n<p><span lang=\"ES-CO\">SASE organizado por la Rama Estudiantil del IEEE de la Universidad Tecnol\u00f3gica de Pereira convoca a ingenieros del \u00e1rea para que compartan sus conocimientos y experiencias adquiridas en el \u00e1mbito profesional e investigativo.<\/span><\/p>\n<p><span lang=\"ES-CO\">Debido a la creciente demanda energ\u00e9tica del pa\u00eds, se hace necesario la expansi\u00f3n y constante actualizaci\u00f3n tecnol\u00f3gica del sistema el\u00e9ctrico de potencia colombiano. Es all\u00ed donde nace la tarea de informar y actualizar a los expertos y futuros agentes del sector el\u00e9ctrico nacional, sobre los nuevos marcos regulatorios y tecnol\u00f3gicos que ocurren en Colombia.<\/span><\/p>\n<p><span lang=\"ES-CO\">La \u00a0Rama Estudiantil del IEEE busca ofrecer un espacio de interacci\u00f3n profesional entre la industria energ\u00e9tica y la academia, exponiendo las \u00faltimas tendencias y avances en el \u00e1rea de la ingenier\u00eda el\u00e9ctrica por parte de expertos en el sector y pares acad\u00e9micos de la Universidad Tecnol\u00f3gica de Pereira.<\/span><\/p>\n<p>&nbsp;<\/p>\n<p><a href=\"https:\/\/academia.utp.edu.co\/ieee\/files\/2016\/04\/rich-07-1.jpg\"><img loading=\"lazy\" decoding=\"async\" class=\"aligncenter  wp-image-1561\" src=\"https:\/\/academia.utp.edu.co\/ieee\/files\/2016\/04\/rich-07-1.jpg\" alt=\"Cartel_SASE\" width=\"539\" height=\"763\" srcset=\"https:\/\/academia.utp.edu.co\/ieee\/files\/2016\/04\/rich-07-1.jpg 3508w, https:\/\/academia.utp.edu.co\/ieee\/files\/2016\/04\/rich-07-1-212x300.jpg 212w, https:\/\/academia.utp.edu.co\/ieee\/files\/2016\/04\/rich-07-1-724x1024.jpg 724w, https:\/\/academia.utp.edu.co\/ieee\/files\/2016\/04\/rich-07-1-250x354.jpg 250w\" sizes=\"auto, (max-width: 539px) 100vw, 539px\" \/><\/a><\/p>\n","protected":false},"excerpt":{"rendered":"<p>Introducci\u00f3n SASE organizado por la Rama Estudiantil del IEEE de la Universidad Tecnol\u00f3gica de Pereira convoca a ingenieros del \u00e1rea para que compartan sus conocimientos y experiencias adquiridas en el \u00e1mbito profesional e investigativo. Debido a la creciente demanda energ\u00e9tica<\/p>\n","protected":false},"author":81,"featured_media":0,"parent":971,"menu_order":0,"comment_status":"closed","ping_status":"closed","template":"","meta":{"footnotes":""},"class_list":["post-1221","page","type-page","status-publish","hentry"],"_links":{"self":[{"href":"https:\/\/academia.utp.edu.co\/ieee\/wp-json\/wp\/v2\/pages\/1221","targetHints":{"allow":["GET"]}}],"collection":[{"href":"https:\/\/academia.utp.edu.co\/ieee\/wp-json\/wp\/v2\/pages"}],"about":[{"href":"https:\/\/academia.utp.edu.co\/ieee\/wp-json\/wp\/v2\/types\/page"}],"author":[{"embeddable":true,"href":"https:\/\/academia.utp.edu.co\/ieee\/wp-json\/wp\/v2\/users\/81"}],"replies":[{"embeddable":true,"href":"https:\/\/academia.utp.edu.co\/ieee\/wp-json\/wp\/v2\/comments?post=1221"}],"version-history":[{"count":3,"href":"https:\/\/academia.utp.edu.co\/ieee\/wp-json\/wp\/v2\/pages\/1221\/revisions"}],"predecessor-version":[{"id":1571,"href":"https:\/\/academia.utp.edu.co\/ieee\/wp-json\/wp\/v2\/pages\/1221\/revisions\/1571"}],"up":[{"embeddable":true,"href":"https:\/\/academia.utp.edu.co\/ieee\/wp-json\/wp\/v2\/pages\/971"}],"wp:attachment":[{"href":"https:\/\/academia.utp.edu.co\/ieee\/wp-json\/wp\/v2\/media?parent=1221"}],"curies":[{"name":"wp","href":"https:\/\/api.w.org\/{rel}","templated":true}]}}