{"id":1281,"date":"2016-04-23T10:06:04","date_gmt":"2016-04-23T15:06:04","guid":{"rendered":"http:\/\/academia.utp.edu.co\/ieee\/?page_id=1281"},"modified":"2017-06-16T22:07:30","modified_gmt":"2017-06-17T03:07:30","slug":"sase-2016","status":"publish","type":"page","link":"https:\/\/academia.utp.edu.co\/ieee\/eventosase\/sase-2016\/","title":{"rendered":"SASE 2016"},"content":{"rendered":"<p><!-- table style=\"height: 1845px\" width=\"831\"&gt;--><\/p>\n<p><a href=\"https:\/\/academia.utp.edu.co\/ieee\/files\/2016\/05\/Logo-Sase.png\"><img loading=\"lazy\" decoding=\"async\" class=\"aligncenter size-full wp-image-2471\" src=\"https:\/\/academia.utp.edu.co\/ieee\/files\/2016\/05\/Logo-Sase.png\" alt=\"Logo Sase\" width=\"1802\" height=\"1053\" srcset=\"https:\/\/academia.utp.edu.co\/ieee\/files\/2016\/05\/Logo-Sase.png 1802w, https:\/\/academia.utp.edu.co\/ieee\/files\/2016\/05\/Logo-Sase-300x175.png 300w, https:\/\/academia.utp.edu.co\/ieee\/files\/2016\/05\/Logo-Sase-1024x598.png 1024w, https:\/\/academia.utp.edu.co\/ieee\/files\/2016\/05\/Logo-Sase-250x146.png 250w\" sizes=\"auto, (max-width: 1802px) 100vw, 1802px\" \/><\/a><\/p>\n<p>El <b>SASE<\/b> es un evento que nace en el 2015 con la intenci\u00f3n de llevar a estudiantes y profesionales un panorama actual en el campo de la ingenier\u00eda el\u00e9ctrica y \u00e1reas afines.<\/p>\n<p>El <strong>Segundo Seminario de Actualizaci\u00f3n en Sistemas El\u00e9ctricos<\/strong>\u00a0se llev\u00f3 a cabo los d\u00edas 1 y 2 de septiembre del presente a\u00f1o, en las instalaciones de la UTP en la ciudad de Pereira. Este seminario pretende ser un espacio de interacci\u00f3n entre el sector el\u00e9ctrico y la academia, en el cual los asistentes reciben informaci\u00f3n actualizada sobre diferentes temas de inter\u00e9s, mediante la exposici\u00f3n de las \u00faltimas tendencias y avances en el \u00e1rea de la ingenier\u00eda el\u00e9ctrica por parte de expertos y pares acad\u00e9micos del sector.<\/p>\n<p>La Rama Estudiantil IEEE de la Universidad Tecnol\u00f3gica de Pereira busca ofrecer un espacio de interacci\u00f3n profesional entre la industria energ\u00e9tica y la academia, por lo anterior, esperamos contar con su participaci\u00f3n, la cual permitir\u00e1 enriquecer nuestro evento.<\/p>\n<p>Conoce nuestros ponentes en el siguiente enlace:<\/p>\n<p><a href=\"https:\/\/academia.utp.edu.co\/ieee\/sase\/ponentes\">Ponentes<\/a><\/p>\n<p>Conoce la programaci\u00f3n del evento:<\/p>\n<p><a href=\"https:\/\/academia.utp.edu.co\/ieee\/files\/2016\/04\/Programa.pdf\">Programa<\/a><\/p>\n<p>Si quieres acceder a las memorias del evento puedes descargarlas en el siguiente enlace:<\/p>\n<p><a href=\"https:\/\/academia.utp.edu.co\/ieee\/files\/2016\/04\/Memorias.zip\">Memorias<\/a><\/p>\n<p>&nbsp;<\/p>\n<p><a href=\"https:\/\/academia.utp.edu.co\/ieee\/files\/2016\/04\/Afiche-SASE1.jpg\"><img loading=\"lazy\" decoding=\"async\" class=\"size-medium wp-image-2681 aligncenter\" src=\"https:\/\/academia.utp.edu.co\/ieee\/files\/2016\/04\/Afiche-SASE1-214x300.jpg\" alt=\"Afiche SASE\" width=\"214\" height=\"300\" srcset=\"https:\/\/academia.utp.edu.co\/ieee\/files\/2016\/04\/Afiche-SASE1-214x300.jpg 214w, https:\/\/academia.utp.edu.co\/ieee\/files\/2016\/04\/Afiche-SASE1-731x1024.jpg 731w, https:\/\/academia.utp.edu.co\/ieee\/files\/2016\/04\/Afiche-SASE1-250x350.jpg 250w\" sizes=\"auto, (max-width: 214px) 100vw, 214px\" \/><\/a><b><\/b><\/p>\n<p><b>Lugar: <\/b>Auditorio Jorge Roa Mart\u00ednez, Universidad Tecnol\u00f3gica de Pereira<br \/>\n<b>Fecha: <\/b>1 y 2 de Septiembre de 2016<br \/>\n<b>Hora: <\/b>De 7:00 AM a 6:00 PM<\/p>\n<p><b>Mas informaci\u00f3n:<\/b><br \/>\nCorreo:<br \/>\n<a href=\"mailto:ieeeutp@gmail.com\">ieeeutp@gmail.com<\/a><\/p>\n","protected":false},"excerpt":{"rendered":"<p>El SASE es un evento que nace en el 2015 con la intenci\u00f3n de llevar a estudiantes y profesionales un panorama actual en el campo de la ingenier\u00eda el\u00e9ctrica y \u00e1reas afines. El Segundo Seminario de Actualizaci\u00f3n en Sistemas El\u00e9ctricos\u00a0se<\/p>\n","protected":false},"author":81,"featured_media":0,"parent":971,"menu_order":0,"comment_status":"closed","ping_status":"closed","template":"","meta":{"footnotes":""},"class_list":["post-1281","page","type-page","status-publish","hentry"],"_links":{"self":[{"href":"https:\/\/academia.utp.edu.co\/ieee\/wp-json\/wp\/v2\/pages\/1281","targetHints":{"allow":["GET"]}}],"collection":[{"href":"https:\/\/academia.utp.edu.co\/ieee\/wp-json\/wp\/v2\/pages"}],"about":[{"href":"https:\/\/academia.utp.edu.co\/ieee\/wp-json\/wp\/v2\/types\/page"}],"author":[{"embeddable":true,"href":"https:\/\/academia.utp.edu.co\/ieee\/wp-json\/wp\/v2\/users\/81"}],"replies":[{"embeddable":true,"href":"https:\/\/academia.utp.edu.co\/ieee\/wp-json\/wp\/v2\/comments?post=1281"}],"version-history":[{"count":55,"href":"https:\/\/academia.utp.edu.co\/ieee\/wp-json\/wp\/v2\/pages\/1281\/revisions"}],"predecessor-version":[{"id":3791,"href":"https:\/\/academia.utp.edu.co\/ieee\/wp-json\/wp\/v2\/pages\/1281\/revisions\/3791"}],"up":[{"embeddable":true,"href":"https:\/\/academia.utp.edu.co\/ieee\/wp-json\/wp\/v2\/pages\/971"}],"wp:attachment":[{"href":"https:\/\/academia.utp.edu.co\/ieee\/wp-json\/wp\/v2\/media?parent=1281"}],"curies":[{"name":"wp","href":"https:\/\/api.w.org\/{rel}","templated":true}]}}