{"id":1301,"date":"2016-04-23T10:09:59","date_gmt":"2016-04-23T15:09:59","guid":{"rendered":"http:\/\/academia.utp.edu.co\/ieee\/?page_id=1301"},"modified":"2016-04-25T19:30:10","modified_gmt":"2016-04-26T00:30:10","slug":"pes","status":"publish","type":"page","link":"https:\/\/academia.utp.edu.co\/ieee\/capitulos\/pes\/","title":{"rendered":"Cap\u00edtulo PES"},"content":{"rendered":"<p><a href=\"https:\/\/academia.utp.edu.co\/ieee\/files\/2016\/04\/Sin-t\u00edtulo-1-e1461629755716.jpg\"><img loading=\"lazy\" decoding=\"async\" class=\"aligncenter size-full wp-image-1931\" src=\"https:\/\/academia.utp.edu.co\/ieee\/files\/2016\/04\/Sin-t\u00edtulo-1-e1461629755716.jpg\" alt=\"Sin t\u00edtulo-1\" width=\"2458\" height=\"1564\" srcset=\"https:\/\/academia.utp.edu.co\/ieee\/files\/2016\/04\/Sin-t\u00edtulo-1-e1461629755716.jpg 2458w, https:\/\/academia.utp.edu.co\/ieee\/files\/2016\/04\/Sin-t\u00edtulo-1-e1461629755716-300x191.jpg 300w, https:\/\/academia.utp.edu.co\/ieee\/files\/2016\/04\/Sin-t\u00edtulo-1-e1461629755716-1024x652.jpg 1024w, https:\/\/academia.utp.edu.co\/ieee\/files\/2016\/04\/Sin-t\u00edtulo-1-e1461629755716-250x159.jpg 250w\" sizes=\"auto, (max-width: 2458px) 100vw, 2458px\" \/><\/a><\/p>\n<h2>INTRODUCCI\u00d3N<\/h2>\n<p>Recordemos que la Rama es de todos para todos, por lo tanto, cuando eres parte activa de esta comprender\u00e1s que adem\u00e1s de un grupo de trabajo encuentras una familia que siempre estar\u00e1 dispuesta a apoyarte para alcanzar tus metas, tengamos presente que no todo en la vida es acad\u00e9mico tambi\u00e9n es importante la parte social.<\/p>\n<p>Los miembros de PES se encuentran envueltos en actividades como planificaci\u00f3n, investigaci\u00f3n, desarrollo, construcci\u00f3n, instalaci\u00f3n y operaci\u00f3n de equipos y sistemas para una segura y confiable generaci\u00f3n, transmisi\u00f3n, distribuci\u00f3n, medici\u00f3n y control de la energ\u00eda el\u00e9ctrica.<\/p>\n<p>Los miembros de PES son l\u00edderes en este campo derivando grandes beneficios de su valiosa participaci\u00f3n en esta \u00fanica y destacada asociaci\u00f3n profesional.<\/p>\n<h2>MISION<\/h2>\n<p>Servir y contribuir por medio de sus actividades, al progreso de los miembros de forma tal que se enriquezcan tanto sus capacidades investigativas e intelectuales como personales y profesionales, en el \u00e1rea de ingenier\u00eda de potencia y energ\u00eda, promoviendo una actitud responsable con la sociedad y los recursos naturales del pa\u00eds.<\/p>\n<h2>VISION<\/h2>\n<p>El cap\u00edtulo PES de la Rama Estudiantil IEEE-UTP es un organismo distintivo del programa de Ingenier\u00eda el\u00e9ctrica de la Universidad Tecnol\u00f3gica de Pereira, el cual impulsar\u00e1 y promover\u00e1 el desarrollo e innovaci\u00f3n tecnol\u00f3gica sostenible, a trav\u00e9s de la investigaci\u00f3n, procurando la formaci\u00f3n profesional continua y prosperidad de todos sus miembros.<\/p>\n<h2>OBJETIVOS<\/h2>\n<p>Incentivar al crecimiento investigativo de los miembros atreves de publicaciones y exposiciones.<br \/>\nOrganizar cursos y conferencias especializadas con expertos nacionales e internacionales.<br \/>\nInvolucrar a los estudiantes desde el comienzo de su formaci\u00f3n para que tengan una visi\u00f3n concreta de su programa acad\u00e9mico.<br \/>\nMotivar en el sector educativo el estudio de las carreras de ingenier\u00eda el\u00e9ctrica.<br \/>\nContribuir con reflexiones u opiniones critico-t\u00e9cnicas y cient\u00edficas acerca de la problem\u00e1tica del sector energ\u00e9tico del pa\u00eds.<br \/>\nTemas a trabajar.<br \/>\n&#8211; Redes inteligentes.<br \/>\n&#8211; Monitoreo de \u00e1rea amplia.<br \/>\n&#8211; Transporte de energ\u00eda inal\u00e1mbrico.<br \/>\n&#8211; HVDC transmisi\u00f3n.<\/p>\n","protected":false},"excerpt":{"rendered":"<p>INTRODUCCI\u00d3N Recordemos que la Rama es de todos para todos, por lo tanto, cuando eres parte activa de esta comprender\u00e1s que adem\u00e1s de un grupo de trabajo encuentras una familia que siempre estar\u00e1 dispuesta a apoyarte para alcanzar tus metas,<\/p>\n","protected":false},"author":81,"featured_media":0,"parent":1021,"menu_order":0,"comment_status":"closed","ping_status":"closed","template":"","meta":{"footnotes":""},"class_list":["post-1301","page","type-page","status-publish","hentry"],"_links":{"self":[{"href":"https:\/\/academia.utp.edu.co\/ieee\/wp-json\/wp\/v2\/pages\/1301","targetHints":{"allow":["GET"]}}],"collection":[{"href":"https:\/\/academia.utp.edu.co\/ieee\/wp-json\/wp\/v2\/pages"}],"about":[{"href":"https:\/\/academia.utp.edu.co\/ieee\/wp-json\/wp\/v2\/types\/page"}],"author":[{"embeddable":true,"href":"https:\/\/academia.utp.edu.co\/ieee\/wp-json\/wp\/v2\/users\/81"}],"replies":[{"embeddable":true,"href":"https:\/\/academia.utp.edu.co\/ieee\/wp-json\/wp\/v2\/comments?post=1301"}],"version-history":[{"count":3,"href":"https:\/\/academia.utp.edu.co\/ieee\/wp-json\/wp\/v2\/pages\/1301\/revisions"}],"predecessor-version":[{"id":1951,"href":"https:\/\/academia.utp.edu.co\/ieee\/wp-json\/wp\/v2\/pages\/1301\/revisions\/1951"}],"up":[{"embeddable":true,"href":"https:\/\/academia.utp.edu.co\/ieee\/wp-json\/wp\/v2\/pages\/1021"}],"wp:attachment":[{"href":"https:\/\/academia.utp.edu.co\/ieee\/wp-json\/wp\/v2\/media?parent=1301"}],"curies":[{"name":"wp","href":"https:\/\/api.w.org\/{rel}","templated":true}]}}