{"id":2571,"date":"2016-05-16T20:47:25","date_gmt":"2016-05-17T01:47:25","guid":{"rendered":"http:\/\/academia.utp.edu.co\/ieee\/?page_id=2571"},"modified":"2016-08-30T09:06:40","modified_gmt":"2016-08-30T14:06:40","slug":"ponentes","status":"publish","type":"page","link":"https:\/\/academia.utp.edu.co\/ieee\/eventosase\/sase-2016\/ponentes\/","title":{"rendered":"Ponentes"},"content":{"rendered":"<table width=\"631\">\n<tbody>\n<tr>\n<td width=\"222\">Nombre<\/td>\n<td width=\"174\">Entidad<\/td>\n<td width=\"235\">Tema<\/td>\n<\/tr>\n<tr>\n<td width=\"222\">Sandra Ximena Carvajal Quintero<\/td>\n<td width=\"174\">Universidad Nacional de Colombia<\/td>\n<td width=\"235\">Integraci\u00f3n de Recuersos Energ\u00e9ticos Distribuidos: Oportunidades y Desaf\u00edos<\/td>\n<\/tr>\n<tr>\n<td width=\"222\">Diego Adolfo Mej\u00eda Giraldo<\/td>\n<td width=\"174\">Universidad de Antioquia<\/td>\n<td width=\"235\">Planeamiento integrado generaci\u00f3n-transmisi\u00f3n en Colombia<\/td>\n<\/tr>\n<tr>\n<td width=\"222\">Juan Jos\u00e9 Mora Florez<\/td>\n<td width=\"174\">Universidad Tecnol\u00f3gica de Pereira<\/td>\n<td width=\"235\">Proyecto CIDT: Localizaci\u00f3n de Fallas<\/td>\n<\/tr>\n<tr>\n<td width=\"222\">Fernando Villada Duque<\/td>\n<td width=\"174\">Universidad de Antioquia<\/td>\n<td width=\"235\">Oportunidades y retos para las energ\u00edas renovables en Colombia<\/td>\n<\/tr>\n<tr>\n<td width=\"222\">Henry Giovanny Vald\u00e9z Jaramillo<\/td>\n<td width=\"174\">Empresa de Energ\u00eda de Pereira<\/td>\n<td width=\"235\">Mercado Energ\u00e9tico Colombiano (Actualidad y Perspectivas)<\/td>\n<\/tr>\n<tr>\n<td width=\"222\">Camilo Alfonso Zuluaga Mu\u00f1oz<\/td>\n<td width=\"174\">Codensa S.A. E.S.P.<\/td>\n<td width=\"235\">Gesti\u00f3n Intervenciones Programadas: Alta Tensi\u00f3n<\/td>\n<\/tr>\n<tr>\n<td width=\"222\">Hern\u00e1n Escarria Garc\u00eda<\/td>\n<td width=\"174\">ABB Ltda<\/td>\n<td width=\"235\">Transformadores, Esteres vegetales y sint\u00e9ticos.<\/td>\n<\/tr>\n<tr>\n<td width=\"222\">Rub\u00e9n Jos\u00e9 Dorantes Rodr\u00edguez<\/td>\n<td width=\"174\">Universidad Aut\u00f3noma Metropolitana<\/td>\n<td width=\"235\">Eficiencia energ\u00e9tica y generaci\u00f3n distribuida con renovables: Motores de la transici\u00f3n energ\u00e9tica y clim\u00e1tica<\/td>\n<\/tr>\n<tr>\n<td width=\"222\">Edison Cardona Rend\u00f3n<\/td>\n<td width=\"174\">XM S.A. E.S.P.<\/td>\n<td width=\"235\">Operaci\u00f3n del Sistema El\u00e9ctrico Colombianor<\/td>\n<\/tr>\n<tr>\n<td width=\"222\">Maximiliano Bueno L\u00f3pez<\/td>\n<td width=\"174\">Universidad de La Salle<\/td>\n<td width=\"235\">Electrificaci\u00f3n en ZNI: Hacia una nueva visi\u00f3n de la ruralidad<\/td>\n<\/tr>\n<tr>\n<td width=\"222\">Mauricio Granada Echeverri<\/td>\n<td width=\"174\">Universidad Tecnol\u00f3gica de Pereira<\/td>\n<td width=\"235\">Proyecto CIDT: Usuarios Infractores<\/td>\n<\/tr>\n<tr>\n<td width=\"222\">Ronald Felipe Dickson Barrera<\/td>\n<td width=\"174\">Intercolombia S.A. E.S.P.<\/td>\n<td width=\"235\">Sistemas HVDC<\/td>\n<\/tr>\n<tr>\n<td width=\"222\">Eduardo Francisco Caicedo Bravo<\/td>\n<td width=\"174\">Universidad del Valle<\/td>\n<td width=\"235\">SMART GRIDS: Infraestructrua de Medici\u00f3n Avanzada AMI<\/td>\n<\/tr>\n<tr>\n<td width=\"222\">Nicanor Quijano Silva<\/td>\n<td width=\"174\">Universidad de los Andes<\/td>\n<td width=\"235\">Ciudades Inteligentes Vistas Como un Juego: Control, Energ\u00eda y Agua<\/td>\n<\/tr>\n<tr>\n<td width=\"222\">Germ\u00e1n Castro Ferreira<\/td>\n<td width=\"174\">CREG<\/td>\n<td width=\"235\">Evoluci\u00f3n de la Regulaci\u00f3n Energ\u00e9tica en Colombia<\/td>\n<\/tr>\n<tr>\n<td width=\"222\">Gabriel Mauricio Holguin Parada<\/td>\n<td width=\"174\">Universidad de Santiago de Chile<\/td>\n<td width=\"235\">Almacenamiento de Energ\u00eda en el Sistema de Potencia<\/td>\n<\/tr>\n<\/tbody>\n<\/table>\n<p>&nbsp;<\/p>\n","protected":false},"excerpt":{"rendered":"<p>Nombre Entidad Tema Sandra Ximena Carvajal Quintero Universidad Nacional de Colombia Integraci\u00f3n de Recuersos Energ\u00e9ticos Distribuidos: Oportunidades y Desaf\u00edos Diego Adolfo Mej\u00eda Giraldo Universidad de Antioquia Planeamiento integrado generaci\u00f3n-transmisi\u00f3n en Colombia Juan Jos\u00e9 Mora Florez Universidad Tecnol\u00f3gica de Pereira Proyecto<\/p>\n","protected":false},"author":81,"featured_media":0,"parent":1281,"menu_order":0,"comment_status":"closed","ping_status":"closed","template":"","meta":{"footnotes":""},"class_list":["post-2571","page","type-page","status-publish","hentry"],"_links":{"self":[{"href":"https:\/\/academia.utp.edu.co\/ieee\/wp-json\/wp\/v2\/pages\/2571","targetHints":{"allow":["GET"]}}],"collection":[{"href":"https:\/\/academia.utp.edu.co\/ieee\/wp-json\/wp\/v2\/pages"}],"about":[{"href":"https:\/\/academia.utp.edu.co\/ieee\/wp-json\/wp\/v2\/types\/page"}],"author":[{"embeddable":true,"href":"https:\/\/academia.utp.edu.co\/ieee\/wp-json\/wp\/v2\/users\/81"}],"replies":[{"embeddable":true,"href":"https:\/\/academia.utp.edu.co\/ieee\/wp-json\/wp\/v2\/comments?post=2571"}],"version-history":[{"count":9,"href":"https:\/\/academia.utp.edu.co\/ieee\/wp-json\/wp\/v2\/pages\/2571\/revisions"}],"predecessor-version":[{"id":2821,"href":"https:\/\/academia.utp.edu.co\/ieee\/wp-json\/wp\/v2\/pages\/2571\/revisions\/2821"}],"up":[{"embeddable":true,"href":"https:\/\/academia.utp.edu.co\/ieee\/wp-json\/wp\/v2\/pages\/1281"}],"wp:attachment":[{"href":"https:\/\/academia.utp.edu.co\/ieee\/wp-json\/wp\/v2\/media?parent=2571"}],"curies":[{"name":"wp","href":"https:\/\/api.w.org\/{rel}","templated":true}]}}