{"id":3371,"date":"2016-07-14T11:36:46","date_gmt":"2016-07-14T16:36:46","guid":{"rendered":"http:\/\/academia.utp.edu.co\/ieee\/?page_id=3371"},"modified":"2016-08-24T22:18:28","modified_gmt":"2016-08-25T03:18:28","slug":"enedie","status":"publish","type":"page","link":"https:\/\/academia.utp.edu.co\/ieee\/eventosase\/sase-2016\/enedie\/","title":{"rendered":"Encuentro Nacional de Estudiantes y Directores de Ingenier\u00eda El\u00e9ctrica 2016"},"content":{"rendered":"<p style=\"text-align: center\"><a href=\"https:\/\/academia.utp.edu.co\/ieee\/files\/2016\/07\/Logo.jpg\"><img loading=\"lazy\" decoding=\"async\" class=\"aligncenter wp-image-3391 size-medium\" src=\"https:\/\/academia.utp.edu.co\/ieee\/files\/2016\/07\/Logo-300x300.jpg\" alt=\"Logo\" width=\"300\" height=\"300\" srcset=\"https:\/\/academia.utp.edu.co\/ieee\/files\/2016\/07\/Logo-300x300.jpg 300w, https:\/\/academia.utp.edu.co\/ieee\/files\/2016\/07\/Logo-150x150.jpg 150w, https:\/\/academia.utp.edu.co\/ieee\/files\/2016\/07\/Logo-1024x1024.jpg 1024w, https:\/\/academia.utp.edu.co\/ieee\/files\/2016\/07\/Logo-250x250.jpg 250w, https:\/\/academia.utp.edu.co\/ieee\/files\/2016\/07\/Logo-50x50.jpg 50w, https:\/\/academia.utp.edu.co\/ieee\/files\/2016\/07\/Logo.jpg 1200w\" sizes=\"auto, (max-width: 300px) 100vw, 300px\" \/><\/a><\/p>\n<p>El \u00a0<strong>Encuentro Nacional de Estudiantes y Directores de Ingenier\u00eda El\u00e9ctrica<\/strong> es un evento que tiene por finalidad la integraci\u00f3n de los diferentes programas a nivel nacional de Ingenier\u00eda El\u00e9ctrica, abriendo un espacio en el que \u00a0los estudiantes y directores de las diferentes universidades se puedan conocer y crear lazos profesionales.<\/p>\n<p>Dicho evento es\u00a0realizado por la\u00a0<strong>Red de Programas de Ingenier\u00eda El\u00e9ctrica (RIELEC)<\/strong>, con el apoyo del Programa de Ingenier\u00eda El\u00e9ctrica de la Universidad Tecnol\u00f3gica de Pereira y la Rama estudiantil del IEEE de la UTP.<\/p>\n<p>As\u00ed pues, el d\u00eda\u00a031 de agosto se llevar\u00e1 a cabo el primer encuentro Nacional donde se desarrollar\u00e1n actividades acad\u00e9micas y sociales que ser\u00e1n pre\u00e1mbulo del\u00a0<strong>II Seminario de Actualizaci\u00f3n en Sistemas El\u00e9ctricos (SASE) <\/strong>que se realizar\u00e1 los d\u00edas 1 y 2 de septiembre. Las Actividades del 31 de agosto NO tendr\u00e1n costo, mientras que el SASE tiene costo de inscripci\u00f3n. (M\u00e1s informaci\u00f3n sobre el SASE en: <a href=\"https:\/\/academia.utp.edu.co\/ieee\/sase\/\">https:\/\/academia.utp.edu.co\/ieee\/sase\/<\/a>)<\/p>\n<p><span style=\"color: #000000\"><b>Programaci\u00f3n del evento<\/b><\/span><\/p>\n<table style=\"text-align: center\">\n<thead>\n<tr>\n<td colspan=\"2\">31 de agosto<\/td>\n<\/tr>\n<tr>\n<td>Hora<\/td>\n<td>Evento<\/td>\n<\/tr>\n<\/thead>\n<tbody>\n<tr>\n<td>08:00<\/td>\n<td>Palabras de Bienvenida<\/td>\n<\/tr>\n<tr>\n<td>08:30<\/td>\n<td>Foro: Desaf\u00edos y retos actuales de la Ingenier\u00eda El\u00e9ctrica en el pa\u00eds<\/td>\n<\/tr>\n<tr>\n<td>10:30<\/td>\n<td>Receso<\/td>\n<\/tr>\n<tr>\n<td>14:00<\/td>\n<td>Actividades Deportivas (F\u00fatbol, microf\u00fatbol, volleyball, b\u00fasqueda del tesoro)<\/td>\n<\/tr>\n<\/tbody>\n<\/table>\n<p>Programaci\u00f3n del SASE:<br \/>\n<a href=\"https:\/\/academia.utp.edu.co\/ieee\/files\/2016\/04\/Cronograma.pdf\">Cronograma<\/a><\/p>\n<p><strong>Lugar:\u00a0<\/strong>Universidad Tecnol\u00f3gica de Pereira<br \/>\n<strong>D\u00edas: <\/strong>31 de Agosto, 1 y 2 de Septiembre del 2016<\/p>\n<p><strong>Inscripciones en:<br \/>\n<\/strong><a href=\"http:\/\/goo.gl\/forms\/Wv9GLPuW5Y2hIvDA2\">http:\/\/goo.gl\/forms\/Wv9GLPuW5Y2hIvDA2<\/a><\/p>\n<p>Carta de Invitaci\u00f3n:<\/p>\n<p><a href=\"https:\/\/academia.utp.edu.co\/ieee\/files\/2016\/07\/Carta-de-Invitaci\u00f3n-ENEDIE.pdf\">Carta de Invitaci\u00f3n ENEDIE<\/a><\/p>\n<p>&nbsp;<\/p>\n<p>Para las inscripciones en las actividades deportivas, descarga y diligencia el siguiente formato:<\/p>\n<p><a href=\"https:\/\/academia.utp.edu.co\/ieee\/files\/2016\/07\/formularios-de-torneos-de-voleibol-y-microfutbol.docx\">formularios-de-torneos-de-voleibol-y-microfutbol<\/a><\/p>\n","protected":false},"excerpt":{"rendered":"<p>El \u00a0Encuentro Nacional de Estudiantes y Directores de Ingenier\u00eda El\u00e9ctrica es un evento que tiene por finalidad la integraci\u00f3n de los diferentes programas a nivel nacional de Ingenier\u00eda El\u00e9ctrica, abriendo un espacio en el que \u00a0los estudiantes y directores de<\/p>\n","protected":false},"author":81,"featured_media":0,"parent":1281,"menu_order":0,"comment_status":"closed","ping_status":"closed","template":"","meta":{"footnotes":""},"class_list":["post-3371","page","type-page","status-publish","hentry"],"_links":{"self":[{"href":"https:\/\/academia.utp.edu.co\/ieee\/wp-json\/wp\/v2\/pages\/3371","targetHints":{"allow":["GET"]}}],"collection":[{"href":"https:\/\/academia.utp.edu.co\/ieee\/wp-json\/wp\/v2\/pages"}],"about":[{"href":"https:\/\/academia.utp.edu.co\/ieee\/wp-json\/wp\/v2\/types\/page"}],"author":[{"embeddable":true,"href":"https:\/\/academia.utp.edu.co\/ieee\/wp-json\/wp\/v2\/users\/81"}],"replies":[{"embeddable":true,"href":"https:\/\/academia.utp.edu.co\/ieee\/wp-json\/wp\/v2\/comments?post=3371"}],"version-history":[{"count":14,"href":"https:\/\/academia.utp.edu.co\/ieee\/wp-json\/wp\/v2\/pages\/3371\/revisions"}],"predecessor-version":[{"id":3701,"href":"https:\/\/academia.utp.edu.co\/ieee\/wp-json\/wp\/v2\/pages\/3371\/revisions\/3701"}],"up":[{"embeddable":true,"href":"https:\/\/academia.utp.edu.co\/ieee\/wp-json\/wp\/v2\/pages\/1281"}],"wp:attachment":[{"href":"https:\/\/academia.utp.edu.co\/ieee\/wp-json\/wp\/v2\/media?parent=3371"}],"curies":[{"name":"wp","href":"https:\/\/api.w.org\/{rel}","templated":true}]}}