{"id":3641,"date":"2016-08-18T21:04:04","date_gmt":"2016-08-19T02:04:04","guid":{"rendered":"http:\/\/academia.utp.edu.co\/ieee\/?page_id=3641"},"modified":"2016-08-18T21:04:04","modified_gmt":"2016-08-19T02:04:04","slug":"acercade","status":"publish","type":"page","link":"https:\/\/academia.utp.edu.co\/ieee\/acercade\/","title":{"rendered":"Acerca de Nosotros"},"content":{"rendered":"<p><em><strong>Misi\u00f3n<\/strong><\/em><\/p>\n<p>Ofrecer un espacio para el intercambio acad\u00e9mico e interacci\u00f3n social de los estudiantes del Programa de Ingenier\u00eda el\u00e9ctric<span class=\"text_exposed_show\">a y carreras afines, que permita una relaci\u00f3n de conocimiento y experiencias que enriquezcan tanto la formaci\u00f3n intelectual como la capacitaci\u00f3n personal.<\/span><\/p>\n<p><em><strong>Visi\u00f3n<\/strong><\/em><\/p>\n<p>La Rama Estudiantil IEEE-UTP ser\u00e1 un organismo distintivo de la Facultad de Ingenier\u00edas en la regi\u00f3n, la cual impulsara a lo<span class=\"text_exposed_show\">s estudiantes en el proceso de inmersi\u00f3n a las vertientes de la profesi\u00f3n del ingeniero, a trav\u00e9s, de la investigaci\u00f3n y la realimentaci\u00f3n de estudiantes y profesionales que han adquirido un sentido de pertenencia y quieren que la organizaci\u00f3n perdure.<\/p>\n<p><em><strong>Objetivos:<\/strong><\/em><\/p>\n<p>&#8211; Incentivar el crecimiento personal y profesional de los estudiantes a trav\u00e9s de diversas actividades.<br \/>\n&#8211; Fomentar el inter\u00e9s en el desarrollo investigativo dentro de la Rama a trav\u00e9s de la integraci\u00f3n de cap\u00edtulos t\u00e9cnicos.<br \/>\n&#8211; Involucrar a los estudiantes desde el comienzo de su formaci\u00f3n para que tengan una visi\u00f3n concreta de su programa acad\u00e9mico.<\/span><\/p>\n","protected":false},"excerpt":{"rendered":"<p>Misi\u00f3n Ofrecer un espacio para el intercambio acad\u00e9mico e interacci\u00f3n social de los estudiantes del Programa de Ingenier\u00eda el\u00e9ctrica y carreras afines, que permita una relaci\u00f3n de conocimiento y experiencias que enriquezcan tanto la formaci\u00f3n intelectual como la capacitaci\u00f3n personal.<\/p>\n","protected":false},"author":81,"featured_media":0,"parent":0,"menu_order":0,"comment_status":"closed","ping_status":"closed","template":"","meta":{"footnotes":""},"class_list":["post-3641","page","type-page","status-publish","hentry"],"_links":{"self":[{"href":"https:\/\/academia.utp.edu.co\/ieee\/wp-json\/wp\/v2\/pages\/3641","targetHints":{"allow":["GET"]}}],"collection":[{"href":"https:\/\/academia.utp.edu.co\/ieee\/wp-json\/wp\/v2\/pages"}],"about":[{"href":"https:\/\/academia.utp.edu.co\/ieee\/wp-json\/wp\/v2\/types\/page"}],"author":[{"embeddable":true,"href":"https:\/\/academia.utp.edu.co\/ieee\/wp-json\/wp\/v2\/users\/81"}],"replies":[{"embeddable":true,"href":"https:\/\/academia.utp.edu.co\/ieee\/wp-json\/wp\/v2\/comments?post=3641"}],"version-history":[{"count":1,"href":"https:\/\/academia.utp.edu.co\/ieee\/wp-json\/wp\/v2\/pages\/3641\/revisions"}],"predecessor-version":[{"id":3661,"href":"https:\/\/academia.utp.edu.co\/ieee\/wp-json\/wp\/v2\/pages\/3641\/revisions\/3661"}],"wp:attachment":[{"href":"https:\/\/academia.utp.edu.co\/ieee\/wp-json\/wp\/v2\/media?parent=3641"}],"curies":[{"name":"wp","href":"https:\/\/api.w.org\/{rel}","templated":true}]}}