{"id":3811,"date":"2017-06-16T22:01:15","date_gmt":"2017-06-17T03:01:15","guid":{"rendered":"http:\/\/academia.utp.edu.co\/ieee\/?page_id=3811"},"modified":"2017-09-05T11:10:24","modified_gmt":"2017-09-05T16:10:24","slug":"sase","status":"publish","type":"page","link":"https:\/\/academia.utp.edu.co\/ieee\/sase\/","title":{"rendered":"SASE 2017"},"content":{"rendered":"<p><a href=\"https:\/\/academia.utp.edu.co\/ieee\/files\/2017\/06\/sase.png\"><img loading=\"lazy\" decoding=\"async\" class=\"alignleft size-full wp-image-4401\" src=\"https:\/\/academia.utp.edu.co\/ieee\/files\/2017\/06\/sase.png\" alt=\"\" height=\"1080\" width=\"1920\" srcset=\"https:\/\/academia.utp.edu.co\/ieee\/files\/2017\/06\/sase.png 1920w, https:\/\/academia.utp.edu.co\/ieee\/files\/2017\/06\/sase-300x169.png 300w, https:\/\/academia.utp.edu.co\/ieee\/files\/2017\/06\/sase-768x432.png 768w, https:\/\/academia.utp.edu.co\/ieee\/files\/2017\/06\/sase-1024x576.png 1024w, https:\/\/academia.utp.edu.co\/ieee\/files\/2017\/06\/sase-250x141.png 250w\" sizes=\"auto, (max-width: 1920px) 100vw, 1920px\" \/><\/a><\/p>\n<p>El SASE es un evento que nace en el 2015 con la intenci\u00f3n de llevar a estudiantes y profesionales un panorama actual en el campo de la ingenier\u00eda el\u00e9ctrica y \u00e1reas afines.<\/p>\n<p>En las anteriores versiones del evento se tuvo una gran acogida en el sector, tanto de profesionales como de estudiantes de diversas ciudades de Colombia y del mundo, con una participaci\u00f3n total de m\u00e1s de 400 asistentes. El a\u00f1o espec\u00edficamente en la segunda versi\u00f3n tuvimos presencia en calidad de ponentes personas de M\u00e9xico y Chile.<\/p>\n<p>El Tercer Seminario de Actualizaci\u00f3n en Sistemas El\u00e9ctricos se llevar\u00e1 a cabo los d\u00edas 7 y 8 de septiembre del presente a\u00f1o, en las instalaciones de la UTP en la ciudad de Pereira. Este seminario pretende ser un espacio de interacci\u00f3n entre el sector el\u00e9ctrico y la academia, en el cual los asistentes reciben informaci\u00f3n actualizada sobre diferentes temas de inter\u00e9s, mediante la exposici\u00f3n de las \u00faltimas tendencias y avances en el \u00e1rea de la ingenier\u00eda el\u00e9ctrica por parte de expertos y pares acad\u00e9micos del sector.<\/p>\n<p>Para esta tercera versi\u00f3n, el SASE contara con sesiones diferentes:<br \/>\nSesi\u00f3n 1: Sistemas de potencia<br \/>\nSesi\u00f3n 2: WIE (Women in Engineering)<br \/>\nSesi\u00f3n 3: Electronica de Potencia.<br \/>\nSesi\u00f3n 4: Entes regulatorios y Reglamentarios del sector el\u00e9ctrico.<\/p>\n<p>Lo anterior para dar un espacio diferencial a los diferentes cap\u00edtulos y grupos afines de la Rama Estudiantil IEEE \u2013 UTP.<\/p>\n<p>\u2060\u2060\u2060<br \/>\nLa Rama Estudiantil IEEE y el Programa de Ingenier\u00eda El\u00e9ctrica de la Universidad Tecnol\u00f3gica de Pereira, buscan ofrecer un espacio de interacci\u00f3n profesional entre la industria energ\u00e9tica y la academia, por lo anterior, esperamos contar con su participaci\u00f3n, la cual permitir\u00e1 enriquecer nuestro evento.<\/p>\n<h3>Inscripci\u00f3n al evento:<\/h3>\n<p><a href=\"https:\/\/goo.gl\/forms\/6gN9nw4j0rl7ukDB3\" target=\"_blank\" rel=\"noopener\">https:\/\/goo.gl\/forms\/6gN9nw4j0rl7ukDB3<\/a><\/p>\n<p>&nbsp;<\/p>\n<p><strong>Lugar:<\/strong> Auditorio Jorge R\u00f3a Mart\u00ednez. Universidad Tencol\u00f3gica de Pereira<\/p>\n<p><strong>Fecha: <\/strong>7 y 8 de septiembre<\/p>\n<p><strong>Hora: <\/strong>De 7:00 AM a 6:00 PM<\/p>\n<p>&nbsp;<\/p>\n<h3><strong>PROGRAMACI\u00d3N DEL EVENTO<br \/>\n<\/strong><\/h3>\n<p>&nbsp;<\/p>\n<table style=\"text-align: center\">\n<thead>\n<tr>\n<td colspan=\"4\">Jueves 7 de Septiembre<\/td>\n<\/tr>\n<\/thead>\n<tbody>\n<tr>\n<td>7:00 am<\/td>\n<td colspan=\"3\">Registro<\/td>\n<\/tr>\n<tr>\n<td>07:50 am<\/td>\n<td>Director del programa de IE, Presidente Ramma Estudiantil IEEE<\/td>\n<td>UTP<\/td>\n<td>Palabras de Bienvenida<\/td>\n<\/tr>\n<tr>\n<td>08:10 am<\/td>\n<td>John Are Sulu<\/td>\n<td>SINTEF ENERGY RESEARCH &#8211; Noruega<\/td>\n<td>Control of Power Electronic Converters as Virtual Synchronous Machines for Gnd Integration of Distributed Energy Resources<\/td>\n<\/tr>\n<tr>\n<td>09:00 am<\/td>\n<td>Nimrod Vazquez Nava<\/td>\n<td>Instituto Tecnol\u00f3gico de Celaya &#8211; M\u00e9xico<\/td>\n<td>Aplicaci\u00f3n de la Electr\u00f3nica de Potencia a las Energ\u00edas Renovables<\/td>\n<\/tr>\n<tr>\n<td>09:50 am<\/td>\n<td colspan=\"3\">Refrigerio<\/td>\n<\/tr>\n<tr>\n<td>10:20 am<\/td>\n<td>Jorge Hern\u00e1n Amaya Mar\u00edn<\/td>\n<td>ISAGEN<\/td>\n<td>Integralidad de la Gesti\u00f3n Tecnol\u00f3gica en Empresas de Generaci\u00f3n El\u00e9ctrica<\/td>\n<\/tr>\n<tr>\n<td>11:10 am<\/td>\n<td>Ramiro Ortiz<\/td>\n<td>Universidad del Valle<\/td>\n<td>Energ\u00eda rural con mini che a partir de m\u00e1quinas reversibles<\/td>\n<\/tr>\n<tr>\n<td>12:00 am<\/td>\n<td colspan=\"3\">Almuerzo Libre<\/td>\n<\/tr>\n<tr>\n<td>02:00 pm<\/td>\n<td>Gabriel Jaime Melguizo Posada<\/td>\n<td>ISA<\/td>\n<td>El futuro de los servicios de transporte de energ\u00eda el\u00e9ctrica en un ambiente tecnol\u00f3gico disruptivo<\/td>\n<\/tr>\n<tr>\n<td>02:50 pm<\/td>\n<td>Wilson \u00c1lvarez P\u00e9rez<\/td>\n<td>CENTELSA<\/td>\n<td>Cables ACCC<\/td>\n<\/tr>\n<tr>\n<td>03:40 pm<\/td>\n<td colspan=\"3\">Refrigerio<\/td>\n<\/tr>\n<tr>\n<td>04:10 pm<\/td>\n<td>Andr\u00e9s Escobar Uribe<\/td>\n<td>SUNTEC<\/td>\n<td>Tendencia Moderna en la Optimizaci\u00f3n del dise\u00f1o de Transformadores<\/td>\n<\/tr>\n<tr>\n<td>05:50 pm<\/td>\n<td>Carlos Salcedo<\/td>\n<td>Schenider Electric<\/td>\n<td>Compensaci\u00f3n activa de Arm\u00f3nicos<\/td>\n<\/tr>\n<tr>\n<td>06:30 pm<\/td>\n<td colspan=\"3\">CIERRE &#8211; OBRA DE TEATRO<\/td>\n<\/tr>\n<\/tbody>\n<\/table>\n<p>&nbsp;<\/p>\n<h3>&nbsp;<\/h3>\n<table style=\"text-align: center\">\n<thead>\n<tr style=\"height: 24px\">\n<td style=\"text-align: center;width: 1029px;height: 24px\" colspan=\"4\">Viernes 8 de Septiembre<\/td>\n<\/tr>\n<\/thead>\n<tbody>\n<tr style=\"height: 24px\">\n<td style=\"width: 68.6167px;height: 24px\">7:00 am<\/td>\n<td style=\"width: 954.383px;height: 24px\" colspan=\"3\">Registro<\/td>\n<\/tr>\n<tr style=\"height: 24px\">\n<td style=\"width: 68.6167px;height: 24px\">07:50 am<\/td>\n<td style=\"width: 218.45px;height: 24px\">Rector UTP, Directoras WIE<\/td>\n<td style=\"width: 202.2px;height: 24px\">UTP<\/td>\n<td style=\"width: 521.733px;height: 24px\">Palabras de Bienvenida<\/td>\n<\/tr>\n<tr style=\"height: 24px\">\n<td style=\"width: 68.6167px;height: 24px\">08:10 am<\/td>\n<td style=\"width: 218.45px;height: 24px\">\u00c1ngela In\u00e9s Cadena Monroy<\/td>\n<td style=\"width: 202.2px;height: 24px\">Universidad de los Andes<\/td>\n<td style=\"width: 521.733px;height: 24px\">Retos de la pol\u00edtica energ\u00e9tica y cambio Clim\u00e1tico<\/td>\n<\/tr>\n<tr style=\"height: 48px\">\n<td style=\"width: 68.6167px;height: 48px\">09:10 am<\/td>\n<td style=\"width: 218.45px;height: 48px\">Mar\u00eda Nohemi Arboleda Arango<\/td>\n<td style=\"width: 202.2px;height: 48px\">XM<\/td>\n<td style=\"width: 521.733px;height: 48px\">Oportunidades en un nuevo escenario de la industria el\u00e9ctrica<\/td>\n<\/tr>\n<tr style=\"height: 24px\">\n<td style=\"width: 68.6167px;height: 24px\">09:50 am<\/td>\n<td style=\"width: 954.383px;height: 24px\" colspan=\"3\">Refrigerio<\/td>\n<\/tr>\n<tr style=\"height: 48px\">\n<td style=\"width: 68.6167px;height: 48px\">10:20 am<\/td>\n<td style=\"width: 218.45px;height: 48px\">Luz Ensue\u00f1o Hurtado Restrepo<\/td>\n<td style=\"width: 202.2px;height: 48px\">Asesora Asuntos Regulatorios<\/td>\n<td style=\"width: 521.733px;height: 48px\">Desaf\u00edos y Oportunidades de la Distribuci\u00f3n de Energ\u00eda El\u00e9ctrica en Colombia<\/td>\n<\/tr>\n<tr style=\"height: 24px\">\n<td style=\"width: 68.6167px;height: 24px\">11:10 am<\/td>\n<td style=\"width: 954.383px;height: 24px\" colspan=\"3\">FORO WIE<\/td>\n<\/tr>\n<tr style=\"height: 24px\">\n<td style=\"width: 68.6167px;height: 24px\">12:00 am<\/td>\n<td style=\"width: 954.383px;height: 24px\" colspan=\"3\">Almuerzo Libre<\/td>\n<\/tr>\n<tr style=\"height: 48px\">\n<td style=\"width: 68.6167px;height: 48px\">02:00 pm<\/td>\n<td style=\"width: 218.45px;height: 48px\">Rub\u00e9n Dar\u00edo Cruz Rodr\u00edguez<\/td>\n<td style=\"width: 202.2px;height: 48px\">CIDET<\/td>\n<td style=\"width: 521.733px;height: 48px\">Fuentes de Generaci\u00f3n de Energ\u00eda El\u00e9ctrica<\/td>\n<\/tr>\n<tr style=\"height: 48px\">\n<td style=\"width: 68.6167px;height: 48px\">02:50 pm<\/td>\n<td style=\"width: 218.45px;height: 48px\">Jason Edwin Molina Vargas<\/td>\n<td style=\"width: 202.2px;height: 48px\">XM<\/td>\n<td style=\"width: 521.733px;height: 48px\">Centro de Control del Centro Nacional de Despacho, SCADA-AGC-EMS<\/td>\n<\/tr>\n<tr style=\"height: 48px\">\n<td style=\"width: 68.6167px;height: 48px\">03:40 pm<\/td>\n<td style=\"width: 954.383px;height: 48px\" colspan=\"3\">Refrigerio<\/td>\n<\/tr>\n<tr style=\"height: 56px\">\n<td style=\"width: 68.6167px;height: 56px\">04:10 pm<\/td>\n<td style=\"width: 218.45px;height: 56px\">Oscar Fernando Oliviera Dimat\u00e9<\/td>\n<td style=\"width: 202.2px;height: 56px\">LEGRAND<\/td>\n<td style=\"text-align: center;width: 521.733px;height: 56px\">Calidad de la energ\u00eda versus la necesidad de las telecomunicaciones<\/td>\n<\/tr>\n<tr style=\"height: 56px\">\n<td style=\"width: 68.6167px;height: 56px\">5:00 pm<\/td>\n<td style=\"width: 218.45px;height: 56px\">John Penagos<\/td>\n<td style=\"width: 202.2px;height: 56px\">PTI, Potencia y Tecnologia Incorporada S.A.<\/td>\n<td style=\"text-align: center;width: 521.733px;height: 56px\">Simulaci\u00f3n en tiempo real como herramienta para frontar los desafios de las redes el\u00e9ctricas modernas<\/td>\n<\/tr>\n<tr>\n<td style=\"width: 68.6167px\">05:50 pm<\/td>\n<td style=\"text-align: center;width: 954.383px\" colspan=\"3\">CIERRE &#8211; CONCIERTO DE C\u00c1MARA<\/td>\n<\/tr>\n<\/tbody>\n<\/table>\n<p>Si quieres descarga el programa, aqu\u00ed lo tienes: <a href=\"https:\/\/academia.utp.edu.co\/ieee\/files\/2017\/06\/Programa-SASE-2017.pdf\">Programa SASE 2017<\/a><\/p>\n<p>Si deseas conocer mucho m\u00e1s de Pereira, esta gran ciudad, esto te interesa: <a href=\"https:\/\/academia.utp.edu.co\/ieee\/files\/2017\/06\/Rese\u00f1a-de-Pereira.pdf\">Rese\u00f1a de Pereira<\/a><\/p>\n<p>Si no eres de la ciudad y quieres formar parte del seminario, esta informaci\u00f3n es acerca de los costos de transporte y estad\u00eda en la ciudad: <a href=\"https:\/\/academia.utp.edu.co\/ieee\/files\/2017\/06\/COTIZACION-GENERAL-SASE-2017.pdf\">COTIZACION GENERAL SASE 2017<\/a><\/p>\n<p><strong>M\u00e1s informaci\u00f3n: <\/strong><\/p>\n<p>correo: ieeeutp@gmail.com&nbsp;&nbsp;&nbsp;&nbsp;&nbsp;&nbsp;&nbsp;&nbsp;&nbsp;&nbsp;&nbsp;&nbsp;&nbsp;&nbsp;&nbsp;&nbsp;&nbsp;&nbsp;&nbsp;&nbsp;&nbsp;&nbsp;&nbsp;&nbsp;&nbsp;&nbsp;&nbsp;&nbsp;&nbsp;&nbsp;&nbsp; Celular: 321-474-5389 \u00f3&nbsp; 313-395-0572<\/p>\n<p>&nbsp;<\/p>\n","protected":false},"excerpt":{"rendered":"<p>El SASE es un evento que nace en el 2015 con la intenci\u00f3n de llevar a estudiantes y profesionales un panorama actual en el campo de la ingenier\u00eda el\u00e9ctrica y \u00e1reas afines. En las anteriores versiones del evento se tuvo<\/p>\n","protected":false},"author":81,"featured_media":0,"parent":0,"menu_order":0,"comment_status":"closed","ping_status":"closed","template":"","meta":{"footnotes":""},"class_list":["post-3811","page","type-page","status-publish","hentry"],"_links":{"self":[{"href":"https:\/\/academia.utp.edu.co\/ieee\/wp-json\/wp\/v2\/pages\/3811","targetHints":{"allow":["GET"]}}],"collection":[{"href":"https:\/\/academia.utp.edu.co\/ieee\/wp-json\/wp\/v2\/pages"}],"about":[{"href":"https:\/\/academia.utp.edu.co\/ieee\/wp-json\/wp\/v2\/types\/page"}],"author":[{"embeddable":true,"href":"https:\/\/academia.utp.edu.co\/ieee\/wp-json\/wp\/v2\/users\/81"}],"replies":[{"embeddable":true,"href":"https:\/\/academia.utp.edu.co\/ieee\/wp-json\/wp\/v2\/comments?post=3811"}],"version-history":[{"count":25,"href":"https:\/\/academia.utp.edu.co\/ieee\/wp-json\/wp\/v2\/pages\/3811\/revisions"}],"predecessor-version":[{"id":5101,"href":"https:\/\/academia.utp.edu.co\/ieee\/wp-json\/wp\/v2\/pages\/3811\/revisions\/5101"}],"wp:attachment":[{"href":"https:\/\/academia.utp.edu.co\/ieee\/wp-json\/wp\/v2\/media?parent=3811"}],"curies":[{"name":"wp","href":"https:\/\/api.w.org\/{rel}","templated":true}]}}