{"id":4591,"date":"2017-08-02T14:53:52","date_gmt":"2017-08-02T19:53:52","guid":{"rendered":"http:\/\/academia.utp.edu.co\/ieee\/?page_id=4591"},"modified":"2017-08-02T15:24:24","modified_gmt":"2017-08-02T20:24:24","slug":"2016-2","status":"publish","type":"page","link":"https:\/\/academia.utp.edu.co\/ieee\/multimedia\/2016-2\/","title":{"rendered":"2015 \/ 2016"},"content":{"rendered":"<h1>CAMPAMENTO DE LA RAMA \/ JUNIO DE 2016<\/h1>\n<p>Escrito por:<br \/>\n<em>Jose Miguel Millan Londo\u00f1o<\/em><\/p>\n<p>[singlepic id=141 w= h= float=center]<\/p>\n<p>Todo comenz\u00f3 en el centro comercial Victoria, inicialmente esper\u00e1bamos 19 personas pero nunca faltan los imprevistos y al final nos fuimos 12.<\/p>\n<p>Juan Angarita, Luis Restrepo y Sara Su\u00e1rez fueron los elegidos para llevarnos a salvo a nuestro destino, los tres eran conductores experimentados, pero nada podr\u00eda preparar a Sara para lo que se iba a encontrar en el camino.<\/p>\n<p>El viaje se hizo ameno, con una parada para comprar combustible (Ron y Aguardiente), Diego Quintero fue nuestro gu\u00eda y gracias a \u00e9l evitamos el camino m\u00e1s dif\u00edcil, aunque el m\u00e1s f\u00e1cil no era tan f\u00e1cil como quer\u00edamos. Para la primer pendiente, el carro de Angarita corcove\u00f3 pero sigui\u00f3 sin mucho problema hasta la cima, luego siguieron Sara y Luis hasta ahora sin mayores inconvenientes, pero fue en la siguiente cuesta donde los carros hicieron huelga, el carro de Angarita a rega\u00f1adientes logr\u00f3 terminar de subir hasta lo m\u00e1s alto, para no extraviarnos decidimos esperar a los otros arriba pero la sorpresa fue may\u00fascula cuando vimos que el siguiente carro en subir no era ni el de Sara ni el de Lucho, era un carro gris que jam\u00e1s hab\u00edamos visto, cu\u00e1ndo bajamos a revisar qu\u00e9 hab\u00eda pasado, descubrimos que el carro de Sara hab\u00eda hecho un berrinche y no quiso subir con tanta gente dentro de \u00e9l, as\u00ed que todos se bajaron (menos Sara) y despu\u00e9s de rogarle mucho al aparato, \u00e9ste subi\u00f3 casi obligado hasta donde los est\u00e1bamos esperando, afortunadamente luego de eso lleg\u00f3 la entrada a TANPU Camping, nuestro destino final. Los due\u00f1os nos dieron una muy c\u00e1lida bienvenida y nos indicaron el lugar d\u00f3nde pod\u00edamos llevar nuestras cosas, con mucho cuidado de no caernos al precipicio bajamos por las escaleras talladas en la tierra hasta llegar al lugar deseado, all\u00ed nos encontramos con Diana y Juan Fernando&nbsp;quienes eran los expertos en hacer actividades de grupo, acomodamos nuestras cosas y empezamos a armar las carpas, fue en ese momento cu\u00e1ndo nos dimos cuenta que exageramos con el n\u00famero de carpas y por poco queda una carpa para cada uno; algunos incluso llevaron colchones. Se notaba que no ten\u00edamos mucha experiencia en esta clase de salidas.<\/p>\n<p>Diana y Juan Fernando nos reunieron para hacer el primer juego como grupo y consist\u00eda en arrojar una pelota peque\u00f1a a cada uno mientras dec\u00edamos cosas para conocernos mejor, luego de esto empez\u00f3 a subir la dificultad incrementando el n\u00famero de pelotas que entraban en el juego, luego de muchas estrategias y fallidos intentos llegamos a la conclusi\u00f3n de que jugar con bolas no era lo nuestro.<\/p>\n<p>Cu\u00e1ndo nos cansamos de joder con pelotas, empezamos un juego llamado la \u00abSilla inc\u00f3moda\u00bb, era un juego que inclu\u00eda mucho trabajo en equipo, cada vez que el director del juego dec\u00eda \u00abSilla incomoda\u00bb deb\u00edamos agruparnos de a dos personas para armar una silla incomoda, Juan David y Camilo R\u00edos en vez de una silla inc\u00f3moda hicieron lo que llamamos, una silla Kamasutra. No pas\u00f3 mucho tiempo para que la dificultad se elevara hasta que en vez de una silla inc\u00f3moda se formaran camas inc\u00f3modas las cu\u00e1les requer\u00edan de 6 personas para armarlas, de esta forma se armaron dos grupos, \u00e9stos ser\u00edan conformados cada vez que hubieran juegos en grupo.<\/p>\n<p>El siguiente juego era una variante del famoso piedra, papel o tijeras el cu\u00e1l, en vez de estos tres tradicionales objetos se jugaba con un tigre, una pared o una manguera as\u00ed: La pared le ca\u00eda encima a la manguera, la manguera espantaba al tigre y el tigre saltaba la pared, adem\u00e1s ya no era un juego de uno contra uno sino seis contra seis, s\u00ed, se agruparon los dos grupos conformados en la silla Kamasutra&#8230; Digo, la silla inc\u00f3moda. Antes de empezar, era necesario asignarle un nombre a cada grupo, el grupo conformado por Sara Su\u00e1rez, Daniela \u00c1lvarez, Daniela Arbel\u00e1ez, Diego Quintero, Daniel Palacio y Jonathan Ospina fue llamado \u00abLos Destroyer Negros\u00bb, y el grupo conformado por Camilo R\u00edos, Elizabeth Mar\u00edn, Jorge Fern\u00e1ndez, Jose Miguel Millan y Juan David Angarita se llam\u00f3 Los testigos de Alberto (El tobillo inflamado de Camilo). En privado deb\u00edan ponerse de acuerdo para hacer entre todos ya fuera el gesto del tigre, de la pared o de la manguera; Angarita conoc\u00eda muy bien a los que estaban en el otro grupo y le recomend\u00f3 a su grupo que hiciera manguera pues estaba seguro que los Destroyer negros iban a hacer tigre, y como Daniel conoc\u00eda muy bien a los Testigos de Alberto, ambos equipos terminaron haciendo manguera llevando a un empate. En el segundo intento, se segu\u00edan conociendo muy bien y como la primera vez ambos equipos hicieron el gesto de la manguera; no nos iba muy bien con las pelotas, pero al parecer nos encantaban las mangueras. En la tercera y \u00faltima ronda era necesario un cambio, por cualquiera de los dos equipos, Camilo recomend\u00f3 seguir con manguera ya que \u00abLa tercera es la vencida\u00bb, y Jose Miguel uno de los nuevos, aconsej\u00f3 que se optara por pared ya que seguramente los Destroyer negro tambi\u00e9n iban por la tercera, todos estuvieron de acuerdo con \u00e9l y efectivamente fue lo que hicieron, el momento definitivo se acercaba ya que el que perdiera deb\u00eda hacer la comida de esa noche, aunque si las cosas segu\u00edan as\u00ed nos deber\u00edamos declarar ganadores todos y por lo tanto Diana y Juan Fernando&nbsp;ser\u00edan los designados para esa tarea, cu\u00e1ndo todos nos volteamos para revelar nuestro juego, descubrimos que los Destroyer negros de alguna manera descubrieron las intenciones de los testigos de Alberto y optaron por hacer tigre salt\u00e1ndose la preparaci\u00f3n&nbsp; de la comida.<\/p>\n<p>[singlepic id=31 w=300 h= float=left]<\/p>\n<p>Aunque Juan David se declar\u00f3 un buen cocinero y&nbsp;Diego&nbsp;se ofreci\u00f3 a pelar las papas y cebolla, necesitaban asesor\u00eda de Daniela \u00c1lvarez (una experimentada scout) para que los guiara durante la cocci\u00f3n de la carne con papas en papel aluminio a la fogata. Mientras la gaseosa era repartida, Daniela Arbel\u00e1ez revel\u00f3 que no le gustaba la gaseosa con gas, algo as\u00ed como s\u00f3lo tomar caf\u00e9 descafeinado, o tener una foca que ladra. Las tareas se distribuyeron muy bien y dieron como resultado una deliciosa cena alrededor de la fogata.<\/p>\n<p>[singlepic id=111 w= h=300 float=right]<\/p>\n<p>Esa noche ser\u00eda la transmisi\u00f3n del partido entre Colombia&nbsp;y Costa Rica,&nbsp;y por petici\u00f3n de la mayor\u00eda subimos para verlo, entre risas y tragos disfrutamos todo el juego, los se\u00f1ores de la casa se portaron muy bien y no tuvieron problema alguno con el ruido que hac\u00edamos, o eso nos hac\u00edan creer.&nbsp;Ya finalizado el partido regresamos al lugar de camping el cu\u00e1l estaba rodeado de \u00e1rboles y en d\u00f3nde tambi\u00e9n cruzaba un riachuelo que servir\u00eda como canci\u00f3n de cuna para todos los que durmieran all\u00ed.<\/p>\n<p>&nbsp;<\/p>\n<p>Diana y Juan Fernando&nbsp;nos ten\u00edan preparado un juego para rematar con broche de oro aquella helada noche, antes de venir nos pidieron que llev\u00e1ramos unas bombas, de esas de las que se encuentran en las fiestas de cumplea\u00f1os, mientras ve\u00edamos el partido llenaron esas bombas de agua, las cu\u00e1les ser\u00edan las protagonistas del juego. Este juego era llamado Las Almas de la Noche y &nbsp;para jugarlo deb\u00edamos formar los mismos dos grupos de siempre, a cada grupo se le asignaba la misma cantidad de bombas de agua c\u00f3mo arma y unas almas (Velas encendidas) que deb\u00edamos cuidar y no dejar que el otro equipo se las llevara, el equipo que llevara m\u00e1s almas ganaba, adem\u00e1s, si alguien era alcanzado por una bomba y resultaba mojado deb\u00eda dirigirse al cielo (La fogata), en d\u00f3nde deb\u00eda aguardar a alg\u00fan miembro de su equipo quien para liberarlo ten\u00eda que coordinar alguna acci\u00f3n con el \u201cencarcelado\u201d, ya fuera una canci\u00f3n, un baile o cualquier otra cosa, lo importante era que ambos hicieran lo mismo; para ocultarnos m\u00e1s f\u00e1cil entre las sombras, todos nos vestimos de negro, pantal\u00f3n negro, camiseta negra, guantes negros y un pasamonta\u00f1as negros, cu\u00e1ndo ya est\u00e1bamos listos a alguien se le ocurri\u00f3 que est\u00e1bamos vestidos de la mejor forma para subir y hurtar todas las reservas de licor que se encontraban en la casa de los due\u00f1os, por supuesto nadie secund\u00f3 su idea y empez\u00f3 el Juego de Almas o c\u00f3mo dir\u00eda [Al que se le ocurri\u00f3 ese nombre], [nombre alternativo de Las Almas de la Noche]. Todo comenz\u00f3 bien, gente mojada iba y ven\u00eda, cantos, bailes y rimas para liberar a los prisioneros que se encontraban en el cielo (por muy extra\u00f1o que suene eso) y una que otra guayaba era arrojada para espantar al enemigo cuando las bombas no estaban al alcance. [El\/La que trajo la primera alma] y [El\/La que trajo la segunda alma] lograron hurtar las primeras dos almas a los Destroyer Negros para llevarlas a los Testigos de Alberto, mientras Elizabeth esquivaba sospechosamente todas las bombas que le arrojaban. Sara estaba decidida en llevarse una de las almas que los Testigos de Alberto&nbsp;estaba custodiando; en varias oportunidades hab\u00eda sido sorprendida merodeando la zona siendo perseguida y amenazada con bombas mientras corr\u00eda a la seguridad de su grupo hasta que se agotaron las bombas y lo \u00fanico que se pod\u00eda hacer era fingir que a\u00fan ten\u00edamos bombas de agua en nuestras manos, este truco funcion\u00f3 hasta que Sara se dio cuenta de la farsa y dej\u00f3 de huir para dirigirse directamente hacia d\u00f3nde se encontraban las almas, los Testigos de&nbsp;Alberto no pod\u00edan permitir que Sara se saliera con la suya e intentaron bloquearle el camino con sus propios cuerpos, pero esto no iba a durar mucho y eventualmente Sara lograr\u00eda su cometido, lo que ella no se esperaba era que bien escondida se encontraba la \u00faltima bomba de los Testigos de Alberto&nbsp;y Jose Miguel sin dudarlo la puso encima de su cabeza y tras varios intentos de reventarla \u00e9sta por fin lo hizo mojando al fin a Sara\u2026 y de paso a varios integrantes de su propio equipo.<\/p>\n<p>Se dice que un paseo sin accidentes no es paseo, y Jonathan Ospina se encarg\u00f3 de solucionar ese problema peg\u00e1ndole un narizazo al est\u00f3mago de Jorge Fern\u00e1ndez, o \u00bfQuiz\u00e1s fue Jorge el que le peg\u00f3 un estomacazo en la nariz de Jonathan?\u2026 estaba muy oscuro c\u00f3mo para saberlo, gracias a la r\u00e1pida acci\u00f3n de Juan Fernando&nbsp;esto no pas\u00f3 a mayores y pudimos dar por terminado el juego; no hubo ganador oficial as\u00ed que digamos que fue un empate.<\/p>\n<p>[singlepic id=91 w= h=300 float=left]<\/p>\n<p>Luego de este juego, era necesario entrar en calor, as\u00ed que nos sentamos alrededor de la fogata con el objetivo de calentarnos. Para evitar el aburrimiento, Juan Fernando, Sara Suarez&nbsp;y Daniel Palacio propusieron varios juegos de hoguera. Contamos n\u00fameros mientras hac\u00edamos piruetas, descubrimos l\u00f3gicas en los juegos, encontramos los centros&nbsp;de los tri\u00e1ngulos, fuimos a paseos y confundimos mucho, pero mucho a Jorge mientras intentaba descifrar el crimen que hab\u00eda ocurrido esa noche, y todo sin salir de la comodidad de la hoguera. El cansancio comenz\u00f3 a hacer efecto, y uno a uno fue y\u00e9ndose a su respectiva carpa, hasta que al final s\u00f3lo quedaron Camilo, Jonathan, Sara, Daniel, Jorge, Lucho y Jose, hablando al son de la m\u00fasica y al calor de las brasas hasta que las reservas de le\u00f1a se acabaron y el fr\u00edo los oblig\u00f3 a encerrarse en sus carpas.<\/p>\n<p>Al otro d\u00eda, todos nos levantamos muy temprano para desayunar, [Los que prepararon el desayuno] prepararon el desayuno para luego alistarnos e ir a la caminata que nos ten\u00edan preparada Diana y Juan Fernando, tras caminar por r\u00edos, esquivar troncos y atravesar puentes de dudosa integridad volvimos a eso de las 4:00 pm a TAMBU Camping para cambiarnos y alistar todo para la ida. Lucho nos trajo en la moto el almuerzo, era arroz chino y seg\u00fan Daniela, la Scout, era el arroz chino m\u00e1s delicioso que hab\u00eda comido, \u201cDebe ser porque tengo mucha hambre\u201d, se le oy\u00f3 decir. No nos sorprendi\u00f3 que Daniela, a la que le gustaba la gaseosa sin gas no recibiera gaseosa, y en cambio se bebi\u00f3 un delicioso jugo de guayaba dulce preparado por las mismas due\u00f1as, cuando terminamos, Diana y Juan Fernando&nbsp;nos revelaron un \u00faltimo juego que nos ten\u00edan preparado, era llamado La Vida. Nos dirigimos a la entrada de TAMBU Camping en donde se encontraba una soga amarrando un vaso lleno de agua y dos estopas en el suelo, era un juego en equipos y como era costumbre se armaron los dos mismos grupos de siempre, las reglas eran muy sencillas, todos los integrantes de cada grupo deb\u00edan pararse en las estopas y un integrante de cada equipo sosten\u00eda un lado de la soga evitando que el agua contenida saliera del vaso mientras intentaban darle la vuelta a la estopa, de tal manera que lo que antes tocaba el suelo estuviera hacia arriba y viceversa. Todos dimos lo mejor de nosotros tratando de voltear esas estopas, pero el hecho de que hubiera 6 personas en un espacio de 1 metro cuadrado dificultaba mucho las cosas; nos hab\u00edan dicho que el objetivo de esa salida era que nos uni\u00e9ramos m\u00e1s, pero creo que exageraron en ese aspecto. Luego de muchos y desesperados intentos por ganar, Diana nos dio una pista que a la vez ser\u00eda la mejor lecci\u00f3n que aprender\u00edamos en el viaje, pod\u00edamos ayudarnos entre los equipos. Luego de intercambiar algunas palabras decidimos pasar unos cuantos miembros de un grupo a la estopa del otro para facilitar la labor de \u00e9stos, cuando la estopa ya estuviera en su posici\u00f3n correcta, se proceder\u00eda a hacer el mismo proceso pero con el otro equipo, cuando lo hicimos funcion\u00f3 a la maravilla y en ese momento lo comprendimos, aunque estuvi\u00e9ramos en dos grupos separados, est\u00e1bamos buscando el mismo fin, el cu\u00e1l ser\u00eda muy dif\u00edcil alcanzar si trabaj\u00e1bamos por separado, pero que si en cambio entre todos nos ayud\u00e1bamos y nos un\u00edamos para alcanzar la meta, lo podr\u00edamos lograr; de eso se trata la Rama, de trabajar unidos para lograr ser mejores profesionales, mejores ingenieros, pero sobre todo, mejores personas.<\/p>\n<p>[singlepic id=51 w= h= float=center]<\/p>\n<p>&nbsp;<\/p>\n<h1>PARTICIPACI\u00d3N EN &nbsp;TALENTO UTP<\/h1>\n<p>El d\u00eda Jueves 28 de abril, estuvimos presentes en un Stand del evento \u00abTalento UTP\u00bb, organizado por los estudiantes del programa de ciencias del deporte y la recreaci\u00f3n.<\/p>\n<p><a href=\"https:\/\/academia.utp.edu.co\/ieee\/files\/2016\/05\/13106532_10207239318515426_873915105_o.jpg\"><img loading=\"lazy\" decoding=\"async\" class=\"aligncenter size-full wp-image-1991\" src=\"https:\/\/academia.utp.edu.co\/ieee\/files\/2016\/05\/13106532_10207239318515426_873915105_o.jpg\" alt=\"13106532_10207239318515426_873915105_o\" width=\"1184\" height=\"888\" srcset=\"https:\/\/academia.utp.edu.co\/ieee\/files\/2016\/05\/13106532_10207239318515426_873915105_o.jpg 1184w, https:\/\/academia.utp.edu.co\/ieee\/files\/2016\/05\/13106532_10207239318515426_873915105_o-300x225.jpg 300w, https:\/\/academia.utp.edu.co\/ieee\/files\/2016\/05\/13106532_10207239318515426_873915105_o-1024x768.jpg 1024w, https:\/\/academia.utp.edu.co\/ieee\/files\/2016\/05\/13106532_10207239318515426_873915105_o-250x188.jpg 250w\" sizes=\"auto, (max-width: 1184px) 100vw, 1184px\" \/><\/a> <a href=\"https:\/\/academia.utp.edu.co\/ieee\/files\/2016\/05\/13113059_10207239318555427_703415096_o.jpg\"><img loading=\"lazy\" decoding=\"async\" class=\"aligncenter size-full wp-image-2001\" src=\"https:\/\/academia.utp.edu.co\/ieee\/files\/2016\/05\/13113059_10207239318555427_703415096_o.jpg\" alt=\"13113059_10207239318555427_703415096_o\" width=\"888\" height=\"1184\" srcset=\"https:\/\/academia.utp.edu.co\/ieee\/files\/2016\/05\/13113059_10207239318555427_703415096_o.jpg 888w, https:\/\/academia.utp.edu.co\/ieee\/files\/2016\/05\/13113059_10207239318555427_703415096_o-225x300.jpg 225w, https:\/\/academia.utp.edu.co\/ieee\/files\/2016\/05\/13113059_10207239318555427_703415096_o-768x1024.jpg 768w, https:\/\/academia.utp.edu.co\/ieee\/files\/2016\/05\/13113059_10207239318555427_703415096_o-250x333.jpg 250w\" sizes=\"auto, (max-width: 888px) 100vw, 888px\" \/><\/a> <a href=\"https:\/\/academia.utp.edu.co\/ieee\/files\/2016\/05\/13120881_10207239318475425_789531789_o.jpg\"><img loading=\"lazy\" decoding=\"async\" class=\"aligncenter wp-image-2011 size-full\" src=\"https:\/\/academia.utp.edu.co\/ieee\/files\/2016\/05\/13120881_10207239318475425_789531789_o.jpg\" alt=\"13120881_10207239318475425_789531789_o\" width=\"888\" height=\"1184\" srcset=\"https:\/\/academia.utp.edu.co\/ieee\/files\/2016\/05\/13120881_10207239318475425_789531789_o.jpg 888w, https:\/\/academia.utp.edu.co\/ieee\/files\/2016\/05\/13120881_10207239318475425_789531789_o-225x300.jpg 225w, https:\/\/academia.utp.edu.co\/ieee\/files\/2016\/05\/13120881_10207239318475425_789531789_o-768x1024.jpg 768w, https:\/\/academia.utp.edu.co\/ieee\/files\/2016\/05\/13120881_10207239318475425_789531789_o-250x333.jpg 250w\" sizes=\"auto, (max-width: 888px) 100vw, 888px\" \/><\/a><\/p>\n<h1>CURSO DE MATLAB<\/h1>\n<p><img loading=\"lazy\" decoding=\"async\" class=\"alignnone\" src=\"http:\/\/www.caminosciudadreal.uclm.es\/wp-content\/uploads\/2014\/01\/Matlablogo.png\" width=\"800\" height=\"303\"><\/p>\n<p>Para continuar con el ciclo de cursos cortos, la Rama estudiantil IEEE realiz\u00f3 un curso b\u00e1sico de Matlab\u00ae. Este curso fue dictado por uno de los integrantes del grupo.<\/p>\n<p>En este curso se trabaj\u00f3 los siguientes temas:<\/p>\n<p>Nociones b\u00e1sicas de Matlab\u00ae<br \/>\nInterfaz<br \/>\nComandos b\u00e1sicos<br \/>\nManejo de funciones<br \/>\nManejo de matrices<\/p>\n<p>El curso se llev\u00f3 a cabo el d\u00eda 5 de abril del a\u00f1o en curso en el aula R206 ubicada en el CRIE de 6:00 a 8:00 pm.<\/p>\n<p>Nota: El curso &nbsp;fue dictado en la versi\u00f3n R2012a.&nbsp;<\/p>\n<p>&nbsp;<\/p>\n<h1>CONFERENCIA SISTEMAS DE PUESTA A TIERNA<\/h1>\n<p><a title=\"Flyer\" href=\"https:\/\/academia.utp.edu.co\/ieee\/files\/2015\/03\/Flyer.jpg\" target=\"_blank\" rel=\"noopener\"><img loading=\"lazy\" decoding=\"async\" class=\" wp-image-271 aligncenter\" src=\"https:\/\/academia.utp.edu.co\/ieee\/files\/2015\/03\/Flyer-212x300.jpg\" alt=\"Flyer\" width=\"246\" height=\"345\"><\/a><\/p>\n<p>Escribimos para invitarlos a todos a la conferencia sobre SISTEMAS DE PUESTA A TIERRA. \u00c9sta se realizar\u00e1 el d\u00eda 10 de Marzo a partir de la 1 p.m. en la Sala Magistral 2 del bloque Y, adem\u00e1s tendremos el apoyo de la direcci\u00f3n del programa, la cual brindar\u00e1 permiso acad\u00e9mico, por lo cual los parciales programados para el 10 de Marzo a partir del medio d\u00eda deber\u00e1n ser reprogramados por cada profesor. As\u00ed buscamos asegurar la asistencia a dicho evento.<\/p>\n<p>Es importante recordar tamb<span class=\"text_exposed_show\">i\u00e9n que aunque en alguna clase del programa vemos los sistemas de puesta a tierra, en \u00e9sta no se hace especial \u00e9nfasis en tan importante asunto, por lo cual esta conferencia ser\u00e1 de mucha importancia para todos como futuros ingenieros electricistas, teniendo en cuenta la relevancia del tema a tratar.<\/span><\/p>\n<div class=\"text_exposed_show\">Resaltamos que este evento se realizar\u00e1 en el marco de la inauguraci\u00f3n de la Rama Estudiantil IEEE de la Universidad, por lo cual esperamos asistencia de todos los estudiantes que se encuentren interesados en pertenecer y promover dicha entidad.Un saludo y quedamos atentos a cualquier duda.<\/div>\n","protected":false},"excerpt":{"rendered":"<p>CAMPAMENTO DE LA RAMA \/ JUNIO DE 2016 Escrito por: Jose Miguel Millan Londo\u00f1o [singlepic id=141 w= h= float=center] Todo comenz\u00f3 en el centro comercial Victoria, inicialmente esper\u00e1bamos 19 personas pero nunca faltan los imprevistos y al final nos fuimos<\/p>\n","protected":false},"author":81,"featured_media":0,"parent":1461,"menu_order":0,"comment_status":"closed","ping_status":"closed","template":"","meta":{"footnotes":""},"class_list":["post-4591","page","type-page","status-publish","hentry"],"_links":{"self":[{"href":"https:\/\/academia.utp.edu.co\/ieee\/wp-json\/wp\/v2\/pages\/4591","targetHints":{"allow":["GET"]}}],"collection":[{"href":"https:\/\/academia.utp.edu.co\/ieee\/wp-json\/wp\/v2\/pages"}],"about":[{"href":"https:\/\/academia.utp.edu.co\/ieee\/wp-json\/wp\/v2\/types\/page"}],"author":[{"embeddable":true,"href":"https:\/\/academia.utp.edu.co\/ieee\/wp-json\/wp\/v2\/users\/81"}],"replies":[{"embeddable":true,"href":"https:\/\/academia.utp.edu.co\/ieee\/wp-json\/wp\/v2\/comments?post=4591"}],"version-history":[{"count":7,"href":"https:\/\/academia.utp.edu.co\/ieee\/wp-json\/wp\/v2\/pages\/4591\/revisions"}],"predecessor-version":[{"id":4681,"href":"https:\/\/academia.utp.edu.co\/ieee\/wp-json\/wp\/v2\/pages\/4591\/revisions\/4681"}],"up":[{"embeddable":true,"href":"https:\/\/academia.utp.edu.co\/ieee\/wp-json\/wp\/v2\/pages\/1461"}],"wp:attachment":[{"href":"https:\/\/academia.utp.edu.co\/ieee\/wp-json\/wp\/v2\/media?parent=4591"}],"curies":[{"name":"wp","href":"https:\/\/api.w.org\/{rel}","templated":true}]}}