{"id":5041,"date":"2017-08-11T20:53:58","date_gmt":"2017-08-12T01:53:58","guid":{"rendered":"http:\/\/academia.utp.edu.co\/ieee\/?page_id=5041"},"modified":"2017-09-04T11:30:10","modified_gmt":"2017-09-04T16:30:10","slug":"patrocinadores-sase-2017","status":"publish","type":"page","link":"https:\/\/academia.utp.edu.co\/ieee\/sase\/patrocinadores-sase-2017\/","title":{"rendered":"Patrocinadores SASE 2017"},"content":{"rendered":"<h2>Paradoxe Corporation<\/h2>\n<p>&nbsp;<\/p>\n<p><a href=\"https:\/\/academia.utp.edu.co\/ieee\/files\/2017\/08\/WhatsApp-Image-2017-08-09-at-9.02.40-PM.jpeg\"><img loading=\"lazy\" decoding=\"async\" class=\"alignleft wp-image-5051\" src=\"https:\/\/academia.utp.edu.co\/ieee\/files\/2017\/08\/WhatsApp-Image-2017-08-09-at-9.02.40-PM.jpeg\" alt=\"\" width=\"701\" height=\"272\" srcset=\"https:\/\/academia.utp.edu.co\/ieee\/files\/2017\/08\/WhatsApp-Image-2017-08-09-at-9.02.40-PM.jpeg 577w, https:\/\/academia.utp.edu.co\/ieee\/files\/2017\/08\/WhatsApp-Image-2017-08-09-at-9.02.40-PM-300x116.jpeg 300w, https:\/\/academia.utp.edu.co\/ieee\/files\/2017\/08\/WhatsApp-Image-2017-08-09-at-9.02.40-PM-250x97.jpeg 250w\" sizes=\"auto, (max-width: 701px) 100vw, 701px\" \/><\/a><\/p>\n<p>Paradoxe Corporation con m\u00e1s de 20 a\u00f1os de experiencia en el mercado el\u00e9ctrico de distribuci\u00f3n y transmisi\u00f3n de energ\u00eda.&nbsp; Representando marcas de renombre internacional como EATON COOPER POWER SYSTEMS, INCON, TRANTECH,&nbsp; y otras marcas. Ofrecemos una linea completa de componentes para fabricantes de transformadores para su pronta entrega. Adem\u00e1s de programas gratuitos de selecci\u00f3n de productos para su propia conveniencia.&nbsp;<\/p>\n<p>Promocionando nuetra nueva linea de productos de ventiladores PX3 para enfriamiento de transformadores.<\/p>\n<p>Para m\u00e1s informaci\u00f3n comuncarse con: Gilberto Grueso PARADOXE CORPORATION. Email: ggrueso@pxecorp.com &#8211; Tel\u00e9fono: +(57) 3112296879<\/p>\n<h3><a href=\"https:\/\/www.pxecorp.com\/\">https:\/\/www.pxecorp.com\/<\/a><\/h3>\n<p>&nbsp;<\/p>\n<h2>FOCUS your mind<\/h2>\n<p><a href=\"https:\/\/academia.utp.edu.co\/ieee\/files\/2017\/08\/focus.png\"><img loading=\"lazy\" decoding=\"async\" class=\"alignleft wp-image-5161\" src=\"https:\/\/academia.utp.edu.co\/ieee\/files\/2017\/08\/focus.png\" alt=\"\" width=\"749\" height=\"516\" srcset=\"https:\/\/academia.utp.edu.co\/ieee\/files\/2017\/08\/focus.png 1022w, https:\/\/academia.utp.edu.co\/ieee\/files\/2017\/08\/focus-300x207.png 300w, https:\/\/academia.utp.edu.co\/ieee\/files\/2017\/08\/focus-768x529.png 768w, https:\/\/academia.utp.edu.co\/ieee\/files\/2017\/08\/focus-250x172.png 250w\" sizes=\"auto, (max-width: 749px) 100vw, 749px\" \/><\/a><\/p>\n<h1>&nbsp;<\/h1>\n<h1>Vasco Ingenier\u00eda y Consultor\u00eda<\/h1>\n<p><a href=\"https:\/\/academia.utp.edu.co\/ieee\/files\/2017\/08\/vasco2.png\"><img loading=\"lazy\" decoding=\"async\" class=\"alignleft wp-image-5521\" src=\"https:\/\/academia.utp.edu.co\/ieee\/files\/2017\/08\/vasco2.png\" alt=\"\" width=\"2108\" height=\"683\" srcset=\"https:\/\/academia.utp.edu.co\/ieee\/files\/2017\/08\/vasco2.png 2108w, https:\/\/academia.utp.edu.co\/ieee\/files\/2017\/08\/vasco2-300x97.png 300w, https:\/\/academia.utp.edu.co\/ieee\/files\/2017\/08\/vasco2-768x249.png 768w, https:\/\/academia.utp.edu.co\/ieee\/files\/2017\/08\/vasco2-1024x332.png 1024w, https:\/\/academia.utp.edu.co\/ieee\/files\/2017\/08\/vasco2-250x81.png 250w\" sizes=\"auto, (max-width: 2108px) 100vw, 2108px\" \/><\/a><\/p>\n<p><a href=\"https:\/\/academia.utp.edu.co\/ieee\/files\/2017\/08\/vasco.png\"><img loading=\"lazy\" decoding=\"async\" class=\"alignleft size-full wp-image-5511\" src=\"https:\/\/academia.utp.edu.co\/ieee\/files\/2017\/08\/vasco.png\" alt=\"\" width=\"1275\" height=\"1650\" srcset=\"https:\/\/academia.utp.edu.co\/ieee\/files\/2017\/08\/vasco.png 1275w, https:\/\/academia.utp.edu.co\/ieee\/files\/2017\/08\/vasco-232x300.png 232w, https:\/\/academia.utp.edu.co\/ieee\/files\/2017\/08\/vasco-768x994.png 768w, https:\/\/academia.utp.edu.co\/ieee\/files\/2017\/08\/vasco-791x1024.png 791w, https:\/\/academia.utp.edu.co\/ieee\/files\/2017\/08\/vasco-250x324.png 250w\" sizes=\"auto, (max-width: 1275px) 100vw, 1275px\" \/><\/a><\/p>\n<p>&nbsp;<\/p>\n<h1>The H-J Family of Companies<\/h1>\n<p>&nbsp;<\/p>\n<h3><a href=\"http:\/\/www.h-j.com\/\">http:\/\/www.h-j.com\/<\/a><\/h3>\n<p>&nbsp;<\/p>\n<p><a href=\"https:\/\/academia.utp.edu.co\/ieee\/files\/2017\/08\/LOGO-3.jpg\" target=\"_blank\" rel=\"http:\/\/www.h-j.com\/ noopener\"><img loading=\"lazy\" decoding=\"async\" class=\"alignleft wp-image-5611 size-full\" src=\"https:\/\/academia.utp.edu.co\/ieee\/files\/2017\/08\/LOGO-3.jpg\" alt=\"\" width=\"1200\" height=\"1000\" srcset=\"https:\/\/academia.utp.edu.co\/ieee\/files\/2017\/08\/LOGO-3.jpg 1200w, https:\/\/academia.utp.edu.co\/ieee\/files\/2017\/08\/LOGO-3-300x250.jpg 300w, https:\/\/academia.utp.edu.co\/ieee\/files\/2017\/08\/LOGO-3-768x640.jpg 768w, https:\/\/academia.utp.edu.co\/ieee\/files\/2017\/08\/LOGO-3-1024x853.jpg 1024w, https:\/\/academia.utp.edu.co\/ieee\/files\/2017\/08\/LOGO-3-250x208.jpg 250w\" sizes=\"auto, (max-width: 1200px) 100vw, 1200px\" \/><\/a><\/p>\n","protected":false},"excerpt":{"rendered":"<p>Paradoxe Corporation &nbsp; Paradoxe Corporation con m\u00e1s de 20 a\u00f1os de experiencia en el mercado el\u00e9ctrico de distribuci\u00f3n y transmisi\u00f3n de energ\u00eda.&nbsp; Representando marcas de renombre internacional como EATON COOPER POWER SYSTEMS, INCON, TRANTECH,&nbsp; y otras marcas. Ofrecemos una linea<\/p>\n","protected":false},"author":81,"featured_media":0,"parent":3811,"menu_order":0,"comment_status":"closed","ping_status":"closed","template":"","meta":{"footnotes":""},"class_list":["post-5041","page","type-page","status-publish","hentry"],"_links":{"self":[{"href":"https:\/\/academia.utp.edu.co\/ieee\/wp-json\/wp\/v2\/pages\/5041","targetHints":{"allow":["GET"]}}],"collection":[{"href":"https:\/\/academia.utp.edu.co\/ieee\/wp-json\/wp\/v2\/pages"}],"about":[{"href":"https:\/\/academia.utp.edu.co\/ieee\/wp-json\/wp\/v2\/types\/page"}],"author":[{"embeddable":true,"href":"https:\/\/academia.utp.edu.co\/ieee\/wp-json\/wp\/v2\/users\/81"}],"replies":[{"embeddable":true,"href":"https:\/\/academia.utp.edu.co\/ieee\/wp-json\/wp\/v2\/comments?post=5041"}],"version-history":[{"count":12,"href":"https:\/\/academia.utp.edu.co\/ieee\/wp-json\/wp\/v2\/pages\/5041\/revisions"}],"predecessor-version":[{"id":5631,"href":"https:\/\/academia.utp.edu.co\/ieee\/wp-json\/wp\/v2\/pages\/5041\/revisions\/5631"}],"up":[{"embeddable":true,"href":"https:\/\/academia.utp.edu.co\/ieee\/wp-json\/wp\/v2\/pages\/3811"}],"wp:attachment":[{"href":"https:\/\/academia.utp.edu.co\/ieee\/wp-json\/wp\/v2\/media?parent=5041"}],"curies":[{"name":"wp","href":"https:\/\/api.w.org\/{rel}","templated":true}]}}