{"id":971,"date":"2016-04-22T12:45:49","date_gmt":"2016-04-22T17:45:49","guid":{"rendered":"http:\/\/academia.utp.edu.co\/ieee\/?page_id=971"},"modified":"2016-05-16T20:46:25","modified_gmt":"2016-05-17T01:46:25","slug":"eventosase","status":"publish","type":"page","link":"https:\/\/academia.utp.edu.co\/ieee\/eventosase\/","title":{"rendered":"SASE"},"content":{"rendered":"<p><a href=\"https:\/\/academia.utp.edu.co\/ieee\/files\/2016\/04\/BannerSASE.png\"><img loading=\"lazy\" decoding=\"async\" class=\"size-medium wp-image-1091 aligncenter\" src=\"https:\/\/academia.utp.edu.co\/ieee\/files\/2016\/04\/BannerSASE-300x240.png\" alt=\"BannerSASE\" width=\"300\" height=\"240\" srcset=\"https:\/\/academia.utp.edu.co\/ieee\/files\/2016\/04\/BannerSASE-300x240.png 300w, https:\/\/academia.utp.edu.co\/ieee\/files\/2016\/04\/BannerSASE-250x200.png 250w, https:\/\/academia.utp.edu.co\/ieee\/files\/2016\/04\/BannerSASE.png 1000w\" sizes=\"auto, (max-width: 300px) 100vw, 300px\" \/><\/a><\/p>\n<p>&nbsp;<\/p>\n<p>[meteor_slideshow]<\/p>\n<p>La\u00a0 Rama Estudiantil IEEE de la Universidad Tecnol\u00f3gica de Pereira busca ofrecer un espacio de interacci\u00f3n profesional entre la industria energ\u00e9tica y la academia, exponiendo las \u00faltimas tendencias y avances en el \u00e1rea de la ingenier\u00eda el\u00e9ctrica por parte de expertos en el sector y pares acad\u00e9micos.<\/p>\n","protected":false},"excerpt":{"rendered":"<p>&nbsp; [meteor_slideshow] La\u00a0 Rama Estudiantil IEEE de la Universidad Tecnol\u00f3gica de Pereira busca ofrecer un espacio de interacci\u00f3n profesional entre la industria energ\u00e9tica y la academia, exponiendo las \u00faltimas tendencias y avances en el \u00e1rea de la ingenier\u00eda el\u00e9ctrica por<\/p>\n","protected":false},"author":81,"featured_media":0,"parent":0,"menu_order":0,"comment_status":"closed","ping_status":"closed","template":"","meta":{"footnotes":""},"class_list":["post-971","page","type-page","status-publish","hentry"],"_links":{"self":[{"href":"https:\/\/academia.utp.edu.co\/ieee\/wp-json\/wp\/v2\/pages\/971","targetHints":{"allow":["GET"]}}],"collection":[{"href":"https:\/\/academia.utp.edu.co\/ieee\/wp-json\/wp\/v2\/pages"}],"about":[{"href":"https:\/\/academia.utp.edu.co\/ieee\/wp-json\/wp\/v2\/types\/page"}],"author":[{"embeddable":true,"href":"https:\/\/academia.utp.edu.co\/ieee\/wp-json\/wp\/v2\/users\/81"}],"replies":[{"embeddable":true,"href":"https:\/\/academia.utp.edu.co\/ieee\/wp-json\/wp\/v2\/comments?post=971"}],"version-history":[{"count":7,"href":"https:\/\/academia.utp.edu.co\/ieee\/wp-json\/wp\/v2\/pages\/971\/revisions"}],"predecessor-version":[{"id":1101,"href":"https:\/\/academia.utp.edu.co\/ieee\/wp-json\/wp\/v2\/pages\/971\/revisions\/1101"}],"wp:attachment":[{"href":"https:\/\/academia.utp.edu.co\/ieee\/wp-json\/wp\/v2\/media?parent=971"}],"curies":[{"name":"wp","href":"https:\/\/api.w.org\/{rel}","templated":true}]}}