{"id":10,"date":"2026-03-24T15:59:15","date_gmt":"2026-03-24T20:59:15","guid":{"rendered":"https:\/\/academia.utp.edu.co\/insight\/?page_id=10"},"modified":"2026-04-07T23:27:25","modified_gmt":"2026-04-08T04:27:25","slug":"inicio","status":"publish","type":"page","link":"https:\/\/academia.utp.edu.co\/insight\/","title":{"rendered":"\u00bfQue es INSIGHT?"},"content":{"rendered":"\n<div class=\"wp-block-group alignfull has-background\" id=\"insight\" style=\"background-color:#a3c363;padding-top:6vw;padding-right:6vw;padding-bottom:6vw;padding-left:6vw\"><div class=\"wp-block-group__inner-container is-layout-flow wp-block-group-is-layout-flow\">\n<div class=\"wp-block-group is-vertical is-nowrap is-layout-flex wp-container-core-group-is-layout-287ef9cb wp-block-group-is-layout-flex\" style=\"padding-right:0;padding-left:0\">\n<h6 class=\"wp-block-heading has-text-color\" id=\"ecosystem\" style=\"color:#000000;font-size:16px\"><\/h6>\n\n\n\n<p class=\"has-text-color\" style=\"color:#000000;font-size:5.1vw;font-style:normal;font-weight:700;letter-spacing:0px;line-height:0.9;text-decoration:none;text-transform:none\">INSIGHT \u2013 Investigaci\u00f3n y Desarrollo Tecnol\u00f3gico para la Agroindustria<\/p>\n<\/div>\n\n\n\n<div style=\"height:1vw\" aria-hidden=\"true\" class=\"wp-block-spacer\"><\/div>\n\n\n\n<div class=\"wp-block-group alignwide is-vertical is-nowrap is-layout-flex wp-container-core-group-is-layout-8171334d wp-block-group-is-layout-flex\" style=\"padding-top:0;padding-right:0;padding-bottom:0;padding-left:0\">\n<div class=\"wp-block-columns alignwide is-layout-flex wp-container-core-columns-is-layout-2656d967 wp-block-columns-is-layout-flex\">\n<div class=\"wp-block-column is-layout-flow wp-block-column-is-layout-flow\" style=\"flex-basis:33.38%\">\n<p class=\"has-text-color\" style=\"color:#000000;font-size:17px\">Impulsamos la investigaci\u00f3n en ingenier\u00eda de software, inteligencia artificial y ciencia de datos, desarrollando soluciones innovadoras con impacto acad\u00e9mico y social.<\/p>\n\n\n\n<p class=\"has-text-color\" style=\"color:#000000;font-size:17px\">Un espacio para aprender, investigar y construir proyectos reales que transforman el entorno.<\/p>\n<\/div>\n\n\n\n<div class=\"wp-block-column is-layout-flow wp-block-column-is-layout-flow\" style=\"flex-basis:33%\">\n<div style=\"height:2vw\" aria-hidden=\"true\" class=\"wp-block-spacer\"><\/div>\n\n\n\n<figure class=\"wp-block-image size-full\"><img loading=\"lazy\" decoding=\"async\" width=\"455\" height=\"442\" src=\"https:\/\/academia.utp.edu.co\/insight\/files\/2026\/04\/imagen_1.png\" alt=\"\" class=\"wp-image-42\" srcset=\"https:\/\/academia.utp.edu.co\/insight\/files\/2026\/04\/imagen_1.png 455w, https:\/\/academia.utp.edu.co\/insight\/files\/2026\/04\/imagen_1-300x291.png 300w\" sizes=\"auto, (max-width: 455px) 100vw, 455px\" \/><\/figure>\n<\/div>\n\n\n\n<div class=\"wp-block-column is-layout-flow wp-block-column-is-layout-flow\" style=\"flex-basis:33.62%\">\n<figure class=\"wp-block-image size-full\"><img loading=\"lazy\" decoding=\"async\" width=\"449\" height=\"449\" src=\"https:\/\/academia.utp.edu.co\/insight\/files\/2026\/04\/imagen_2.png\" alt=\"\" class=\"wp-image-43\" srcset=\"https:\/\/academia.utp.edu.co\/insight\/files\/2026\/04\/imagen_2.png 449w, https:\/\/academia.utp.edu.co\/insight\/files\/2026\/04\/imagen_2-300x300.png 300w, https:\/\/academia.utp.edu.co\/insight\/files\/2026\/04\/imagen_2-150x150.png 150w\" sizes=\"auto, (max-width: 449px) 100vw, 449px\" \/><\/figure>\n<\/div>\n<\/div>\n\n\n\n<div class=\"wp-block-columns alignwide is-layout-flex wp-container-core-columns-is-layout-724a882f wp-block-columns-is-layout-flex\">\n<div class=\"wp-block-column is-layout-flow wp-block-column-is-layout-flow\"><\/div>\n\n\n\n<div class=\"wp-block-column is-layout-flow wp-block-column-is-layout-flow\"><\/div>\n<\/div>\n<\/div>\n<\/div><\/div>\n","protected":false},"excerpt":{"rendered":"<p>INSIGHT \u2013 Investigaci\u00f3n y Desarrollo Tecnol\u00f3gico para la Agroindustria Impulsamos la investigaci\u00f3n en ingenier\u00eda de software, inteligencia artificial y ciencia de datos, desarrollando soluciones innovadoras con impacto acad\u00e9mico y social.&hellip;&nbsp;<\/p>\n","protected":false},"author":531,"featured_media":0,"parent":0,"menu_order":0,"comment_status":"closed","ping_status":"closed","template":"","meta":{"neve_meta_sidebar":"","neve_meta_container":"","neve_meta_enable_content_width":"","neve_meta_content_width":0,"neve_meta_title_alignment":"","neve_meta_author_avatar":"","neve_post_elements_order":"","neve_meta_disable_header":"","neve_meta_disable_footer":"","neve_meta_disable_title":"","footnotes":""},"class_list":["post-10","page","type-page","status-publish","hentry"],"_links":{"self":[{"href":"https:\/\/academia.utp.edu.co\/insight\/wp-json\/wp\/v2\/pages\/10","targetHints":{"allow":["GET"]}}],"collection":[{"href":"https:\/\/academia.utp.edu.co\/insight\/wp-json\/wp\/v2\/pages"}],"about":[{"href":"https:\/\/academia.utp.edu.co\/insight\/wp-json\/wp\/v2\/types\/page"}],"author":[{"embeddable":true,"href":"https:\/\/academia.utp.edu.co\/insight\/wp-json\/wp\/v2\/users\/531"}],"replies":[{"embeddable":true,"href":"https:\/\/academia.utp.edu.co\/insight\/wp-json\/wp\/v2\/comments?post=10"}],"version-history":[{"count":4,"href":"https:\/\/academia.utp.edu.co\/insight\/wp-json\/wp\/v2\/pages\/10\/revisions"}],"predecessor-version":[{"id":45,"href":"https:\/\/academia.utp.edu.co\/insight\/wp-json\/wp\/v2\/pages\/10\/revisions\/45"}],"wp:attachment":[{"href":"https:\/\/academia.utp.edu.co\/insight\/wp-json\/wp\/v2\/media?parent=10"}],"curies":[{"name":"wp","href":"https:\/\/api.w.org\/{rel}","templated":true}]}}