{"id":44,"date":"2026-03-23T14:30:36","date_gmt":"2026-03-23T19:30:36","guid":{"rendered":"https:\/\/academia.utp.edu.co\/kilby\/?page_id=44"},"modified":"2026-03-26T09:53:42","modified_gmt":"2026-03-26T14:53:42","slug":"quienes-somos","status":"publish","type":"page","link":"https:\/\/academia.utp.edu.co\/kilby\/quienes-somos\/","title":{"rendered":"\u00bfQui\u00e9nes somos?"},"content":{"rendered":"\n<section style=\"padding: 40px 20px;max-width: 1100px;margin: auto;font-family: Arial, sans-serif;color: #333;background-color: #F1F5F9\">\n\n    <!-- Presentaci\u00f3n -->\n    <p style=\"font-size: 16px;line-height: 1.6;text-align: justify\">\n        El Semillero de Investigaci\u00f3n Kilby es un espacio acad\u00e9mico orientado a la formaci\u00f3n investigativa y al desarrollo de soluciones tecnol\u00f3gicas en el \u00e1rea de la ingenier\u00eda electr\u00f3nica. Est\u00e1 conformado por estudiantes y docentes comprometidos con la generaci\u00f3n de conocimiento, la innovaci\u00f3n y la aplicaci\u00f3n pr\u00e1ctica de la ingenier\u00eda en diferentes contextos.\n    <\/p>\n\n    <p style=\"font-size: 16px;line-height: 1.6;text-align: justify\">\n        A trav\u00e9s del trabajo colaborativo, el semillero promueve el desarrollo de proyectos en diversas l\u00edneas de investigaci\u00f3n, integrando herramientas de hardware y software para abordar problem\u00e1ticas reales y aportar al desarrollo cient\u00edfico y tecnol\u00f3gico.\n    <\/p>\n\n    <!-- Misi\u00f3n y Visi\u00f3n (tabla para evitar errores de WordPress) -->\n    <table style=\"width: 100%;border-collapse: separate;border-spacing: 40px 0;margin-top: 40px;border: none !important\">\n    <tr style=\"border: none !important\">\n\n        <!-- Misi\u00f3n -->\n        <td style=\"width: 50%;vertical-align: top;background: #ffffff;padding: 25px;border-radius: 12px;border: none !important\">\n            <h3 style=\"color: #0b1f3a;margin-bottom: 10px\">Misi\u00f3n<\/h3>\n            <p style=\"font-size: 15px\">\n                Formar estudiantes con capacidades investigativas, t\u00e9cnicas y \u00e9ticas en el campo de la ingenier\u00eda electr\u00f3nica.\n            <\/p>\n        <\/td>\n\n        <!-- Visi\u00f3n -->\n        <td style=\"width: 50%;vertical-align: top;background: #ffffff;padding: 25px;border-radius: 12px;border: none !important\">\n            <h3 style=\"color: #0b1f3a;margin-bottom: 10px\">Visi\u00f3n<\/h3>\n            <p style=\"font-size: 15px\">\n                Ser un semillero reconocido por su aporte al desarrollo tecnol\u00f3gico y la formaci\u00f3n integral.\n            <\/p>\n        <\/td>\n\n    <\/tr>\n<\/table>\n\n    <!-- Objetivo -->\n    <div style=\"margin-top: 50px\">\n        <h3 style=\"color: #0b1f3a\">Objetivo<\/h3>\n        <p style=\"font-size: 15px;text-align: justify\">\n            Desarrollar un espacio acad\u00e9mico orientado a la formaci\u00f3n en investigaci\u00f3n y al desarrollo de soluciones tecnol\u00f3gicas en ingenier\u00eda electr\u00f3nica.\n        <\/p>\n    <\/div>\n\n    <!-- Equipo -->\n    <div style=\"margin-top: 50px\">\n        <h3 style=\"color: #0b1f3a\">Equipo de Trabajo<\/h3>\n\n        <div style=\"margin-top: 25px\">\n\n            <!-- Persona -->\n<table style=\"width: 100%;border-collapse: collapse;margin-bottom: 10px;border: none !important\">\n\n    <!-- ENCABEZADO -->\n    <tr style=\"border: none !important;box-shadow: none !important\">\n        <td style=\"width: 110px;border: none !important;box-shadow: none !important\"><\/td>\n\n        <td style=\"text-align: center;font-weight: bold;font-size: 15px;color: #0b1f3a;padding-bottom: 10px;border: none !important;box-shadow: none !important\">\n            Nombre\n        <\/td>\n\n        <td style=\"text-align: center;font-weight: bold;font-size: 15px;color: #0b1f3a;padding-bottom: 10px;border: none !important;box-shadow: none !important\">\n            Cargo\n        <\/td>\n    <\/tr>\n\n<tr style=\"border: none !important;box-shadow: none !important\">\n        <td style=\"width: 110px;vertical-align: middle;text-align: center;border: none !important;box-shadow: none !important\">\n            <img decoding=\"async\" src=\"http:\/\/academia.utp.edu.co\/kilby\/files\/2026\/03\/WhatsApp-Image-2026-03-26-at-9.45.37-AM-scaled-e1774536743167.jpeg\" style=\"width: 90px;height: 90px;border-radius: 12px;object-fit: cover\">\n        <\/td>\n\n        <td style=\"vertical-align: middle;text-align: center;border: none !important;box-shadow: none !important\">\n            <strong style=\"font-size: 17px\">Arley Bejarano Mart\u00ednez<\/strong>\n        <\/td>\n\n        <td style=\"vertical-align: middle;text-align: center;border: none !important;box-shadow: none !important\">\n            <span style=\"color: #666;font-size: 15px\">Tutor<\/span>\n        <\/td>\n    <\/tr>\n\n    <!-- Persona 1 -->\n    <tr style=\"border: none !important;box-shadow: none !important\">\n        <td style=\"width: 110px;vertical-align: middle;text-align: center;border: none !important;box-shadow: none !important\">\n            <img decoding=\"async\" src=\"http:\/\/academia.utp.edu.co\/kilby\/files\/2026\/03\/Yurley--225x300.jpg\" style=\"width: 90px;height: 90px;border-radius: 12px;object-fit: cover\">\n        <\/td>\n\n        <td style=\"vertical-align: middle;text-align: center;border: none !important;box-shadow: none !important\">\n            <strong style=\"font-size: 17px\">Yurley Tatiana Tovar<\/strong>\n        <\/td>\n\n        <td style=\"vertical-align: middle;text-align: center;border: none !important;box-shadow: none !important\">\n            <span style=\"color: #666;font-size: 15px\">Co-tutora<\/span>\n        <\/td>\n    <\/tr>\n\n    <!-- Persona 2 -->\n    <tr style=\"border: none !important;box-shadow: none !important\">\n        <td style=\"width: 110px;vertical-align: middle;text-align: center;border: none !important;box-shadow: none !important\">\n            <img decoding=\"async\" src=\"http:\/\/academia.utp.edu.co\/kilby\/files\/2026\/03\/Calvo.png\" style=\"width: 90px;height: 90px;border-radius: 12px;object-fit: cover\">\n        <\/td>\n\n        <td style=\"vertical-align: middle;text-align: center;border: none !important;box-shadow: none !important\">\n            <strong style=\"font-size: 17px\">Andr\u00e9s Felipe Calvo Salcedo<\/strong>\n        <\/td>\n\n        <td style=\"vertical-align: middle;text-align: center;border: none !important;box-shadow: none !important\">\n            <span style=\"color: #666;font-size: 15px\">Integrante<\/span>\n        <\/td>\n    <\/tr>\n\n    <!-- Persona 3 -->\n    <tr style=\"border: none !important;box-shadow: none !important\">\n        <td style=\"width: 110px;vertical-align: middle;text-align: center;border: none !important;box-shadow: none !important\">\n            <img decoding=\"async\" src=\"http:\/\/academia.utp.edu.co\/kilby\/files\/2026\/03\/Sergio.png\" style=\"width: 90px;height: 90px;border-radius: 12px;object-fit: cover\">\n        <\/td>\n\n        <td style=\"vertical-align: middle;text-align: center;border: none !important;box-shadow: none !important\">\n            <strong style=\"font-size: 17px\">Sergio Mu\u00f1oz Tapasco<\/strong>\n        <\/td>\n\n        <td style=\"vertical-align: middle;text-align: center;border: none !important;box-shadow: none !important\">\n            <span style=\"color: #666;font-size: 15px\">Integrante<\/span>\n        <\/td>\n    <\/tr>\n\n    <!-- Persona 4 -->\n    <tr style=\"border: none !important;box-shadow: none !important\">\n        <td style=\"width: 110px;vertical-align: middle;text-align: center;border: none !important;box-shadow: none !important\">\n            <img decoding=\"async\" src=\"http:\/\/academia.utp.edu.co\/kilby\/files\/2026\/03\/WhatsApp-Image-2026-03-15-at-6.18.25-PM.jpeg\" style=\"width: 90px;height: 90px;border-radius: 12px;object-fit: cover\">\n        <\/td>\n\n        <td style=\"vertical-align: middle;text-align: center;border: none !important;box-shadow: none !important\">\n            <strong style=\"font-size: 17px\">Juan Esteban Duque<\/strong>\n        <\/td>\n\n        <td style=\"vertical-align: middle;text-align: center;border: none !important;box-shadow: none !important\">\n            <span style=\"color: #666;font-size: 15px\">Integrante<\/span>\n        <\/td>\n    <\/tr>\n<tr style=\"border: none !important;box-shadow: none !important\">\n        <td style=\"width: 110px;vertical-align: middle;text-align: center;border: none !important;box-shadow: none !important\">\n            <img decoding=\"async\" src=\"http:\/\/academia.utp.edu.co\/kilby\/files\/2026\/03\/Anderson-scaled.jpg\" style=\"width: 90px;height: 90px;border-radius: 12px;object-fit: cover\">\n        <\/td>\n\n        <td style=\"vertical-align: middle;text-align: center;border: none !important;box-shadow: none !important\">\n            <strong style=\"font-size: 17px\">Anderson Zapata<\/strong>\n        <\/td>\n\n        <td style=\"vertical-align: middle;text-align: center;border: none !important;box-shadow: none !important\">\n            <span style=\"color: #666;font-size: 15px\">Integrante<\/span>\n        <\/td>\n    <\/tr>\n\n<\/table>\n        <\/div>\n    <\/div>\n\n<\/section>\n\n\n\n<p><\/p>\n","protected":false},"excerpt":{"rendered":"<p>El Semillero de Investigaci\u00f3n Kilby es un espacio acad\u00e9mico orientado a la formaci\u00f3n investigativa y al desarrollo de soluciones tecnol\u00f3gicas en el \u00e1rea de la ingenier\u00eda electr\u00f3nica. Est\u00e1 conformado por [&hellip;]<\/p>\n","protected":false},"author":1972,"featured_media":0,"parent":0,"menu_order":0,"comment_status":"closed","ping_status":"closed","template":"","meta":{"site-sidebar-layout":"default","site-content-layout":"","ast-site-content-layout":"default","site-content-style":"default","site-sidebar-style":"default","ast-global-header-display":"","ast-banner-title-visibility":"","ast-main-header-display":"","ast-hfb-above-header-display":"","ast-hfb-below-header-display":"","ast-hfb-mobile-header-display":"","site-post-title":"","ast-breadcrumbs-content":"","ast-featured-img":"","footer-sml-layout":"","ast-disable-related-posts":"","theme-transparent-header-meta":"","adv-header-id-meta":"","stick-header-meta":"","header-above-stick-meta":"","header-main-stick-meta":"","header-below-stick-meta":"","astra-migrate-meta-layouts":"default","ast-page-background-enabled":"default","ast-page-background-meta":{"desktop":{"background-color":"var(--ast-global-color-5)","background-image":"","background-repeat":"repeat","background-position":"center center","background-size":"auto","background-attachment":"scroll","background-type":"","background-media":"","overlay-type":"","overlay-color":"","overlay-opacity":"","overlay-gradient":""},"tablet":{"background-color":"","background-image":"","background-repeat":"repeat","background-position":"center center","background-size":"auto","background-attachment":"scroll","background-type":"","background-media":"","overlay-type":"","overlay-color":"","overlay-opacity":"","overlay-gradient":""},"mobile":{"background-color":"","background-image":"","background-repeat":"repeat","background-position":"center center","background-size":"auto","background-attachment":"scroll","background-type":"","background-media":"","overlay-type":"","overlay-color":"","overlay-opacity":"","overlay-gradient":""}},"ast-content-background-meta":{"desktop":{"background-color":"var(--ast-global-color-4)","background-image":"","background-repeat":"repeat","background-position":"center center","background-size":"auto","background-attachment":"scroll","background-type":"","background-media":"","overlay-type":"","overlay-color":"","overlay-opacity":"","overlay-gradient":""},"tablet":{"background-color":"var(--ast-global-color-4)","background-image":"","background-repeat":"repeat","background-position":"center center","background-size":"auto","background-attachment":"scroll","background-type":"","background-media":"","overlay-type":"","overlay-color":"","overlay-opacity":"","overlay-gradient":""},"mobile":{"background-color":"var(--ast-global-color-4)","background-image":"","background-repeat":"repeat","background-position":"center center","background-size":"auto","background-attachment":"scroll","background-type":"","background-media":"","overlay-type":"","overlay-color":"","overlay-opacity":"","overlay-gradient":""}},"footnotes":""},"class_list":["post-44","page","type-page","status-publish","hentry"],"_links":{"self":[{"href":"https:\/\/academia.utp.edu.co\/kilby\/wp-json\/wp\/v2\/pages\/44","targetHints":{"allow":["GET"]}}],"collection":[{"href":"https:\/\/academia.utp.edu.co\/kilby\/wp-json\/wp\/v2\/pages"}],"about":[{"href":"https:\/\/academia.utp.edu.co\/kilby\/wp-json\/wp\/v2\/types\/page"}],"author":[{"embeddable":true,"href":"https:\/\/academia.utp.edu.co\/kilby\/wp-json\/wp\/v2\/users\/1972"}],"replies":[{"embeddable":true,"href":"https:\/\/academia.utp.edu.co\/kilby\/wp-json\/wp\/v2\/comments?post=44"}],"version-history":[{"count":21,"href":"https:\/\/academia.utp.edu.co\/kilby\/wp-json\/wp\/v2\/pages\/44\/revisions"}],"predecessor-version":[{"id":129,"href":"https:\/\/academia.utp.edu.co\/kilby\/wp-json\/wp\/v2\/pages\/44\/revisions\/129"}],"wp:attachment":[{"href":"https:\/\/academia.utp.edu.co\/kilby\/wp-json\/wp\/v2\/media?parent=44"}],"curies":[{"name":"wp","href":"https:\/\/api.w.org\/{rel}","templated":true}]}}