{"id":459,"date":"2026-04-21T10:18:07","date_gmt":"2026-04-21T15:18:07","guid":{"rendered":"https:\/\/academia.utp.edu.co\/laquies\/?page_id=459"},"modified":"2026-04-28T10:08:39","modified_gmt":"2026-04-28T15:08:39","slug":"nuestro-equipo","status":"publish","type":"page","link":"https:\/\/academia.utp.edu.co\/laquies\/nuestro-equipo\/","title":{"rendered":"Nuestro equipo"},"content":{"rendered":"\n<div class=\"wp-block-columns are-vertically-aligned-center is-layout-flex wp-container-core-columns-is-layout-28f84493 wp-block-columns-is-layout-flex\">\n<div class=\"wp-block-column is-vertically-aligned-center is-layout-flow wp-block-column-is-layout-flow\" style=\"flex-basis:33.33%\">\n<figure class=\"wp-block-image alignright size-full is-resized\"><img loading=\"lazy\" decoding=\"async\" width=\"842\" height=\"1280\" src=\"https:\/\/academia.utp.edu.co\/laquies\/files\/2023\/10\/0eee441a-8159-49eb-bf63-42ba0ebeaa72.jpg\" alt=\"\" class=\"wp-image-194\" style=\"width:auto;height:300px\" srcset=\"https:\/\/academia.utp.edu.co\/laquies\/files\/2023\/10\/0eee441a-8159-49eb-bf63-42ba0ebeaa72.jpg 842w, https:\/\/academia.utp.edu.co\/laquies\/files\/2023\/10\/0eee441a-8159-49eb-bf63-42ba0ebeaa72-197x300.jpg 197w, https:\/\/academia.utp.edu.co\/laquies\/files\/2023\/10\/0eee441a-8159-49eb-bf63-42ba0ebeaa72-674x1024.jpg 674w, https:\/\/academia.utp.edu.co\/laquies\/files\/2023\/10\/0eee441a-8159-49eb-bf63-42ba0ebeaa72-768x1168.jpg 768w\" sizes=\"auto, (max-width: 842px) 100vw, 842px\" \/><\/figure>\n<\/div>\n\n\n\n<div class=\"wp-block-column is-vertically-aligned-center is-layout-flow wp-block-column-is-layout-flow\" style=\"flex-basis:66.66%\">\n<p class=\"has-ast-global-color-7-background-color has-background\" id=\"block-d23b1738-949d-4adb-a0df-34eabc053933\"><strong>Lina Marcela Orozco Arboleda<\/strong><\/p>\n\n\n\n<p id=\"block-be6201f3-4e74-4689-b4c9-8c1c86dcb0a1\"><em>Profesora<\/em><\/p>\n\n\n\n<p id=\"block-3e7fd493-a6c7-436d-8d2f-67e0ca708a03\">\u00abLa Qu\u00edmica en la Escuela permite trasladar los conceptos de la qu\u00edmica a la experiencia cotidiana, por medio de la realizaci\u00f3n de pr\u00e1cticas con ni\u00f1os y j\u00f3venes de educaci\u00f3n b\u00e1sica y media, para que puedan despertar su curiosidad por la ciencia.\u00bb<\/p>\n<\/div>\n<\/div>\n\n\n\n<hr class=\"wp-block-separator has-alpha-channel-opacity is-style-wide\" \/>\n\n\n\n<div class=\"wp-block-columns are-vertically-aligned-center is-layout-flex wp-container-core-columns-is-layout-28f84493 wp-block-columns-is-layout-flex\">\n<div class=\"wp-block-column is-vertically-aligned-center is-layout-flow wp-block-column-is-layout-flow\" style=\"flex-basis:66.66%\">\n<p class=\"has-ast-global-color-7-background-color has-background\"><strong>Jaime Alejandro Mart\u00ednez Acosta<\/strong><\/p>\n\n\n\n<p><em>Profesor<\/em><\/p>\n\n\n\n<p>\u00abNuestro proyecto busca incentivar mucho la curiosidad y la creatividad por la ciencias qu\u00edmicas, busca que los ni\u00f1os, adolescentes y profesores se diviertan, aprendan y descubran que conocer y estudiar los fen\u00f3menos naturales es la base&nbsp;del&nbsp;progreso.\u00bb<\/p>\n<\/div>\n\n\n\n<div class=\"wp-block-column is-vertically-aligned-center is-layout-flow wp-block-column-is-layout-flow\" style=\"flex-basis:33.33%\">\n<figure class=\"wp-block-image alignleft size-full is-resized\"><img loading=\"lazy\" decoding=\"async\" width=\"721\" height=\"780\" src=\"http:\/\/academia.utp.edu.co\/laquies\/files\/2023\/09\/WhatsApp-Image-2023-09-15-at-9.29.47-AM-1.jpeg\" alt=\"\" class=\"wp-image-100\" style=\"width:auto;height:300px\" srcset=\"https:\/\/academia.utp.edu.co\/laquies\/files\/2023\/09\/WhatsApp-Image-2023-09-15-at-9.29.47-AM-1.jpeg 721w, https:\/\/academia.utp.edu.co\/laquies\/files\/2023\/09\/WhatsApp-Image-2023-09-15-at-9.29.47-AM-1-277x300.jpeg 277w\" sizes=\"auto, (max-width: 721px) 100vw, 721px\" \/><\/figure>\n<\/div>\n<\/div>\n\n\n\n<hr class=\"wp-block-separator has-alpha-channel-opacity is-style-wide\" \/>\n\n\n\n<div class=\"wp-block-columns are-vertically-aligned-center is-layout-flex wp-container-core-columns-is-layout-28f84493 wp-block-columns-is-layout-flex\">\n<div class=\"wp-block-column is-vertically-aligned-center is-layout-flow wp-block-column-is-layout-flow\" style=\"flex-basis:33.33%\">\n<figure class=\"wp-block-image alignright size-full is-resized\"><img loading=\"lazy\" decoding=\"async\" width=\"850\" height=\"1154\" src=\"http:\/\/academia.utp.edu.co\/laquies\/files\/2023\/09\/Imagen-de-WhatsApp-2023-09-20-a-las-09.52.06-1-e1712953666555.jpg\" alt=\"\" class=\"wp-image-130\" style=\"width:auto;height:300px\" srcset=\"https:\/\/academia.utp.edu.co\/laquies\/files\/2023\/09\/Imagen-de-WhatsApp-2023-09-20-a-las-09.52.06-1-e1712953666555.jpg 850w, https:\/\/academia.utp.edu.co\/laquies\/files\/2023\/09\/Imagen-de-WhatsApp-2023-09-20-a-las-09.52.06-1-e1712953666555-221x300.jpg 221w, https:\/\/academia.utp.edu.co\/laquies\/files\/2023\/09\/Imagen-de-WhatsApp-2023-09-20-a-las-09.52.06-1-e1712953666555-754x1024.jpg 754w, https:\/\/academia.utp.edu.co\/laquies\/files\/2023\/09\/Imagen-de-WhatsApp-2023-09-20-a-las-09.52.06-1-e1712953666555-768x1043.jpg 768w\" sizes=\"auto, (max-width: 850px) 100vw, 850px\" \/><\/figure>\n<\/div>\n\n\n\n<div class=\"wp-block-column is-vertically-aligned-center is-layout-flow wp-block-column-is-layout-flow\" style=\"flex-basis:66.66%\">\n<p class=\"has-ast-global-color-7-background-color has-background\" id=\"block-d23b1738-949d-4adb-a0df-34eabc053933\"><strong><strong>Jos\u00e9 Reinaldo Mar\u00edn Betancourth<\/strong><\/strong><\/p>\n\n\n\n<p><em>Profesor<\/em><\/p>\n\n\n\n<p id=\"block-3e7fd493-a6c7-436d-8d2f-67e0ca708a03\">\u00abLa importancia del proyecto radica en las oportunidades y v\u00ednculos que oferta el mismo a la comunidad de docentes y estudiantes de la educaci\u00f3n b\u00e1sica y media, que pueden tener un espacio para la realizaci\u00f3n de actividades te\u00f3rico pr\u00e1cticas en torno a la qu\u00edmica, para que de manera did\u00e1ctica y l\u00fadica puedan incorporar conceptos y adelantar pr\u00e1cticas amigables con el medio ambiente y as\u00ed fortalecer los conocimientos en esta \u00e1rea.\u00bb<\/p>\n<\/div>\n<\/div>\n\n\n\n<hr class=\"wp-block-separator has-alpha-channel-opacity is-style-wide\" \/>\n\n\n\n<div class=\"wp-block-columns are-vertically-aligned-center is-layout-flex wp-container-core-columns-is-layout-28f84493 wp-block-columns-is-layout-flex\">\n<div class=\"wp-block-column is-vertically-aligned-center is-layout-flow wp-block-column-is-layout-flow\" style=\"flex-basis:66.66%\">\n<p class=\"has-ast-global-color-7-background-color has-background\"><strong><strong>Fernando Antonio Areiza V\u00e9lez<\/strong><\/strong><\/p>\n\n\n\n<p><em>Profesor<\/em><\/p>\n\n\n\n<p>\u00abLa Qu\u00edmica en la Escuela acerca los estudiantes al mundo de la ciencia; y por tanto, del conocimiento. El mismo que nos sirve para ser m\u00e1s libres, pero tambi\u00e9n<\/p>\n<\/div>\n\n\n\n<div class=\"wp-block-column is-vertically-aligned-center is-layout-flow wp-block-column-is-layout-flow\" style=\"flex-basis:33.33%\">\n<figure class=\"wp-block-image alignleft size-full is-resized\"><img loading=\"lazy\" decoding=\"async\" width=\"485\" height=\"455\" src=\"http:\/\/academia.utp.edu.co\/laquies\/files\/2023\/09\/Imagen-de-WhatsApp-2023-09-22-a-las-11.02.24.jpg\" alt=\"\" class=\"wp-image-146\" style=\"width:auto;height:300px\" srcset=\"https:\/\/academia.utp.edu.co\/laquies\/files\/2023\/09\/Imagen-de-WhatsApp-2023-09-22-a-las-11.02.24.jpg 485w, https:\/\/academia.utp.edu.co\/laquies\/files\/2023\/09\/Imagen-de-WhatsApp-2023-09-22-a-las-11.02.24-300x281.jpg 300w\" sizes=\"auto, (max-width: 485px) 100vw, 485px\" \/><\/figure>\n<\/div>\n<\/div>\n\n\n\n<hr class=\"wp-block-separator has-alpha-channel-opacity is-style-wide\" \/>\n\n\n\n<p><\/p>\n","protected":false},"excerpt":{"rendered":"<p>Lina Marcela Orozco Arboleda Profesora \u00abLa Qu\u00edmica en la Escuela permite trasladar los conceptos de la qu\u00edmica a la experiencia cotidiana, por medio de la realizaci\u00f3n de pr\u00e1cticas con ni\u00f1os [&hellip;]<\/p>\n","protected":false},"author":531,"featured_media":0,"parent":0,"menu_order":0,"comment_status":"closed","ping_status":"closed","template":"","meta":{"_uag_custom_page_level_css":"","site-sidebar-layout":"default","site-content-layout":"","ast-site-content-layout":"default","site-content-style":"default","site-sidebar-style":"default","ast-global-header-display":"","ast-banner-title-visibility":"","ast-main-header-display":"","ast-hfb-above-header-display":"","ast-hfb-below-header-display":"","ast-hfb-mobile-header-display":"","site-post-title":"","ast-breadcrumbs-content":"","ast-featured-img":"","footer-sml-layout":"","ast-disable-related-posts":"","theme-transparent-header-meta":"","adv-header-id-meta":"","stick-header-meta":"","header-above-stick-meta":"","header-main-stick-meta":"","header-below-stick-meta":"","astra-migrate-meta-layouts":"default","ast-page-background-enabled":"default","ast-page-background-meta":{"desktop":{"background-color":"var(--ast-global-color-5)","background-image":"","background-repeat":"repeat","background-position":"center center","background-size":"auto","background-attachment":"scroll","background-type":"","background-media":"","overlay-type":"","overlay-color":"","overlay-opacity":"","overlay-gradient":""},"tablet":{"background-color":"","background-image":"","background-repeat":"repeat","background-position":"center center","background-size":"auto","background-attachment":"scroll","background-type":"","background-media":"","overlay-type":"","overlay-color":"","overlay-opacity":"","overlay-gradient":""},"mobile":{"background-color":"","background-image":"","background-repeat":"repeat","background-position":"center center","background-size":"auto","background-attachment":"scroll","background-type":"","background-media":"","overlay-type":"","overlay-color":"","overlay-opacity":"","overlay-gradient":""}},"ast-content-background-meta":{"desktop":{"background-color":"var(--ast-global-color-4)","background-image":"","background-repeat":"repeat","background-position":"center center","background-size":"auto","background-attachment":"scroll","background-type":"","background-media":"","overlay-type":"","overlay-color":"","overlay-opacity":"","overlay-gradient":""},"tablet":{"background-color":"var(--ast-global-color-4)","background-image":"","background-repeat":"repeat","background-position":"center center","background-size":"auto","background-attachment":"scroll","background-type":"","background-media":"","overlay-type":"","overlay-color":"","overlay-opacity":"","overlay-gradient":""},"mobile":{"background-color":"var(--ast-global-color-4)","background-image":"","background-repeat":"repeat","background-position":"center center","background-size":"auto","background-attachment":"scroll","background-type":"","background-media":"","overlay-type":"","overlay-color":"","overlay-opacity":"","overlay-gradient":""}},"footnotes":""},"class_list":["post-459","page","type-page","status-publish","hentry"],"uagb_featured_image_src":{"full":false,"thumbnail":false,"medium":false,"medium_large":false,"large":false,"1536x1536":false,"2048x2048":false},"uagb_author_info":{"display_name":"jltg","author_link":"https:\/\/academia.utp.edu.co\/laquies\/author\/jltg\/"},"uagb_comment_info":0,"uagb_excerpt":"Lina Marcela Orozco Arboleda Profesora \u00abLa Qu\u00edmica en la Escuela permite trasladar los conceptos de la qu\u00edmica a la experiencia cotidiana, por medio de la realizaci\u00f3n de pr\u00e1cticas con ni\u00f1os [&hellip;]","_links":{"self":[{"href":"https:\/\/academia.utp.edu.co\/laquies\/wp-json\/wp\/v2\/pages\/459","targetHints":{"allow":["GET"]}}],"collection":[{"href":"https:\/\/academia.utp.edu.co\/laquies\/wp-json\/wp\/v2\/pages"}],"about":[{"href":"https:\/\/academia.utp.edu.co\/laquies\/wp-json\/wp\/v2\/types\/page"}],"author":[{"embeddable":true,"href":"https:\/\/academia.utp.edu.co\/laquies\/wp-json\/wp\/v2\/users\/531"}],"replies":[{"embeddable":true,"href":"https:\/\/academia.utp.edu.co\/laquies\/wp-json\/wp\/v2\/comments?post=459"}],"version-history":[{"count":8,"href":"https:\/\/academia.utp.edu.co\/laquies\/wp-json\/wp\/v2\/pages\/459\/revisions"}],"predecessor-version":[{"id":556,"href":"https:\/\/academia.utp.edu.co\/laquies\/wp-json\/wp\/v2\/pages\/459\/revisions\/556"}],"wp:attachment":[{"href":"https:\/\/academia.utp.edu.co\/laquies\/wp-json\/wp\/v2\/media?parent=459"}],"curies":[{"name":"wp","href":"https:\/\/api.w.org\/{rel}","templated":true}]}}