{"id":1096,"date":"2024-09-30T23:56:37","date_gmt":"2024-10-01T04:56:37","guid":{"rendered":"https:\/\/blog.utp.edu.co\/mecabot\/?page_id=1096"},"modified":"2024-09-30T23:56:37","modified_gmt":"2024-10-01T04:56:37","slug":"plan-de-trabajo","status":"publish","type":"page","link":"https:\/\/academia.utp.edu.co\/mecabotica\/plan-de-trabajo\/","title":{"rendered":"Plan de Trabajo"},"content":{"rendered":"\n<h2 class=\"wp-block-heading has-header-gradient-color has-text-color has-link-color wp-elements-523ba8db2d7a09d9e08271fab0eb5d57\">Objetivo 1<\/h2>\n\n\n\n<p class=\"has-black-color has-text-color has-link-color wp-elements-62a87c1581c3af56600a5a0680ca2a84\">Fortalecer la capacidad de investigaci\u00f3n del grupo<\/p>\n\n\n\n<h4 class=\"wp-block-heading has-header-gradient-color has-text-color has-link-color wp-elements-3ebd07fa4706135a9f7eb65d27bdae58\">Estrategias<\/h4>\n\n\n\n<ul class=\"wp-block-list has-black-color has-text-color has-link-color wp-elements-47875a7c101c05bd69dbbe2abbd92ada\">\n<li class=\"has-small-font-size\">Atraer y retener talento altamente cualificado.<\/li>\n\n\n\n<li class=\"has-small-font-size\">Fomentar la colaboraci\u00f3n interdisciplinaria.<\/li>\n\n\n\n<li class=\"has-small-font-size\">Promover la formaci\u00f3n contin\u00faa del equipo.<\/li>\n<\/ul>\n\n\n\n<h4 class=\"wp-block-heading has-header-gradient-color has-text-color has-link-color wp-elements-01d655cee120be1fef3f0fd28f7f7dcd\">Metas (2025)<\/h4>\n\n\n\n<p class=\"has-black-color has-text-color has-link-color has-small-font-size wp-elements-d462893b02bc94bb9fd75ebe9f440ec1\">Obtener m\u00ednimo (2) productos de nuevo conocimiento y\/o desarrollo tecnol\u00f3gico relacionadas con las tecnolog\u00edas de la INDUSTRIA 4.0 <\/p>\n\n\n\n<p class=\"has-white-color has-text-color has-link-color wp-elements-04380fd16bb70a97e2980b5975bc87f7\">y<\/p>\n\n\n\n<h2 class=\"wp-block-heading has-header-gradient-color has-text-color has-link-color wp-elements-9d189322f97fc734211a5a2e0d50f982\">Objetivo 2<\/h2>\n\n\n\n<p class=\"has-black-color has-text-color has-link-color wp-elements-0f4c0140c318cda86c9ea0b571b9ab8f\">Desarrollar soluciones mecatr\u00f3nicas innovadoras<\/p>\n\n\n\n<h4 class=\"wp-block-heading has-header-gradient-color has-text-color has-link-color wp-elements-3ebd07fa4706135a9f7eb65d27bdae58\">Estrategias<\/h4>\n\n\n\n<ul class=\"wp-block-list has-black-color has-text-color has-link-color wp-elements-8c8ddb97be7c523e9de2f2ca5f7a48f4\">\n<li class=\"has-small-font-size\">Fomentar la investigaci\u00f3n aplicada y la transferencia tecnol\u00f3gica.<\/li>\n\n\n\n<li class=\"has-small-font-size\">Establecer alianzas con empresas del sector generando su visualizaci\u00f3n a trav\u00e9s del semestre integrador.<\/li>\n<\/ul>\n\n\n\n<h4 class=\"wp-block-heading has-header-gradient-color has-text-color has-link-color wp-elements-01d655cee120be1fef3f0fd28f7f7dcd\">Metas (2025)<\/h4>\n\n\n\n<ul class=\"wp-block-list has-black-color has-text-color has-link-color has-small-font-size wp-elements-fef559c2c5ea406cedfa7e5954c02736\">\n<li class=\"has-small-font-size\">Desarrollar prototipos funcionales de sistemas mecatr\u00f3nicos inteligentes.<\/li>\n\n\n\n<li>Implementar al menos una soluci\u00f3n en una empresa piloto.<\/li>\n\n\n\n<li>Obtener financiamiento para proyectos de investigaci\u00f3n aplicada.<\/li>\n<\/ul>\n\n\n\n<p class=\"has-white-color has-text-color has-link-color wp-elements-04380fd16bb70a97e2980b5975bc87f7\">y<\/p>\n\n\n\n<h2 class=\"wp-block-heading has-header-gradient-color has-text-color has-link-color wp-elements-1d67ecdf3a966bd4c88d322e3371121d\">Objetivo 3<\/h2>\n\n\n\n<p class=\"has-black-color has-text-color has-link-color wp-elements-9b7c1060c324c2c878efb1b3f05d6992\">Incrementar la visibilidad y el impacto del grupo<\/p>\n\n\n\n<h4 class=\"wp-block-heading has-header-gradient-color has-text-color has-link-color wp-elements-3ebd07fa4706135a9f7eb65d27bdae58\">Estrategias<\/h4>\n\n\n\n<ul class=\"wp-block-list has-black-color has-text-color has-link-color has-small-font-size wp-elements-e8301b084154465ca7539435161da565\">\n<li>Participar activamente en eventos cient\u00edficos y tecnol\u00f3gicos.<\/li>\n\n\n\n<li>Difundir los resultados de investigaci\u00f3n en congresos y publicaciones.<\/li>\n<\/ul>\n\n\n\n<h4 class=\"wp-block-heading has-header-gradient-color has-text-color has-link-color wp-elements-01d655cee120be1fef3f0fd28f7f7dcd\">Metas (2025)<\/h4>\n\n\n\n<ul class=\"wp-block-list has-black-color has-text-color has-link-color has-small-font-size wp-elements-ef9e2be7f7dc5b7655ce8d38dcffb856\">\n<li>Presentar al menos 5 trabajos en eventos internacionales<\/li>\n\n\n\n<li>Organizar un evento acad\u00e9mico de relevancia en el \u00e1rea.<\/li>\n<\/ul>\n\n\n\n<p class=\"has-white-color has-text-color has-link-color wp-elements-04380fd16bb70a97e2980b5975bc87f7\">y<\/p>\n","protected":false},"excerpt":{"rendered":"<p>Objetivo 1 Fortalecer la capacidad de investigaci\u00f3n del grupo Estrategias Metas (2025) Obtener m\u00ednimo (2) productos de nuevo conocimiento y\/o desarrollo tecnol\u00f3gico relacionadas con las tecnolog\u00edas de la INDUSTRIA 4.0 y Objetivo 2 Desarrollar soluciones mecatr\u00f3nicas innovadoras Estrategias Metas (2025) y Objetivo 3 Incrementar la visibilidad y el impacto del [&hellip;]<\/p>\n","protected":false},"author":1975,"featured_media":0,"parent":0,"menu_order":0,"comment_status":"closed","ping_status":"closed","template":"","meta":{"footnotes":""},"class_list":["post-1096","page","type-page","status-publish","hentry"],"_links":{"self":[{"href":"https:\/\/academia.utp.edu.co\/mecabotica\/wp-json\/wp\/v2\/pages\/1096","targetHints":{"allow":["GET"]}}],"collection":[{"href":"https:\/\/academia.utp.edu.co\/mecabotica\/wp-json\/wp\/v2\/pages"}],"about":[{"href":"https:\/\/academia.utp.edu.co\/mecabotica\/wp-json\/wp\/v2\/types\/page"}],"author":[{"embeddable":true,"href":"https:\/\/academia.utp.edu.co\/mecabotica\/wp-json\/wp\/v2\/users\/1975"}],"replies":[{"embeddable":true,"href":"https:\/\/academia.utp.edu.co\/mecabotica\/wp-json\/wp\/v2\/comments?post=1096"}],"version-history":[{"count":0,"href":"https:\/\/academia.utp.edu.co\/mecabotica\/wp-json\/wp\/v2\/pages\/1096\/revisions"}],"wp:attachment":[{"href":"https:\/\/academia.utp.edu.co\/mecabotica\/wp-json\/wp\/v2\/media?parent=1096"}],"curies":[{"name":"wp","href":"https:\/\/api.w.org\/{rel}","templated":true}]}}